{"id":255,"date":"2015-07-31T00:01:52","date_gmt":"2015-07-31T00:01:52","guid":{"rendered":"http:\/\/www.muntdemots.org\/"},"modified":"2023-09-22T06:05:06","modified_gmt":"2023-09-22T06:05:06","slug":"credits","status":"publish","type":"page","link":"https:\/\/www.muntdemots.org\/2023\/credits\/","title":{"rendered":"Cr\u00e8dits"},"content":{"rendered":"<p><strong>ORGANITZA:<\/strong><\/p>\n<p><img decoding=\"async\" loading=\"lazy\" class=\"wp-image-8497\" src=\"http:\/\/www.muntdemots.org\/2016\/wp-content\/uploads\/2015\/07\/munt-de-paraules-300x223.jpg\" alt=\"munt-de-paraules\" width=\"278\" height=\"207\" srcset=\"https:\/\/www.muntdemots.org\/2023\/wp-content\/uploads\/2015\/07\/munt-de-paraules-300x223.jpg 300w, https:\/\/www.muntdemots.org\/2023\/wp-content\/uploads\/2015\/07\/munt-de-paraules.jpg 307w\" sizes=\"(max-width: 278px) 100vw, 278px\" \/><\/p>\n<p><strong>PATROCINA:<\/strong><\/p>\n<p><img decoding=\"async\" loading=\"lazy\" class=\"wp-image-8496\" src=\"http:\/\/www.muntdemots.org\/2016\/wp-content\/uploads\/2015\/07\/logo_pati_nomeslletres-300x244.png\" alt=\"logo_pati_nomeslletres\" width=\"235\" height=\"191\" srcset=\"https:\/\/www.muntdemots.org\/2023\/wp-content\/uploads\/2015\/07\/logo_pati_nomeslletres-300x244.png 300w, https:\/\/www.muntdemots.org\/2023\/wp-content\/uploads\/2015\/07\/logo_pati_nomeslletres.png 499w\" sizes=\"(max-width: 235px) 100vw, 235px\" \/><\/p>\n<p><a class=\"title\" href=\"http:\/\/www.diba.es\/biblioteques\/\" target=\"_blank\" rel=\"noopener noreferrer\"><img decoding=\"async\" loading=\"lazy\" src=\"http:\/\/www.muntdemots.org\/2013\/wp-content\/uploads\/2013\/07\/logo-BIBLIO.jpg\" alt=\"\" width=\"167\" height=\"65\" \/><\/a><\/p>\n<p><img decoding=\"async\" loading=\"lazy\" src=\"http:\/\/www.muntdemots.org\/2013\/wp-content\/uploads\/2013\/07\/logo-CC.jpg\" alt=\"\" width=\"166\" height=\"83\" \/><\/p>\n<p>&nbsp;<\/p>\n<p>Direcci\u00f3: Rub\u00e9n Mart\u00ednez Santana<\/p>\n<p>Coordinaci\u00f3: Judith Navarro<\/p>\n<p>Cartell: Associaci\u00f3 Munt de Paraules (\u00abMumo\u00bb, creat per l\u2019Alekos)<\/p>\n<p>Disseny gr\u00e0fic: Associaci\u00f3 Munt de Paraules<\/p>\n<p>Traducci\u00f3 i correcci\u00f3: Mireia Cornudella<\/p>\n<p>Fotografia: David Perell\u00f3<\/p>\n<p>Web: Juan Pablo Fuentes<\/p>\n<p><strong>AMICS DEL FESTIVAL<\/strong><br \/>\nAnt\u00f2nia Robles, Alicia Molina, Judith Navarro, Jos\u00e9 Manuel Garz\u00f3n, Mireia<br \/>\nCornudella, Montserrat Guardia, Centre C\u00edvic Torre Llobeta.<\/p>\n<p><strong>COL\u00b7LABORADORS<\/strong><br \/>\nAsociaci\u00f3n Cultural Gallega de Barcelona, Biblioteques de Barcelona, Biblioteques<br \/>\nde Gav\u00e0, Biblioteques de L\u2019Hospitalet de Llobregat, Centre d\u2019Inter\u00e8s en la<br \/>\nNarraci\u00f3 Oral, Editorial Baula, Editorial Edelvives, Agrupaci\u00f3n Teatral Furafollas,<br \/>\nHospital Cl\u00ecnic, Libros de las Malas Compa\u00f1\u00edas, Llibreria Pebre Negre, Llibreria<br \/>\nSantos Ochoa Barcelona, Red Internacional de Cuentacuentos, Servei<br \/>\nde Documentaci\u00f3 i Literatura Infantil, Tr\u00e0nsit Projectes.<\/p>\n<p><strong>MEDIA PARTNER<\/strong><br \/>\nN\u00favol.com.<\/p>\n<p><strong>FESTIVALS AMICS<\/strong><br \/>\nDe bouche \u00e0 oreille et de boca en boca (Estrasburg, Fran\u00e7a)<\/p>\n<p>Festival Palabras al Vuelo (Lanzarote)<\/p>\n<p>Festival D\u2019Palabra (Cuenca)<\/p>\n<p>Festival de Llegendes del Montseny, Gualba Mots (Gualba)<\/p>\n<p>Festival Atl\u00e1ntica (Galicia)<\/p>\n<p>Festival Ahoz Aho (Pa\u00eds Basc)<\/p>\n<p>Festival Jard\u00ed de Contes (L\u2019Hospitalet de Llobregat)<\/p>\n<p>Festival Cardemots (Cardedeu)<\/p>\n<p><strong>ORGANITZADOR<\/strong><br \/>\nAssociaci\u00f3 Munt de Paraules<\/p>\n<p><strong>PATROCINADORS<\/strong><br \/>\nAjuntament de Barcelona (ICUB) &#8211; Biblioteques de Barcelona<br \/>\nCentres C\u00edvics i Culturals de Barcelona<br \/>\nCentre C\u00edvic Pati Llimona<\/p>\n","protected":false},"excerpt":{"rendered":"<p>ORGANITZA: PATROCINA: &nbsp; Direcci\u00f3: Rub\u00e9n Mart\u00ednez Santana Coordinaci\u00f3: Judith Navarro Cartell: Associaci\u00f3 Munt de Paraules (\u00abMumo\u00bb, creat per l\u2019Alekos) Disseny gr\u00e0fic: Associaci\u00f3 Munt de Paraules Traducci\u00f3 i correcci\u00f3: Mireia Cornudella Fotografia: David Perell\u00f3 Web: Juan Pablo Fuentes AMICS DEL FESTIVAL Ant\u00f2nia Robles, Alicia Molina, Judith Navarro, Jos\u00e9 Manuel Garz\u00f3n, Mireia Cornudella, Montserrat Guardia, Centre C\u00edvic [&hellip;]<\/p>\n","protected":false},"author":1,"featured_media":0,"parent":0,"menu_order":0,"comment_status":"open","ping_status":"closed","template":"","meta":{"_mi_skip_tracking":false,"_monsterinsights_sitenote_active":false,"_monsterinsights_sitenote_note":"","_monsterinsights_sitenote_category":0,"footnotes":""},"yoast_head":"<!-- This site is optimized with the Yoast SEO plugin v21.1 - https:\/\/yoast.com\/wordpress\/plugins\/seo\/ -->\n<title>Cr\u00e8dits - Munt de Mots<\/title>\n<meta name=\"robots\" content=\"index, follow, max-snippet:-1, max-image-preview:large, max-video-preview:-1\" \/>\n<link rel=\"canonical\" href=\"https:\/\/www.muntdemots.org\/2023\/credits\/\" \/>\n<meta property=\"og:locale\" content=\"ca_ES\" \/>\n<meta property=\"og:type\" content=\"article\" \/>\n<meta property=\"og:title\" content=\"Cr\u00e8dits - Munt de Mots\" \/>\n<meta property=\"og:description\" content=\"ORGANITZA: PATROCINA: &nbsp; Direcci\u00f3: Rub\u00e9n Mart\u00ednez Santana Coordinaci\u00f3: Judith Navarro Cartell: Associaci\u00f3 Munt de Paraules (\u00abMumo\u00bb, creat per l\u2019Alekos) Disseny gr\u00e0fic: Associaci\u00f3 Munt de Paraules Traducci\u00f3 i correcci\u00f3: Mireia Cornudella Fotografia: David Perell\u00f3 Web: Juan Pablo Fuentes AMICS DEL FESTIVAL Ant\u00f2nia Robles, Alicia Molina, Judith Navarro, Jos\u00e9 Manuel Garz\u00f3n, Mireia Cornudella, Montserrat Guardia, Centre C\u00edvic [&hellip;]\" \/>\n<meta property=\"og:url\" content=\"https:\/\/www.muntdemots.org\/2023\/credits\/\" \/>\n<meta property=\"og:site_name\" content=\"Munt de Mots\" \/>\n<meta property=\"article:publisher\" content=\"https:\/\/www.facebook.com\/FestivalMuntdeMots\" \/>\n<meta property=\"article:modified_time\" content=\"2023-09-22T06:05:06+00:00\" \/>\n<meta property=\"og:image\" content=\"http:\/\/www.muntdemots.org\/2016\/wp-content\/uploads\/2015\/07\/munt-de-paraules-300x223.jpg\" \/>\n<meta name=\"twitter:card\" content=\"summary_large_image\" \/>\n<meta name=\"twitter:site\" content=\"@muntdemots\" \/>\n<meta name=\"twitter:label1\" content=\"Temps estimat de lectura\" \/>\n\t<meta name=\"twitter:data1\" content=\"2 minuts\" \/>\n<script type=\"application\/ld+json\" class=\"yoast-schema-graph\">{\"@context\":\"https:\/\/schema.org\",\"@graph\":[{\"@type\":\"WebPage\",\"@id\":\"https:\/\/www.muntdemots.org\/2023\/credits\/\",\"url\":\"https:\/\/www.muntdemots.org\/2023\/credits\/\",\"name\":\"Cr\u00e8dits - Munt de Mots\",\"isPartOf\":{\"@id\":\"https:\/\/www.muntdemots.org\/2023\/#website\"},\"datePublished\":\"2015-07-31T00:01:52+00:00\",\"dateModified\":\"2023-09-22T06:05:06+00:00\",\"breadcrumb\":{\"@id\":\"https:\/\/www.muntdemots.org\/2023\/credits\/#breadcrumb\"},\"inLanguage\":\"ca\",\"potentialAction\":[{\"@type\":\"ReadAction\",\"target\":[\"https:\/\/www.muntdemots.org\/2023\/credits\/\"]}]},{\"@type\":\"BreadcrumbList\",\"@id\":\"https:\/\/www.muntdemots.org\/2023\/credits\/#breadcrumb\",\"itemListElement\":[{\"@type\":\"ListItem\",\"position\":1,\"name\":\"Inici\",\"item\":\"https:\/\/www.muntdemots.org\/2023\/\"},{\"@type\":\"ListItem\",\"position\":2,\"name\":\"Cr\u00e8dits\"}]},{\"@type\":\"WebSite\",\"@id\":\"https:\/\/www.muntdemots.org\/2023\/#website\",\"url\":\"https:\/\/www.muntdemots.org\/2023\/\",\"name\":\"Munt de Mots\",\"description\":\"\",\"potentialAction\":[{\"@type\":\"SearchAction\",\"target\":{\"@type\":\"EntryPoint\",\"urlTemplate\":\"https:\/\/www.muntdemots.org\/2023\/?s={search_term_string}\"},\"query-input\":\"required name=search_term_string\"}],\"inLanguage\":\"ca\"}]}<\/script>\n<!-- \/ Yoast SEO plugin. -->","yoast_head_json":{"title":"Cr\u00e8dits - Munt de Mots","robots":{"index":"index","follow":"follow","max-snippet":"max-snippet:-1","max-image-preview":"max-image-preview:large","max-video-preview":"max-video-preview:-1"},"canonical":"https:\/\/www.muntdemots.org\/2023\/credits\/","og_locale":"ca_ES","og_type":"article","og_title":"Cr\u00e8dits - Munt de Mots","og_description":"ORGANITZA: PATROCINA: &nbsp; Direcci\u00f3: Rub\u00e9n Mart\u00ednez Santana Coordinaci\u00f3: Judith Navarro Cartell: Associaci\u00f3 Munt de Paraules (\u00abMumo\u00bb, creat per l\u2019Alekos) Disseny gr\u00e0fic: Associaci\u00f3 Munt de Paraules Traducci\u00f3 i correcci\u00f3: Mireia Cornudella Fotografia: David Perell\u00f3 Web: Juan Pablo Fuentes AMICS DEL FESTIVAL Ant\u00f2nia Robles, Alicia Molina, Judith Navarro, Jos\u00e9 Manuel Garz\u00f3n, Mireia Cornudella, Montserrat Guardia, Centre C\u00edvic [&hellip;]","og_url":"https:\/\/www.muntdemots.org\/2023\/credits\/","og_site_name":"Munt de Mots","article_publisher":"https:\/\/www.facebook.com\/FestivalMuntdeMots","article_modified_time":"2023-09-22T06:05:06+00:00","og_image":[{"url":"http:\/\/www.muntdemots.org\/2016\/wp-content\/uploads\/2015\/07\/munt-de-paraules-300x223.jpg"}],"twitter_card":"summary_large_image","twitter_site":"@muntdemots","twitter_misc":{"Temps estimat de lectura":"2 minuts"},"schema":{"@context":"https:\/\/schema.org","@graph":[{"@type":"WebPage","@id":"https:\/\/www.muntdemots.org\/2023\/credits\/","url":"https:\/\/www.muntdemots.org\/2023\/credits\/","name":"Cr\u00e8dits - Munt de Mots","isPartOf":{"@id":"https:\/\/www.muntdemots.org\/2023\/#website"},"datePublished":"2015-07-31T00:01:52+00:00","dateModified":"2023-09-22T06:05:06+00:00","breadcrumb":{"@id":"https:\/\/www.muntdemots.org\/2023\/credits\/#breadcrumb"},"inLanguage":"ca","potentialAction":[{"@type":"ReadAction","target":["https:\/\/www.muntdemots.org\/2023\/credits\/"]}]},{"@type":"BreadcrumbList","@id":"https:\/\/www.muntdemots.org\/2023\/credits\/#breadcrumb","itemListElement":[{"@type":"ListItem","position":1,"name":"Inici","item":"https:\/\/www.muntdemots.org\/2023\/"},{"@type":"ListItem","position":2,"name":"Cr\u00e8dits"}]},{"@type":"WebSite","@id":"https:\/\/www.muntdemots.org\/2023\/#website","url":"https:\/\/www.muntdemots.org\/2023\/","name":"Munt de Mots","description":"","potentialAction":[{"@type":"SearchAction","target":{"@type":"EntryPoint","urlTemplate":"https:\/\/www.muntdemots.org\/2023\/?s={search_term_string}"},"query-input":"required name=search_term_string"}],"inLanguage":"ca"}]}},"_links":{"self":[{"href":"https:\/\/www.muntdemots.org\/2023\/wp-json\/wp\/v2\/pages\/255"}],"collection":[{"href":"https:\/\/www.muntdemots.org\/2023\/wp-json\/wp\/v2\/pages"}],"about":[{"href":"https:\/\/www.muntdemots.org\/2023\/wp-json\/wp\/v2\/types\/page"}],"author":[{"embeddable":true,"href":"https:\/\/www.muntdemots.org\/2023\/wp-json\/wp\/v2\/users\/1"}],"replies":[{"embeddable":true,"href":"https:\/\/www.muntdemots.org\/2023\/wp-json\/wp\/v2\/comments?post=255"}],"version-history":[{"count":89,"href":"https:\/\/www.muntdemots.org\/2023\/wp-json\/wp\/v2\/pages\/255\/revisions"}],"predecessor-version":[{"id":7811,"href":"https:\/\/www.muntdemots.org\/2023\/wp-json\/wp\/v2\/pages\/255\/revisions\/7811"}],"wp:attachment":[{"href":"https:\/\/www.muntdemots.org\/2023\/wp-json\/wp\/v2\/media?parent=255"}],"curies":[{"name":"wp","href":"https:\/\/api.w.org\/{rel}","templated":true}]}}