{"id":8940,"date":"2018-09-17T09:21:05","date_gmt":"2018-09-17T09:21:05","guid":{"rendered":"http:\/\/www.muntdemots.org\/2018\/?page_id=8940"},"modified":"2018-10-14T14:14:23","modified_gmt":"2018-10-14T14:14:23","slug":"espectacles-per-a-adults","status":"publish","type":"page","link":"https:\/\/www.muntdemots.org\/2018\/espectacles-per-a-adults\/","title":{"rendered":"Espectacles per a adults"},"content":{"rendered":"<p>&nbsp;<\/p>\n<h2>dilluns 15 d\u2019octubre, 2018<\/h2>\n<ul>\n<li style=\"margin-bottom: 10px;\">20:00 \u2013 22:00 \u2013\u00a0<a href=\"http:\/\/www.muntdemots.org\/2018\/events\/inauguracio-8e-festival-narracio-oral-barcelona-munt-mots-2017-2\/\">INAUGURACI\u00d3 \u2013 9\u00e8 FESTIVAL DE NARRACI\u00d3 ORAL DE BARCELONA, MUNT DE MOTS 2018<\/a>\u00a0\u2013Acte d\u2019inauguraci\u00f3 del Festival, amb la participaci\u00f3 de Boniface Ofogo (Camerun), Carolina Rueda (Col\u00f2mbia), Eugenia Manzanera (Madrid), Paula Carballeira (Gal\u00edcia), Rebecca Lemaire (B\u00e8lgica), Sherezade Bardaj\u00ed (Catalunya), Victoria Siedlecki (Argentina). La Camerata de Barcelona \u2012orquestra de cordes\u2012 interpretar\u00e0 el seu repertori llatinoameric\u00e0. i mundial, dirigida per en R\u00e9gulo Sarmiento. Convidem a tothom que hi vingui a fer una aportaci\u00f3 solid\u00e0.ria portant medicines (que s\u2019enviaran a Vene\u00e7uela) o contribuint a la taquilla inversa (que es destinar\u00e0. \u00edntegrament a sufragar els costos de la tramesa). Adults \/ Catal\u00e0., castell\u00e0. Hora: 20.00 h Taquilla inversa (A la sortida col\u00b7labora amb l\u2019import que creguis convenient). \u2013\u00a0<a href=\"http:\/\/www.muntdemots.org\/2018\/locations\/luz-de-gas\/\">Luz de Gas<\/a><\/li>\n<\/ul>\n<p>&nbsp;<\/p>\n<h2>dimarts 16 d\u2019octubre, 2018<\/h2>\n<ul>\n<li style=\"margin-bottom: 10px;\">19:00 \u2013 20:00 \u2013\u00a0<a href=\"http:\/\/www.muntdemots.org\/2018\/events\/lo-cotidiano-extraordinario-the-unexpected-twists-of-every-day-life\/\">Lo cotidiano extraordinario \/ The unexpected twists of every day life<\/a>\u00a0\u2013<strong>Rebecca Lemaire (B\u00e8lgica)<\/strong> Contes sobre personatges ordinaris amb idees previsibles. Per\u00f2\u2026 quan ha sigut ordin\u00e0.ria i previsible, la vida? Adults \/ Castell\u00e0. i angl\u00e8s Activitat gratu\u00efta \u2013\u00a0<a href=\"http:\/\/www.muntdemots.org\/2018\/locations\/biblioteca-poble-nou-manuel-arranz\/\">Biblioteca Poble Nou Manuel Arranz<\/a><\/li>\n<li style=\"margin-bottom: 10px;\">20:30 \u2013 21:30 \u2013\u00a0<a href=\"http:\/\/www.muntdemots.org\/2018\/events\/cuentos-a-discrecion\/\">Cuentos a discreci\u00f3n<\/a>\u00a0\u2013Paula Carballeira (Gal\u00edcia) Hist\u00f2ries, llegendes i contes que arribaran aquesta nit per ser explicats, i per als quals no cal cap discreci\u00f3. Adults \/ Gallec Activitat gratu\u00efta Taquilla inversa (A la sortida col\u00b7labora amb l\u2019import que creguis convenient). \u2013\u00a0<a href=\"http:\/\/www.muntdemots.org\/2018\/locations\/ateneuroig\/\">Ateneu Roig<\/a><\/li>\n<li style=\"margin-bottom: 10px;\">20:30 \u2013 21:30 \u2013\u00a0<a href=\"http:\/\/www.muntdemots.org\/2018\/events\/jam-de-contes-laboratori-creatiu\/\">Jam De Contes (Laboratori Creatiu)<\/a>\u00a0\u2013Grup Jam de Cuentos Espai obert a tothom qui vulgui experimentar amb la improvisaci\u00f3 de contes a partir de tres paraules escollides a l\u2019atzar. Un espai lliure per crear i riure. Adults \/ Catal\u00e0., castell\u00e0. Activitat gratu\u00efta \u2013\u00a0<a href=\"http:\/\/www.muntdemots.org\/2018\/locations\/ateneu-rosa-foc\/\">Ateneu Rosa de Foc<\/a><\/li>\n<\/ul>\n<p>&nbsp;<\/p>\n<h2>dimecres 17 d\u2019octubre, 2018<\/h2>\n<ul>\n<li style=\"margin-bottom: 10px;\">19:00 \u2013 20:00 \u2013\u00a0<a href=\"http:\/\/www.muntdemots.org\/2018\/events\/cuentos-eroticos-africanos\/\">Cuentos er\u00f3ticos africanos<\/a>\u00a0\u2013Boniface Ofogo (Camerun) Un jove, l\u2019ofici del qual \u00e9s l\u2019art d\u2019estimar, conven\u00e7 els seus germans que es pot viure dignament fent l\u2019amor. Per demostrar-ho, apunta ben amunt: ni m\u00e9s ni menys que a les diverses reines de la zona. Adults \/ Castell\u00e0. Activitat gratu\u00efta \u2013\u00a0<a href=\"http:\/\/www.muntdemots.org\/2018\/locations\/biblioteca-gotic-andreu-nin\/\">Biblioteca G\u00f2tic-Andreu Nin<\/a><\/li>\n<li>20:00 \u2013 21:00 \u2013\u00a0<a href=\"http:\/\/www.muntdemots.org\/2018\/events\/no-solo-de-pan\/\">No solo de pan<\/a>\u00a0\u2013<strong>Li Morenita (Col\u00f2mbia)<\/strong> Un encontre entre l\u2019aliment del cos i el de l\u2019\u00e0.nima. I sobre aquestes trobades, Llatinoam\u00e8rica hi t\u00e9 molt a dir. Els contes s\u00f3n una part d\u2019aquesta recepta. Adults\/ Castell\u00e0. Activitat gratu\u00efta \u2013\u00a0<a href=\"http:\/\/www.muntdemots.org\/2018\/locations\/centre-civic-el-sortidor\/\">Centre C\u00edvic El Sortidor<\/a><\/li>\n<li style=\"margin-bottom: 10px;\">20:30 \u2013 21:30 \u2013\u00a0<a href=\"http:\/\/www.muntdemots.org\/2018\/events\/cuentos-a-discrecion-2\/\">Cuentos a discreci\u00f3n<\/a>\u00a0\u2013<strong>Paula Carballeira (Gal\u00edcia)<\/strong> Hist\u00f2ries, llegendes i contes que arribaran aquesta nit per ser explicats, i per als quals no cal cap discreci\u00f3. Adults \/ Castell\u00e0. Aportaci\u00f3: 5 \u20ac general i 3 \u20ac Butaka Jove \u2013\u00a0<a href=\"http:\/\/www.muntdemots.org\/2018\/locations\/bar-pla-de-la-calma-cardedeu\/\">Bar Pla de la Calma (Cardedeu)<\/a><\/li>\n<\/ul>\n<p>&nbsp;<\/p>\n<h2>dijous 18 d\u2019octubre, 2018<\/h2>\n<ul>\n<li style=\"margin-bottom: 10px;\">17:30 \u2013 18:30 \u2013\u00a0<a href=\"http:\/\/www.muntdemots.org\/2018\/events\/cuento-cinco-y-doy-un-brinco\/\">Cuento cinco y doy un brinco<\/a>\u00a0\u2013<strong>Linsabel Noguera (Venezuela)<\/strong> Jocs, can\u00e7ons, tirallongues, endevinalles, embarbussaments i contes de la tradici\u00f3 oral hispoanoamericana per divertir-nos en fam\u00edlia. <strong>\u00a0<\/strong> Infantil \/ Castell\u00e0. Activitat gratu\u00efta \u2013\u00a0<a href=\"http:\/\/www.muntdemots.org\/2018\/locations\/biblioteca-marian-colome-gava\/\">Biblioteca Marian Colom\u00e9 (Gav\u00e0.)<\/a><\/li>\n<li style=\"margin-bottom: 10px;\">19:00 \u2013 20:00 \u2013\u00a0<a href=\"http:\/\/www.muntdemots.org\/2018\/events\/mujeres-de-palabra\/\">Mujeres de palabra<\/a>\u00a0\u2013<strong>Victoria Siedlecki (Madrid)<\/strong> A trav\u00e9s d\u2019hist\u00f2ries de diferents dones i al llarg de la hist\u00f2ria del m\u00f3n, compartirem contes d\u2019\u00c1ngeles Mastretta, Eduardo Galeano, Rosa Montero\u2026 Adults \/ Castell\u00e0. Activitat gratu\u00efta \u2013\u00a0<a href=\"http:\/\/www.muntdemots.org\/2018\/locations\/biblioteca-poble-sec-francesc-boix\/\">Biblioteca Poble Sec \u2013 Francesc Boix<\/a><\/li>\n<li style=\"margin-bottom: 10px;\">19:30 \u2013 20:30 \u2013\u00a0<a href=\"http:\/\/www.muntdemots.org\/2018\/events\/los-cuentos-que-no-me-contaron\/\">Los cuentos que (no) me contaron<\/a>\u00a0\u2013<strong>Paula Carballeira (Gal<\/strong><strong>\u00ed<\/strong><strong>cia)<\/strong> Em dedico a explicar hist\u00f2ries. Tinc una set insaciable de paraules. I tot perqu\u00e8 de petita no em van explicar contes. Adults \/ Castell\u00e0. Activitat gratu\u00efta \u2013\u00a0<a href=\"http:\/\/www.muntdemots.org\/2018\/locations\/centre-civic-vil%c2%b7la-florida\/\">Centre C\u00edvic Vil\u00b7la Florida<\/a><\/li>\n<\/ul>\n<p>&nbsp;<\/p>\n<h2>divendres 19 d\u2019octubre, 2018<\/h2>\n<ul>\n<li style=\"margin-bottom: 10px;\">19:00 \u2013 20:00 \u2013\u00a0<a href=\"http:\/\/www.muntdemots.org\/2018\/events\/un-dos-ovarios-cuentos\/\">Un, dos\u2026 ovarios cuentos<\/a>\u00a0\u2013<strong>Eugenia Manzanera (Madrid)<\/strong> C\u00f2ctel gen\u00e8ric femen\u00ed, amb rajol\u00ed picant i gotes d\u2019humor. Qu\u00e8 dic, de gotes! Us posareu les botes. Decorat amb ombrel\u00b7la caribenya, femenina, feminista, felina. Adults \/ Castell\u00e0. Activitat gratu\u00efta \u2013\u00a0<a href=\"http:\/\/www.muntdemots.org\/2018\/locations\/centre-cultural-ton-i-guida\/\">Centre Cultural Ton i Guida<\/a><\/li>\n<li style=\"margin-bottom: 10px;\">19:30 \u2013 20:30 \u2013\u00a0<a href=\"http:\/\/www.muntdemots.org\/2018\/events\/la-luna-y-el-pandero\/\">La luna y el pandero<\/a>\u00a0\u2013<strong>Isabela M\u00e9ndez (Vene\u00e7uela)<\/strong> Contes provinents de la tradici\u00f3 oral \u00e0.rab, esquitxats de cants c\u00e0.lids, com el vent del desert. Humor, amor i tendresa en una mateixa nit. Adults\/ Castell\u00e0. Activitat gratu\u00efta \u2013\u00a0<a href=\"http:\/\/www.muntdemots.org\/2018\/locations\/centre-civic-navas\/\">Centre C\u00edvic Navas<\/a><\/li>\n<li style=\"margin-bottom: 10px;\">20:30 \u2013 21:30 \u2013\u00a0<a href=\"http:\/\/www.muntdemots.org\/2018\/events\/relatos-eroticos\/\">Relatos er\u00f3ticos<\/a>\u00a0\u2013<strong>Victoria Siedlecki (Argentina)<\/strong> Una visi\u00f3 humor\u00edstica de l\u2019erotisme. Una dona mossega un pr\u00e9ssec mirant un foraster; dos reis descobreixen una orgia; una parella d\u2019\u00e0.ngels descobreix com fer l\u2019amor. Adults \/ Castell\u00e0. Activitat gratu\u00efta \u2013\u00a0<a href=\"http:\/\/www.muntdemots.org\/2018\/locations\/torre-llobeta\/\">Centre C\u00edvic Torre Llobeta<\/a><\/li>\n<li style=\"margin-bottom: 10px;\">21:00 \u2013\u00a0<a href=\"http:\/\/www.muntdemots.org\/2018\/events\/con-las-manos-en-la-masa\/\">Con las manos en la masa<\/a>\u00a0\u2013<strong>Carolina Rueda (Col\u00f2mbia)<\/strong> El plaer mil\u00b7lenari del menjar i els indicis que revelen l\u2019esperit hum\u00e0. a trav\u00e9s del plaer de llepar-se els dits. Un espectacle am\u00e8, delici\u00f3s\u2026 Adults \/ Castell\u00e0. DIT I DIT, ESPAI DE PARAULA Taquilla: 12 \u20ac \/ Trucant al 607 780 402 i Atr\u00e1palo: 10 \u20ac \u2013\u00a0<a href=\"http:\/\/www.muntdemots.org\/2018\/locations\/ruqueria-querubi\/\">Ruquer\u00eda Querub\u00ed<\/a><\/li>\n<\/ul>\n<p>&nbsp;<\/p>\n<h2>dissabte 20 d\u2019octubre, 2018<\/h2>\n<ul>\n<li style=\"margin-bottom: 10px;\">19:00 \u2013 20:00 \u2013\u00a0<a href=\"http:\/\/www.muntdemots.org\/2018\/events\/cuentae-linguae\/\">Cuentae Linguae<\/a>\u00a0\u2013\u00c9s el nostre encontre anual amb els contes \u00aben versi\u00f3 original\u00bb. Cristina Filim\u00f3n (roman\u00e8s), Rebecca Laimer (angl\u00e8s), M\u00f3nika Klose (alemany)\u2026 Vine a sorprendre\u2019t del que ets capa\u00e7 d\u2019entendre! Adults \/ Diversos idiomes Activitat gratu\u00efta \u2013\u00a0<a href=\"http:\/\/www.muntdemots.org\/2018\/locations\/patillimona\/\">Centre C\u00edvic Pati Llimona<\/a><\/li>\n<li style=\"margin-bottom: 10px;\">21:00 \u2013 22:00 \u2013\u00a0<a href=\"http:\/\/www.muntdemots.org\/2018\/events\/con-las-manos-en-la-masa-2\/\">Con las manos en la masa<\/a>\u00a0\u2013Carolina Rueda (Col\u00f2mbia) El plaer mil\u00b7lenari del menjar i els indicis que revelen l\u2019esperit hum\u00e0. a trav\u00e9s del plaer de llepar-se els dits. Un espectacle am\u00e8, delici\u00f3s\u2026 Adults \/ Castell\u00e0. DIT I DIT, ESPAI DE PARAULA Taquilla: 12 \u20ac \/ Trucant al 607 780 402 i Atr\u00e1palo: 10 \u20ac \u2013\u00a0<a href=\"http:\/\/www.muntdemots.org\/2018\/locations\/ruqueria-querubi\/\">Ruquer\u00eda Querub\u00ed<\/a><\/li>\n<li style=\"margin-bottom: 10px;\">21:00 \u2013 22:00 \u2013\u00a0<a href=\"http:\/\/www.muntdemots.org\/2018\/events\/de-amor-y-de-muerte\/\">De amor y de muerte<\/a>\u00a0\u2013<strong>Eugenia Manzanera (Madrid)<\/strong> Us vull entregar aquestes hist\u00f2ries: en totes mor alg\u00fa que estima. Tr\u00e0.gicament, c\u00f2micament, apassionadament, assenyadament o follament\u2026 Adults \/ Castell\u00e0. Taquilla: 10 \u20ac \/ Soci@s i Atr\u00e1palo: 9 \u20ac Entrada anticipada soci@s i \u00abvinc de part del Festival\u00bb: 6 \u20ac, enviant mail a:<a href=\"mailto:reserves@almazen.net\"><u>reserves@almazen.net<\/u><\/a> \u2013\u00a0<a href=\"http:\/\/www.muntdemots.org\/2018\/locations\/almazen\/\">Almazen<\/a><\/li>\n<li style=\"margin-bottom: 10px;\">22:30 \u2013 23:30 \u2013\u00a0<a href=\"http:\/\/www.muntdemots.org\/2018\/events\/cloenda-del-festival\/\">Cloenda del festival<\/a>\u00a0\u2013S\u2019acomiada aquest 9\u00e8 Festival Munt de Mots amb una sessi\u00f3 de contes en qu\u00e8 compartiran escenari Eugenia Manzanera (Madrid), Isabela M\u00e9ndez, Irma Borges (Vene\u00e7uela), Li Morenita (Col\u00f2mbia), Sherezade Bardaj\u00ed, Judith Navarro (Catalunya), Rebecca Laimer (B\u00e8lgica) Bernardo Govea (M\u00e8xico). Adults \/ Catal\u00e0. i castell\u00e0. Hora: 22.30 h CENTRE C\u00cdVIC PATI LLIMONA Taquilla inversa (a la sortida col\u00b7labora amb l\u2019import que creguis convenient). Aforament limitat. \u2013\u00a0<a href=\"http:\/\/www.muntdemots.org\/2018\/locations\/patillimona\/\">Centre C\u00edvic Pati Llimona<\/a><\/li>\n<\/ul>\n","protected":false},"excerpt":{"rendered":"<p>&nbsp; dilluns 15 d\u2019octubre, 2018 20:00 \u2013 22:00 \u2013\u00a0INAUGURACI\u00d3 \u2013 9\u00e8 FESTIVAL DE NARRACI\u00d3 ORAL DE BARCELONA, MUNT DE MOTS 2018\u00a0\u2013Acte d\u2019inauguraci\u00f3 del Festival, amb la participaci\u00f3 de Boniface Ofogo (Camerun), Carolina Rueda (Col\u00f2mbia), Eugenia Manzanera (Madrid), Paula Carballeira (Gal\u00edcia), Rebecca Lemaire (B\u00e8lgica), Sherezade Bardaj\u00ed (Catalunya), Victoria Siedlecki (Argentina). La Camerata de Barcelona \u2012orquestra de [&hellip;]<\/p>\n","protected":false},"author":1,"featured_media":0,"parent":0,"menu_order":0,"comment_status":"closed","ping_status":"closed","template":"","meta":{"_mi_skip_tracking":false},"_links":{"self":[{"href":"https:\/\/www.muntdemots.org\/2018\/wp-json\/wp\/v2\/pages\/8940"}],"collection":[{"href":"https:\/\/www.muntdemots.org\/2018\/wp-json\/wp\/v2\/pages"}],"about":[{"href":"https:\/\/www.muntdemots.org\/2018\/wp-json\/wp\/v2\/types\/page"}],"author":[{"embeddable":true,"href":"https:\/\/www.muntdemots.org\/2018\/wp-json\/wp\/v2\/users\/1"}],"replies":[{"embeddable":true,"href":"https:\/\/www.muntdemots.org\/2018\/wp-json\/wp\/v2\/comments?post=8940"}],"version-history":[{"count":4,"href":"https:\/\/www.muntdemots.org\/2018\/wp-json\/wp\/v2\/pages\/8940\/revisions"}],"predecessor-version":[{"id":9003,"href":"https:\/\/www.muntdemots.org\/2018\/wp-json\/wp\/v2\/pages\/8940\/revisions\/9003"}],"wp:attachment":[{"href":"https:\/\/www.muntdemots.org\/2018\/wp-json\/wp\/v2\/media?parent=8940"}],"curies":[{"name":"wp","href":"https:\/\/api.w.org\/{rel}","templated":true}]}}