{"id":8937,"date":"2018-09-17T09:08:33","date_gmt":"2018-09-17T09:08:33","guid":{"rendered":"http:\/\/www.muntdemots.org\/2018\/?page_id=8937"},"modified":"2018-09-19T09:19:03","modified_gmt":"2018-09-19T09:19:03","slug":"espectacles-infantils","status":"publish","type":"page","link":"https:\/\/www.muntdemots.org\/2018\/esdeveniments\/espectacles-infantils\/","title":{"rendered":"Espectacles infantils"},"content":{"rendered":"<p>&nbsp;<\/p>\n<h2>dimarts 16 d\u2019octubre, 2018<\/h2>\n<ul>\n<li style=\"margin-bottom:10px\">17:30 \u2013 18:30 \u2013\u00a0<a href=\"http:\/\/www.muntdemots.org\/2018\/events\/mieditis\/\">Mieditis.<\/a>\u00a0\u2013<strong>Eugenia Manzanera (Madrid)<\/strong>.        Malaltia que provoca la por. Es pot tenir por dels monstres ferotges, de sorolls estranys\u2026 o d\u2019un llarg etc\u00e8tera (aquestes nom\u00e9s s\u00f3n les pitjors pors).        Infantil +4 \/ Castell\u00e0.        Activitat gratu\u00efta        \u2013\u00a0<a href=\"http:\/\/www.muntdemots.org\/2018\/locations\/centre-civic-la-sedeta\/\">Centre C\u00edvic La Sedeta<\/a><\/li>\n<li style=\"margin-bottom:10px\">17:30 \u2013 18:30 \u2013\u00a0<a href=\"http:\/\/www.muntdemots.org\/2018\/events\/mieditis-2\/\">Tuit Tuit Tuit<\/a>\u00a0\u2013<strong>Linsabel Noguera (Vene\u00e7uela)<\/strong>.        Can\u00e7ons, jocs i petites hist\u00f2ries en qu\u00e8 els ocells s\u00f3n els qui porten la veu cantant per compartir amb els m\u00e9s menuts de la casa: els beb\u00e8s.                Infantil 0-3 \/ Castell\u00e0.        Activitat gratu\u00efta        \u2013\u00a0<a href=\"http:\/\/www.muntdemots.org\/2018\/locations\/biblioteca-josep-soler-vidal-gava\/\">Biblioteca Josep Soler Vidal (Gav\u00e0.)<\/a><\/li>\n<li style=\"margin-bottom:10px\">18:00 \u2013 19:00 \u2013\u00a0<a href=\"http:\/\/www.muntdemots.org\/2018\/events\/el-elefante-que-perdio-su-ojo-y-otros-cuentos-edificantes\/\">El elefante que perdi\u00f3 su ojo (y otros cuentos edificantes)<\/a>\u00a0\u2013<strong>Boniface Ofogo (Camerun)<\/strong>.        Un elefant t\u00e9 per costum treure\u2019s l\u2019ull per jugar a ping-pong, fins que un dia el perd dins un riu. D\u2019aquest incident, n\u2019aprendr\u00e0. lli\u00e7ons importants per a la vida.                Familiar\/ Castell\u00e0.        Activitat gratu\u00efta                \u2013\u00a0<a href=\"http:\/\/www.muntdemots.org\/2018\/locations\/biblioteca-sagrada-familia\/\">Biblioteca Sagrada Familia<\/a><\/li>\n<li style=\"margin-bottom:10px\">18:00 \u2013 19:00 \u2013\u00a0<a href=\"http:\/\/www.muntdemots.org\/2018\/events\/el-pequeno-pais\/\">El peque\u00f1o pa\u00eds<\/a>\u00a0\u2013<strong>Victoria Siedlecki (Madrid)<\/strong>.        Tot i que \u00e9s tan menut que no apareix en cap mapa, el Petit Pa\u00eds existeix. Cada dia de l\u2019any, al Petit Pa\u00eds se sembra, es canta i s\u2019expliquen contes.                Infantil +4 \/ Castell\u00e0.        Activitat gratu\u00efta        \u2013\u00a0<a href=\"http:\/\/www.muntdemots.org\/2018\/locations\/biblioteca-sant-marti\/\">Biblioteca Sant Mart\u00ed<\/a><\/li>\n<\/ul>\n<p>&nbsp;<\/p>\n<h2>dimecres 17 d\u2019octubre, 2018<\/h2>\n<ul>\n<li style=\"margin-bottom:10px\">17:30 \u2013 18:30 \u2013\u00a0<a href=\"http:\/\/www.muntdemots.org\/2018\/events\/mieditis-3\/\">Mieditis<\/a>\u00a0\u2013<strong>Eugenia Manzanera (Madrid)<\/strong>.        Malaltia que provoca la por. Es pot tenir por dels monstres ferotges, de sorolls estranys\u2026 o d\u2019un llarg etc\u00e8tera (aquestes nom\u00e9s s\u00f3n les pitjors pors).                Infantil +4\/ Castell\u00e0.        Activitat gratu\u00efta        \u2013\u00a0<a href=\"http:\/\/www.muntdemots.org\/2018\/locations\/biblioteca-josep-soler-vidal-gava\/\">Biblioteca Josep Soler Vidal (Gav\u00e0.)<\/a><\/li>\n<\/ul>\n<p>&nbsp;<\/p>\n<h2>dijous 18 d\u2019octubre, 2018<\/h2>\n<ul>\n<li style=\"margin-bottom:10px\">17:30 \u2013 18:30 \u2013\u00a0<a href=\"http:\/\/www.muntdemots.org\/2018\/events\/cuento-cinco-y-doy-un-brinco\/\">Cuento cinco y doy un brinco<\/a>\u00a0\u2013<strong>Linsabel Noguera (Venezuela)<\/strong>.        Jocs, can\u00e7ons, tirallongues, endevinalles, embarbussaments i contes de la tradici\u00f3 oral hispoanoamericana per divertir-nos en fam\u00edlia.        <strong>\u00a0<\/strong>.        Infantil \/ Castell\u00e0.        Activitat gratu\u00efta        \u2013\u00a0<a href=\"http:\/\/www.muntdemots.org\/2018\/locations\/biblioteca-marian-colome-gava\/\">Biblioteca Marian Colom\u00e9 (Gav\u00e0.)<\/a><\/li>\n<li style=\"margin-bottom:10px\">18:00 \u2013 19:00 \u2013\u00a0<a href=\"http:\/\/www.muntdemots.org\/2018\/events\/contes-tous\/\">Contes tous<\/a>\u00a0\u2013<strong>Irma Borges (Vene\u00e7uela)<\/strong>.        Per als m\u00e9s petits de casa, viatgem al m\u00f3n dels contes a trav\u00e9s de paraules que es poden tocar. Contes que conviden a ser escoltats i palpats.                Infantil +2 \/ Catal\u00e0.        Activitat gratu\u00efta        \u2013\u00a0<a href=\"http:\/\/www.muntdemots.org\/2018\/locations\/biblioteca-vila-de-gracia\/\">Biblioteca Vila de Gr\u00e0.cia<\/a><\/li>\n<li style=\"margin-bottom:10px\">18:00 \u2013 20:00 \u2013\u00a0<a href=\"http:\/\/www.muntdemots.org\/2018\/events\/espectacle-conferencia\/\">Espectacle + Confer\u00e8ncia<\/a>\u00a0\u2013<strong>Irma Borges (Vene<\/strong>.<strong>\u00e7<\/strong>.<strong>uela)\u00a0<\/strong>.        Demostraci\u00f3 pr\u00e0.ctica de l\u2019animaci\u00f3 d\u2019objectes en un espectacle infantil de contes i confer\u00e8ncia posterior.                <strong>CONTES TOUS (Espectacle) \u2013 18\u00a0<\/strong>.<strong>.<\/strong>.<strong>00 h<\/strong>.        Per als m\u00e9s petits de la casa, contes i paraules que es poden tocar.        <strong>QU\u00c8 ENS EXPLIQUEN ELS OBJECTES? (Confer<\/strong>.<strong>\u00e8<\/strong>.<strong>ncia)\u00a0<\/strong>.<strong>\u2013<\/strong>.<strong>\u00a019:00 h<\/strong>.        Descobrir el car\u00e0.cter l\u00fadic i narratiu dels objectes \u00e9s tan senzill com deixar-se portar pel que ells mateixos narren. Una vegada coneguts podem re-significar-los, animar-los i comen\u00e7ar a explicar-los.        \u2013\u00a0<a href=\"http:\/\/www.muntdemots.org\/2018\/locations\/biblioteca-vila-de-gracia\/\">Biblioteca Vila de Gr\u00e0.cia<\/a><\/li>\n<li style=\"margin-bottom:10px\">18:00 \u2013 19:00 \u2013\u00a0<a href=\"http:\/\/www.muntdemots.org\/2018\/events\/menu-de-cuentos\/\">Men\u00fa de cuentos<\/a>\u00a0\u2013<strong>Eugenia Manzanera (Madrid)<\/strong>.        Heu de venir amb les orelles netes i ganes d\u2019escoltar,        tal com aneu al restaurant amb ganes d\u2019endrapar.                Infantil \/ Castell\u00e0.        Activitat gratu\u00efta        \u2013\u00a0<a href=\"http:\/\/www.muntdemots.org\/2018\/locations\/biblioteca-clot-josep-benet\/\">Biblioteca El Clot-Josep Benet<\/a><\/li>\n<li style=\"margin-bottom:10px\">18:15 \u2013 19:15 \u2013\u00a0<a href=\"http:\/\/www.muntdemots.org\/2018\/events\/cuentos-y-leyendas-de-africa\/\">Cuentos y leyendas de \u00e1frica<\/a>\u00a0\u2013<strong>Boniface Ofogo (Camerun)<\/strong>.        \u00c0frica \u00e9s el bressol de la humanitat i tamb\u00e9 de les llegendes i dels contes m\u00e9s incre\u00efbles. Quan cau la nit, la m\u00e0.gia i la fantasia s\u2019apoderen dels poblats\u2026                Familiar\/ Castell\u00e0.        Activitat gratu\u00efta        \u2013\u00a0<a href=\"http:\/\/www.muntdemots.org\/2018\/locations\/centre-civic-font-de-la-guatlla\/\">Centre C\u00edvic Font de la Guatlla<\/a><\/li>\n<\/ul>\n<p>&nbsp;<\/p>\n<h2>divendres 19 d\u2019octubre, 2018<\/h2>\n<ul>\n<li style=\"margin-bottom:10px\">18:00 \u2013 19:00 \u2013\u00a0<a href=\"http:\/\/www.muntdemots.org\/2018\/events\/contes-i-sons-en-angles\/\">Contes i sons en angl\u00e8s<\/a>\u00a0\u2013<strong>Rebecca Lemaire (B\u00e8lgica)<\/strong>.        Contes del m\u00f3n. Riures davant dels imprevistos i dels tombs que fa la vida. Tant si parles angl\u00e8s com si no, gaudir\u00e0.s d\u2019aquests contes!                Infantil +5 \/ Angl\u00e8s        Activitat gratu\u00efta        \u2013\u00a0<a href=\"http:\/\/www.muntdemots.org\/2018\/locations\/biblioteca-horta-can-mariner\/\">Biblioteca Horta-Can Mariner<\/a><\/li>\n<li style=\"margin-bottom:10px\">18:00 \u2013 19:00 \u2013\u00a0<a href=\"http:\/\/www.muntdemots.org\/2018\/events\/cuento-cinco-y-doy-un-brinco-2\/\">Cuento cinco y doy un brinco<\/a>\u00a0\u2013<strong>Linsabel Noguera (Vene\u00e7uela)<\/strong>.        Jocs, can\u00e7ons, tirallongues, endevinalles, embarbussaments i contes de la tradici\u00f3 oral hispoanoamericana per divertir-nos en fam\u00edlia.                Infantil +4 \/ Castell\u00e0.        Activitat gratu\u00efta        \u2013\u00a0<a href=\"http:\/\/www.muntdemots.org\/2018\/locations\/centre-civic-sagrera-barraca\/\">Centre C\u00edvic La Sagrera &#8220;La Barraca&#8221;<\/a><\/li>\n<li style=\"margin-bottom:10px\">18:00 \u2013 19:00 \u2013\u00a0<a href=\"http:\/\/www.muntdemots.org\/2018\/events\/cuentos-de-animales-y-mascotas\/\">Cuentos de animales y mascotas<\/a>\u00a0\u2013<strong>Bernardo Govea (M\u00e8xic)<\/strong>.        Qu\u00e8 tenen en com\u00fa un goril\u00b7la, uns porcs i un drac? La resposta \u00e9s f\u00e0.cil: aquest espectacle. Vine i descobreix per qu\u00e8 una mascota \u00e9s una mascota.                Infantil \/ Castell\u00e0.        Activitat gratu\u00efta        \u2013\u00a0<a href=\"http:\/\/www.muntdemots.org\/2018\/locations\/biblioteca-ramon-dalos-moner\/\">Biblioteca Ramon d&#8217;Al\u00f3s-Moner<\/a><\/li>\n<li style=\"margin-bottom:10px\">18:00 \u2013 19:00 \u2013\u00a0<a href=\"http:\/\/www.muntdemots.org\/2018\/events\/el-coet-invisible\/\">El coet invisible<\/a>\u00a0\u2013<strong>Sherezade Bardaj\u00ed (Catalunya)<\/strong>.        L\u2019univers est\u00e0. ple de contes. Algunes hist\u00f2ries s\u00f3n tan grans que gaireb\u00e9 no hi caben; altres s\u00f3n tan petites que s\u2019amaguen entre les estrelles.                Infantil \/ Catal\u00e0.        Activitat gratu\u00efta        \u2013\u00a0<a href=\"http:\/\/www.muntdemots.org\/2018\/locations\/centre-civic-cotxeres-borrell\/\">Centre C\u00edvic Cotxeres Borrell<\/a><\/li>\n<li style=\"margin-bottom:10px\">18:00 \u2013 19:00 \u2013\u00a0<a href=\"http:\/\/www.muntdemots.org\/2018\/events\/los-cuentos-de-maria-monitos\/\">Los cuentos de Mar\u00eda Mo\u00f1itos<\/a>\u00a0\u2013<strong>Cecilia Bellor\u00edn (Vene\u00e7uela)<\/strong>.        S\u00f3n les hist\u00f2ries tradicionals, i no tant, que s\u2019expliquen al Carib, i en especial a Vene\u00e7uela. Cants, rimes i diversi\u00f3 per als menuts. A somriure!                Infantil +4 \/ Castell\u00e0.        Activitat gratu\u00efta        \u2013\u00a0<a href=\"http:\/\/www.muntdemots.org\/2018\/locations\/biblioteca-trinitat-vella-j-barbero\/\">Biblioteca Trinitat Vella \u2013 J. Barbero<\/a><\/li>\n<\/ul>\n<p>&nbsp;<\/p>\n<h2>dissabte 20 d\u2019octubre, 2018<\/h2>\n<ul>\n<li style=\"margin-bottom:10px\">11:00 \u2013 13:00 \u2013\u00a0<a href=\"http:\/\/www.muntdemots.org\/2018\/events\/la-paraula-trobada\/\">La paraula trobada<\/a>\u00a0\u2013<strong>Marat\u00f3 de Contes Infantils<\/strong>.        Torna la Marat\u00f3 de Contes Infantils \u00abLa Paraula Trobada\u00bb, aquest cop amb la participaci\u00f3 de Sabrina Kraus (Alemanya), Semiramis Zambrano, Irma Borges \u00a0(Vene\u00e7uela), Rebecca Lamier (B\u00e8lgica), Marta Barrufet, Olga Linares (Catalunya), Alicia Mart\u00ednez (Andalusia), Lidia Alonso (Castella i Lle\u00f3).                Infantil +4 \/ Catal\u00e0. i castell\u00e0.        Activitat gratu\u00efta.        El Banc d\u2019Aliments recollir\u00e0. a l\u2019entrada la vostra amable contribuci\u00f3: un o diversos paquets d\u2019aliments. Gr\u00e0.cies!        \u2013\u00a0<a href=\"http:\/\/www.muntdemots.org\/2018\/locations\/biblioteca-clot-josep-benet\/\">Biblioteca El Clot-Josep Benet<\/a><\/li>\n<\/ul>\n","protected":false},"excerpt":{"rendered":"<p>&nbsp; dimarts 16 d\u2019octubre, 2018 17:30 \u2013 18:30 \u2013\u00a0Mieditis.\u00a0\u2013Eugenia Manzanera (Madrid). Malaltia que provoca la por. Es pot tenir por dels monstres ferotges, de sorolls estranys\u2026 o d\u2019un llarg etc\u00e8tera (aquestes nom\u00e9s s\u00f3n les pitjors pors). Infantil +4 \/ Castell\u00e0. Activitat gratu\u00efta \u2013\u00a0Centre C\u00edvic La Sedeta 17:30 \u2013 18:30 \u2013\u00a0Tuit Tuit Tuit\u00a0\u2013Linsabel Noguera (Vene\u00e7uela). Can\u00e7ons, [&hellip;]<\/p>\n","protected":false},"author":1,"featured_media":0,"parent":5403,"menu_order":0,"comment_status":"closed","ping_status":"closed","template":"","meta":{"_mi_skip_tracking":false},"_links":{"self":[{"href":"https:\/\/www.muntdemots.org\/2018\/wp-json\/wp\/v2\/pages\/8937"}],"collection":[{"href":"https:\/\/www.muntdemots.org\/2018\/wp-json\/wp\/v2\/pages"}],"about":[{"href":"https:\/\/www.muntdemots.org\/2018\/wp-json\/wp\/v2\/types\/page"}],"author":[{"embeddable":true,"href":"https:\/\/www.muntdemots.org\/2018\/wp-json\/wp\/v2\/users\/1"}],"replies":[{"embeddable":true,"href":"https:\/\/www.muntdemots.org\/2018\/wp-json\/wp\/v2\/comments?post=8937"}],"version-history":[{"count":6,"href":"https:\/\/www.muntdemots.org\/2018\/wp-json\/wp\/v2\/pages\/8937\/revisions"}],"predecessor-version":[{"id":8991,"href":"https:\/\/www.muntdemots.org\/2018\/wp-json\/wp\/v2\/pages\/8937\/revisions\/8991"}],"up":[{"embeddable":true,"href":"https:\/\/www.muntdemots.org\/2018\/wp-json\/wp\/v2\/pages\/5403"}],"wp:attachment":[{"href":"https:\/\/www.muntdemots.org\/2018\/wp-json\/wp\/v2\/media?parent=8937"}],"curies":[{"name":"wp","href":"https:\/\/api.w.org\/{rel}","templated":true}]}}