{"id":8839,"date":"2018-09-13T10:26:54","date_gmt":"2018-09-13T10:26:54","guid":{"rendered":"http:\/\/www.muntdemots.org\/2018\/?page_id=8839"},"modified":"2018-09-19T07:35:28","modified_gmt":"2018-09-19T07:35:28","slug":"sherezade-bardaji","status":"publish","type":"page","link":"https:\/\/www.muntdemots.org\/2018\/participants\/sherezade-bardaji\/","title":{"rendered":"Sherezade Bardaj\u00ed"},"content":{"rendered":"<p><img decoding=\"async\" loading=\"lazy\" class=\"alignright size-medium wp-image-8804\" src=\"http:\/\/www.muntdemots.org\/2018\/wp-content\/uploads\/2018\/09\/11-300x300.png\" alt=\"\" width=\"300\" height=\"300\" srcset=\"https:\/\/www.muntdemots.org\/2018\/wp-content\/uploads\/2018\/09\/11-300x300.png 300w, https:\/\/www.muntdemots.org\/2018\/wp-content\/uploads\/2018\/09\/11-150x150.png 150w, https:\/\/www.muntdemots.org\/2018\/wp-content\/uploads\/2018\/09\/11-768x768.png 768w, https:\/\/www.muntdemots.org\/2018\/wp-content\/uploads\/2018\/09\/11.png 800w\" sizes=\"(max-width: 300px) 100vw, 300px\" \/>\u00c9s professional de les arts esc\u00e8niques des de l\u2019any 2007. Ha treballat en companyies de teatre, al Teatre Nacional de Catalunya, amb la \u201cCubana\u201d i ha creat els seus propis espectacles. Com a narradora oral destaca la seva participaci\u00f3 en els festivals: Semana de la oralidade a Lugo, Encontes a Val\u00e8ncia, Fraga Te cuenta, el Festival Internacional de Alden Biesen a B\u00e8lgica, Marat\u00f3 de contes de Guadalajara, Viernes de los cuentos a Guadalajara, Festival Arenys de Contes, Harlem jazz club, Dit a dit espai de narraci\u00f3, entre d\u2019altres.<\/p>\n","protected":false},"excerpt":{"rendered":"<p>\u00c9s professional de les arts esc\u00e8niques des de l\u2019any 2007. Ha treballat en companyies de teatre, al Teatre Nacional de Catalunya, amb la \u201cCubana\u201d i ha creat els seus propis espectacles. Com a narradora oral destaca la seva participaci\u00f3 en els festivals: Semana de la oralidade a Lugo, Encontes a Val\u00e8ncia, Fraga Te cuenta, el [&hellip;]<\/p>\n","protected":false},"author":1,"featured_media":0,"parent":4,"menu_order":0,"comment_status":"closed","ping_status":"closed","template":"","meta":{"_mi_skip_tracking":false},"_links":{"self":[{"href":"https:\/\/www.muntdemots.org\/2018\/wp-json\/wp\/v2\/pages\/8839"}],"collection":[{"href":"https:\/\/www.muntdemots.org\/2018\/wp-json\/wp\/v2\/pages"}],"about":[{"href":"https:\/\/www.muntdemots.org\/2018\/wp-json\/wp\/v2\/types\/page"}],"author":[{"embeddable":true,"href":"https:\/\/www.muntdemots.org\/2018\/wp-json\/wp\/v2\/users\/1"}],"replies":[{"embeddable":true,"href":"https:\/\/www.muntdemots.org\/2018\/wp-json\/wp\/v2\/comments?post=8839"}],"version-history":[{"count":2,"href":"https:\/\/www.muntdemots.org\/2018\/wp-json\/wp\/v2\/pages\/8839\/revisions"}],"predecessor-version":[{"id":8967,"href":"https:\/\/www.muntdemots.org\/2018\/wp-json\/wp\/v2\/pages\/8839\/revisions\/8967"}],"up":[{"embeddable":true,"href":"https:\/\/www.muntdemots.org\/2018\/wp-json\/wp\/v2\/pages\/4"}],"wp:attachment":[{"href":"https:\/\/www.muntdemots.org\/2018\/wp-json\/wp\/v2\/media?parent=8839"}],"curies":[{"name":"wp","href":"https:\/\/api.w.org\/{rel}","templated":true}]}}