{"id":8835,"date":"2018-09-13T10:24:13","date_gmt":"2018-09-13T10:24:13","guid":{"rendered":"http:\/\/www.muntdemots.org\/2018\/?page_id=8835"},"modified":"2018-09-19T07:34:37","modified_gmt":"2018-09-19T07:34:37","slug":"paula-carballeira","status":"publish","type":"page","link":"https:\/\/www.muntdemots.org\/2018\/participants\/paula-carballeira\/","title":{"rendered":"Paula Carballeira"},"content":{"rendered":"<p><img decoding=\"async\" loading=\"lazy\" class=\"alignright size-medium wp-image-8802\" src=\"http:\/\/www.muntdemots.org\/2018\/wp-content\/uploads\/2018\/09\/9-300x300.png\" alt=\"\" width=\"300\" height=\"300\" srcset=\"https:\/\/www.muntdemots.org\/2018\/wp-content\/uploads\/2018\/09\/9-300x300.png 300w, https:\/\/www.muntdemots.org\/2018\/wp-content\/uploads\/2018\/09\/9-150x150.png 150w, https:\/\/www.muntdemots.org\/2018\/wp-content\/uploads\/2018\/09\/9-768x768.png 768w, https:\/\/www.muntdemots.org\/2018\/wp-content\/uploads\/2018\/09\/9.png 800w\" sizes=\"(max-width: 300px) 100vw, 300px\" \/>Actriu amb formaci\u00f3 en interpretaci\u00f3, expressi\u00f3 corporal, t\u00e8cniques de clown, de pallassa i de mim. Ha participat en diverses s\u00e8ries i programes de televisi\u00f3 de Gal\u00edcia i a Radio Galega.  Treballa habitualment en narraci\u00f3 oral, explicant hist\u00f2ries tant a Gal\u00edcia com en programacions i festivals de tot Espanya, Portugal, Xile i Brasil. Tamb\u00e9 ha publicat diversos llibres.<\/p>\n","protected":false},"excerpt":{"rendered":"<p>Actriu amb formaci\u00f3 en interpretaci\u00f3, expressi\u00f3 corporal, t\u00e8cniques de clown, de pallassa i de mim. Ha participat en diverses s\u00e8ries i programes de televisi\u00f3 de Gal\u00edcia i a Radio Galega. Treballa habitualment en narraci\u00f3 oral, explicant hist\u00f2ries tant a Gal\u00edcia com en programacions i festivals de tot Espanya, Portugal, Xile i Brasil. Tamb\u00e9 ha publicat [&hellip;]<\/p>\n","protected":false},"author":1,"featured_media":0,"parent":4,"menu_order":0,"comment_status":"closed","ping_status":"closed","template":"","meta":{"_mi_skip_tracking":false},"_links":{"self":[{"href":"https:\/\/www.muntdemots.org\/2018\/wp-json\/wp\/v2\/pages\/8835"}],"collection":[{"href":"https:\/\/www.muntdemots.org\/2018\/wp-json\/wp\/v2\/pages"}],"about":[{"href":"https:\/\/www.muntdemots.org\/2018\/wp-json\/wp\/v2\/types\/page"}],"author":[{"embeddable":true,"href":"https:\/\/www.muntdemots.org\/2018\/wp-json\/wp\/v2\/users\/1"}],"replies":[{"embeddable":true,"href":"https:\/\/www.muntdemots.org\/2018\/wp-json\/wp\/v2\/comments?post=8835"}],"version-history":[{"count":2,"href":"https:\/\/www.muntdemots.org\/2018\/wp-json\/wp\/v2\/pages\/8835\/revisions"}],"predecessor-version":[{"id":8965,"href":"https:\/\/www.muntdemots.org\/2018\/wp-json\/wp\/v2\/pages\/8835\/revisions\/8965"}],"up":[{"embeddable":true,"href":"https:\/\/www.muntdemots.org\/2018\/wp-json\/wp\/v2\/pages\/4"}],"wp:attachment":[{"href":"https:\/\/www.muntdemots.org\/2018\/wp-json\/wp\/v2\/media?parent=8835"}],"curies":[{"name":"wp","href":"https:\/\/api.w.org\/{rel}","templated":true}]}}