{"id":8820,"date":"2018-09-13T09:54:42","date_gmt":"2018-09-13T09:54:42","guid":{"rendered":"http:\/\/www.muntdemots.org\/2018\/?page_id=8820"},"modified":"2018-09-19T07:39:28","modified_gmt":"2018-09-19T07:39:28","slug":"carolina-rueda","status":"publish","type":"page","link":"https:\/\/www.muntdemots.org\/2018\/participants\/carolina-rueda\/","title":{"rendered":"Carolina Rueda"},"content":{"rendered":"<p><img decoding=\"async\" loading=\"lazy\" class=\"alignright size-medium wp-image-8795\" src=\"http:\/\/www.muntdemots.org\/2018\/wp-content\/uploads\/2018\/09\/2-300x300.png\" alt=\"\" width=\"300\" height=\"300\" srcset=\"https:\/\/www.muntdemots.org\/2018\/wp-content\/uploads\/2018\/09\/2-300x300.png 300w, https:\/\/www.muntdemots.org\/2018\/wp-content\/uploads\/2018\/09\/2-150x150.png 150w, https:\/\/www.muntdemots.org\/2018\/wp-content\/uploads\/2018\/09\/2-768x768.png 768w, https:\/\/www.muntdemots.org\/2018\/wp-content\/uploads\/2018\/09\/2.png 800w\" sizes=\"(max-width: 300px) 100vw, 300px\" \/>Colombiana, narradora, xerrameca verbal\u00edstica, barroca, desvergonyida, provocadora, explicativa, garlant i, en el seu sentit m\u00e9s profund, armadora, arquitecta, obrera d\u2019eines, ocupa temps, imaginaire i enamoretes. Ha descobert la prova d\u2019aquesta descripci\u00f3 de llocs als que arriba en tot tipus de vehicles motors i automotors. Olfactiva com un gos coniller, apr\u00e8n segons els p\u00fablics, els recursos de la mem\u00f2ria. Popular com els passejos de riu, les hist\u00f2ries provinents de diferents camins, es teixeixen c\u00e0lidament. <\/p>\n","protected":false},"excerpt":{"rendered":"<p>Colombiana, narradora, xerrameca verbal\u00edstica, barroca, desvergonyida, provocadora, explicativa, garlant i, en el seu sentit m\u00e9s profund, armadora, arquitecta, obrera d\u2019eines, ocupa temps, imaginaire i enamoretes. Ha descobert la prova d\u2019aquesta descripci\u00f3 de llocs als que arriba en tot tipus de vehicles motors i automotors. Olfactiva com un gos coniller, apr\u00e8n segons els p\u00fablics, els recursos [&hellip;]<\/p>\n","protected":false},"author":1,"featured_media":0,"parent":4,"menu_order":0,"comment_status":"closed","ping_status":"closed","template":"","meta":{"_mi_skip_tracking":false},"_links":{"self":[{"href":"https:\/\/www.muntdemots.org\/2018\/wp-json\/wp\/v2\/pages\/8820"}],"collection":[{"href":"https:\/\/www.muntdemots.org\/2018\/wp-json\/wp\/v2\/pages"}],"about":[{"href":"https:\/\/www.muntdemots.org\/2018\/wp-json\/wp\/v2\/types\/page"}],"author":[{"embeddable":true,"href":"https:\/\/www.muntdemots.org\/2018\/wp-json\/wp\/v2\/users\/1"}],"replies":[{"embeddable":true,"href":"https:\/\/www.muntdemots.org\/2018\/wp-json\/wp\/v2\/comments?post=8820"}],"version-history":[{"count":2,"href":"https:\/\/www.muntdemots.org\/2018\/wp-json\/wp\/v2\/pages\/8820\/revisions"}],"predecessor-version":[{"id":8974,"href":"https:\/\/www.muntdemots.org\/2018\/wp-json\/wp\/v2\/pages\/8820\/revisions\/8974"}],"up":[{"embeddable":true,"href":"https:\/\/www.muntdemots.org\/2018\/wp-json\/wp\/v2\/pages\/4"}],"wp:attachment":[{"href":"https:\/\/www.muntdemots.org\/2018\/wp-json\/wp\/v2\/media?parent=8820"}],"curies":[{"name":"wp","href":"https:\/\/api.w.org\/{rel}","templated":true}]}}