{"id":8662,"date":"2017-09-14T14:00:59","date_gmt":"2017-09-14T14:00:59","guid":{"rendered":"http:\/\/www.muntdemots.org\/2017\/?page_id=8662"},"modified":"2017-09-15T13:48:15","modified_gmt":"2017-09-15T13:48:15","slug":"monika-klose-alemanya","status":"publish","type":"page","link":"https:\/\/www.muntdemots.org\/2017\/participants\/monika-klose-alemanya\/","title":{"rendered":"Monika Klose (Alemanya)"},"content":{"rendered":"<p><img decoding=\"async\" loading=\"lazy\" class=\"alignright  wp-image-8663\" src=\"http:\/\/www.muntdemots.org\/2017\/wp-content\/uploads\/2017\/09\/MONIKA-KLOSE-300x200.jpg\" alt=\"\" width=\"389\" height=\"259\" srcset=\"https:\/\/www.muntdemots.org\/2017\/wp-content\/uploads\/2017\/09\/MONIKA-KLOSE-300x200.jpg 300w, https:\/\/www.muntdemots.org\/2017\/wp-content\/uploads\/2017\/09\/MONIKA-KLOSE-768x512.jpg 768w, https:\/\/www.muntdemots.org\/2017\/wp-content\/uploads\/2017\/09\/MONIKA-KLOSE-1024x683.jpg 1024w, https:\/\/www.muntdemots.org\/2017\/wp-content\/uploads\/2017\/09\/MONIKA-KLOSE-420x280.jpg 420w\" sizes=\"(max-width: 389px) 100vw, 389px\" \/><\/p>\n<p>Nascuda en una ciutat fronterera i cru\u00eflla de cultures, des de sempre li han interessat altres veus i altres lleng\u00fces. Llicenciada en Literatura Francesa i Espanyola, el seu esperit viatger la va portar a Barcelona on va con\u00e8ixer l\u2019art de narrar contes i es va enamorar\u2026 Porta anys descobrint contes populars de diferents cultures i narra per a tots els p\u00fablics en castell\u00e0, catal\u00e0, franc\u00e8s i en alemany, la seva llengua materna.<\/p>\n<p>&nbsp;<\/p>\n<p><strong>DIVENDRES 20<\/strong><\/p>\n<p>&nbsp;<\/p>\n<p><strong>CONTES DE NENS VALENTS<\/strong><\/p>\n<p><strong>Monika Klose (Alemanya)<\/strong><\/p>\n<p>Durant aquesta sessi\u00f3 de contes coneixereu nois i noies molt eixerits que saben sortir-se\u2019n de situacions molt, per\u00f2 molt, embolicades i complicades, on han de demostrar el seu enginy i valentia\u2026<\/p>\n<p><strong>Infantil \/ Catal\u00e0<\/strong><br \/>\n<strong>Hora: 18.00 h<\/strong><br \/>\n<strong>BIBLIOTECA HORTA-CAN MARINER<\/strong><br \/>\n<strong>Activitat gratu\u00efta<\/strong><\/p>\n","protected":false},"excerpt":{"rendered":"<p>Nascuda en una ciutat fronterera i cru\u00eflla de cultures, des de sempre li han interessat altres veus i altres lleng\u00fces. Llicenciada en Literatura Francesa i Espanyola, el seu esperit viatger la va portar a Barcelona on va con\u00e8ixer l\u2019art de narrar contes i es va enamorar\u2026 Porta anys descobrint contes populars de diferents cultures i [&hellip;]<\/p>\n","protected":false},"author":1,"featured_media":0,"parent":4,"menu_order":0,"comment_status":"closed","ping_status":"closed","template":"","meta":{"_mi_skip_tracking":false},"yoast_head":"<!-- This site is optimized with the Yoast SEO plugin v20.5 - https:\/\/yoast.com\/wordpress\/plugins\/seo\/ -->\n<title>Monika Klose (Alemanya) - Munt de Mots<\/title>\n<meta name=\"robots\" content=\"index, follow, max-snippet:-1, max-image-preview:large, max-video-preview:-1\" \/>\n<link rel=\"canonical\" href=\"https:\/\/www.muntdemots.org\/2017\/participants\/monika-klose-alemanya\/\" \/>\n<meta property=\"og:locale\" content=\"ca_ES\" \/>\n<meta property=\"og:type\" content=\"article\" \/>\n<meta property=\"og:title\" content=\"Monika Klose (Alemanya) - Munt de Mots\" \/>\n<meta property=\"og:description\" content=\"Nascuda en una ciutat fronterera i cru\u00eflla de cultures, des de sempre li han interessat altres veus i altres lleng\u00fces. Llicenciada en Literatura Francesa i Espanyola, el seu esperit viatger la va portar a Barcelona on va con\u00e8ixer l\u2019art de narrar contes i es va enamorar\u2026 Porta anys descobrint contes populars de diferents cultures i [&hellip;]\" \/>\n<meta property=\"og:url\" content=\"https:\/\/www.muntdemots.org\/2017\/participants\/monika-klose-alemanya\/\" \/>\n<meta property=\"og:site_name\" content=\"Munt de Mots\" \/>\n<meta property=\"article:publisher\" content=\"https:\/\/www.facebook.com\/FestivalMuntdeMots\" \/>\n<meta property=\"article:modified_time\" content=\"2017-09-15T13:48:15+00:00\" \/>\n<meta property=\"og:image\" content=\"http:\/\/www.muntdemots.org\/2017\/wp-content\/uploads\/2017\/09\/MONIKA-KLOSE-300x200.jpg\" \/>\n<meta name=\"twitter:card\" content=\"summary_large_image\" \/>\n<meta name=\"twitter:site\" content=\"@muntdemots\" \/>\n<meta name=\"twitter:label1\" content=\"Temps estimat de lectura\" \/>\n\t<meta name=\"twitter:data1\" content=\"1 minut\" \/>\n<script type=\"application\/ld+json\" class=\"yoast-schema-graph\">{\"@context\":\"https:\/\/schema.org\",\"@graph\":[{\"@type\":\"WebPage\",\"@id\":\"https:\/\/www.muntdemots.org\/2017\/participants\/monika-klose-alemanya\/\",\"url\":\"https:\/\/www.muntdemots.org\/2017\/participants\/monika-klose-alemanya\/\",\"name\":\"Monika Klose (Alemanya) - Munt de Mots\",\"isPartOf\":{\"@id\":\"http:\/\/www.muntdemots.org\/2017\/#website\"},\"datePublished\":\"2017-09-14T14:00:59+00:00\",\"dateModified\":\"2017-09-15T13:48:15+00:00\",\"breadcrumb\":{\"@id\":\"https:\/\/www.muntdemots.org\/2017\/participants\/monika-klose-alemanya\/#breadcrumb\"},\"inLanguage\":\"ca\",\"potentialAction\":[{\"@type\":\"ReadAction\",\"target\":[\"https:\/\/www.muntdemots.org\/2017\/participants\/monika-klose-alemanya\/\"]}]},{\"@type\":\"BreadcrumbList\",\"@id\":\"https:\/\/www.muntdemots.org\/2017\/participants\/monika-klose-alemanya\/#breadcrumb\",\"itemListElement\":[{\"@type\":\"ListItem\",\"position\":1,\"name\":\"Inici\",\"item\":\"http:\/\/www.muntdemots.org\/2017\/\"},{\"@type\":\"ListItem\",\"position\":2,\"name\":\"Participants\",\"item\":\"https:\/\/www.muntdemots.org\/2017\/participants\/\"},{\"@type\":\"ListItem\",\"position\":3,\"name\":\"Monika Klose (Alemanya)\"}]},{\"@type\":\"WebSite\",\"@id\":\"http:\/\/www.muntdemots.org\/2017\/#website\",\"url\":\"http:\/\/www.muntdemots.org\/2017\/\",\"name\":\"Munt de Mots\",\"description\":\"\",\"potentialAction\":[{\"@type\":\"SearchAction\",\"target\":{\"@type\":\"EntryPoint\",\"urlTemplate\":\"http:\/\/www.muntdemots.org\/2017\/?s={search_term_string}\"},\"query-input\":\"required name=search_term_string\"}],\"inLanguage\":\"ca\"}]}<\/script>\n<!-- \/ Yoast SEO plugin. -->","yoast_head_json":{"title":"Monika Klose (Alemanya) - Munt de Mots","robots":{"index":"index","follow":"follow","max-snippet":"max-snippet:-1","max-image-preview":"max-image-preview:large","max-video-preview":"max-video-preview:-1"},"canonical":"https:\/\/www.muntdemots.org\/2017\/participants\/monika-klose-alemanya\/","og_locale":"ca_ES","og_type":"article","og_title":"Monika Klose (Alemanya) - Munt de Mots","og_description":"Nascuda en una ciutat fronterera i cru\u00eflla de cultures, des de sempre li han interessat altres veus i altres lleng\u00fces. Llicenciada en Literatura Francesa i Espanyola, el seu esperit viatger la va portar a Barcelona on va con\u00e8ixer l\u2019art de narrar contes i es va enamorar\u2026 Porta anys descobrint contes populars de diferents cultures i [&hellip;]","og_url":"https:\/\/www.muntdemots.org\/2017\/participants\/monika-klose-alemanya\/","og_site_name":"Munt de Mots","article_publisher":"https:\/\/www.facebook.com\/FestivalMuntdeMots","article_modified_time":"2017-09-15T13:48:15+00:00","og_image":[{"url":"http:\/\/www.muntdemots.org\/2017\/wp-content\/uploads\/2017\/09\/MONIKA-KLOSE-300x200.jpg"}],"twitter_card":"summary_large_image","twitter_site":"@muntdemots","twitter_misc":{"Temps estimat de lectura":"1 minut"},"schema":{"@context":"https:\/\/schema.org","@graph":[{"@type":"WebPage","@id":"https:\/\/www.muntdemots.org\/2017\/participants\/monika-klose-alemanya\/","url":"https:\/\/www.muntdemots.org\/2017\/participants\/monika-klose-alemanya\/","name":"Monika Klose (Alemanya) - Munt de Mots","isPartOf":{"@id":"http:\/\/www.muntdemots.org\/2017\/#website"},"datePublished":"2017-09-14T14:00:59+00:00","dateModified":"2017-09-15T13:48:15+00:00","breadcrumb":{"@id":"https:\/\/www.muntdemots.org\/2017\/participants\/monika-klose-alemanya\/#breadcrumb"},"inLanguage":"ca","potentialAction":[{"@type":"ReadAction","target":["https:\/\/www.muntdemots.org\/2017\/participants\/monika-klose-alemanya\/"]}]},{"@type":"BreadcrumbList","@id":"https:\/\/www.muntdemots.org\/2017\/participants\/monika-klose-alemanya\/#breadcrumb","itemListElement":[{"@type":"ListItem","position":1,"name":"Inici","item":"http:\/\/www.muntdemots.org\/2017\/"},{"@type":"ListItem","position":2,"name":"Participants","item":"https:\/\/www.muntdemots.org\/2017\/participants\/"},{"@type":"ListItem","position":3,"name":"Monika Klose (Alemanya)"}]},{"@type":"WebSite","@id":"http:\/\/www.muntdemots.org\/2017\/#website","url":"http:\/\/www.muntdemots.org\/2017\/","name":"Munt de Mots","description":"","potentialAction":[{"@type":"SearchAction","target":{"@type":"EntryPoint","urlTemplate":"http:\/\/www.muntdemots.org\/2017\/?s={search_term_string}"},"query-input":"required name=search_term_string"}],"inLanguage":"ca"}]}},"_links":{"self":[{"href":"https:\/\/www.muntdemots.org\/2017\/wp-json\/wp\/v2\/pages\/8662"}],"collection":[{"href":"https:\/\/www.muntdemots.org\/2017\/wp-json\/wp\/v2\/pages"}],"about":[{"href":"https:\/\/www.muntdemots.org\/2017\/wp-json\/wp\/v2\/types\/page"}],"author":[{"embeddable":true,"href":"https:\/\/www.muntdemots.org\/2017\/wp-json\/wp\/v2\/users\/1"}],"replies":[{"embeddable":true,"href":"https:\/\/www.muntdemots.org\/2017\/wp-json\/wp\/v2\/comments?post=8662"}],"version-history":[{"count":3,"href":"https:\/\/www.muntdemots.org\/2017\/wp-json\/wp\/v2\/pages\/8662\/revisions"}],"predecessor-version":[{"id":8705,"href":"https:\/\/www.muntdemots.org\/2017\/wp-json\/wp\/v2\/pages\/8662\/revisions\/8705"}],"up":[{"embeddable":true,"href":"https:\/\/www.muntdemots.org\/2017\/wp-json\/wp\/v2\/pages\/4"}],"wp:attachment":[{"href":"https:\/\/www.muntdemots.org\/2017\/wp-json\/wp\/v2\/media?parent=8662"}],"curies":[{"name":"wp","href":"https:\/\/api.w.org\/{rel}","templated":true}]}}