{"id":8567,"date":"2017-09-13T13:34:49","date_gmt":"2017-09-13T13:34:49","guid":{"rendered":"http:\/\/www.muntdemots.org\/2017\/?page_id=8567"},"modified":"2017-09-14T13:35:33","modified_gmt":"2017-09-14T13:35:33","slug":"noemi-caballer-balust","status":"publish","type":"page","link":"https:\/\/www.muntdemots.org\/2017\/participants\/noemi-caballer-balust\/","title":{"rendered":"Noem\u00ed Caballer Balust"},"content":{"rendered":"<p><img decoding=\"async\" loading=\"lazy\" class=\"alignright size-medium wp-image-8654\" src=\"http:\/\/www.muntdemots.org\/2017\/wp-content\/uploads\/2017\/09\/NOHEMI\u0301-CABALLER-300x199.jpg\" alt=\"\" width=\"300\" height=\"199\" srcset=\"https:\/\/www.muntdemots.org\/2017\/wp-content\/uploads\/2017\/09\/NOHEMI\u0301-CABALLER-300x199.jpg 300w, https:\/\/www.muntdemots.org\/2017\/wp-content\/uploads\/2017\/09\/NOHEMI\u0301-CABALLER-768x510.jpg 768w, https:\/\/www.muntdemots.org\/2017\/wp-content\/uploads\/2017\/09\/NOHEMI\u0301-CABALLER-1024x680.jpg 1024w, https:\/\/www.muntdemots.org\/2017\/wp-content\/uploads\/2017\/09\/NOHEMI\u0301-CABALLER-420x280.jpg 420w, https:\/\/www.muntdemots.org\/2017\/wp-content\/uploads\/2017\/09\/NOHEMI\u0301-CABALLER.jpg 1061w\" sizes=\"(max-width: 300px) 100vw, 300px\" \/>Des de 1994 explica contes a infants, adolescents i adults. Ha participat en esdeveniments i festivals de narraci\u00f3 oral d\u2019arreu: M\u00e8xic DF, Buenos Aires, Portugal\u2026 de m\u00e9s a prop: Cadis, Sevilla, Granada, Elorrio (Pa\u00eds Basc), Guadalajara, Alcal\u00e1 de Henares, Xelva (Pa\u00eds Valenci\u00e0), Ja\u00e9n, Salamanca, Osca, Pamplona, Gran Canaria, Tenerife, La Palma, Eivissa, Zamora&#8230; i d\u2019encara m\u00e9s a prop: xarxa de biblioteques de Barcelona i Tarragona, centres c\u00edvics i culturals, places, universitats, teatres, hospitals, escoles i bars\u2026 d\u2019arreu de Catalunya.<\/p>\n<p>Realitza tamb\u00e9 laboratoris de lectura: activitats d\u2019animaci\u00f3 a la lectura i creativitat per a infants, en qu\u00e8 genera espais d\u2019experimentaci\u00f3 al voltant del llibre-\u00e0lbum infantil.<\/p>\n<p>&nbsp;<\/p>\n<p><strong>DIJOUS 19<\/strong><\/p>\n<p>&nbsp;<\/p>\n<p><strong>DES DE DINS<\/strong><\/p>\n<p><strong>Noem\u00ed Caballer (Catalunya)<\/strong><\/p>\n<p>La Noem\u00ed ens sorpr\u00e8n amb contes i xafarderies d\u2019\u00e0vies i ve\u00efnes, hist\u00f2ries plenes d\u2019un surrealisme quotidi\u00e0. Hist\u00f2ries de festa major, de l\u2019emigraci\u00f3 a les Am\u00e8riques, del mandongo, de la quotidianitat de la gent de muntanya i de les perip\u00e8cies de personatges entranyables.<\/p>\n<p><strong>Adults \/ Catal\u00e0<\/strong><br \/>\n<strong>Hora: 19.30 h<\/strong><br \/>\n<strong>CENTRE C\u00cdVIC VIL\u00b7LA FLORIDA<\/strong><br \/>\n<strong>Activitat gratu\u00efta<\/strong><\/p>\n<p>&nbsp;<\/p>\n<p><strong>DIVENDRES 20<\/strong><\/p>\n<p>&nbsp;<\/p>\n<p><strong>MONSTRES MONSTRUOSOS<\/strong><\/p>\n<p><strong>Noem\u00ed Caballer (Catalunya)<\/strong><\/p>\n<p>Sabeu quina pinta ha de fer un monstre? Voleu buscar maneres de no tenir-los por? Descobrirem en Max del conte \u201cAll\u00e0 on viuen els monstres\u201d, el monstre a qui ning\u00fa fa cas, el monstre que viu sota el nostre llit i sabrem qu\u00e8 passa quan neix un monstre.<\/p>\n<p><strong>Infantil \/ Catal\u00e0<\/strong><br \/>\n<strong>Hora: 18.00 h<\/strong><br \/>\n<strong>BIBLIOTECA RAM\u00d3N D\u2019AL\u00d2S-MONER<\/strong><br \/>\n<strong>Activitat gratu\u00efta<\/strong><\/p>\n","protected":false},"excerpt":{"rendered":"<p>Des de 1994 explica contes a infants, adolescents i adults. Ha participat en esdeveniments i festivals de narraci\u00f3 oral d\u2019arreu: M\u00e8xic DF, Buenos Aires, Portugal\u2026 de m\u00e9s a prop: Cadis, Sevilla, Granada, Elorrio (Pa\u00eds Basc), Guadalajara, Alcal\u00e1 de Henares, Xelva (Pa\u00eds Valenci\u00e0), Ja\u00e9n, Salamanca, Osca, Pamplona, Gran Canaria, Tenerife, La Palma, Eivissa, Zamora&#8230; i d\u2019encara [&hellip;]<\/p>\n","protected":false},"author":1,"featured_media":0,"parent":4,"menu_order":0,"comment_status":"closed","ping_status":"closed","template":"","meta":{"_mi_skip_tracking":false},"yoast_head":"<!-- This site is optimized with the Yoast SEO plugin v20.5 - https:\/\/yoast.com\/wordpress\/plugins\/seo\/ -->\n<title>Noem\u00ed Caballer Balust - Munt de Mots<\/title>\n<meta name=\"robots\" content=\"index, follow, max-snippet:-1, max-image-preview:large, max-video-preview:-1\" \/>\n<link rel=\"canonical\" href=\"https:\/\/www.muntdemots.org\/2017\/participants\/noemi-caballer-balust\/\" \/>\n<meta property=\"og:locale\" content=\"ca_ES\" \/>\n<meta property=\"og:type\" content=\"article\" \/>\n<meta property=\"og:title\" content=\"Noem\u00ed Caballer Balust - Munt de Mots\" \/>\n<meta property=\"og:description\" content=\"Des de 1994 explica contes a infants, adolescents i adults. Ha participat en esdeveniments i festivals de narraci\u00f3 oral d\u2019arreu: M\u00e8xic DF, Buenos Aires, Portugal\u2026 de m\u00e9s a prop: Cadis, Sevilla, Granada, Elorrio (Pa\u00eds Basc), Guadalajara, Alcal\u00e1 de Henares, Xelva (Pa\u00eds Valenci\u00e0), Ja\u00e9n, Salamanca, Osca, Pamplona, Gran Canaria, Tenerife, La Palma, Eivissa, Zamora&#8230; i d\u2019encara [&hellip;]\" \/>\n<meta property=\"og:url\" content=\"https:\/\/www.muntdemots.org\/2017\/participants\/noemi-caballer-balust\/\" \/>\n<meta property=\"og:site_name\" content=\"Munt de Mots\" \/>\n<meta property=\"article:publisher\" content=\"https:\/\/www.facebook.com\/FestivalMuntdeMots\" \/>\n<meta property=\"article:modified_time\" content=\"2017-09-14T13:35:33+00:00\" \/>\n<meta name=\"twitter:card\" content=\"summary_large_image\" \/>\n<meta name=\"twitter:site\" content=\"@muntdemots\" \/>\n<meta name=\"twitter:label1\" content=\"Temps estimat de lectura\" \/>\n\t<meta name=\"twitter:data1\" content=\"1 minut\" \/>\n<script type=\"application\/ld+json\" class=\"yoast-schema-graph\">{\"@context\":\"https:\/\/schema.org\",\"@graph\":[{\"@type\":\"WebPage\",\"@id\":\"https:\/\/www.muntdemots.org\/2017\/participants\/noemi-caballer-balust\/\",\"url\":\"https:\/\/www.muntdemots.org\/2017\/participants\/noemi-caballer-balust\/\",\"name\":\"Noem\u00ed Caballer Balust - Munt de Mots\",\"isPartOf\":{\"@id\":\"https:\/\/www.muntdemots.org\/2017\/#website\"},\"datePublished\":\"2017-09-13T13:34:49+00:00\",\"dateModified\":\"2017-09-14T13:35:33+00:00\",\"breadcrumb\":{\"@id\":\"https:\/\/www.muntdemots.org\/2017\/participants\/noemi-caballer-balust\/#breadcrumb\"},\"inLanguage\":\"ca\",\"potentialAction\":[{\"@type\":\"ReadAction\",\"target\":[\"https:\/\/www.muntdemots.org\/2017\/participants\/noemi-caballer-balust\/\"]}]},{\"@type\":\"BreadcrumbList\",\"@id\":\"https:\/\/www.muntdemots.org\/2017\/participants\/noemi-caballer-balust\/#breadcrumb\",\"itemListElement\":[{\"@type\":\"ListItem\",\"position\":1,\"name\":\"Inici\",\"item\":\"https:\/\/www.muntdemots.org\/2017\/\"},{\"@type\":\"ListItem\",\"position\":2,\"name\":\"Participants\",\"item\":\"https:\/\/www.muntdemots.org\/2017\/participants\/\"},{\"@type\":\"ListItem\",\"position\":3,\"name\":\"Noem\u00ed Caballer Balust\"}]},{\"@type\":\"WebSite\",\"@id\":\"https:\/\/www.muntdemots.org\/2017\/#website\",\"url\":\"https:\/\/www.muntdemots.org\/2017\/\",\"name\":\"Munt de Mots\",\"description\":\"\",\"potentialAction\":[{\"@type\":\"SearchAction\",\"target\":{\"@type\":\"EntryPoint\",\"urlTemplate\":\"https:\/\/www.muntdemots.org\/2017\/?s={search_term_string}\"},\"query-input\":\"required name=search_term_string\"}],\"inLanguage\":\"ca\"}]}<\/script>\n<!-- \/ Yoast SEO plugin. -->","yoast_head_json":{"title":"Noem\u00ed Caballer Balust - Munt de Mots","robots":{"index":"index","follow":"follow","max-snippet":"max-snippet:-1","max-image-preview":"max-image-preview:large","max-video-preview":"max-video-preview:-1"},"canonical":"https:\/\/www.muntdemots.org\/2017\/participants\/noemi-caballer-balust\/","og_locale":"ca_ES","og_type":"article","og_title":"Noem\u00ed Caballer Balust - Munt de Mots","og_description":"Des de 1994 explica contes a infants, adolescents i adults. Ha participat en esdeveniments i festivals de narraci\u00f3 oral d\u2019arreu: M\u00e8xic DF, Buenos Aires, Portugal\u2026 de m\u00e9s a prop: Cadis, Sevilla, Granada, Elorrio (Pa\u00eds Basc), Guadalajara, Alcal\u00e1 de Henares, Xelva (Pa\u00eds Valenci\u00e0), Ja\u00e9n, Salamanca, Osca, Pamplona, Gran Canaria, Tenerife, La Palma, Eivissa, Zamora&#8230; i d\u2019encara [&hellip;]","og_url":"https:\/\/www.muntdemots.org\/2017\/participants\/noemi-caballer-balust\/","og_site_name":"Munt de Mots","article_publisher":"https:\/\/www.facebook.com\/FestivalMuntdeMots","article_modified_time":"2017-09-14T13:35:33+00:00","twitter_card":"summary_large_image","twitter_site":"@muntdemots","twitter_misc":{"Temps estimat de lectura":"1 minut"},"schema":{"@context":"https:\/\/schema.org","@graph":[{"@type":"WebPage","@id":"https:\/\/www.muntdemots.org\/2017\/participants\/noemi-caballer-balust\/","url":"https:\/\/www.muntdemots.org\/2017\/participants\/noemi-caballer-balust\/","name":"Noem\u00ed Caballer Balust - Munt de Mots","isPartOf":{"@id":"https:\/\/www.muntdemots.org\/2017\/#website"},"datePublished":"2017-09-13T13:34:49+00:00","dateModified":"2017-09-14T13:35:33+00:00","breadcrumb":{"@id":"https:\/\/www.muntdemots.org\/2017\/participants\/noemi-caballer-balust\/#breadcrumb"},"inLanguage":"ca","potentialAction":[{"@type":"ReadAction","target":["https:\/\/www.muntdemots.org\/2017\/participants\/noemi-caballer-balust\/"]}]},{"@type":"BreadcrumbList","@id":"https:\/\/www.muntdemots.org\/2017\/participants\/noemi-caballer-balust\/#breadcrumb","itemListElement":[{"@type":"ListItem","position":1,"name":"Inici","item":"https:\/\/www.muntdemots.org\/2017\/"},{"@type":"ListItem","position":2,"name":"Participants","item":"https:\/\/www.muntdemots.org\/2017\/participants\/"},{"@type":"ListItem","position":3,"name":"Noem\u00ed Caballer Balust"}]},{"@type":"WebSite","@id":"https:\/\/www.muntdemots.org\/2017\/#website","url":"https:\/\/www.muntdemots.org\/2017\/","name":"Munt de Mots","description":"","potentialAction":[{"@type":"SearchAction","target":{"@type":"EntryPoint","urlTemplate":"https:\/\/www.muntdemots.org\/2017\/?s={search_term_string}"},"query-input":"required name=search_term_string"}],"inLanguage":"ca"}]}},"_links":{"self":[{"href":"https:\/\/www.muntdemots.org\/2017\/wp-json\/wp\/v2\/pages\/8567"}],"collection":[{"href":"https:\/\/www.muntdemots.org\/2017\/wp-json\/wp\/v2\/pages"}],"about":[{"href":"https:\/\/www.muntdemots.org\/2017\/wp-json\/wp\/v2\/types\/page"}],"author":[{"embeddable":true,"href":"https:\/\/www.muntdemots.org\/2017\/wp-json\/wp\/v2\/users\/1"}],"replies":[{"embeddable":true,"href":"https:\/\/www.muntdemots.org\/2017\/wp-json\/wp\/v2\/comments?post=8567"}],"version-history":[{"count":3,"href":"https:\/\/www.muntdemots.org\/2017\/wp-json\/wp\/v2\/pages\/8567\/revisions"}],"predecessor-version":[{"id":8655,"href":"https:\/\/www.muntdemots.org\/2017\/wp-json\/wp\/v2\/pages\/8567\/revisions\/8655"}],"up":[{"embeddable":true,"href":"https:\/\/www.muntdemots.org\/2017\/wp-json\/wp\/v2\/pages\/4"}],"wp:attachment":[{"href":"https:\/\/www.muntdemots.org\/2017\/wp-json\/wp\/v2\/media?parent=8567"}],"curies":[{"name":"wp","href":"https:\/\/api.w.org\/{rel}","templated":true}]}}