{"id":8565,"date":"2017-09-13T13:33:51","date_gmt":"2017-09-13T13:33:51","guid":{"rendered":"http:\/\/www.muntdemots.org\/2017\/?page_id=8565"},"modified":"2017-09-14T13:29:22","modified_gmt":"2017-09-14T13:29:22","slug":"maisa-marban","status":"publish","type":"page","link":"https:\/\/www.muntdemots.org\/2017\/participants\/maisa-marban\/","title":{"rendered":"Maisa Marb\u00e1n"},"content":{"rendered":"<p><img decoding=\"async\" loading=\"lazy\" class=\"alignright wp-image-8649\" src=\"http:\/\/www.muntdemots.org\/2017\/wp-content\/uploads\/2017\/09\/MAISA-MARBA\u0301N-225x300.jpg\" alt=\"\" width=\"237\" height=\"316\" srcset=\"https:\/\/www.muntdemots.org\/2017\/wp-content\/uploads\/2017\/09\/MAISA-MARBA\u0301N-225x300.jpg 225w, https:\/\/www.muntdemots.org\/2017\/wp-content\/uploads\/2017\/09\/MAISA-MARBA\u0301N-768x1024.jpg 768w, https:\/\/www.muntdemots.org\/2017\/wp-content\/uploads\/2017\/09\/MAISA-MARBA\u0301N.jpg 1364w\" sizes=\"(max-width: 237px) 100vw, 237px\" \/><\/p>\n<p>Porto 24 anys contant hist\u00f2ries per tot Espanya i Llatinoam\u00e8rica. Conto des de 0 a 100 anys; ensenyo l\u2019ofici de narrar en universitats, escoles i molts altres llocs m\u00e9s. He publicat contes infantils i, de cor, afirmo que la paraula \u00e9s la meva passi\u00f3.<\/p>\n<p>&nbsp;<\/p>\n<p>&nbsp;<\/p>\n<p><strong>DIJOUS 19<\/strong><\/p>\n<p>&nbsp;<\/p>\n<p><strong>ASOMBRADA<\/strong><\/p>\n<p><strong>Maisa Marb\u00e1n (Madrid)<\/strong><\/p>\n<p>En l\u2019astorament i les ombres ens retrobem amb nosaltres mateixos en el descobriment quotidi\u00e0 del que \u00e9s evident i del que est\u00e0 ocult. Una ra\u00f3 poderosa per creure que no tot cap en una sola ra\u00f3, Saps de qu\u00e8 parlo?<\/p>\n<p><strong>Adults \/ Castell\u00e0<\/strong><br \/>\n<strong>Hora: 19.00 h<\/strong><br \/>\n<strong>BIBLIOTECA POBLE SEC-FRANCESC BOIX<\/strong><br \/>\n<strong>Activitat gratu\u00efta<\/strong><\/p>\n<p>&nbsp;<\/p>\n<p><strong>DIVENDRES 20<\/strong><\/p>\n<p>&nbsp;<\/p>\n<p><strong>SOBRE VIENTOS Y VIAJES<\/strong><\/p>\n<p><strong>Maisa Marban (Castella i Lle\u00f3)<\/strong><\/p>\n<p>En el viatge de la vida, bufen vents molt diversos que empenyen el viatger en direccions de vegades contradict\u00f2ries. Per aix\u00f2 \u00e9s imprescindible tenir sempre a m\u00e0 un penell, una br\u00faixola, mitjons de recanvi i alguna cosa dol\u00e7a per si ens decau l\u2019\u00e0nim.<\/p>\n<p><strong>Adults \/ Castell\u00e0<\/strong><br \/>\n<strong>Hora: 19.00 h<\/strong><br \/>\n<strong>CENTRE CULTURAL TON I GUIDA<\/strong><br \/>\n<strong>Activitat gratu\u00efta<\/strong><\/p>\n<p>&nbsp;<\/p>\n<p><strong>DISSABTE 21<\/strong><\/p>\n<p>&nbsp;<\/p>\n<p><strong>SOBRE VIENTOS Y VIAJES<\/strong><\/p>\n<p><strong>Maisa Marban (Castella i Lle\u00f3)<\/strong><\/p>\n<p>En el viatge de la vida, bufen vents molt diversos que empenyen el viatger en direccions de vegades contradict\u00f2ries. Per aix\u00f2 \u00e9s imprescindible tenir sempre a m\u00e0 un penell, una br\u00faixola, mitjons de recanvi i alguna cosa dol\u00e7a per si ens decau l\u2019\u00e0nim.<\/p>\n<p><strong>Adults \/ Castell\u00e0<\/strong><br \/>\n<strong>Hora: 20.30 h<\/strong><br \/>\n<strong>HARLEM JAZZ CLUB<\/strong><br \/>\n<strong>Entrada: 7\u20ac<\/strong><\/p>\n","protected":false},"excerpt":{"rendered":"<p>Porto 24 anys contant hist\u00f2ries per tot Espanya i Llatinoam\u00e8rica. Conto des de 0 a 100 anys; ensenyo l\u2019ofici de narrar en universitats, escoles i molts altres llocs m\u00e9s. He publicat contes infantils i, de cor, afirmo que la paraula \u00e9s la meva passi\u00f3. &nbsp; &nbsp; DIJOUS 19 &nbsp; ASOMBRADA Maisa Marb\u00e1n (Madrid) En l\u2019astorament [&hellip;]<\/p>\n","protected":false},"author":1,"featured_media":0,"parent":4,"menu_order":0,"comment_status":"closed","ping_status":"closed","template":"","meta":{"_mi_skip_tracking":false},"yoast_head":"<!-- This site is optimized with the Yoast SEO plugin v20.5 - https:\/\/yoast.com\/wordpress\/plugins\/seo\/ -->\n<title>Maisa Marb\u00e1n - Munt de Mots<\/title>\n<meta name=\"robots\" content=\"index, follow, max-snippet:-1, max-image-preview:large, max-video-preview:-1\" \/>\n<link rel=\"canonical\" href=\"https:\/\/www.muntdemots.org\/2017\/participants\/maisa-marban\/\" \/>\n<meta property=\"og:locale\" content=\"ca_ES\" \/>\n<meta property=\"og:type\" content=\"article\" \/>\n<meta property=\"og:title\" content=\"Maisa Marb\u00e1n - Munt de Mots\" \/>\n<meta property=\"og:description\" content=\"Porto 24 anys contant hist\u00f2ries per tot Espanya i Llatinoam\u00e8rica. Conto des de 0 a 100 anys; ensenyo l\u2019ofici de narrar en universitats, escoles i molts altres llocs m\u00e9s. He publicat contes infantils i, de cor, afirmo que la paraula \u00e9s la meva passi\u00f3. &nbsp; &nbsp; DIJOUS 19 &nbsp; ASOMBRADA Maisa Marb\u00e1n (Madrid) En l\u2019astorament [&hellip;]\" \/>\n<meta property=\"og:url\" content=\"https:\/\/www.muntdemots.org\/2017\/participants\/maisa-marban\/\" \/>\n<meta property=\"og:site_name\" content=\"Munt de Mots\" \/>\n<meta property=\"article:publisher\" content=\"https:\/\/www.facebook.com\/FestivalMuntdeMots\" \/>\n<meta property=\"article:modified_time\" content=\"2017-09-14T13:29:22+00:00\" \/>\n<meta name=\"twitter:card\" content=\"summary_large_image\" \/>\n<meta name=\"twitter:site\" content=\"@muntdemots\" \/>\n<meta name=\"twitter:label1\" content=\"Temps estimat de lectura\" \/>\n\t<meta name=\"twitter:data1\" content=\"1 minut\" \/>\n<script type=\"application\/ld+json\" class=\"yoast-schema-graph\">{\"@context\":\"https:\/\/schema.org\",\"@graph\":[{\"@type\":\"WebPage\",\"@id\":\"https:\/\/www.muntdemots.org\/2017\/participants\/maisa-marban\/\",\"url\":\"https:\/\/www.muntdemots.org\/2017\/participants\/maisa-marban\/\",\"name\":\"Maisa Marb\u00e1n - Munt de Mots\",\"isPartOf\":{\"@id\":\"http:\/\/www.muntdemots.org\/2017\/#website\"},\"datePublished\":\"2017-09-13T13:33:51+00:00\",\"dateModified\":\"2017-09-14T13:29:22+00:00\",\"breadcrumb\":{\"@id\":\"https:\/\/www.muntdemots.org\/2017\/participants\/maisa-marban\/#breadcrumb\"},\"inLanguage\":\"ca\",\"potentialAction\":[{\"@type\":\"ReadAction\",\"target\":[\"https:\/\/www.muntdemots.org\/2017\/participants\/maisa-marban\/\"]}]},{\"@type\":\"BreadcrumbList\",\"@id\":\"https:\/\/www.muntdemots.org\/2017\/participants\/maisa-marban\/#breadcrumb\",\"itemListElement\":[{\"@type\":\"ListItem\",\"position\":1,\"name\":\"Inici\",\"item\":\"http:\/\/www.muntdemots.org\/2017\/\"},{\"@type\":\"ListItem\",\"position\":2,\"name\":\"Participants\",\"item\":\"http:\/\/www.muntdemots.org\/2017\/participants\/\"},{\"@type\":\"ListItem\",\"position\":3,\"name\":\"Maisa Marb\u00e1n\"}]},{\"@type\":\"WebSite\",\"@id\":\"http:\/\/www.muntdemots.org\/2017\/#website\",\"url\":\"http:\/\/www.muntdemots.org\/2017\/\",\"name\":\"Munt de Mots\",\"description\":\"\",\"potentialAction\":[{\"@type\":\"SearchAction\",\"target\":{\"@type\":\"EntryPoint\",\"urlTemplate\":\"http:\/\/www.muntdemots.org\/2017\/?s={search_term_string}\"},\"query-input\":\"required name=search_term_string\"}],\"inLanguage\":\"ca\"}]}<\/script>\n<!-- \/ Yoast SEO plugin. -->","yoast_head_json":{"title":"Maisa Marb\u00e1n - Munt de Mots","robots":{"index":"index","follow":"follow","max-snippet":"max-snippet:-1","max-image-preview":"max-image-preview:large","max-video-preview":"max-video-preview:-1"},"canonical":"https:\/\/www.muntdemots.org\/2017\/participants\/maisa-marban\/","og_locale":"ca_ES","og_type":"article","og_title":"Maisa Marb\u00e1n - Munt de Mots","og_description":"Porto 24 anys contant hist\u00f2ries per tot Espanya i Llatinoam\u00e8rica. Conto des de 0 a 100 anys; ensenyo l\u2019ofici de narrar en universitats, escoles i molts altres llocs m\u00e9s. He publicat contes infantils i, de cor, afirmo que la paraula \u00e9s la meva passi\u00f3. &nbsp; &nbsp; DIJOUS 19 &nbsp; ASOMBRADA Maisa Marb\u00e1n (Madrid) En l\u2019astorament [&hellip;]","og_url":"https:\/\/www.muntdemots.org\/2017\/participants\/maisa-marban\/","og_site_name":"Munt de Mots","article_publisher":"https:\/\/www.facebook.com\/FestivalMuntdeMots","article_modified_time":"2017-09-14T13:29:22+00:00","twitter_card":"summary_large_image","twitter_site":"@muntdemots","twitter_misc":{"Temps estimat de lectura":"1 minut"},"schema":{"@context":"https:\/\/schema.org","@graph":[{"@type":"WebPage","@id":"https:\/\/www.muntdemots.org\/2017\/participants\/maisa-marban\/","url":"https:\/\/www.muntdemots.org\/2017\/participants\/maisa-marban\/","name":"Maisa Marb\u00e1n - Munt de Mots","isPartOf":{"@id":"http:\/\/www.muntdemots.org\/2017\/#website"},"datePublished":"2017-09-13T13:33:51+00:00","dateModified":"2017-09-14T13:29:22+00:00","breadcrumb":{"@id":"https:\/\/www.muntdemots.org\/2017\/participants\/maisa-marban\/#breadcrumb"},"inLanguage":"ca","potentialAction":[{"@type":"ReadAction","target":["https:\/\/www.muntdemots.org\/2017\/participants\/maisa-marban\/"]}]},{"@type":"BreadcrumbList","@id":"https:\/\/www.muntdemots.org\/2017\/participants\/maisa-marban\/#breadcrumb","itemListElement":[{"@type":"ListItem","position":1,"name":"Inici","item":"http:\/\/www.muntdemots.org\/2017\/"},{"@type":"ListItem","position":2,"name":"Participants","item":"http:\/\/www.muntdemots.org\/2017\/participants\/"},{"@type":"ListItem","position":3,"name":"Maisa Marb\u00e1n"}]},{"@type":"WebSite","@id":"http:\/\/www.muntdemots.org\/2017\/#website","url":"http:\/\/www.muntdemots.org\/2017\/","name":"Munt de Mots","description":"","potentialAction":[{"@type":"SearchAction","target":{"@type":"EntryPoint","urlTemplate":"http:\/\/www.muntdemots.org\/2017\/?s={search_term_string}"},"query-input":"required name=search_term_string"}],"inLanguage":"ca"}]}},"_links":{"self":[{"href":"https:\/\/www.muntdemots.org\/2017\/wp-json\/wp\/v2\/pages\/8565"}],"collection":[{"href":"https:\/\/www.muntdemots.org\/2017\/wp-json\/wp\/v2\/pages"}],"about":[{"href":"https:\/\/www.muntdemots.org\/2017\/wp-json\/wp\/v2\/types\/page"}],"author":[{"embeddable":true,"href":"https:\/\/www.muntdemots.org\/2017\/wp-json\/wp\/v2\/users\/1"}],"replies":[{"embeddable":true,"href":"https:\/\/www.muntdemots.org\/2017\/wp-json\/wp\/v2\/comments?post=8565"}],"version-history":[{"count":5,"href":"https:\/\/www.muntdemots.org\/2017\/wp-json\/wp\/v2\/pages\/8565\/revisions"}],"predecessor-version":[{"id":8759,"href":"https:\/\/www.muntdemots.org\/2017\/wp-json\/wp\/v2\/pages\/8565\/revisions\/8759"}],"up":[{"embeddable":true,"href":"https:\/\/www.muntdemots.org\/2017\/wp-json\/wp\/v2\/pages\/4"}],"wp:attachment":[{"href":"https:\/\/www.muntdemots.org\/2017\/wp-json\/wp\/v2\/media?parent=8565"}],"curies":[{"name":"wp","href":"https:\/\/api.w.org\/{rel}","templated":true}]}}