{"id":8559,"date":"2017-09-13T13:31:33","date_gmt":"2017-09-13T13:31:33","guid":{"rendered":"http:\/\/www.muntdemots.org\/2017\/?page_id=8559"},"modified":"2017-09-13T17:02:54","modified_gmt":"2017-09-13T17:02:54","slug":"fanny-fuguet","status":"publish","type":"page","link":"https:\/\/www.muntdemots.org\/2017\/participants\/fanny-fuguet\/","title":{"rendered":"Fanny Fuguet"},"content":{"rendered":"<p><img decoding=\"async\" loading=\"lazy\" class=\"size-medium wp-image-8635 alignright\" src=\"http:\/\/www.muntdemots.org\/2017\/wp-content\/uploads\/2017\/09\/FANNY-FUGUET-300x248.jpg\" alt=\"\" width=\"300\" height=\"248\" srcset=\"https:\/\/www.muntdemots.org\/2017\/wp-content\/uploads\/2017\/09\/FANNY-FUGUET-300x248.jpg 300w, https:\/\/www.muntdemots.org\/2017\/wp-content\/uploads\/2017\/09\/FANNY-FUGUET-768x634.jpg 768w, https:\/\/www.muntdemots.org\/2017\/wp-content\/uploads\/2017\/09\/FANNY-FUGUET-1024x846.jpg 1024w\" sizes=\"(max-width: 300px) 100vw, 300px\" \/>Aquesta vers\u00e0til artista, cantautora i narradora oral combina els seus recitals i concerts per a un p\u00fablic de totes les edats amb la realitzaci\u00f3 de tallers i la participaci\u00f3 en projectes d\u2019animaci\u00f3 a la lectura. Ha fet actuacions en els principals teatres de Vene\u00e7uela i gires per nombroses ciutats i pobles d\u2019Espanya. Compta amb un cd de m\u00fasica infantil titulat \u201cJUGUE-CONTE-CANTEMOS con Fanny Fuguet\u201d que consta de 10 can\u00e7ons creades i interpretades per ella mateixa.<\/p>\n<p>&nbsp;<\/p>\n<p><strong>DIMARTS 17<\/strong><\/p>\n<p>&nbsp;<\/p>\n<p><strong>JUGUE-CONTE-CANTEMOS<\/strong><\/p>\n<p><strong>Fanny Fuguet (Vene\u00e7uela)<\/strong><\/p>\n<p>Aquesta trobada \u00e9s completament participativa. Els contes es transformen en can\u00e7ons que ens inviten a jugar i a somiar. Moviment, alegria, color i molta imaginaci\u00f3. Fanny s\u2019acompanya de la seva guitarra, de quatre titelles i d\u2019instruments ind\u00edgenes.<\/p>\n<p><strong>Infantil i familiar \/ Castell\u00e0<\/strong><br \/>\n<strong>Hora: 17.30 h<\/strong><br \/>\n<strong>CENTRE C\u00cdVIC LA SEDETA<\/strong><br \/>\n<strong>Activitat gratu\u00efta<\/strong><\/p>\n<p>&nbsp;<\/p>\n<p><strong>DMECRES 18<\/strong><\/p>\n<p>&nbsp;<\/p>\n<p><strong>CUENTOS Y CANCIONES CON SABOR A MAR<\/strong><\/p>\n<p><strong>Fanny Fuguet (Vene\u00e7uela)<\/strong><\/p>\n<p>\u00c9s una invitaci\u00f3 a navegar per un mar de paraules per anar a trobar hist\u00f2ries de pirates i d\u2019animals marins, per inventar viatges a llocs molt llunyans a bord d\u2019un vaixell imaginari. En aquesta trobada, la m\u00fasica i els contes es donen la m\u00e0.<\/p>\n<p><strong>Infantil \/ Castell\u00e0<\/strong><br \/>\n<strong>Hora: 18.00 h<\/strong><br \/>\n<strong>BIBLIOTECA EL CARMEL-JUAN MARS\u00c9<\/strong><br \/>\n<strong>Activitat gratu\u00efta<\/strong><\/p>\n","protected":false},"excerpt":{"rendered":"<p>Aquesta vers\u00e0til artista, cantautora i narradora oral combina els seus recitals i concerts per a un p\u00fablic de totes les edats amb la realitzaci\u00f3 de tallers i la participaci\u00f3 en projectes d\u2019animaci\u00f3 a la lectura. Ha fet actuacions en els principals teatres de Vene\u00e7uela i gires per nombroses ciutats i pobles d\u2019Espanya. Compta amb un [&hellip;]<\/p>\n","protected":false},"author":1,"featured_media":0,"parent":4,"menu_order":0,"comment_status":"closed","ping_status":"closed","template":"","meta":{"_mi_skip_tracking":false},"yoast_head":"<!-- This site is optimized with the Yoast SEO plugin v20.5 - https:\/\/yoast.com\/wordpress\/plugins\/seo\/ -->\n<title>Fanny Fuguet - Munt de Mots<\/title>\n<meta name=\"robots\" content=\"index, follow, max-snippet:-1, max-image-preview:large, max-video-preview:-1\" \/>\n<link rel=\"canonical\" href=\"http:\/\/www.muntdemots.org\/2017\/participants\/fanny-fuguet\/\" \/>\n<meta property=\"og:locale\" content=\"ca_ES\" \/>\n<meta property=\"og:type\" content=\"article\" \/>\n<meta property=\"og:title\" content=\"Fanny Fuguet - Munt de Mots\" \/>\n<meta property=\"og:description\" content=\"Aquesta vers\u00e0til artista, cantautora i narradora oral combina els seus recitals i concerts per a un p\u00fablic de totes les edats amb la realitzaci\u00f3 de tallers i la participaci\u00f3 en projectes d\u2019animaci\u00f3 a la lectura. Ha fet actuacions en els principals teatres de Vene\u00e7uela i gires per nombroses ciutats i pobles d\u2019Espanya. Compta amb un [&hellip;]\" \/>\n<meta property=\"og:url\" content=\"http:\/\/www.muntdemots.org\/2017\/participants\/fanny-fuguet\/\" \/>\n<meta property=\"og:site_name\" content=\"Munt de Mots\" \/>\n<meta property=\"article:publisher\" content=\"https:\/\/www.facebook.com\/FestivalMuntdeMots\" \/>\n<meta property=\"article:modified_time\" content=\"2017-09-13T17:02:54+00:00\" \/>\n<meta property=\"og:image\" content=\"http:\/\/www.muntdemots.org\/2017\/wp-content\/uploads\/2017\/09\/FANNY-FUGUET-300x248.jpg\" \/>\n<meta name=\"twitter:card\" content=\"summary_large_image\" \/>\n<meta name=\"twitter:site\" content=\"@muntdemots\" \/>\n<meta name=\"twitter:label1\" content=\"Temps estimat de lectura\" \/>\n\t<meta name=\"twitter:data1\" content=\"1 minut\" \/>\n<script type=\"application\/ld+json\" class=\"yoast-schema-graph\">{\"@context\":\"https:\/\/schema.org\",\"@graph\":[{\"@type\":\"WebPage\",\"@id\":\"http:\/\/www.muntdemots.org\/2017\/participants\/fanny-fuguet\/\",\"url\":\"http:\/\/www.muntdemots.org\/2017\/participants\/fanny-fuguet\/\",\"name\":\"Fanny Fuguet - Munt de Mots\",\"isPartOf\":{\"@id\":\"http:\/\/www.muntdemots.org\/2017\/#website\"},\"datePublished\":\"2017-09-13T13:31:33+00:00\",\"dateModified\":\"2017-09-13T17:02:54+00:00\",\"breadcrumb\":{\"@id\":\"http:\/\/www.muntdemots.org\/2017\/participants\/fanny-fuguet\/#breadcrumb\"},\"inLanguage\":\"ca\",\"potentialAction\":[{\"@type\":\"ReadAction\",\"target\":[\"http:\/\/www.muntdemots.org\/2017\/participants\/fanny-fuguet\/\"]}]},{\"@type\":\"BreadcrumbList\",\"@id\":\"http:\/\/www.muntdemots.org\/2017\/participants\/fanny-fuguet\/#breadcrumb\",\"itemListElement\":[{\"@type\":\"ListItem\",\"position\":1,\"name\":\"Inici\",\"item\":\"http:\/\/www.muntdemots.org\/2017\/\"},{\"@type\":\"ListItem\",\"position\":2,\"name\":\"Participants\",\"item\":\"https:\/\/www.muntdemots.org\/2017\/participants\/\"},{\"@type\":\"ListItem\",\"position\":3,\"name\":\"Fanny Fuguet\"}]},{\"@type\":\"WebSite\",\"@id\":\"http:\/\/www.muntdemots.org\/2017\/#website\",\"url\":\"http:\/\/www.muntdemots.org\/2017\/\",\"name\":\"Munt de Mots\",\"description\":\"\",\"potentialAction\":[{\"@type\":\"SearchAction\",\"target\":{\"@type\":\"EntryPoint\",\"urlTemplate\":\"http:\/\/www.muntdemots.org\/2017\/?s={search_term_string}\"},\"query-input\":\"required name=search_term_string\"}],\"inLanguage\":\"ca\"}]}<\/script>\n<!-- \/ Yoast SEO plugin. -->","yoast_head_json":{"title":"Fanny Fuguet - Munt de Mots","robots":{"index":"index","follow":"follow","max-snippet":"max-snippet:-1","max-image-preview":"max-image-preview:large","max-video-preview":"max-video-preview:-1"},"canonical":"http:\/\/www.muntdemots.org\/2017\/participants\/fanny-fuguet\/","og_locale":"ca_ES","og_type":"article","og_title":"Fanny Fuguet - Munt de Mots","og_description":"Aquesta vers\u00e0til artista, cantautora i narradora oral combina els seus recitals i concerts per a un p\u00fablic de totes les edats amb la realitzaci\u00f3 de tallers i la participaci\u00f3 en projectes d\u2019animaci\u00f3 a la lectura. Ha fet actuacions en els principals teatres de Vene\u00e7uela i gires per nombroses ciutats i pobles d\u2019Espanya. Compta amb un [&hellip;]","og_url":"http:\/\/www.muntdemots.org\/2017\/participants\/fanny-fuguet\/","og_site_name":"Munt de Mots","article_publisher":"https:\/\/www.facebook.com\/FestivalMuntdeMots","article_modified_time":"2017-09-13T17:02:54+00:00","og_image":[{"url":"http:\/\/www.muntdemots.org\/2017\/wp-content\/uploads\/2017\/09\/FANNY-FUGUET-300x248.jpg"}],"twitter_card":"summary_large_image","twitter_site":"@muntdemots","twitter_misc":{"Temps estimat de lectura":"1 minut"},"schema":{"@context":"https:\/\/schema.org","@graph":[{"@type":"WebPage","@id":"http:\/\/www.muntdemots.org\/2017\/participants\/fanny-fuguet\/","url":"http:\/\/www.muntdemots.org\/2017\/participants\/fanny-fuguet\/","name":"Fanny Fuguet - Munt de Mots","isPartOf":{"@id":"http:\/\/www.muntdemots.org\/2017\/#website"},"datePublished":"2017-09-13T13:31:33+00:00","dateModified":"2017-09-13T17:02:54+00:00","breadcrumb":{"@id":"http:\/\/www.muntdemots.org\/2017\/participants\/fanny-fuguet\/#breadcrumb"},"inLanguage":"ca","potentialAction":[{"@type":"ReadAction","target":["http:\/\/www.muntdemots.org\/2017\/participants\/fanny-fuguet\/"]}]},{"@type":"BreadcrumbList","@id":"http:\/\/www.muntdemots.org\/2017\/participants\/fanny-fuguet\/#breadcrumb","itemListElement":[{"@type":"ListItem","position":1,"name":"Inici","item":"http:\/\/www.muntdemots.org\/2017\/"},{"@type":"ListItem","position":2,"name":"Participants","item":"https:\/\/www.muntdemots.org\/2017\/participants\/"},{"@type":"ListItem","position":3,"name":"Fanny Fuguet"}]},{"@type":"WebSite","@id":"http:\/\/www.muntdemots.org\/2017\/#website","url":"http:\/\/www.muntdemots.org\/2017\/","name":"Munt de Mots","description":"","potentialAction":[{"@type":"SearchAction","target":{"@type":"EntryPoint","urlTemplate":"http:\/\/www.muntdemots.org\/2017\/?s={search_term_string}"},"query-input":"required name=search_term_string"}],"inLanguage":"ca"}]}},"_links":{"self":[{"href":"https:\/\/www.muntdemots.org\/2017\/wp-json\/wp\/v2\/pages\/8559"}],"collection":[{"href":"https:\/\/www.muntdemots.org\/2017\/wp-json\/wp\/v2\/pages"}],"about":[{"href":"https:\/\/www.muntdemots.org\/2017\/wp-json\/wp\/v2\/types\/page"}],"author":[{"embeddable":true,"href":"https:\/\/www.muntdemots.org\/2017\/wp-json\/wp\/v2\/users\/1"}],"replies":[{"embeddable":true,"href":"https:\/\/www.muntdemots.org\/2017\/wp-json\/wp\/v2\/comments?post=8559"}],"version-history":[{"count":3,"href":"https:\/\/www.muntdemots.org\/2017\/wp-json\/wp\/v2\/pages\/8559\/revisions"}],"predecessor-version":[{"id":8636,"href":"https:\/\/www.muntdemots.org\/2017\/wp-json\/wp\/v2\/pages\/8559\/revisions\/8636"}],"up":[{"embeddable":true,"href":"https:\/\/www.muntdemots.org\/2017\/wp-json\/wp\/v2\/pages\/4"}],"wp:attachment":[{"href":"https:\/\/www.muntdemots.org\/2017\/wp-json\/wp\/v2\/media?parent=8559"}],"curies":[{"name":"wp","href":"https:\/\/api.w.org\/{rel}","templated":true}]}}