{"id":8557,"date":"2017-09-13T13:30:43","date_gmt":"2017-09-13T13:30:43","guid":{"rendered":"http:\/\/www.muntdemots.org\/2017\/?page_id=8557"},"modified":"2017-09-13T16:58:04","modified_gmt":"2017-09-13T16:58:04","slug":"charo-jaular","status":"publish","type":"page","link":"https:\/\/www.muntdemots.org\/2017\/participants\/charo-jaular\/","title":{"rendered":"Charo Jaular"},"content":{"rendered":"<p><img decoding=\"async\" loading=\"lazy\" class=\"size-medium wp-image-8632 alignright\" src=\"http:\/\/www.muntdemots.org\/2017\/wp-content\/uploads\/2017\/09\/CHARO-JAULAR-200x300.jpg\" alt=\"\" width=\"200\" height=\"300\" srcset=\"https:\/\/www.muntdemots.org\/2017\/wp-content\/uploads\/2017\/09\/CHARO-JAULAR-200x300.jpg 200w, https:\/\/www.muntdemots.org\/2017\/wp-content\/uploads\/2017\/09\/CHARO-JAULAR.jpg 399w\" sizes=\"(max-width: 200px) 100vw, 200px\" \/>Porta 15 anys d\u2019ofici. Ha estat directora del taller de teatre de la Universitat de Salamanca, professora del taller de contes al Museu Etnogr\u00e0fic de Zamora, ponent en tallers de formaci\u00f3 de narraci\u00f3 oral per al Centro de Formaci\u00f3n del Profesorado e Innovaci\u00f3n Educativa (CFIE), narradora al Museu d\u2019Art Contemporani (MUSAC) dirigit per la Fundaci\u00f3n Siglo para las Artes de Castilla i Le\u00f3n, narradora del Programa Cultural Ventanas Esc\u00e9nicas de Valladolid, seleccionada dos anys consecutius a la Fira Internacional de Teatre de Ciudad Rodrigo, narradora habitual a les biblioteques municipals de Castella i Lle\u00f3, Gal\u00edcia, Madrid, Arag\u00f3, Castella-la Manxa; internacionalment, ha contat a Rabat, Portugal, Costa Rica, Argentina i als campaments de refugiats del S\u00e0hara. A banda de les biblioteques, tamb\u00e9 conta als teatres, escoles, places i, sobretot, conta cada nit a les seves dues filles. Dit d\u2019una altra manera: conta als cors de grans i petits que volen desconnectar una estona d\u2019aquest m\u00f3n i enfilar-se en un viatge de conte.<\/p>\n<p>&nbsp;<\/p>\n<p><strong>DIJOUS 19<\/strong><\/p>\n<p>&nbsp;<\/p>\n<p><strong>T\u00da, YO Y UN MONT\u00d3N DE SECRETOS<\/strong><\/p>\n<p><strong>Charo Jaular (Castella i Lle\u00f3)<\/strong><\/p>\n<p>El meu avi, Domingo Mart\u00edn, cada nit de San Lorenzo, quan els estels fuga\u00e7os encenen la foscor, deia que amb tanta brillantor era impossible mantenir secrets: ell, cada any, m\u2019explicava, d\u2019un en un, els secrets de la fam\u00edlia&#8230;<\/p>\n<p><strong>Infantil \/ Castell\u00e0<\/strong><br \/>\n<strong>Hora: 18.00 h<\/strong><br \/>\n<strong>BIBLIOTECA LA SAGRERA-MARINA CLOTET<\/strong><br \/>\n<strong>Activitat gratu\u00efta<\/strong><\/p>\n<p>&nbsp;<\/p>\n<p><strong>DIVENDRES 20<\/strong><\/p>\n<p>&nbsp;<\/p>\n<p><strong>\u00a1B\u00c9SAME MIENTRAS ME CUENTAS!<\/strong><\/p>\n<p><strong>Charo Jaular (Castella i Lle\u00f3)<\/strong><\/p>\n<p>Fer petons \u00e9s acaronar amb els llavis. Explicar \u00e9s acaronar les emocions. De quantes maneres t\u2019han fet petons a la vida? Alguna vegada t\u2019han besat a trav\u00e9s de les paraules? En aquest moment, si tu vols, rebr\u00e0s molts petons. Tants com hist\u00f2ries.<\/p>\n<p><strong>Infantil \/ Castell\u00e0<\/strong><br \/>\n<strong>Hora: 18.00 h<\/strong><br \/>\n<strong>CENTRE C\u00cdVIC COTXERES BORRELL<\/strong><br \/>\n<strong>Activitat gratu\u00efta<\/strong><\/p>\n","protected":false},"excerpt":{"rendered":"<p>Porta 15 anys d\u2019ofici. Ha estat directora del taller de teatre de la Universitat de Salamanca, professora del taller de contes al Museu Etnogr\u00e0fic de Zamora, ponent en tallers de formaci\u00f3 de narraci\u00f3 oral per al Centro de Formaci\u00f3n del Profesorado e Innovaci\u00f3n Educativa (CFIE), narradora al Museu d\u2019Art Contemporani (MUSAC) dirigit per la Fundaci\u00f3n [&hellip;]<\/p>\n","protected":false},"author":1,"featured_media":0,"parent":4,"menu_order":0,"comment_status":"closed","ping_status":"closed","template":"","meta":{"_mi_skip_tracking":false},"yoast_head":"<!-- This site is optimized with the Yoast SEO plugin v20.5 - https:\/\/yoast.com\/wordpress\/plugins\/seo\/ -->\n<title>Charo Jaular - Munt de Mots<\/title>\n<meta name=\"robots\" content=\"index, follow, max-snippet:-1, max-image-preview:large, max-video-preview:-1\" \/>\n<link rel=\"canonical\" href=\"https:\/\/www.muntdemots.org\/2017\/participants\/charo-jaular\/\" \/>\n<meta property=\"og:locale\" content=\"ca_ES\" \/>\n<meta property=\"og:type\" content=\"article\" \/>\n<meta property=\"og:title\" content=\"Charo Jaular - Munt de Mots\" \/>\n<meta property=\"og:description\" content=\"Porta 15 anys d\u2019ofici. Ha estat directora del taller de teatre de la Universitat de Salamanca, professora del taller de contes al Museu Etnogr\u00e0fic de Zamora, ponent en tallers de formaci\u00f3 de narraci\u00f3 oral per al Centro de Formaci\u00f3n del Profesorado e Innovaci\u00f3n Educativa (CFIE), narradora al Museu d\u2019Art Contemporani (MUSAC) dirigit per la Fundaci\u00f3n [&hellip;]\" \/>\n<meta property=\"og:url\" content=\"https:\/\/www.muntdemots.org\/2017\/participants\/charo-jaular\/\" \/>\n<meta property=\"og:site_name\" content=\"Munt de Mots\" \/>\n<meta property=\"article:publisher\" content=\"https:\/\/www.facebook.com\/FestivalMuntdeMots\" \/>\n<meta property=\"article:modified_time\" content=\"2017-09-13T16:58:04+00:00\" \/>\n<meta property=\"og:image\" content=\"http:\/\/www.muntdemots.org\/2017\/wp-content\/uploads\/2017\/09\/CHARO-JAULAR-200x300.jpg\" \/>\n<meta name=\"twitter:card\" content=\"summary_large_image\" \/>\n<meta name=\"twitter:site\" content=\"@muntdemots\" \/>\n<meta name=\"twitter:label1\" content=\"Temps estimat de lectura\" \/>\n\t<meta name=\"twitter:data1\" content=\"2 minuts\" \/>\n<script type=\"application\/ld+json\" class=\"yoast-schema-graph\">{\"@context\":\"https:\/\/schema.org\",\"@graph\":[{\"@type\":\"WebPage\",\"@id\":\"https:\/\/www.muntdemots.org\/2017\/participants\/charo-jaular\/\",\"url\":\"https:\/\/www.muntdemots.org\/2017\/participants\/charo-jaular\/\",\"name\":\"Charo Jaular - Munt de Mots\",\"isPartOf\":{\"@id\":\"http:\/\/www.muntdemots.org\/2017\/#website\"},\"datePublished\":\"2017-09-13T13:30:43+00:00\",\"dateModified\":\"2017-09-13T16:58:04+00:00\",\"breadcrumb\":{\"@id\":\"https:\/\/www.muntdemots.org\/2017\/participants\/charo-jaular\/#breadcrumb\"},\"inLanguage\":\"ca\",\"potentialAction\":[{\"@type\":\"ReadAction\",\"target\":[\"https:\/\/www.muntdemots.org\/2017\/participants\/charo-jaular\/\"]}]},{\"@type\":\"BreadcrumbList\",\"@id\":\"https:\/\/www.muntdemots.org\/2017\/participants\/charo-jaular\/#breadcrumb\",\"itemListElement\":[{\"@type\":\"ListItem\",\"position\":1,\"name\":\"Inici\",\"item\":\"http:\/\/www.muntdemots.org\/2017\/\"},{\"@type\":\"ListItem\",\"position\":2,\"name\":\"Participants\",\"item\":\"http:\/\/www.muntdemots.org\/2017\/participants\/\"},{\"@type\":\"ListItem\",\"position\":3,\"name\":\"Charo Jaular\"}]},{\"@type\":\"WebSite\",\"@id\":\"http:\/\/www.muntdemots.org\/2017\/#website\",\"url\":\"http:\/\/www.muntdemots.org\/2017\/\",\"name\":\"Munt de Mots\",\"description\":\"\",\"potentialAction\":[{\"@type\":\"SearchAction\",\"target\":{\"@type\":\"EntryPoint\",\"urlTemplate\":\"http:\/\/www.muntdemots.org\/2017\/?s={search_term_string}\"},\"query-input\":\"required name=search_term_string\"}],\"inLanguage\":\"ca\"}]}<\/script>\n<!-- \/ Yoast SEO plugin. -->","yoast_head_json":{"title":"Charo Jaular - Munt de Mots","robots":{"index":"index","follow":"follow","max-snippet":"max-snippet:-1","max-image-preview":"max-image-preview:large","max-video-preview":"max-video-preview:-1"},"canonical":"https:\/\/www.muntdemots.org\/2017\/participants\/charo-jaular\/","og_locale":"ca_ES","og_type":"article","og_title":"Charo Jaular - Munt de Mots","og_description":"Porta 15 anys d\u2019ofici. Ha estat directora del taller de teatre de la Universitat de Salamanca, professora del taller de contes al Museu Etnogr\u00e0fic de Zamora, ponent en tallers de formaci\u00f3 de narraci\u00f3 oral per al Centro de Formaci\u00f3n del Profesorado e Innovaci\u00f3n Educativa (CFIE), narradora al Museu d\u2019Art Contemporani (MUSAC) dirigit per la Fundaci\u00f3n [&hellip;]","og_url":"https:\/\/www.muntdemots.org\/2017\/participants\/charo-jaular\/","og_site_name":"Munt de Mots","article_publisher":"https:\/\/www.facebook.com\/FestivalMuntdeMots","article_modified_time":"2017-09-13T16:58:04+00:00","og_image":[{"url":"http:\/\/www.muntdemots.org\/2017\/wp-content\/uploads\/2017\/09\/CHARO-JAULAR-200x300.jpg"}],"twitter_card":"summary_large_image","twitter_site":"@muntdemots","twitter_misc":{"Temps estimat de lectura":"2 minuts"},"schema":{"@context":"https:\/\/schema.org","@graph":[{"@type":"WebPage","@id":"https:\/\/www.muntdemots.org\/2017\/participants\/charo-jaular\/","url":"https:\/\/www.muntdemots.org\/2017\/participants\/charo-jaular\/","name":"Charo Jaular - Munt de Mots","isPartOf":{"@id":"http:\/\/www.muntdemots.org\/2017\/#website"},"datePublished":"2017-09-13T13:30:43+00:00","dateModified":"2017-09-13T16:58:04+00:00","breadcrumb":{"@id":"https:\/\/www.muntdemots.org\/2017\/participants\/charo-jaular\/#breadcrumb"},"inLanguage":"ca","potentialAction":[{"@type":"ReadAction","target":["https:\/\/www.muntdemots.org\/2017\/participants\/charo-jaular\/"]}]},{"@type":"BreadcrumbList","@id":"https:\/\/www.muntdemots.org\/2017\/participants\/charo-jaular\/#breadcrumb","itemListElement":[{"@type":"ListItem","position":1,"name":"Inici","item":"http:\/\/www.muntdemots.org\/2017\/"},{"@type":"ListItem","position":2,"name":"Participants","item":"http:\/\/www.muntdemots.org\/2017\/participants\/"},{"@type":"ListItem","position":3,"name":"Charo Jaular"}]},{"@type":"WebSite","@id":"http:\/\/www.muntdemots.org\/2017\/#website","url":"http:\/\/www.muntdemots.org\/2017\/","name":"Munt de Mots","description":"","potentialAction":[{"@type":"SearchAction","target":{"@type":"EntryPoint","urlTemplate":"http:\/\/www.muntdemots.org\/2017\/?s={search_term_string}"},"query-input":"required name=search_term_string"}],"inLanguage":"ca"}]}},"_links":{"self":[{"href":"https:\/\/www.muntdemots.org\/2017\/wp-json\/wp\/v2\/pages\/8557"}],"collection":[{"href":"https:\/\/www.muntdemots.org\/2017\/wp-json\/wp\/v2\/pages"}],"about":[{"href":"https:\/\/www.muntdemots.org\/2017\/wp-json\/wp\/v2\/types\/page"}],"author":[{"embeddable":true,"href":"https:\/\/www.muntdemots.org\/2017\/wp-json\/wp\/v2\/users\/1"}],"replies":[{"embeddable":true,"href":"https:\/\/www.muntdemots.org\/2017\/wp-json\/wp\/v2\/comments?post=8557"}],"version-history":[{"count":3,"href":"https:\/\/www.muntdemots.org\/2017\/wp-json\/wp\/v2\/pages\/8557\/revisions"}],"predecessor-version":[{"id":8633,"href":"https:\/\/www.muntdemots.org\/2017\/wp-json\/wp\/v2\/pages\/8557\/revisions\/8633"}],"up":[{"embeddable":true,"href":"https:\/\/www.muntdemots.org\/2017\/wp-json\/wp\/v2\/pages\/4"}],"wp:attachment":[{"href":"https:\/\/www.muntdemots.org\/2017\/wp-json\/wp\/v2\/media?parent=8557"}],"curies":[{"name":"wp","href":"https:\/\/api.w.org\/{rel}","templated":true}]}}