{"id":8555,"date":"2017-09-13T13:29:28","date_gmt":"2017-09-13T13:29:28","guid":{"rendered":"http:\/\/www.muntdemots.org\/2017\/?page_id=8555"},"modified":"2017-09-14T13:41:00","modified_gmt":"2017-09-14T13:41:00","slug":"roger-coromines","status":"publish","type":"page","link":"https:\/\/www.muntdemots.org\/2017\/participants\/roger-coromines\/","title":{"rendered":"Roger Coromines"},"content":{"rendered":"<p>Em formo amb el professor Rub\u00e9n Mart\u00ednez Santana <strong><img decoding=\"async\" loading=\"lazy\" class=\"alignright size-medium wp-image-8657\" src=\"http:\/\/www.muntdemots.org\/2017\/wp-content\/uploads\/2017\/09\/BUFAMOTS-300x283.jpg\" alt=\"\" width=\"300\" height=\"283\" srcset=\"https:\/\/www.muntdemots.org\/2017\/wp-content\/uploads\/2017\/09\/BUFAMOTS-300x283.jpg 300w, https:\/\/www.muntdemots.org\/2017\/wp-content\/uploads\/2017\/09\/BUFAMOTS-768x725.jpg 768w, https:\/\/www.muntdemots.org\/2017\/wp-content\/uploads\/2017\/09\/BUFAMOTS.jpg 814w\" sizes=\"(max-width: 300px) 100vw, 300px\" \/><\/strong>a partir de la tardor de l&#8217;any 2007. No \u00e9s fins al gener del 2009, per\u00f2, que comen\u00e7o a treballar com a narrador professional. L\u2019actuaci\u00f3 a la biblioteca Marian Colom\u00e9 de Gav\u00e0 em va obrir la porta a moltes altres biblioteques, on he actuat al llarg dels darrers vuit anys, des de Tarragona fins al Port de la Selva, des de Barcelona fins a Olot, entre altres llocs. La carrera, per\u00f2, tamb\u00e9 m&#8217;ha fet trepitjar escoles, centres c\u00edvics, bars, festes majors, parcs naturals, cases rurals i, fins i tot, algun festival. El conte, doncs, continua!<\/p>\n<p>&nbsp;<\/p>\n<p><strong>DIMECRES 17<\/strong><\/p>\n<p>&nbsp;<\/p>\n<p><strong>CINC CONTINENTS DINS DELS GUANTS<\/strong><\/p>\n<p><strong>Bufamots (Catalunya)<\/strong><\/p>\n<p>Una sessi\u00f3 que ensenya hist\u00f2ries i rondalles d\u2019aqu\u00ed i d\u2019all\u00e0, del Nord i del Sud, de l\u2019Est i de l\u2019Oest. Del cel, de la terra, del mar i de les muntanyes. Parlarem d\u2019animals, d\u2019homes bons, de dimoniets fant\u00e0stics\u2026<\/p>\n<p><strong>Infantil +4 \/ Catal\u00e0<\/strong><br \/>\n<strong>Hora: 18.00 h<\/strong><br \/>\n<strong>BIBLIOTECA SANT MART\u00cd DE PROVEN\u00c7ALS<\/strong><br \/>\n<strong>Activitat gratu\u00efta<\/strong><\/p>\n","protected":false},"excerpt":{"rendered":"<p>Em formo amb el professor Rub\u00e9n Mart\u00ednez Santana a partir de la tardor de l&#8217;any 2007. No \u00e9s fins al gener del 2009, per\u00f2, que comen\u00e7o a treballar com a narrador professional. L\u2019actuaci\u00f3 a la biblioteca Marian Colom\u00e9 de Gav\u00e0 em va obrir la porta a moltes altres biblioteques, on he actuat al llarg dels [&hellip;]<\/p>\n","protected":false},"author":1,"featured_media":0,"parent":4,"menu_order":0,"comment_status":"closed","ping_status":"closed","template":"","meta":{"_mi_skip_tracking":false},"yoast_head":"<!-- This site is optimized with the Yoast SEO plugin v20.5 - https:\/\/yoast.com\/wordpress\/plugins\/seo\/ -->\n<title>Roger Coromines - Munt de Mots<\/title>\n<meta name=\"robots\" content=\"index, follow, max-snippet:-1, max-image-preview:large, max-video-preview:-1\" \/>\n<link rel=\"canonical\" href=\"https:\/\/www.muntdemots.org\/2017\/participants\/roger-coromines\/\" \/>\n<meta property=\"og:locale\" content=\"ca_ES\" \/>\n<meta property=\"og:type\" content=\"article\" \/>\n<meta property=\"og:title\" content=\"Roger Coromines - Munt de Mots\" \/>\n<meta property=\"og:description\" content=\"Em formo amb el professor Rub\u00e9n Mart\u00ednez Santana a partir de la tardor de l&#8217;any 2007. No \u00e9s fins al gener del 2009, per\u00f2, que comen\u00e7o a treballar com a narrador professional. L\u2019actuaci\u00f3 a la biblioteca Marian Colom\u00e9 de Gav\u00e0 em va obrir la porta a moltes altres biblioteques, on he actuat al llarg dels [&hellip;]\" \/>\n<meta property=\"og:url\" content=\"https:\/\/www.muntdemots.org\/2017\/participants\/roger-coromines\/\" \/>\n<meta property=\"og:site_name\" content=\"Munt de Mots\" \/>\n<meta property=\"article:publisher\" content=\"https:\/\/www.facebook.com\/FestivalMuntdeMots\" \/>\n<meta property=\"article:modified_time\" content=\"2017-09-14T13:41:00+00:00\" \/>\n<meta property=\"og:image\" content=\"http:\/\/www.muntdemots.org\/2017\/wp-content\/uploads\/2017\/09\/BUFAMOTS-300x283.jpg\" \/>\n<meta name=\"twitter:card\" content=\"summary_large_image\" \/>\n<meta name=\"twitter:site\" content=\"@muntdemots\" \/>\n<meta name=\"twitter:label1\" content=\"Temps estimat de lectura\" \/>\n\t<meta name=\"twitter:data1\" content=\"1 minut\" \/>\n<script type=\"application\/ld+json\" class=\"yoast-schema-graph\">{\"@context\":\"https:\/\/schema.org\",\"@graph\":[{\"@type\":\"WebPage\",\"@id\":\"https:\/\/www.muntdemots.org\/2017\/participants\/roger-coromines\/\",\"url\":\"https:\/\/www.muntdemots.org\/2017\/participants\/roger-coromines\/\",\"name\":\"Roger Coromines - Munt de Mots\",\"isPartOf\":{\"@id\":\"https:\/\/www.muntdemots.org\/2017\/#website\"},\"datePublished\":\"2017-09-13T13:29:28+00:00\",\"dateModified\":\"2017-09-14T13:41:00+00:00\",\"breadcrumb\":{\"@id\":\"https:\/\/www.muntdemots.org\/2017\/participants\/roger-coromines\/#breadcrumb\"},\"inLanguage\":\"ca\",\"potentialAction\":[{\"@type\":\"ReadAction\",\"target\":[\"https:\/\/www.muntdemots.org\/2017\/participants\/roger-coromines\/\"]}]},{\"@type\":\"BreadcrumbList\",\"@id\":\"https:\/\/www.muntdemots.org\/2017\/participants\/roger-coromines\/#breadcrumb\",\"itemListElement\":[{\"@type\":\"ListItem\",\"position\":1,\"name\":\"Inici\",\"item\":\"https:\/\/www.muntdemots.org\/2017\/\"},{\"@type\":\"ListItem\",\"position\":2,\"name\":\"Participants\",\"item\":\"https:\/\/www.muntdemots.org\/2017\/participants\/\"},{\"@type\":\"ListItem\",\"position\":3,\"name\":\"Roger Coromines\"}]},{\"@type\":\"WebSite\",\"@id\":\"https:\/\/www.muntdemots.org\/2017\/#website\",\"url\":\"https:\/\/www.muntdemots.org\/2017\/\",\"name\":\"Munt de Mots\",\"description\":\"\",\"potentialAction\":[{\"@type\":\"SearchAction\",\"target\":{\"@type\":\"EntryPoint\",\"urlTemplate\":\"https:\/\/www.muntdemots.org\/2017\/?s={search_term_string}\"},\"query-input\":\"required name=search_term_string\"}],\"inLanguage\":\"ca\"}]}<\/script>\n<!-- \/ Yoast SEO plugin. -->","yoast_head_json":{"title":"Roger Coromines - Munt de Mots","robots":{"index":"index","follow":"follow","max-snippet":"max-snippet:-1","max-image-preview":"max-image-preview:large","max-video-preview":"max-video-preview:-1"},"canonical":"https:\/\/www.muntdemots.org\/2017\/participants\/roger-coromines\/","og_locale":"ca_ES","og_type":"article","og_title":"Roger Coromines - Munt de Mots","og_description":"Em formo amb el professor Rub\u00e9n Mart\u00ednez Santana a partir de la tardor de l&#8217;any 2007. No \u00e9s fins al gener del 2009, per\u00f2, que comen\u00e7o a treballar com a narrador professional. L\u2019actuaci\u00f3 a la biblioteca Marian Colom\u00e9 de Gav\u00e0 em va obrir la porta a moltes altres biblioteques, on he actuat al llarg dels [&hellip;]","og_url":"https:\/\/www.muntdemots.org\/2017\/participants\/roger-coromines\/","og_site_name":"Munt de Mots","article_publisher":"https:\/\/www.facebook.com\/FestivalMuntdeMots","article_modified_time":"2017-09-14T13:41:00+00:00","og_image":[{"url":"http:\/\/www.muntdemots.org\/2017\/wp-content\/uploads\/2017\/09\/BUFAMOTS-300x283.jpg"}],"twitter_card":"summary_large_image","twitter_site":"@muntdemots","twitter_misc":{"Temps estimat de lectura":"1 minut"},"schema":{"@context":"https:\/\/schema.org","@graph":[{"@type":"WebPage","@id":"https:\/\/www.muntdemots.org\/2017\/participants\/roger-coromines\/","url":"https:\/\/www.muntdemots.org\/2017\/participants\/roger-coromines\/","name":"Roger Coromines - Munt de Mots","isPartOf":{"@id":"https:\/\/www.muntdemots.org\/2017\/#website"},"datePublished":"2017-09-13T13:29:28+00:00","dateModified":"2017-09-14T13:41:00+00:00","breadcrumb":{"@id":"https:\/\/www.muntdemots.org\/2017\/participants\/roger-coromines\/#breadcrumb"},"inLanguage":"ca","potentialAction":[{"@type":"ReadAction","target":["https:\/\/www.muntdemots.org\/2017\/participants\/roger-coromines\/"]}]},{"@type":"BreadcrumbList","@id":"https:\/\/www.muntdemots.org\/2017\/participants\/roger-coromines\/#breadcrumb","itemListElement":[{"@type":"ListItem","position":1,"name":"Inici","item":"https:\/\/www.muntdemots.org\/2017\/"},{"@type":"ListItem","position":2,"name":"Participants","item":"https:\/\/www.muntdemots.org\/2017\/participants\/"},{"@type":"ListItem","position":3,"name":"Roger Coromines"}]},{"@type":"WebSite","@id":"https:\/\/www.muntdemots.org\/2017\/#website","url":"https:\/\/www.muntdemots.org\/2017\/","name":"Munt de Mots","description":"","potentialAction":[{"@type":"SearchAction","target":{"@type":"EntryPoint","urlTemplate":"https:\/\/www.muntdemots.org\/2017\/?s={search_term_string}"},"query-input":"required name=search_term_string"}],"inLanguage":"ca"}]}},"_links":{"self":[{"href":"https:\/\/www.muntdemots.org\/2017\/wp-json\/wp\/v2\/pages\/8555"}],"collection":[{"href":"https:\/\/www.muntdemots.org\/2017\/wp-json\/wp\/v2\/pages"}],"about":[{"href":"https:\/\/www.muntdemots.org\/2017\/wp-json\/wp\/v2\/types\/page"}],"author":[{"embeddable":true,"href":"https:\/\/www.muntdemots.org\/2017\/wp-json\/wp\/v2\/users\/1"}],"replies":[{"embeddable":true,"href":"https:\/\/www.muntdemots.org\/2017\/wp-json\/wp\/v2\/comments?post=8555"}],"version-history":[{"count":3,"href":"https:\/\/www.muntdemots.org\/2017\/wp-json\/wp\/v2\/pages\/8555\/revisions"}],"predecessor-version":[{"id":8658,"href":"https:\/\/www.muntdemots.org\/2017\/wp-json\/wp\/v2\/pages\/8555\/revisions\/8658"}],"up":[{"embeddable":true,"href":"https:\/\/www.muntdemots.org\/2017\/wp-json\/wp\/v2\/pages\/4"}],"wp:attachment":[{"href":"https:\/\/www.muntdemots.org\/2017\/wp-json\/wp\/v2\/media?parent=8555"}],"curies":[{"name":"wp","href":"https:\/\/api.w.org\/{rel}","templated":true}]}}