{"id":8549,"date":"2017-09-13T13:25:30","date_gmt":"2017-09-13T13:25:30","guid":{"rendered":"http:\/\/www.muntdemots.org\/2017\/?page_id=8549"},"modified":"2017-09-14T13:16:52","modified_gmt":"2017-09-14T13:16:52","slug":"jota-villaza","status":"publish","type":"page","link":"https:\/\/www.muntdemots.org\/2017\/participants\/jota-villaza\/","title":{"rendered":"Jota Villaza"},"content":{"rendered":"<p><img decoding=\"async\" loading=\"lazy\" class=\"alignright wp-image-8643\" src=\"http:\/\/www.muntdemots.org\/2017\/wp-content\/uploads\/2017\/09\/Jota-Villaza-1.jpg\" alt=\"\" width=\"341\" height=\"227\" \/>Jota Villaza representa un t\u00edpic contacontes popular, sota la personificaci\u00f3 de Juan Cuentero, un pagerol r\u00fastec o un traginer astut; recull els contes de la m\u00e9s pura tradici\u00f3 popular Paisa (regi\u00f3 de Col\u00f2mbia), nacional i des de la seva \u00f2ptica, diversos contes de la Literatura Nacional i Universal, a m\u00e9s de les seves creacions.<\/p>\n<p>Mestre d\u2019escola, actor i director de teatre, dramaturg i poeta, durant m\u00e9s de vint anys; els \u00faltims deu anys els ha dedicat especialment a la investigaci\u00f3, transcripci\u00f3, creaci\u00f3 i narraci\u00f3 de contes folkl\u00f2rics. Soci fundador i director des de 1998 de la Corporaci\u00f3 Cultural VIVAPALABRA i de l\u2019Escuela de Cuenter\u00eda y Oralidad de Medell\u00edn (Col\u00f2mbia).<\/p>\n<p>&nbsp;<\/p>\n<p><strong>DIMECRES 18<\/strong><\/p>\n<p>&nbsp;<\/p>\n<p><strong>\u201cDESAGERAO QUE\u2019S UNO\u201d<\/strong><\/p>\n<p><strong>Jota Villaza (Colombia)<\/strong><\/p>\n<p>\u00abNues quiuno sia desagerao, sino que\u2019l mundo es muy chiquito\u00bb. Perqu\u00e8 les coses que s\u2019expliquen hi ha qui les considera exageracions i alguns fins i tot les titllen de mentides, per\u00f2 \u00e9s que el que narrem aqu\u00ed \u00e9s la pura veritat. I si no em creieu, pregunteu-m\u2019ho a mi.<\/p>\n<p><strong>Adults \/ Castell\u00e0<\/strong><br \/>\n<strong>Hora: 19.30 h<\/strong><br \/>\n<strong>CENTRE C\u00cdVIC NAVAS<\/strong><br \/>\n<strong>Activitat gratu\u00efta<\/strong><\/p>\n","protected":false},"excerpt":{"rendered":"<p>Jota Villaza representa un t\u00edpic contacontes popular, sota la personificaci\u00f3 de Juan Cuentero, un pagerol r\u00fastec o un traginer astut; recull els contes de la m\u00e9s pura tradici\u00f3 popular Paisa (regi\u00f3 de Col\u00f2mbia), nacional i des de la seva \u00f2ptica, diversos contes de la Literatura Nacional i Universal, a m\u00e9s de les seves creacions. Mestre [&hellip;]<\/p>\n","protected":false},"author":1,"featured_media":0,"parent":4,"menu_order":0,"comment_status":"closed","ping_status":"closed","template":"","meta":{"_mi_skip_tracking":false},"yoast_head":"<!-- This site is optimized with the Yoast SEO plugin v20.5 - https:\/\/yoast.com\/wordpress\/plugins\/seo\/ -->\n<title>Jota Villaza - Munt de Mots<\/title>\n<meta name=\"robots\" content=\"index, follow, max-snippet:-1, max-image-preview:large, max-video-preview:-1\" \/>\n<link rel=\"canonical\" href=\"http:\/\/www.muntdemots.org\/2017\/participants\/jota-villaza\/\" \/>\n<meta property=\"og:locale\" content=\"ca_ES\" \/>\n<meta property=\"og:type\" content=\"article\" \/>\n<meta property=\"og:title\" content=\"Jota Villaza - Munt de Mots\" \/>\n<meta property=\"og:description\" content=\"Jota Villaza representa un t\u00edpic contacontes popular, sota la personificaci\u00f3 de Juan Cuentero, un pagerol r\u00fastec o un traginer astut; recull els contes de la m\u00e9s pura tradici\u00f3 popular Paisa (regi\u00f3 de Col\u00f2mbia), nacional i des de la seva \u00f2ptica, diversos contes de la Literatura Nacional i Universal, a m\u00e9s de les seves creacions. Mestre [&hellip;]\" \/>\n<meta property=\"og:url\" content=\"http:\/\/www.muntdemots.org\/2017\/participants\/jota-villaza\/\" \/>\n<meta property=\"og:site_name\" content=\"Munt de Mots\" \/>\n<meta property=\"article:publisher\" content=\"https:\/\/www.facebook.com\/FestivalMuntdeMots\" \/>\n<meta property=\"article:modified_time\" content=\"2017-09-14T13:16:52+00:00\" \/>\n<meta property=\"og:image\" content=\"http:\/\/www.muntdemots.org\/2017\/wp-content\/uploads\/2017\/09\/Jota-Villaza-1.jpg\" \/>\n<meta name=\"twitter:card\" content=\"summary_large_image\" \/>\n<meta name=\"twitter:site\" content=\"@muntdemots\" \/>\n<meta name=\"twitter:label1\" content=\"Temps estimat de lectura\" \/>\n\t<meta name=\"twitter:data1\" content=\"1 minut\" \/>\n<script type=\"application\/ld+json\" class=\"yoast-schema-graph\">{\"@context\":\"https:\/\/schema.org\",\"@graph\":[{\"@type\":\"WebPage\",\"@id\":\"http:\/\/www.muntdemots.org\/2017\/participants\/jota-villaza\/\",\"url\":\"http:\/\/www.muntdemots.org\/2017\/participants\/jota-villaza\/\",\"name\":\"Jota Villaza - Munt de Mots\",\"isPartOf\":{\"@id\":\"https:\/\/www.muntdemots.org\/2017\/#website\"},\"datePublished\":\"2017-09-13T13:25:30+00:00\",\"dateModified\":\"2017-09-14T13:16:52+00:00\",\"breadcrumb\":{\"@id\":\"http:\/\/www.muntdemots.org\/2017\/participants\/jota-villaza\/#breadcrumb\"},\"inLanguage\":\"ca\",\"potentialAction\":[{\"@type\":\"ReadAction\",\"target\":[\"http:\/\/www.muntdemots.org\/2017\/participants\/jota-villaza\/\"]}]},{\"@type\":\"BreadcrumbList\",\"@id\":\"http:\/\/www.muntdemots.org\/2017\/participants\/jota-villaza\/#breadcrumb\",\"itemListElement\":[{\"@type\":\"ListItem\",\"position\":1,\"name\":\"Inici\",\"item\":\"https:\/\/www.muntdemots.org\/2017\/\"},{\"@type\":\"ListItem\",\"position\":2,\"name\":\"Participants\",\"item\":\"http:\/\/www.muntdemots.org\/2017\/participants\/\"},{\"@type\":\"ListItem\",\"position\":3,\"name\":\"Jota Villaza\"}]},{\"@type\":\"WebSite\",\"@id\":\"https:\/\/www.muntdemots.org\/2017\/#website\",\"url\":\"https:\/\/www.muntdemots.org\/2017\/\",\"name\":\"Munt de Mots\",\"description\":\"\",\"potentialAction\":[{\"@type\":\"SearchAction\",\"target\":{\"@type\":\"EntryPoint\",\"urlTemplate\":\"https:\/\/www.muntdemots.org\/2017\/?s={search_term_string}\"},\"query-input\":\"required name=search_term_string\"}],\"inLanguage\":\"ca\"}]}<\/script>\n<!-- \/ Yoast SEO plugin. -->","yoast_head_json":{"title":"Jota Villaza - Munt de Mots","robots":{"index":"index","follow":"follow","max-snippet":"max-snippet:-1","max-image-preview":"max-image-preview:large","max-video-preview":"max-video-preview:-1"},"canonical":"http:\/\/www.muntdemots.org\/2017\/participants\/jota-villaza\/","og_locale":"ca_ES","og_type":"article","og_title":"Jota Villaza - Munt de Mots","og_description":"Jota Villaza representa un t\u00edpic contacontes popular, sota la personificaci\u00f3 de Juan Cuentero, un pagerol r\u00fastec o un traginer astut; recull els contes de la m\u00e9s pura tradici\u00f3 popular Paisa (regi\u00f3 de Col\u00f2mbia), nacional i des de la seva \u00f2ptica, diversos contes de la Literatura Nacional i Universal, a m\u00e9s de les seves creacions. Mestre [&hellip;]","og_url":"http:\/\/www.muntdemots.org\/2017\/participants\/jota-villaza\/","og_site_name":"Munt de Mots","article_publisher":"https:\/\/www.facebook.com\/FestivalMuntdeMots","article_modified_time":"2017-09-14T13:16:52+00:00","og_image":[{"url":"http:\/\/www.muntdemots.org\/2017\/wp-content\/uploads\/2017\/09\/Jota-Villaza-1.jpg"}],"twitter_card":"summary_large_image","twitter_site":"@muntdemots","twitter_misc":{"Temps estimat de lectura":"1 minut"},"schema":{"@context":"https:\/\/schema.org","@graph":[{"@type":"WebPage","@id":"http:\/\/www.muntdemots.org\/2017\/participants\/jota-villaza\/","url":"http:\/\/www.muntdemots.org\/2017\/participants\/jota-villaza\/","name":"Jota Villaza - Munt de Mots","isPartOf":{"@id":"https:\/\/www.muntdemots.org\/2017\/#website"},"datePublished":"2017-09-13T13:25:30+00:00","dateModified":"2017-09-14T13:16:52+00:00","breadcrumb":{"@id":"http:\/\/www.muntdemots.org\/2017\/participants\/jota-villaza\/#breadcrumb"},"inLanguage":"ca","potentialAction":[{"@type":"ReadAction","target":["http:\/\/www.muntdemots.org\/2017\/participants\/jota-villaza\/"]}]},{"@type":"BreadcrumbList","@id":"http:\/\/www.muntdemots.org\/2017\/participants\/jota-villaza\/#breadcrumb","itemListElement":[{"@type":"ListItem","position":1,"name":"Inici","item":"https:\/\/www.muntdemots.org\/2017\/"},{"@type":"ListItem","position":2,"name":"Participants","item":"http:\/\/www.muntdemots.org\/2017\/participants\/"},{"@type":"ListItem","position":3,"name":"Jota Villaza"}]},{"@type":"WebSite","@id":"https:\/\/www.muntdemots.org\/2017\/#website","url":"https:\/\/www.muntdemots.org\/2017\/","name":"Munt de Mots","description":"","potentialAction":[{"@type":"SearchAction","target":{"@type":"EntryPoint","urlTemplate":"https:\/\/www.muntdemots.org\/2017\/?s={search_term_string}"},"query-input":"required name=search_term_string"}],"inLanguage":"ca"}]}},"_links":{"self":[{"href":"https:\/\/www.muntdemots.org\/2017\/wp-json\/wp\/v2\/pages\/8549"}],"collection":[{"href":"https:\/\/www.muntdemots.org\/2017\/wp-json\/wp\/v2\/pages"}],"about":[{"href":"https:\/\/www.muntdemots.org\/2017\/wp-json\/wp\/v2\/types\/page"}],"author":[{"embeddable":true,"href":"https:\/\/www.muntdemots.org\/2017\/wp-json\/wp\/v2\/users\/1"}],"replies":[{"embeddable":true,"href":"https:\/\/www.muntdemots.org\/2017\/wp-json\/wp\/v2\/comments?post=8549"}],"version-history":[{"count":3,"href":"https:\/\/www.muntdemots.org\/2017\/wp-json\/wp\/v2\/pages\/8549\/revisions"}],"predecessor-version":[{"id":8646,"href":"https:\/\/www.muntdemots.org\/2017\/wp-json\/wp\/v2\/pages\/8549\/revisions\/8646"}],"up":[{"embeddable":true,"href":"https:\/\/www.muntdemots.org\/2017\/wp-json\/wp\/v2\/pages\/4"}],"wp:attachment":[{"href":"https:\/\/www.muntdemots.org\/2017\/wp-json\/wp\/v2\/media?parent=8549"}],"curies":[{"name":"wp","href":"https:\/\/api.w.org\/{rel}","templated":true}]}}