{"id":4,"date":"2012-07-01T16:35:03","date_gmt":"2012-07-01T16:35:03","guid":{"rendered":"http:\/\/www.muntdemots.org\/modelo3\/?page_id=4"},"modified":"2016-09-21T14:17:23","modified_gmt":"2016-09-21T14:17:23","slug":"participants","status":"publish","type":"page","link":"https:\/\/www.muntdemots.org\/2017\/participants\/","title":{"rendered":"Participants"},"content":{"rendered":"<div id=\"participants\">\n<li class=\"page_item page-item-8551\"><a href=\"https:\/\/www.muntdemots.org\/2017\/participants\/aldo-mendez-meneses-cuba-1966\/\">Aldo M\u00e9ndez (Meneses, Cuba 1966)<\/a><\/li>\n<li class=\"page_item page-item-8770\"><a href=\"https:\/\/www.muntdemots.org\/2017\/participants\/alicia-molina-catalunya\/\">Alicia Molina (Catalunya)<\/a><\/li>\n<li class=\"page_item page-item-8553\"><a href=\"https:\/\/www.muntdemots.org\/2017\/participants\/ana-cristina-herreros-ana-griott\/\">Ana Cristina Herreros (Ana Griott)<\/a><\/li>\n<li class=\"page_item page-item-8708\"><a href=\"https:\/\/www.muntdemots.org\/2017\/participants\/cecilia-bellorin\/\">Cecilia Bellor\u00edn<\/a><\/li>\n<li class=\"page_item page-item-8557\"><a href=\"https:\/\/www.muntdemots.org\/2017\/participants\/charo-jaular\/\">Charo Jaular<\/a><\/li>\n<li class=\"page_item page-item-8559\"><a href=\"https:\/\/www.muntdemots.org\/2017\/participants\/fanny-fuguet\/\">Fanny Fuguet<\/a><\/li>\n<li class=\"page_item page-item-8561\"><a href=\"https:\/\/www.muntdemots.org\/2017\/participants\/felicia-fleck\/\">Fel\u00edcia Fleck<\/a><\/li>\n<li class=\"page_item page-item-8563\"><a href=\"https:\/\/www.muntdemots.org\/2017\/participants\/gisela-llimona\/\">Gisela Llimona<\/a><\/li>\n<li class=\"page_item page-item-8549\"><a href=\"https:\/\/www.muntdemots.org\/2017\/participants\/jota-villaza\/\">Jota Villaza<\/a><\/li>\n<li class=\"page_item page-item-8571\"><a href=\"https:\/\/www.muntdemots.org\/2017\/participants\/judith-navarro\/\">Judith Navarro<\/a><\/li>\n<li class=\"page_item page-item-8565\"><a href=\"https:\/\/www.muntdemots.org\/2017\/participants\/maisa-marban\/\">Maisa Marb\u00e1n<\/a><\/li>\n<li class=\"page_item page-item-8773\"><a href=\"https:\/\/www.muntdemots.org\/2017\/participants\/mar-mac-catalunya\/\">Mar &#038; Mac (Catalunya)<\/a><\/li>\n<li class=\"page_item page-item-8662\"><a href=\"https:\/\/www.muntdemots.org\/2017\/participants\/monika-klose-alemanya\/\">Monika Klose (Alemanya)<\/a><\/li>\n<li class=\"page_item page-item-8567\"><a href=\"https:\/\/www.muntdemots.org\/2017\/participants\/noemi-caballer-balust\/\">Noem\u00ed Caballer Balust<\/a><\/li>\n<li class=\"page_item page-item-8555\"><a href=\"https:\/\/www.muntdemots.org\/2017\/participants\/roger-coromines\/\">Roger Coromines<\/a><\/li>\n<li class=\"page_item page-item-8569\"><a href=\"https:\/\/www.muntdemots.org\/2017\/participants\/santi-rovira\/\">Santi Rovira<\/a><\/li>\n<\/div>\n","protected":false},"excerpt":{"rendered":"<p>Aldo M\u00e9ndez (Meneses, Cuba 1966) Alicia Molina (Catalunya) Ana Cristina Herreros (Ana Griott) Cecilia Bellor\u00edn Charo Jaular Fanny Fuguet Fel\u00edcia Fleck Gisela Llimona Jota Villaza Judith Navarro Maisa Marb\u00e1n Mar &#038; Mac (Catalunya) Monika Klose (Alemanya) Noem\u00ed Caballer Balust Roger Coromines Santi Rovira<\/p>\n","protected":false},"author":1,"featured_media":0,"parent":0,"menu_order":0,"comment_status":"open","ping_status":"closed","template":"","meta":{"_mi_skip_tracking":false},"yoast_head":"<!-- This site is optimized with the Yoast SEO plugin v20.5 - https:\/\/yoast.com\/wordpress\/plugins\/seo\/ -->\n<title>Participants - Munt de Mots<\/title>\n<meta name=\"robots\" content=\"index, follow, max-snippet:-1, max-image-preview:large, max-video-preview:-1\" \/>\n<link rel=\"canonical\" href=\"https:\/\/www.muntdemots.org\/2017\/participants\/\" \/>\n<meta property=\"og:locale\" content=\"ca_ES\" \/>\n<meta property=\"og:type\" content=\"article\" \/>\n<meta property=\"og:title\" content=\"Participants - Munt de Mots\" \/>\n<meta property=\"og:description\" content=\"Aldo M\u00e9ndez (Meneses, Cuba 1966) Alicia Molina (Catalunya) Ana Cristina Herreros (Ana Griott) Cecilia Bellor\u00edn Charo Jaular Fanny Fuguet Fel\u00edcia Fleck Gisela Llimona Jota Villaza Judith Navarro Maisa Marb\u00e1n Mar &#038; Mac (Catalunya) Monika Klose (Alemanya) Noem\u00ed Caballer Balust Roger Coromines Santi Rovira\" \/>\n<meta property=\"og:url\" content=\"https:\/\/www.muntdemots.org\/2017\/participants\/\" \/>\n<meta property=\"og:site_name\" content=\"Munt de Mots\" \/>\n<meta property=\"article:publisher\" content=\"https:\/\/www.facebook.com\/FestivalMuntdeMots\" \/>\n<meta property=\"article:modified_time\" content=\"2016-09-21T14:17:23+00:00\" \/>\n<meta name=\"twitter:card\" content=\"summary_large_image\" \/>\n<meta name=\"twitter:site\" content=\"@muntdemots\" \/>\n<script type=\"application\/ld+json\" class=\"yoast-schema-graph\">{\"@context\":\"https:\/\/schema.org\",\"@graph\":[{\"@type\":\"WebPage\",\"@id\":\"https:\/\/www.muntdemots.org\/2017\/participants\/\",\"url\":\"https:\/\/www.muntdemots.org\/2017\/participants\/\",\"name\":\"Participants - Munt de Mots\",\"isPartOf\":{\"@id\":\"https:\/\/www.muntdemots.org\/2017\/#website\"},\"datePublished\":\"2012-07-01T16:35:03+00:00\",\"dateModified\":\"2016-09-21T14:17:23+00:00\",\"breadcrumb\":{\"@id\":\"https:\/\/www.muntdemots.org\/2017\/participants\/#breadcrumb\"},\"inLanguage\":\"ca\",\"potentialAction\":[{\"@type\":\"ReadAction\",\"target\":[\"https:\/\/www.muntdemots.org\/2017\/participants\/\"]}]},{\"@type\":\"BreadcrumbList\",\"@id\":\"https:\/\/www.muntdemots.org\/2017\/participants\/#breadcrumb\",\"itemListElement\":[{\"@type\":\"ListItem\",\"position\":1,\"name\":\"Inici\",\"item\":\"https:\/\/www.muntdemots.org\/2017\/\"},{\"@type\":\"ListItem\",\"position\":2,\"name\":\"Participants\"}]},{\"@type\":\"WebSite\",\"@id\":\"https:\/\/www.muntdemots.org\/2017\/#website\",\"url\":\"https:\/\/www.muntdemots.org\/2017\/\",\"name\":\"Munt de Mots\",\"description\":\"\",\"potentialAction\":[{\"@type\":\"SearchAction\",\"target\":{\"@type\":\"EntryPoint\",\"urlTemplate\":\"https:\/\/www.muntdemots.org\/2017\/?s={search_term_string}\"},\"query-input\":\"required name=search_term_string\"}],\"inLanguage\":\"ca\"}]}<\/script>\n<!-- \/ Yoast SEO plugin. -->","yoast_head_json":{"title":"Participants - Munt de Mots","robots":{"index":"index","follow":"follow","max-snippet":"max-snippet:-1","max-image-preview":"max-image-preview:large","max-video-preview":"max-video-preview:-1"},"canonical":"https:\/\/www.muntdemots.org\/2017\/participants\/","og_locale":"ca_ES","og_type":"article","og_title":"Participants - Munt de Mots","og_description":"Aldo M\u00e9ndez (Meneses, Cuba 1966) Alicia Molina (Catalunya) Ana Cristina Herreros (Ana Griott) Cecilia Bellor\u00edn Charo Jaular Fanny Fuguet Fel\u00edcia Fleck Gisela Llimona Jota Villaza Judith Navarro Maisa Marb\u00e1n Mar &#038; Mac (Catalunya) Monika Klose (Alemanya) Noem\u00ed Caballer Balust Roger Coromines Santi Rovira","og_url":"https:\/\/www.muntdemots.org\/2017\/participants\/","og_site_name":"Munt de Mots","article_publisher":"https:\/\/www.facebook.com\/FestivalMuntdeMots","article_modified_time":"2016-09-21T14:17:23+00:00","twitter_card":"summary_large_image","twitter_site":"@muntdemots","schema":{"@context":"https:\/\/schema.org","@graph":[{"@type":"WebPage","@id":"https:\/\/www.muntdemots.org\/2017\/participants\/","url":"https:\/\/www.muntdemots.org\/2017\/participants\/","name":"Participants - Munt de Mots","isPartOf":{"@id":"https:\/\/www.muntdemots.org\/2017\/#website"},"datePublished":"2012-07-01T16:35:03+00:00","dateModified":"2016-09-21T14:17:23+00:00","breadcrumb":{"@id":"https:\/\/www.muntdemots.org\/2017\/participants\/#breadcrumb"},"inLanguage":"ca","potentialAction":[{"@type":"ReadAction","target":["https:\/\/www.muntdemots.org\/2017\/participants\/"]}]},{"@type":"BreadcrumbList","@id":"https:\/\/www.muntdemots.org\/2017\/participants\/#breadcrumb","itemListElement":[{"@type":"ListItem","position":1,"name":"Inici","item":"https:\/\/www.muntdemots.org\/2017\/"},{"@type":"ListItem","position":2,"name":"Participants"}]},{"@type":"WebSite","@id":"https:\/\/www.muntdemots.org\/2017\/#website","url":"https:\/\/www.muntdemots.org\/2017\/","name":"Munt de Mots","description":"","potentialAction":[{"@type":"SearchAction","target":{"@type":"EntryPoint","urlTemplate":"https:\/\/www.muntdemots.org\/2017\/?s={search_term_string}"},"query-input":"required name=search_term_string"}],"inLanguage":"ca"}]}},"_links":{"self":[{"href":"https:\/\/www.muntdemots.org\/2017\/wp-json\/wp\/v2\/pages\/4"}],"collection":[{"href":"https:\/\/www.muntdemots.org\/2017\/wp-json\/wp\/v2\/pages"}],"about":[{"href":"https:\/\/www.muntdemots.org\/2017\/wp-json\/wp\/v2\/types\/page"}],"author":[{"embeddable":true,"href":"https:\/\/www.muntdemots.org\/2017\/wp-json\/wp\/v2\/users\/1"}],"replies":[{"embeddable":true,"href":"https:\/\/www.muntdemots.org\/2017\/wp-json\/wp\/v2\/comments?post=4"}],"version-history":[{"count":173,"href":"https:\/\/www.muntdemots.org\/2017\/wp-json\/wp\/v2\/pages\/4\/revisions"}],"predecessor-version":[{"id":8491,"href":"https:\/\/www.muntdemots.org\/2017\/wp-json\/wp\/v2\/pages\/4\/revisions\/8491"}],"wp:attachment":[{"href":"https:\/\/www.muntdemots.org\/2017\/wp-json\/wp\/v2\/media?parent=4"}],"curies":[{"name":"wp","href":"https:\/\/api.w.org\/{rel}","templated":true}]}}