{"id":8486,"date":"2016-09-21T10:41:24","date_gmt":"2016-09-21T10:41:24","guid":{"rendered":"http:\/\/www.muntdemots.org\/2016\/?page_id=8486"},"modified":"2016-09-21T10:41:24","modified_gmt":"2016-09-21T10:41:24","slug":"avis-legal","status":"publish","type":"page","link":"https:\/\/www.muntdemots.org\/2016\/avis-legal\/","title":{"rendered":"AV\u00cdS LEGAL"},"content":{"rendered":"<p>L&#8217;ASSOCIACI\u00d3 MUNT DE PARAULES (d&#8217;ara endavant l&#8217;ASSOCIACI\u00d3), entitat sense \u00e0nim lucratiu organitzadora del Festival de Narraci\u00f3 Oral de Barcelona, Munt de Mots, \u00e9s la titular del present lloc web.<\/p>\n<p><strong>Protecci\u00f3 de dades de car\u00e0cter personal<\/strong><\/p>\n<p>En compliment dels preceptes de la Ley Org\u00e1nica 15\/1999 de Protecci\u00f3n de Datos de Car\u00e1cter Personal, l&#8217;ASSOCIACI\u00d3 informa als usuaris d&#8217;aquest lloc web del seg\u00fcent:<\/p>\n<ul>\n<li>Les dades de car\u00e0cter personal que rep l&#8217;ASSOCIACI\u00d3 a trav\u00e9s del web s\u00f3n tractades amb la m\u00e0xima confidencialitat i seguretat, sent incorporades a un fitxer de dades degudament declarat davant l&#8217; Agencia Espa\u00f1ola de Protecci\u00f3n de Datos. La informaci\u00f3 rebuda \u00e9s utilitzada exclusivament per l&#8217;ASSOCIACI\u00d3 per a prop\u00f2sits inherents a all\u00f2 sol\u00b7licitat per l&#8217;usuari i no ser\u00e0 comunicada a tercers, a no ser que l&#8217; ASSOCIACI\u00d3 estigui obligada, per tractar-se d&#8217;informaci\u00f3 p\u00fablica.<br \/>\nAix\u00ed mateix, les dades de car\u00e0cter personal de l&#8217;usuari podran \u00e8sser utilitzades per a<br \/>\nenviar-li informaci\u00f3 per qualsevol mitj\u00e0, incl\u00f2s el correu electr\u00f2nic i\/o mitj\u00e0 equivalent,<br \/>\nsobre novetats que l&#8217; ASSOCIACI\u00d3 consideri del seu inter\u00e8s, i sempre relacionades amb<br \/>\nl&#8217;activitat de l&#8217;ASSOCIACI\u00d3. L&#8217;usuari presta el seu consentiment expr\u00e9s a l&#8217;enviament de<br \/>\nla informaci\u00f3 assenyalada per aquells medis.<\/li>\n<li>L&#8217;usuari podr\u00e0 revocar en qualsevol moment, sense efectes retroactius, el consentiment atorgat, aix\u00ed com exercitar els drets d&#8217;acc\u00e9s, rectificaci\u00f3, cancel\u00b7laci\u00f3 i oposici\u00f3 dirigint-se a tals efectes a l&#8217;adre\u00e7a de correu electr\u00f2nic de l&#8217; ASSOCIACI\u00d3:<br \/>\ninfo@muntdemots.org<\/li>\n<li>Si l&#8217;usuari \u00e9s menor d&#8217;edat, \u00e9s necessari que compti amb el previ consentiment dels seus progenitor\/s o, en el seu cas, del\/s seu\/s representant\/s legal\/s, abans de facilitar les seves dades personals a aquest lloc web.<\/li>\n<\/ul>\n<p><strong>Limitaci\u00f3 de responsabilitat<\/strong><\/p>\n<p>L&#8217;ASSOCIACI\u00d3 no garantitza que virus inform\u00e0tics o altres elements perjudicials puguin causar danys o alteracions al sistema inform\u00e0tic de l&#8217;usuari, els seus fitxers o documents electr\u00f2nics, per l&#8217;\u00fas del servei de consulta on-line. En conseq\u00fc\u00e8ncia l&#8217;ASSOCIACI\u00d3 no respon pels danys i perjudicis que tals adversitats podrien ocasionar a l&#8217;usuari o a tercers.<\/p>\n<p><strong>Drets de propietat intel\u00b7lectual i industrial<\/strong><\/p>\n<p>Tot el contingut del present lloc web (textos, imatges, fitxers, logotips, combinacions de colors, la seva estructura i disseny, i els seus codis font), est\u00e0 protegit pels corresponents drets de propietat intel\u00b7lectual i industrial, titularitat de l&#8217;ASSOCIACI\u00d3 o, en el seu cas, dels seus autors respectius, i l&#8217;usuari del web t\u00e9 l&#8217;obligaci\u00f3 legal de respectar-los.<\/p>\n<p><strong>Informaci\u00f3 general<\/strong><\/p>\n<p>L&#8217;ASSOCIACI\u00d3 \u00e9s una entitat sense \u00e0nim de lucre, l&#8217;objectiu principal de la qual \u00e9s organitzar el Festival de Narraci\u00f3 Oral de Barcelona, Munt de Mots. L&#8217;ASSOCIACI\u00d3, amb CIF G-65506636 i domicili al carrer de la Riera 59 de Cardedeu, consta inscrita a la Secci\u00f3 1a del Registre d&#8217;Associacions de la Generalitat de Catalunya amb el 43121.<br \/>\nA efectes informatius l&#8217;usuari pot contactar amb l&#8217;ASSOCIACI\u00d3 a trav\u00e9s de l&#8217;adre\u00e7a electr\u00f2nica:<br \/>\ninfo@muntdemots.org<\/p>\n","protected":false},"excerpt":{"rendered":"<p>L&#8217;ASSOCIACI\u00d3 MUNT DE PARAULES (d&#8217;ara endavant l&#8217;ASSOCIACI\u00d3), entitat sense \u00e0nim lucratiu organitzadora del Festival de Narraci\u00f3 Oral de Barcelona, Munt de Mots, \u00e9s la titular del present lloc web. Protecci\u00f3 de dades de car\u00e0cter personal En compliment dels preceptes de la Ley Org\u00e1nica 15\/1999 de Protecci\u00f3n de Datos de Car\u00e1cter Personal, l&#8217;ASSOCIACI\u00d3 informa als usuaris [&hellip;]<\/p>\n","protected":false},"author":1,"featured_media":0,"parent":0,"menu_order":0,"comment_status":"closed","ping_status":"closed","template":"","meta":{"_mi_skip_tracking":false},"yoast_head":"<!-- This site is optimized with the Yoast SEO plugin v20.5 - https:\/\/yoast.com\/wordpress\/plugins\/seo\/ -->\n<title>AV\u00cdS LEGAL - Munt de Mots<\/title>\n<meta name=\"robots\" content=\"index, follow, max-snippet:-1, max-image-preview:large, max-video-preview:-1\" \/>\n<link rel=\"canonical\" href=\"https:\/\/www.muntdemots.org\/2016\/avis-legal\/\" \/>\n<meta property=\"og:locale\" content=\"ca_ES\" \/>\n<meta property=\"og:type\" content=\"article\" \/>\n<meta property=\"og:title\" content=\"AV\u00cdS LEGAL - Munt de Mots\" \/>\n<meta property=\"og:description\" content=\"L&#8217;ASSOCIACI\u00d3 MUNT DE PARAULES (d&#8217;ara endavant l&#8217;ASSOCIACI\u00d3), entitat sense \u00e0nim lucratiu organitzadora del Festival de Narraci\u00f3 Oral de Barcelona, Munt de Mots, \u00e9s la titular del present lloc web. Protecci\u00f3 de dades de car\u00e0cter personal En compliment dels preceptes de la Ley Org\u00e1nica 15\/1999 de Protecci\u00f3n de Datos de Car\u00e1cter Personal, l&#8217;ASSOCIACI\u00d3 informa als usuaris [&hellip;]\" \/>\n<meta property=\"og:url\" content=\"https:\/\/www.muntdemots.org\/2016\/avis-legal\/\" \/>\n<meta property=\"og:site_name\" content=\"Munt de Mots\" \/>\n<meta property=\"article:publisher\" content=\"https:\/\/www.facebook.com\/FestivalMuntdeMots\" \/>\n<meta name=\"twitter:card\" content=\"summary_large_image\" \/>\n<meta name=\"twitter:site\" content=\"@muntdemots\" \/>\n<meta name=\"twitter:label1\" content=\"Temps estimat de lectura\" \/>\n\t<meta name=\"twitter:data1\" content=\"2 minuts\" \/>\n<script type=\"application\/ld+json\" class=\"yoast-schema-graph\">{\"@context\":\"https:\/\/schema.org\",\"@graph\":[{\"@type\":\"WebPage\",\"@id\":\"https:\/\/www.muntdemots.org\/2016\/avis-legal\/\",\"url\":\"https:\/\/www.muntdemots.org\/2016\/avis-legal\/\",\"name\":\"AV\u00cdS LEGAL - Munt de Mots\",\"isPartOf\":{\"@id\":\"http:\/\/www.muntdemots.org\/2016\/#website\"},\"datePublished\":\"2016-09-21T10:41:24+00:00\",\"dateModified\":\"2016-09-21T10:41:24+00:00\",\"breadcrumb\":{\"@id\":\"https:\/\/www.muntdemots.org\/2016\/avis-legal\/#breadcrumb\"},\"inLanguage\":\"ca\",\"potentialAction\":[{\"@type\":\"ReadAction\",\"target\":[\"https:\/\/www.muntdemots.org\/2016\/avis-legal\/\"]}]},{\"@type\":\"BreadcrumbList\",\"@id\":\"https:\/\/www.muntdemots.org\/2016\/avis-legal\/#breadcrumb\",\"itemListElement\":[{\"@type\":\"ListItem\",\"position\":1,\"name\":\"Inici\",\"item\":\"http:\/\/www.muntdemots.org\/2016\/\"},{\"@type\":\"ListItem\",\"position\":2,\"name\":\"AV\u00cdS LEGAL\"}]},{\"@type\":\"WebSite\",\"@id\":\"http:\/\/www.muntdemots.org\/2016\/#website\",\"url\":\"http:\/\/www.muntdemots.org\/2016\/\",\"name\":\"Munt de Mots\",\"description\":\"\",\"potentialAction\":[{\"@type\":\"SearchAction\",\"target\":{\"@type\":\"EntryPoint\",\"urlTemplate\":\"http:\/\/www.muntdemots.org\/2016\/?s={search_term_string}\"},\"query-input\":\"required name=search_term_string\"}],\"inLanguage\":\"ca\"}]}<\/script>\n<!-- \/ Yoast SEO plugin. -->","yoast_head_json":{"title":"AV\u00cdS LEGAL - Munt de Mots","robots":{"index":"index","follow":"follow","max-snippet":"max-snippet:-1","max-image-preview":"max-image-preview:large","max-video-preview":"max-video-preview:-1"},"canonical":"https:\/\/www.muntdemots.org\/2016\/avis-legal\/","og_locale":"ca_ES","og_type":"article","og_title":"AV\u00cdS LEGAL - Munt de Mots","og_description":"L&#8217;ASSOCIACI\u00d3 MUNT DE PARAULES (d&#8217;ara endavant l&#8217;ASSOCIACI\u00d3), entitat sense \u00e0nim lucratiu organitzadora del Festival de Narraci\u00f3 Oral de Barcelona, Munt de Mots, \u00e9s la titular del present lloc web. Protecci\u00f3 de dades de car\u00e0cter personal En compliment dels preceptes de la Ley Org\u00e1nica 15\/1999 de Protecci\u00f3n de Datos de Car\u00e1cter Personal, l&#8217;ASSOCIACI\u00d3 informa als usuaris [&hellip;]","og_url":"https:\/\/www.muntdemots.org\/2016\/avis-legal\/","og_site_name":"Munt de Mots","article_publisher":"https:\/\/www.facebook.com\/FestivalMuntdeMots","twitter_card":"summary_large_image","twitter_site":"@muntdemots","twitter_misc":{"Temps estimat de lectura":"2 minuts"},"schema":{"@context":"https:\/\/schema.org","@graph":[{"@type":"WebPage","@id":"https:\/\/www.muntdemots.org\/2016\/avis-legal\/","url":"https:\/\/www.muntdemots.org\/2016\/avis-legal\/","name":"AV\u00cdS LEGAL - Munt de Mots","isPartOf":{"@id":"http:\/\/www.muntdemots.org\/2016\/#website"},"datePublished":"2016-09-21T10:41:24+00:00","dateModified":"2016-09-21T10:41:24+00:00","breadcrumb":{"@id":"https:\/\/www.muntdemots.org\/2016\/avis-legal\/#breadcrumb"},"inLanguage":"ca","potentialAction":[{"@type":"ReadAction","target":["https:\/\/www.muntdemots.org\/2016\/avis-legal\/"]}]},{"@type":"BreadcrumbList","@id":"https:\/\/www.muntdemots.org\/2016\/avis-legal\/#breadcrumb","itemListElement":[{"@type":"ListItem","position":1,"name":"Inici","item":"http:\/\/www.muntdemots.org\/2016\/"},{"@type":"ListItem","position":2,"name":"AV\u00cdS LEGAL"}]},{"@type":"WebSite","@id":"http:\/\/www.muntdemots.org\/2016\/#website","url":"http:\/\/www.muntdemots.org\/2016\/","name":"Munt de Mots","description":"","potentialAction":[{"@type":"SearchAction","target":{"@type":"EntryPoint","urlTemplate":"http:\/\/www.muntdemots.org\/2016\/?s={search_term_string}"},"query-input":"required name=search_term_string"}],"inLanguage":"ca"}]}},"_links":{"self":[{"href":"https:\/\/www.muntdemots.org\/2016\/wp-json\/wp\/v2\/pages\/8486"}],"collection":[{"href":"https:\/\/www.muntdemots.org\/2016\/wp-json\/wp\/v2\/pages"}],"about":[{"href":"https:\/\/www.muntdemots.org\/2016\/wp-json\/wp\/v2\/types\/page"}],"author":[{"embeddable":true,"href":"https:\/\/www.muntdemots.org\/2016\/wp-json\/wp\/v2\/users\/1"}],"replies":[{"embeddable":true,"href":"https:\/\/www.muntdemots.org\/2016\/wp-json\/wp\/v2\/comments?post=8486"}],"version-history":[{"count":2,"href":"https:\/\/www.muntdemots.org\/2016\/wp-json\/wp\/v2\/pages\/8486\/revisions"}],"predecessor-version":[{"id":8488,"href":"https:\/\/www.muntdemots.org\/2016\/wp-json\/wp\/v2\/pages\/8486\/revisions\/8488"}],"wp:attachment":[{"href":"https:\/\/www.muntdemots.org\/2016\/wp-json\/wp\/v2\/media?parent=8486"}],"curies":[{"name":"wp","href":"https:\/\/api.w.org\/{rel}","templated":true}]}}