{"id":8369,"date":"2016-09-09T13:52:53","date_gmt":"2016-09-09T13:52:53","guid":{"rendered":"http:\/\/www.muntdemots.org\/2016\/?page_id=8369"},"modified":"2016-09-09T13:52:53","modified_gmt":"2016-09-09T13:52:53","slug":"alekos-colombia","status":"publish","type":"page","link":"https:\/\/www.muntdemots.org\/2016\/participants\/alekos-colombia\/","title":{"rendered":"Alekos (Col\u00f2mbia)"},"content":{"rendered":"<p><img decoding=\"async\" loading=\"lazy\" class=\"alignright size-medium wp-image-8283\" src=\"http:\/\/www.muntdemots.org\/2016\/wp-content\/uploads\/2016\/09\/1-copia-300x251.png\" alt=\"1-copia\" width=\"300\" height=\"251\" srcset=\"https:\/\/www.muntdemots.org\/2016\/wp-content\/uploads\/2016\/09\/1-copia-300x251.png 300w, https:\/\/www.muntdemots.org\/2016\/wp-content\/uploads\/2016\/09\/1-copia-768x644.png 768w, https:\/\/www.muntdemots.org\/2016\/wp-content\/uploads\/2016\/09\/1-copia.png 940w\" sizes=\"(max-width: 300px) 100vw, 300px\" \/>Nascut a Col\u00f2mbia, \u00e9s una gal\u00e0xia dins el cos d\u2019un home, un geni sota un barret somrient, un follet despistat escapat d\u2019alguna hist\u00f2ria fant\u00e0stica o una llarga llista d\u2019atributs com: titellaire, actor, humorista gr\u00e0fic, pallasso de festa, muralista, m\u00fasic, escen\u00f2graf, fot\u00f2graf, improvisador de versos i bastant poeta, pintor, cantant, guionista&#8230; i entre tantes coses que l\u2019oblit ha esborrat, tamb\u00e9 \u00e9s contador d\u2019hist\u00f2ries.<\/p>\n<p>&nbsp;<\/p>\n<p><strong><u>DISSABTE 22<\/u><\/strong><\/p>\n<p><strong>\u00a0<\/strong><\/p>\n<p><strong>COSAS QUE TE CUENTAN <\/strong><\/p>\n<p><strong>Alekos (Col\u00f2mbia) <\/strong><\/p>\n<p>Vols saber una cosa? No et contar\u00e9 res. \u00c9s la cosa la que et contar\u00e0. Les coses ho conten tot. Vine a sentir-les contar amb tu i amb mi.<\/p>\n<p><strong>Familiar \/ Castell\u00e0<\/strong><br \/>\n<strong>Hora: 17.00 h<\/strong><br \/>\n<strong>CENTRE C\u00cdVIC URGELL <\/strong><\/p>\n<p><strong>Entrada: 3,50 \u20ac <\/strong><\/p>\n","protected":false},"excerpt":{"rendered":"<p>Nascut a Col\u00f2mbia, \u00e9s una gal\u00e0xia dins el cos d\u2019un home, un geni sota un barret somrient, un follet despistat escapat d\u2019alguna hist\u00f2ria fant\u00e0stica o una llarga llista d\u2019atributs com: titellaire, actor, humorista gr\u00e0fic, pallasso de festa, muralista, m\u00fasic, escen\u00f2graf, fot\u00f2graf, improvisador de versos i bastant poeta, pintor, cantant, guionista&#8230; i entre tantes coses que [&hellip;]<\/p>\n","protected":false},"author":1,"featured_media":0,"parent":4,"menu_order":0,"comment_status":"closed","ping_status":"closed","template":"","meta":{"_mi_skip_tracking":false},"yoast_head":"<!-- This site is optimized with the Yoast SEO plugin v20.5 - https:\/\/yoast.com\/wordpress\/plugins\/seo\/ -->\n<title>Alekos (Col\u00f2mbia) - Munt de Mots<\/title>\n<meta name=\"robots\" content=\"index, follow, max-snippet:-1, max-image-preview:large, max-video-preview:-1\" \/>\n<link rel=\"canonical\" href=\"https:\/\/www.muntdemots.org\/2016\/participants\/alekos-colombia\/\" \/>\n<meta property=\"og:locale\" content=\"ca_ES\" \/>\n<meta property=\"og:type\" content=\"article\" \/>\n<meta property=\"og:title\" content=\"Alekos (Col\u00f2mbia) - Munt de Mots\" \/>\n<meta property=\"og:description\" content=\"Nascut a Col\u00f2mbia, \u00e9s una gal\u00e0xia dins el cos d\u2019un home, un geni sota un barret somrient, un follet despistat escapat d\u2019alguna hist\u00f2ria fant\u00e0stica o una llarga llista d\u2019atributs com: titellaire, actor, humorista gr\u00e0fic, pallasso de festa, muralista, m\u00fasic, escen\u00f2graf, fot\u00f2graf, improvisador de versos i bastant poeta, pintor, cantant, guionista&#8230; i entre tantes coses que [&hellip;]\" \/>\n<meta property=\"og:url\" content=\"https:\/\/www.muntdemots.org\/2016\/participants\/alekos-colombia\/\" \/>\n<meta property=\"og:site_name\" content=\"Munt de Mots\" \/>\n<meta property=\"article:publisher\" content=\"https:\/\/www.facebook.com\/FestivalMuntdeMots\" \/>\n<meta property=\"og:image\" content=\"http:\/\/www.muntdemots.org\/2016\/wp-content\/uploads\/2016\/09\/1-copia-300x251.png\" \/>\n<meta name=\"twitter:card\" content=\"summary_large_image\" \/>\n<meta name=\"twitter:site\" content=\"@muntdemots\" \/>\n<meta name=\"twitter:label1\" content=\"Temps estimat de lectura\" \/>\n\t<meta name=\"twitter:data1\" content=\"1 minut\" \/>\n<script type=\"application\/ld+json\" class=\"yoast-schema-graph\">{\"@context\":\"https:\/\/schema.org\",\"@graph\":[{\"@type\":\"WebPage\",\"@id\":\"https:\/\/www.muntdemots.org\/2016\/participants\/alekos-colombia\/\",\"url\":\"https:\/\/www.muntdemots.org\/2016\/participants\/alekos-colombia\/\",\"name\":\"Alekos (Col\u00f2mbia) - Munt de Mots\",\"isPartOf\":{\"@id\":\"http:\/\/www.muntdemots.org\/2016\/#website\"},\"datePublished\":\"2016-09-09T13:52:53+00:00\",\"dateModified\":\"2016-09-09T13:52:53+00:00\",\"breadcrumb\":{\"@id\":\"https:\/\/www.muntdemots.org\/2016\/participants\/alekos-colombia\/#breadcrumb\"},\"inLanguage\":\"ca\",\"potentialAction\":[{\"@type\":\"ReadAction\",\"target\":[\"https:\/\/www.muntdemots.org\/2016\/participants\/alekos-colombia\/\"]}]},{\"@type\":\"BreadcrumbList\",\"@id\":\"https:\/\/www.muntdemots.org\/2016\/participants\/alekos-colombia\/#breadcrumb\",\"itemListElement\":[{\"@type\":\"ListItem\",\"position\":1,\"name\":\"Inici\",\"item\":\"http:\/\/www.muntdemots.org\/2016\/\"},{\"@type\":\"ListItem\",\"position\":2,\"name\":\"Participants\",\"item\":\"http:\/\/www.muntdemots.org\/2016\/participants\/\"},{\"@type\":\"ListItem\",\"position\":3,\"name\":\"Alekos (Col\u00f2mbia)\"}]},{\"@type\":\"WebSite\",\"@id\":\"http:\/\/www.muntdemots.org\/2016\/#website\",\"url\":\"http:\/\/www.muntdemots.org\/2016\/\",\"name\":\"Munt de Mots\",\"description\":\"\",\"potentialAction\":[{\"@type\":\"SearchAction\",\"target\":{\"@type\":\"EntryPoint\",\"urlTemplate\":\"http:\/\/www.muntdemots.org\/2016\/?s={search_term_string}\"},\"query-input\":\"required name=search_term_string\"}],\"inLanguage\":\"ca\"}]}<\/script>\n<!-- \/ Yoast SEO plugin. -->","yoast_head_json":{"title":"Alekos (Col\u00f2mbia) - Munt de Mots","robots":{"index":"index","follow":"follow","max-snippet":"max-snippet:-1","max-image-preview":"max-image-preview:large","max-video-preview":"max-video-preview:-1"},"canonical":"https:\/\/www.muntdemots.org\/2016\/participants\/alekos-colombia\/","og_locale":"ca_ES","og_type":"article","og_title":"Alekos (Col\u00f2mbia) - Munt de Mots","og_description":"Nascut a Col\u00f2mbia, \u00e9s una gal\u00e0xia dins el cos d\u2019un home, un geni sota un barret somrient, un follet despistat escapat d\u2019alguna hist\u00f2ria fant\u00e0stica o una llarga llista d\u2019atributs com: titellaire, actor, humorista gr\u00e0fic, pallasso de festa, muralista, m\u00fasic, escen\u00f2graf, fot\u00f2graf, improvisador de versos i bastant poeta, pintor, cantant, guionista&#8230; i entre tantes coses que [&hellip;]","og_url":"https:\/\/www.muntdemots.org\/2016\/participants\/alekos-colombia\/","og_site_name":"Munt de Mots","article_publisher":"https:\/\/www.facebook.com\/FestivalMuntdeMots","og_image":[{"url":"http:\/\/www.muntdemots.org\/2016\/wp-content\/uploads\/2016\/09\/1-copia-300x251.png"}],"twitter_card":"summary_large_image","twitter_site":"@muntdemots","twitter_misc":{"Temps estimat de lectura":"1 minut"},"schema":{"@context":"https:\/\/schema.org","@graph":[{"@type":"WebPage","@id":"https:\/\/www.muntdemots.org\/2016\/participants\/alekos-colombia\/","url":"https:\/\/www.muntdemots.org\/2016\/participants\/alekos-colombia\/","name":"Alekos (Col\u00f2mbia) - Munt de Mots","isPartOf":{"@id":"http:\/\/www.muntdemots.org\/2016\/#website"},"datePublished":"2016-09-09T13:52:53+00:00","dateModified":"2016-09-09T13:52:53+00:00","breadcrumb":{"@id":"https:\/\/www.muntdemots.org\/2016\/participants\/alekos-colombia\/#breadcrumb"},"inLanguage":"ca","potentialAction":[{"@type":"ReadAction","target":["https:\/\/www.muntdemots.org\/2016\/participants\/alekos-colombia\/"]}]},{"@type":"BreadcrumbList","@id":"https:\/\/www.muntdemots.org\/2016\/participants\/alekos-colombia\/#breadcrumb","itemListElement":[{"@type":"ListItem","position":1,"name":"Inici","item":"http:\/\/www.muntdemots.org\/2016\/"},{"@type":"ListItem","position":2,"name":"Participants","item":"http:\/\/www.muntdemots.org\/2016\/participants\/"},{"@type":"ListItem","position":3,"name":"Alekos (Col\u00f2mbia)"}]},{"@type":"WebSite","@id":"http:\/\/www.muntdemots.org\/2016\/#website","url":"http:\/\/www.muntdemots.org\/2016\/","name":"Munt de Mots","description":"","potentialAction":[{"@type":"SearchAction","target":{"@type":"EntryPoint","urlTemplate":"http:\/\/www.muntdemots.org\/2016\/?s={search_term_string}"},"query-input":"required name=search_term_string"}],"inLanguage":"ca"}]}},"_links":{"self":[{"href":"https:\/\/www.muntdemots.org\/2016\/wp-json\/wp\/v2\/pages\/8369"}],"collection":[{"href":"https:\/\/www.muntdemots.org\/2016\/wp-json\/wp\/v2\/pages"}],"about":[{"href":"https:\/\/www.muntdemots.org\/2016\/wp-json\/wp\/v2\/types\/page"}],"author":[{"embeddable":true,"href":"https:\/\/www.muntdemots.org\/2016\/wp-json\/wp\/v2\/users\/1"}],"replies":[{"embeddable":true,"href":"https:\/\/www.muntdemots.org\/2016\/wp-json\/wp\/v2\/comments?post=8369"}],"version-history":[{"count":1,"href":"https:\/\/www.muntdemots.org\/2016\/wp-json\/wp\/v2\/pages\/8369\/revisions"}],"predecessor-version":[{"id":8370,"href":"https:\/\/www.muntdemots.org\/2016\/wp-json\/wp\/v2\/pages\/8369\/revisions\/8370"}],"up":[{"embeddable":true,"href":"https:\/\/www.muntdemots.org\/2016\/wp-json\/wp\/v2\/pages\/4"}],"wp:attachment":[{"href":"https:\/\/www.muntdemots.org\/2016\/wp-json\/wp\/v2\/media?parent=8369"}],"curies":[{"name":"wp","href":"https:\/\/api.w.org\/{rel}","templated":true}]}}