{"id":8367,"date":"2016-09-09T13:51:34","date_gmt":"2016-09-09T13:51:34","guid":{"rendered":"http:\/\/www.muntdemots.org\/2016\/?page_id=8367"},"modified":"2016-09-09T13:51:34","modified_gmt":"2016-09-09T13:51:34","slug":"virginia-imaz-pais-basc","status":"publish","type":"page","link":"https:\/\/www.muntdemots.org\/2016\/participants\/virginia-imaz-pais-basc\/","title":{"rendered":"Virginia Imaz (Pa\u00eds Basc)"},"content":{"rendered":"<p><img decoding=\"async\" loading=\"lazy\" class=\"alignright size-medium wp-image-8284\" src=\"http:\/\/www.muntdemots.org\/2016\/wp-content\/uploads\/2016\/09\/1-300x251.png\" alt=\"1\" width=\"300\" height=\"251\" srcset=\"https:\/\/www.muntdemots.org\/2016\/wp-content\/uploads\/2016\/09\/1-300x251.png 300w, https:\/\/www.muntdemots.org\/2016\/wp-content\/uploads\/2016\/09\/1-768x644.png 768w, https:\/\/www.muntdemots.org\/2016\/wp-content\/uploads\/2016\/09\/1.png 940w\" sizes=\"(max-width: 300px) 100vw, 300px\" \/>Necessito sentir i contar contes tant com respirar. Conto professionalment des del 1984, hist\u00f2ries que he sentit, que he llegit o que m\u2019he inventat, tot i que totes tenen una cosa en com\u00fa: s\u00f3n hist\u00f2ries que m\u2019han mogut les entranyes, inspirant-me o il\u00b7luminant-me en aquesta aventura de viure. He contat a tot arreu i a persones de totes les edats, naufragis i somnis. Les hist\u00f2ries es van polint pels camins, canvien i em canvien. Sovint em demanen si es pot viure d\u2019explicar contes. Nom\u00e9s s\u00e9 que no puc viure sense ells.<\/p>\n<p>&nbsp;<\/p>\n<p><strong><u>DISSABTE 22<\/u><\/strong><\/p>\n<p><strong>\u00a0<\/strong><\/p>\n<p><strong>DE MIEL Y ESCALOFR\u00cdO (CONTES ER\u00d2TICS) <\/strong><\/p>\n<p><strong>Virginia Imaz (Pa\u00eds Basc) <\/strong><\/p>\n<p>Aix\u00ed, com si estigu\u00e9ssim a la vora de la llar de foc o al voltant de la foguera, encenent els records fins que cremin totes les pors i ens abrasin tots els desitjos&#8230;<\/p>\n<p><strong>Adults\/ Castell\u00e0 <\/strong><br \/>\n<strong>Hora: 21.00 h <\/strong><br \/>\n<strong>ALMAZEN <\/strong><br \/>\n<strong>Preu taquilla: 10\u20ac -Socis i Atr\u00e1palo: 9\u20ac &#8211; Entrada anticipada soci@s i \u00abvinc de part del Festival\u00bb: 6 \u20ac, escrivint un mail a: reservas@almazen.net <\/strong><\/p>\n","protected":false},"excerpt":{"rendered":"<p>Necessito sentir i contar contes tant com respirar. Conto professionalment des del 1984, hist\u00f2ries que he sentit, que he llegit o que m\u2019he inventat, tot i que totes tenen una cosa en com\u00fa: s\u00f3n hist\u00f2ries que m\u2019han mogut les entranyes, inspirant-me o il\u00b7luminant-me en aquesta aventura de viure. He contat a tot arreu i a [&hellip;]<\/p>\n","protected":false},"author":1,"featured_media":0,"parent":4,"menu_order":0,"comment_status":"closed","ping_status":"closed","template":"","meta":{"_mi_skip_tracking":false},"yoast_head":"<!-- This site is optimized with the Yoast SEO plugin v20.5 - https:\/\/yoast.com\/wordpress\/plugins\/seo\/ -->\n<title>Virginia Imaz (Pa\u00eds Basc) - Munt de Mots<\/title>\n<meta name=\"robots\" content=\"index, follow, max-snippet:-1, max-image-preview:large, max-video-preview:-1\" \/>\n<link rel=\"canonical\" href=\"https:\/\/www.muntdemots.org\/2016\/participants\/virginia-imaz-pais-basc\/\" \/>\n<meta property=\"og:locale\" content=\"ca_ES\" \/>\n<meta property=\"og:type\" content=\"article\" \/>\n<meta property=\"og:title\" content=\"Virginia Imaz (Pa\u00eds Basc) - Munt de Mots\" \/>\n<meta property=\"og:description\" content=\"Necessito sentir i contar contes tant com respirar. Conto professionalment des del 1984, hist\u00f2ries que he sentit, que he llegit o que m\u2019he inventat, tot i que totes tenen una cosa en com\u00fa: s\u00f3n hist\u00f2ries que m\u2019han mogut les entranyes, inspirant-me o il\u00b7luminant-me en aquesta aventura de viure. He contat a tot arreu i a [&hellip;]\" \/>\n<meta property=\"og:url\" content=\"https:\/\/www.muntdemots.org\/2016\/participants\/virginia-imaz-pais-basc\/\" \/>\n<meta property=\"og:site_name\" content=\"Munt de Mots\" \/>\n<meta property=\"article:publisher\" content=\"https:\/\/www.facebook.com\/FestivalMuntdeMots\" \/>\n<meta property=\"og:image\" content=\"http:\/\/www.muntdemots.org\/2016\/wp-content\/uploads\/2016\/09\/1-300x251.png\" \/>\n<meta name=\"twitter:card\" content=\"summary_large_image\" \/>\n<meta name=\"twitter:site\" content=\"@muntdemots\" \/>\n<meta name=\"twitter:label1\" content=\"Temps estimat de lectura\" \/>\n\t<meta name=\"twitter:data1\" content=\"1 minut\" \/>\n<script type=\"application\/ld+json\" class=\"yoast-schema-graph\">{\"@context\":\"https:\/\/schema.org\",\"@graph\":[{\"@type\":\"WebPage\",\"@id\":\"https:\/\/www.muntdemots.org\/2016\/participants\/virginia-imaz-pais-basc\/\",\"url\":\"https:\/\/www.muntdemots.org\/2016\/participants\/virginia-imaz-pais-basc\/\",\"name\":\"Virginia Imaz (Pa\u00eds Basc) - Munt de Mots\",\"isPartOf\":{\"@id\":\"http:\/\/www.muntdemots.org\/2016\/#website\"},\"datePublished\":\"2016-09-09T13:51:34+00:00\",\"dateModified\":\"2016-09-09T13:51:34+00:00\",\"breadcrumb\":{\"@id\":\"https:\/\/www.muntdemots.org\/2016\/participants\/virginia-imaz-pais-basc\/#breadcrumb\"},\"inLanguage\":\"ca\",\"potentialAction\":[{\"@type\":\"ReadAction\",\"target\":[\"https:\/\/www.muntdemots.org\/2016\/participants\/virginia-imaz-pais-basc\/\"]}]},{\"@type\":\"BreadcrumbList\",\"@id\":\"https:\/\/www.muntdemots.org\/2016\/participants\/virginia-imaz-pais-basc\/#breadcrumb\",\"itemListElement\":[{\"@type\":\"ListItem\",\"position\":1,\"name\":\"Inici\",\"item\":\"http:\/\/www.muntdemots.org\/2016\/\"},{\"@type\":\"ListItem\",\"position\":2,\"name\":\"Participants\",\"item\":\"http:\/\/www.muntdemots.org\/2016\/participants\/\"},{\"@type\":\"ListItem\",\"position\":3,\"name\":\"Virginia Imaz (Pa\u00eds Basc)\"}]},{\"@type\":\"WebSite\",\"@id\":\"http:\/\/www.muntdemots.org\/2016\/#website\",\"url\":\"http:\/\/www.muntdemots.org\/2016\/\",\"name\":\"Munt de Mots\",\"description\":\"\",\"potentialAction\":[{\"@type\":\"SearchAction\",\"target\":{\"@type\":\"EntryPoint\",\"urlTemplate\":\"http:\/\/www.muntdemots.org\/2016\/?s={search_term_string}\"},\"query-input\":\"required name=search_term_string\"}],\"inLanguage\":\"ca\"}]}<\/script>\n<!-- \/ Yoast SEO plugin. -->","yoast_head_json":{"title":"Virginia Imaz (Pa\u00eds Basc) - Munt de Mots","robots":{"index":"index","follow":"follow","max-snippet":"max-snippet:-1","max-image-preview":"max-image-preview:large","max-video-preview":"max-video-preview:-1"},"canonical":"https:\/\/www.muntdemots.org\/2016\/participants\/virginia-imaz-pais-basc\/","og_locale":"ca_ES","og_type":"article","og_title":"Virginia Imaz (Pa\u00eds Basc) - Munt de Mots","og_description":"Necessito sentir i contar contes tant com respirar. Conto professionalment des del 1984, hist\u00f2ries que he sentit, que he llegit o que m\u2019he inventat, tot i que totes tenen una cosa en com\u00fa: s\u00f3n hist\u00f2ries que m\u2019han mogut les entranyes, inspirant-me o il\u00b7luminant-me en aquesta aventura de viure. He contat a tot arreu i a [&hellip;]","og_url":"https:\/\/www.muntdemots.org\/2016\/participants\/virginia-imaz-pais-basc\/","og_site_name":"Munt de Mots","article_publisher":"https:\/\/www.facebook.com\/FestivalMuntdeMots","og_image":[{"url":"http:\/\/www.muntdemots.org\/2016\/wp-content\/uploads\/2016\/09\/1-300x251.png"}],"twitter_card":"summary_large_image","twitter_site":"@muntdemots","twitter_misc":{"Temps estimat de lectura":"1 minut"},"schema":{"@context":"https:\/\/schema.org","@graph":[{"@type":"WebPage","@id":"https:\/\/www.muntdemots.org\/2016\/participants\/virginia-imaz-pais-basc\/","url":"https:\/\/www.muntdemots.org\/2016\/participants\/virginia-imaz-pais-basc\/","name":"Virginia Imaz (Pa\u00eds Basc) - Munt de Mots","isPartOf":{"@id":"http:\/\/www.muntdemots.org\/2016\/#website"},"datePublished":"2016-09-09T13:51:34+00:00","dateModified":"2016-09-09T13:51:34+00:00","breadcrumb":{"@id":"https:\/\/www.muntdemots.org\/2016\/participants\/virginia-imaz-pais-basc\/#breadcrumb"},"inLanguage":"ca","potentialAction":[{"@type":"ReadAction","target":["https:\/\/www.muntdemots.org\/2016\/participants\/virginia-imaz-pais-basc\/"]}]},{"@type":"BreadcrumbList","@id":"https:\/\/www.muntdemots.org\/2016\/participants\/virginia-imaz-pais-basc\/#breadcrumb","itemListElement":[{"@type":"ListItem","position":1,"name":"Inici","item":"http:\/\/www.muntdemots.org\/2016\/"},{"@type":"ListItem","position":2,"name":"Participants","item":"http:\/\/www.muntdemots.org\/2016\/participants\/"},{"@type":"ListItem","position":3,"name":"Virginia Imaz (Pa\u00eds Basc)"}]},{"@type":"WebSite","@id":"http:\/\/www.muntdemots.org\/2016\/#website","url":"http:\/\/www.muntdemots.org\/2016\/","name":"Munt de Mots","description":"","potentialAction":[{"@type":"SearchAction","target":{"@type":"EntryPoint","urlTemplate":"http:\/\/www.muntdemots.org\/2016\/?s={search_term_string}"},"query-input":"required name=search_term_string"}],"inLanguage":"ca"}]}},"_links":{"self":[{"href":"https:\/\/www.muntdemots.org\/2016\/wp-json\/wp\/v2\/pages\/8367"}],"collection":[{"href":"https:\/\/www.muntdemots.org\/2016\/wp-json\/wp\/v2\/pages"}],"about":[{"href":"https:\/\/www.muntdemots.org\/2016\/wp-json\/wp\/v2\/types\/page"}],"author":[{"embeddable":true,"href":"https:\/\/www.muntdemots.org\/2016\/wp-json\/wp\/v2\/users\/1"}],"replies":[{"embeddable":true,"href":"https:\/\/www.muntdemots.org\/2016\/wp-json\/wp\/v2\/comments?post=8367"}],"version-history":[{"count":1,"href":"https:\/\/www.muntdemots.org\/2016\/wp-json\/wp\/v2\/pages\/8367\/revisions"}],"predecessor-version":[{"id":8368,"href":"https:\/\/www.muntdemots.org\/2016\/wp-json\/wp\/v2\/pages\/8367\/revisions\/8368"}],"up":[{"embeddable":true,"href":"https:\/\/www.muntdemots.org\/2016\/wp-json\/wp\/v2\/pages\/4"}],"wp:attachment":[{"href":"https:\/\/www.muntdemots.org\/2016\/wp-json\/wp\/v2\/media?parent=8367"}],"curies":[{"name":"wp","href":"https:\/\/api.w.org\/{rel}","templated":true}]}}