{"id":8361,"date":"2016-09-09T13:36:17","date_gmt":"2016-09-09T13:36:17","guid":{"rendered":"http:\/\/www.muntdemots.org\/2016\/?page_id=8361"},"modified":"2016-09-09T13:36:17","modified_gmt":"2016-09-09T13:36:17","slug":"soledad-felloza-uruguai-galicia","status":"publish","type":"page","link":"https:\/\/www.muntdemots.org\/2016\/participants\/soledad-felloza-uruguai-galicia\/","title":{"rendered":"Soledad Felloza (Uruguai-Gal\u00edcia)"},"content":{"rendered":"<p><img decoding=\"async\" loading=\"lazy\" class=\"alignright size-medium wp-image-8290\" src=\"http:\/\/www.muntdemots.org\/2016\/wp-content\/uploads\/2016\/09\/6-300x251.png\" alt=\"6\" width=\"300\" height=\"251\" srcset=\"https:\/\/www.muntdemots.org\/2016\/wp-content\/uploads\/2016\/09\/6-300x251.png 300w, https:\/\/www.muntdemots.org\/2016\/wp-content\/uploads\/2016\/09\/6-768x644.png 768w, https:\/\/www.muntdemots.org\/2016\/wp-content\/uploads\/2016\/09\/6.png 940w\" sizes=\"(max-width: 300px) 100vw, 300px\" \/>Actriu que explica hist\u00f2ries a trav\u00e9s de la seva c\u00e0mera fotogr\u00e0fica, dels seus escrits o dels seus espectacles de narraci\u00f3 oral i teatre. Un dia va posar la br\u00faixola en el cor i va sortir pel m\u00f3n. Per aix\u00f2 les seves hist\u00f2ries tenen arrels i branques que s\u2019escampen per les dues ribes de les seves p\u00e0tries: Uruguai i Gal\u00edcia. <em>Morri<\/em><em>\u00f1a<\/em>, tango, <em>orballo<\/em>, plovisqueig, <em>retranca, candombe, meigas, curanderes&#8230; <\/em>Diferents paraules, les mateixes hist\u00f2ries.<\/p>\n<p>&nbsp;<\/p>\n<p><strong><u>DIMARTS 18<\/u><\/strong><\/p>\n<p><strong>DE TIN MAR\u00cdN <\/strong><\/p>\n<p><strong>Soledad Felloza (Uruguai-Gal\u00edcia) <\/strong><\/p>\n<p>Un dia una orquestra va naufragar. La gent va acudir a milers a plorar a la riba. De cop alg\u00fa va comen\u00e7ar a cantar: <em>De tin marin que do pin u\u00e9 p\u00facara m\u00e1cara t\u00edtere fue! <\/em>I els m\u00fasics van apar\u00e8ixer tocant i ballant.<\/p>\n<p><strong>Infantil +5 \/ Castell\u00e0<\/strong><br \/>\n<strong>Hora: 18:00 h<\/strong><br \/>\n<strong>BIBLIOTECA SAGRADA FAM\u00cdLIA <\/strong><br \/>\n<strong>Activitat gratu\u00efta <\/strong><\/p>\n<p>&nbsp;<\/p>\n<p><strong><u>DIMECRES 19<\/u><\/strong><\/p>\n<p><strong>BAJO EL MAR, UN BAR <\/strong><\/p>\n<p><strong>Soledad Felloza (Uruguai-Gal\u00edcia) <\/strong><\/p>\n<p>No hi ha res que em tranquil\u00b7litzi m\u00e9s que un cartell llumin\u00f3s en la foscor de la nit que digui <em>Bar<\/em>. A dins, com si fossin mobiliari, els parroquians de sempre, a les seves taules de sempre. Hora de narrar.<\/p>\n<p><strong>Adults \/ Castell\u00e0<\/strong><br \/>\n<strong>Hora: 19.00 h<\/strong><br \/>\n<strong>BIBLIOTECA G\u00d2TIC-ANDREU NIN <\/strong><br \/>\n<strong>Activitat gratu\u00efta <\/strong><\/p>\n<p>&nbsp;<\/p>\n<p><strong><u>DIVENDRES 21<\/u><\/strong><\/p>\n<p><strong>LA VIDA ES CUENTO <\/strong><\/p>\n<p><strong>Soledad Felloza (Uruguai-Gal\u00edcia) <\/strong><\/p>\n<p>Imagina\u2019t que el teu avi es fuga la nit que neix el teu pare, que la teva mare camina tres dies per donar la m\u00e0 al seu gran amor, que la teva escola s\u2019amaga darrere una heura.<\/p>\n<p><strong>Adults \/ Castell\u00e0<\/strong><br \/>\n<strong>Hora: 19.00 h<\/strong><br \/>\n<strong>CENTRE CULTURAL TON I GUIDA <\/strong><br \/>\n<strong>Activitat gratu\u00efta <\/strong><\/p>\n<p><strong>\u00a0<\/strong><\/p>\n<p><strong><u>DISSABTE 22<\/u><\/strong><\/p>\n<p><strong>DE TIN MARIN <\/strong><\/p>\n<p><strong>Soledad Felloza (Uruguai-Gal\u00edcia) <\/strong><\/p>\n<p>Un dia una orquestra va naufragar. La gent va acudir a milers a plorar a la riba. De cop alg\u00fa va comen\u00e7ar a cantar: <em>De tin marin que do pin u\u00e9 p\u00facara m\u00e1cara t\u00edtere fue! <\/em>I els m\u00fasics van apar\u00e8ixer tocant i ballant.<\/p>\n<p><strong>Familiar \/ Castell\u00e0<\/strong><br \/>\n<strong>Hora: 18.00 h<\/strong><br \/>\n<strong>CENTRE C\u00cdVIC TORRE LLOBETA <\/strong><br \/>\n<strong>Activitat gratu\u00efta <\/strong><\/p>\n","protected":false},"excerpt":{"rendered":"<p>Actriu que explica hist\u00f2ries a trav\u00e9s de la seva c\u00e0mera fotogr\u00e0fica, dels seus escrits o dels seus espectacles de narraci\u00f3 oral i teatre. Un dia va posar la br\u00faixola en el cor i va sortir pel m\u00f3n. Per aix\u00f2 les seves hist\u00f2ries tenen arrels i branques que s\u2019escampen per les dues ribes de les seves [&hellip;]<\/p>\n","protected":false},"author":1,"featured_media":0,"parent":4,"menu_order":0,"comment_status":"closed","ping_status":"closed","template":"","meta":{"_mi_skip_tracking":false},"yoast_head":"<!-- This site is optimized with the Yoast SEO plugin v20.5 - https:\/\/yoast.com\/wordpress\/plugins\/seo\/ -->\n<title>Soledad Felloza (Uruguai-Gal\u00edcia) - Munt de Mots<\/title>\n<meta name=\"robots\" content=\"index, follow, max-snippet:-1, max-image-preview:large, max-video-preview:-1\" \/>\n<link rel=\"canonical\" href=\"https:\/\/www.muntdemots.org\/2016\/participants\/soledad-felloza-uruguai-galicia\/\" \/>\n<meta property=\"og:locale\" content=\"ca_ES\" \/>\n<meta property=\"og:type\" content=\"article\" \/>\n<meta property=\"og:title\" content=\"Soledad Felloza (Uruguai-Gal\u00edcia) - Munt de Mots\" \/>\n<meta property=\"og:description\" content=\"Actriu que explica hist\u00f2ries a trav\u00e9s de la seva c\u00e0mera fotogr\u00e0fica, dels seus escrits o dels seus espectacles de narraci\u00f3 oral i teatre. Un dia va posar la br\u00faixola en el cor i va sortir pel m\u00f3n. Per aix\u00f2 les seves hist\u00f2ries tenen arrels i branques que s\u2019escampen per les dues ribes de les seves [&hellip;]\" \/>\n<meta property=\"og:url\" content=\"https:\/\/www.muntdemots.org\/2016\/participants\/soledad-felloza-uruguai-galicia\/\" \/>\n<meta property=\"og:site_name\" content=\"Munt de Mots\" \/>\n<meta property=\"article:publisher\" content=\"https:\/\/www.facebook.com\/FestivalMuntdeMots\" \/>\n<meta property=\"og:image\" content=\"http:\/\/www.muntdemots.org\/2016\/wp-content\/uploads\/2016\/09\/6-300x251.png\" \/>\n<meta name=\"twitter:card\" content=\"summary_large_image\" \/>\n<meta name=\"twitter:site\" content=\"@muntdemots\" \/>\n<meta name=\"twitter:label1\" content=\"Temps estimat de lectura\" \/>\n\t<meta name=\"twitter:data1\" content=\"2 minuts\" \/>\n<script type=\"application\/ld+json\" class=\"yoast-schema-graph\">{\"@context\":\"https:\/\/schema.org\",\"@graph\":[{\"@type\":\"WebPage\",\"@id\":\"https:\/\/www.muntdemots.org\/2016\/participants\/soledad-felloza-uruguai-galicia\/\",\"url\":\"https:\/\/www.muntdemots.org\/2016\/participants\/soledad-felloza-uruguai-galicia\/\",\"name\":\"Soledad Felloza (Uruguai-Gal\u00edcia) - Munt de Mots\",\"isPartOf\":{\"@id\":\"https:\/\/www.muntdemots.org\/2016\/#website\"},\"datePublished\":\"2016-09-09T13:36:17+00:00\",\"dateModified\":\"2016-09-09T13:36:17+00:00\",\"breadcrumb\":{\"@id\":\"https:\/\/www.muntdemots.org\/2016\/participants\/soledad-felloza-uruguai-galicia\/#breadcrumb\"},\"inLanguage\":\"ca\",\"potentialAction\":[{\"@type\":\"ReadAction\",\"target\":[\"https:\/\/www.muntdemots.org\/2016\/participants\/soledad-felloza-uruguai-galicia\/\"]}]},{\"@type\":\"BreadcrumbList\",\"@id\":\"https:\/\/www.muntdemots.org\/2016\/participants\/soledad-felloza-uruguai-galicia\/#breadcrumb\",\"itemListElement\":[{\"@type\":\"ListItem\",\"position\":1,\"name\":\"Inici\",\"item\":\"https:\/\/www.muntdemots.org\/2016\/\"},{\"@type\":\"ListItem\",\"position\":2,\"name\":\"Participants\",\"item\":\"http:\/\/www.muntdemots.org\/2016\/participants\/\"},{\"@type\":\"ListItem\",\"position\":3,\"name\":\"Soledad Felloza (Uruguai-Gal\u00edcia)\"}]},{\"@type\":\"WebSite\",\"@id\":\"https:\/\/www.muntdemots.org\/2016\/#website\",\"url\":\"https:\/\/www.muntdemots.org\/2016\/\",\"name\":\"Munt de Mots\",\"description\":\"\",\"potentialAction\":[{\"@type\":\"SearchAction\",\"target\":{\"@type\":\"EntryPoint\",\"urlTemplate\":\"https:\/\/www.muntdemots.org\/2016\/?s={search_term_string}\"},\"query-input\":\"required name=search_term_string\"}],\"inLanguage\":\"ca\"}]}<\/script>\n<!-- \/ Yoast SEO plugin. -->","yoast_head_json":{"title":"Soledad Felloza (Uruguai-Gal\u00edcia) - Munt de Mots","robots":{"index":"index","follow":"follow","max-snippet":"max-snippet:-1","max-image-preview":"max-image-preview:large","max-video-preview":"max-video-preview:-1"},"canonical":"https:\/\/www.muntdemots.org\/2016\/participants\/soledad-felloza-uruguai-galicia\/","og_locale":"ca_ES","og_type":"article","og_title":"Soledad Felloza (Uruguai-Gal\u00edcia) - Munt de Mots","og_description":"Actriu que explica hist\u00f2ries a trav\u00e9s de la seva c\u00e0mera fotogr\u00e0fica, dels seus escrits o dels seus espectacles de narraci\u00f3 oral i teatre. Un dia va posar la br\u00faixola en el cor i va sortir pel m\u00f3n. Per aix\u00f2 les seves hist\u00f2ries tenen arrels i branques que s\u2019escampen per les dues ribes de les seves [&hellip;]","og_url":"https:\/\/www.muntdemots.org\/2016\/participants\/soledad-felloza-uruguai-galicia\/","og_site_name":"Munt de Mots","article_publisher":"https:\/\/www.facebook.com\/FestivalMuntdeMots","og_image":[{"url":"http:\/\/www.muntdemots.org\/2016\/wp-content\/uploads\/2016\/09\/6-300x251.png"}],"twitter_card":"summary_large_image","twitter_site":"@muntdemots","twitter_misc":{"Temps estimat de lectura":"2 minuts"},"schema":{"@context":"https:\/\/schema.org","@graph":[{"@type":"WebPage","@id":"https:\/\/www.muntdemots.org\/2016\/participants\/soledad-felloza-uruguai-galicia\/","url":"https:\/\/www.muntdemots.org\/2016\/participants\/soledad-felloza-uruguai-galicia\/","name":"Soledad Felloza (Uruguai-Gal\u00edcia) - Munt de Mots","isPartOf":{"@id":"https:\/\/www.muntdemots.org\/2016\/#website"},"datePublished":"2016-09-09T13:36:17+00:00","dateModified":"2016-09-09T13:36:17+00:00","breadcrumb":{"@id":"https:\/\/www.muntdemots.org\/2016\/participants\/soledad-felloza-uruguai-galicia\/#breadcrumb"},"inLanguage":"ca","potentialAction":[{"@type":"ReadAction","target":["https:\/\/www.muntdemots.org\/2016\/participants\/soledad-felloza-uruguai-galicia\/"]}]},{"@type":"BreadcrumbList","@id":"https:\/\/www.muntdemots.org\/2016\/participants\/soledad-felloza-uruguai-galicia\/#breadcrumb","itemListElement":[{"@type":"ListItem","position":1,"name":"Inici","item":"https:\/\/www.muntdemots.org\/2016\/"},{"@type":"ListItem","position":2,"name":"Participants","item":"http:\/\/www.muntdemots.org\/2016\/participants\/"},{"@type":"ListItem","position":3,"name":"Soledad Felloza (Uruguai-Gal\u00edcia)"}]},{"@type":"WebSite","@id":"https:\/\/www.muntdemots.org\/2016\/#website","url":"https:\/\/www.muntdemots.org\/2016\/","name":"Munt de Mots","description":"","potentialAction":[{"@type":"SearchAction","target":{"@type":"EntryPoint","urlTemplate":"https:\/\/www.muntdemots.org\/2016\/?s={search_term_string}"},"query-input":"required name=search_term_string"}],"inLanguage":"ca"}]}},"_links":{"self":[{"href":"https:\/\/www.muntdemots.org\/2016\/wp-json\/wp\/v2\/pages\/8361"}],"collection":[{"href":"https:\/\/www.muntdemots.org\/2016\/wp-json\/wp\/v2\/pages"}],"about":[{"href":"https:\/\/www.muntdemots.org\/2016\/wp-json\/wp\/v2\/types\/page"}],"author":[{"embeddable":true,"href":"https:\/\/www.muntdemots.org\/2016\/wp-json\/wp\/v2\/users\/1"}],"replies":[{"embeddable":true,"href":"https:\/\/www.muntdemots.org\/2016\/wp-json\/wp\/v2\/comments?post=8361"}],"version-history":[{"count":1,"href":"https:\/\/www.muntdemots.org\/2016\/wp-json\/wp\/v2\/pages\/8361\/revisions"}],"predecessor-version":[{"id":8362,"href":"https:\/\/www.muntdemots.org\/2016\/wp-json\/wp\/v2\/pages\/8361\/revisions\/8362"}],"up":[{"embeddable":true,"href":"https:\/\/www.muntdemots.org\/2016\/wp-json\/wp\/v2\/pages\/4"}],"wp:attachment":[{"href":"https:\/\/www.muntdemots.org\/2016\/wp-json\/wp\/v2\/media?parent=8361"}],"curies":[{"name":"wp","href":"https:\/\/api.w.org\/{rel}","templated":true}]}}