{"id":8357,"date":"2016-09-09T13:28:37","date_gmt":"2016-09-09T13:28:37","guid":{"rendered":"http:\/\/www.muntdemots.org\/2016\/?page_id=8357"},"modified":"2016-09-09T13:32:08","modified_gmt":"2016-09-09T13:32:08","slug":"ruben-martinez-santana-venecuela-catalunya","status":"publish","type":"page","link":"https:\/\/www.muntdemots.org\/2016\/participants\/ruben-martinez-santana-venecuela-catalunya\/","title":{"rendered":"Rub\u00e9n Mart\u00ednez Santana (Vene\u00e7uela-Catalunya)"},"content":{"rendered":"<p><img decoding=\"async\" loading=\"lazy\" class=\"alignright size-medium wp-image-8285\" src=\"http:\/\/www.muntdemots.org\/2016\/wp-content\/uploads\/2016\/09\/2-copia-300x251.png\" alt=\"2-copia\" width=\"300\" height=\"251\" srcset=\"https:\/\/www.muntdemots.org\/2016\/wp-content\/uploads\/2016\/09\/2-copia-300x251.png 300w, https:\/\/www.muntdemots.org\/2016\/wp-content\/uploads\/2016\/09\/2-copia-768x644.png 768w, https:\/\/www.muntdemots.org\/2016\/wp-content\/uploads\/2016\/09\/2-copia.png 940w\" sizes=\"(max-width: 300px) 100vw, 300px\" \/>Des de 1984 es dedica a l\u2019ofici de contacontes. Va ser pioner del moviment de narraci\u00f3 oral a Vene\u00e7uela des del grup \u201cCuentos bajo la Sombra\u201d, va contribuir en la creaci\u00f3 del moviment de narradors orals a Xile (1993-1994) i del moviment de grups contacontes a Catalunya (2002-2008). A m\u00e9s a m\u00e9s, escriu contes, teatre i poesia per a nens i adults i ha editat cinc discos amb la seva m\u00fasica. Els seus text0s han estat publicats en diverses antologies, revistes i diaris de Col\u00f2mbia, Xile, Vene\u00e7uela i Espanya.<\/p>\n<p>&nbsp;<\/p>\n<p><strong><u>DIMARTS 18<\/u><\/strong><\/p>\n<p><strong>\u00a0<\/strong><\/p>\n<p><strong>CUENTER\u00cdAS <\/strong><\/p>\n<p><strong>Rub\u00e9n Mart\u00ednez Santana (Vene\u00e7uela-Catalunya) <\/strong><\/p>\n<p>Hist\u00f2ries de la tradici\u00f3 oral i d\u2019autors llatinoamericans; contes que viatgen de boca en boca des del Carib fins a la Patag\u00f2nia.<\/p>\n<p><strong>Adults \/ Castell\u00e0<\/strong><br \/>\n<strong>Hora: 19.00 h<\/strong><br \/>\n<strong>BIBLIOTECA POBLE NOU- MANUEL ARRANZ <\/strong><br \/>\n<strong>Activitat gratu\u00efta <\/strong><\/p>\n<p><strong>\u00a0<\/strong><\/p>\n<p><strong><u>DIJOUS 20<\/u><\/strong><\/p>\n<p><strong>\u00a0<\/strong><\/p>\n<p><strong>CUENTOCONTIGO <\/strong><\/p>\n<p><strong>Rub\u00e9n Mart\u00ednez Santana (Vene\u00e7uela-Catalunya) <\/strong><\/p>\n<p>Nom\u00e9s si tu m\u2019ajudes podr\u00e9 explicar-te els contes que porto per a tu. M\u2019ajudar\u00e0s?<\/p>\n<p><strong>Infantil \/ Castell\u00e0<\/strong><br \/>\n<strong>Hora: 17.30 h<\/strong><br \/>\n<strong>CENTRE C\u00cdVIC FONT DE LA GUATLLA <\/strong><br \/>\n<strong>Activitat gratu\u00efta <\/strong><\/p>\n<p><strong>\u00a0<\/strong><\/p>\n<p><strong><u>DIVENDRES 21<\/u><\/strong><\/p>\n<p><strong>\u00a0<\/strong><\/p>\n<p><strong>\u00a1AMERICANTOS Y LATICUENTOS! <\/strong><\/p>\n<p><strong>Rub\u00e9n Mart\u00ednez Santana (Vene\u00e7uela) <\/strong><\/p>\n<p>Tot \u00e9s a punt perqu\u00e8 un munt d\u2019hist\u00f2ries, vingudes de mar enll\u00e0, ens entrin per les orelles i ens facin pessigolles&#8230; en Rub\u00e9n te les explica i te les canta. T\u2019atrevir\u00e0s a cantar-les amb ell?<\/p>\n<p><strong>Adults \/ Castell\u00e0<\/strong><br \/>\n<strong>Hora: 17.30 h<\/strong><br \/>\n<strong>CENTRE C\u00cdVIC PERE QUART <\/strong><br \/>\n<strong>Activitat gratu\u00efta <\/strong><\/p>\n","protected":false},"excerpt":{"rendered":"<p>Des de 1984 es dedica a l\u2019ofici de contacontes. Va ser pioner del moviment de narraci\u00f3 oral a Vene\u00e7uela des del grup \u201cCuentos bajo la Sombra\u201d, va contribuir en la creaci\u00f3 del moviment de narradors orals a Xile (1993-1994) i del moviment de grups contacontes a Catalunya (2002-2008). A m\u00e9s a m\u00e9s, escriu contes, teatre [&hellip;]<\/p>\n","protected":false},"author":1,"featured_media":0,"parent":4,"menu_order":0,"comment_status":"closed","ping_status":"closed","template":"","meta":{"_mi_skip_tracking":false},"yoast_head":"<!-- This site is optimized with the Yoast SEO plugin v20.5 - https:\/\/yoast.com\/wordpress\/plugins\/seo\/ -->\n<title>Rub\u00e9n Mart\u00ednez Santana (Vene\u00e7uela-Catalunya) - Munt de Mots<\/title>\n<meta name=\"robots\" content=\"index, follow, max-snippet:-1, max-image-preview:large, max-video-preview:-1\" \/>\n<link rel=\"canonical\" href=\"https:\/\/www.muntdemots.org\/2016\/participants\/ruben-martinez-santana-venecuela-catalunya\/\" \/>\n<meta property=\"og:locale\" content=\"ca_ES\" \/>\n<meta property=\"og:type\" content=\"article\" \/>\n<meta property=\"og:title\" content=\"Rub\u00e9n Mart\u00ednez Santana (Vene\u00e7uela-Catalunya) - Munt de Mots\" \/>\n<meta property=\"og:description\" content=\"Des de 1984 es dedica a l\u2019ofici de contacontes. Va ser pioner del moviment de narraci\u00f3 oral a Vene\u00e7uela des del grup \u201cCuentos bajo la Sombra\u201d, va contribuir en la creaci\u00f3 del moviment de narradors orals a Xile (1993-1994) i del moviment de grups contacontes a Catalunya (2002-2008). A m\u00e9s a m\u00e9s, escriu contes, teatre [&hellip;]\" \/>\n<meta property=\"og:url\" content=\"https:\/\/www.muntdemots.org\/2016\/participants\/ruben-martinez-santana-venecuela-catalunya\/\" \/>\n<meta property=\"og:site_name\" content=\"Munt de Mots\" \/>\n<meta property=\"article:publisher\" content=\"https:\/\/www.facebook.com\/FestivalMuntdeMots\" \/>\n<meta property=\"article:modified_time\" content=\"2016-09-09T13:32:08+00:00\" \/>\n<meta property=\"og:image\" content=\"http:\/\/www.muntdemots.org\/2016\/wp-content\/uploads\/2016\/09\/2-copia-300x251.png\" \/>\n<meta name=\"twitter:card\" content=\"summary_large_image\" \/>\n<meta name=\"twitter:site\" content=\"@muntdemots\" \/>\n<meta name=\"twitter:label1\" content=\"Temps estimat de lectura\" \/>\n\t<meta name=\"twitter:data1\" content=\"1 minut\" \/>\n<script type=\"application\/ld+json\" class=\"yoast-schema-graph\">{\"@context\":\"https:\/\/schema.org\",\"@graph\":[{\"@type\":\"WebPage\",\"@id\":\"https:\/\/www.muntdemots.org\/2016\/participants\/ruben-martinez-santana-venecuela-catalunya\/\",\"url\":\"https:\/\/www.muntdemots.org\/2016\/participants\/ruben-martinez-santana-venecuela-catalunya\/\",\"name\":\"Rub\u00e9n Mart\u00ednez Santana (Vene\u00e7uela-Catalunya) - Munt de Mots\",\"isPartOf\":{\"@id\":\"https:\/\/www.muntdemots.org\/2016\/#website\"},\"datePublished\":\"2016-09-09T13:28:37+00:00\",\"dateModified\":\"2016-09-09T13:32:08+00:00\",\"breadcrumb\":{\"@id\":\"https:\/\/www.muntdemots.org\/2016\/participants\/ruben-martinez-santana-venecuela-catalunya\/#breadcrumb\"},\"inLanguage\":\"ca\",\"potentialAction\":[{\"@type\":\"ReadAction\",\"target\":[\"https:\/\/www.muntdemots.org\/2016\/participants\/ruben-martinez-santana-venecuela-catalunya\/\"]}]},{\"@type\":\"BreadcrumbList\",\"@id\":\"https:\/\/www.muntdemots.org\/2016\/participants\/ruben-martinez-santana-venecuela-catalunya\/#breadcrumb\",\"itemListElement\":[{\"@type\":\"ListItem\",\"position\":1,\"name\":\"Inici\",\"item\":\"https:\/\/www.muntdemots.org\/2016\/\"},{\"@type\":\"ListItem\",\"position\":2,\"name\":\"Participants\",\"item\":\"http:\/\/www.muntdemots.org\/2016\/participants\/\"},{\"@type\":\"ListItem\",\"position\":3,\"name\":\"Rub\u00e9n Mart\u00ednez Santana (Vene\u00e7uela-Catalunya)\"}]},{\"@type\":\"WebSite\",\"@id\":\"https:\/\/www.muntdemots.org\/2016\/#website\",\"url\":\"https:\/\/www.muntdemots.org\/2016\/\",\"name\":\"Munt de Mots\",\"description\":\"\",\"potentialAction\":[{\"@type\":\"SearchAction\",\"target\":{\"@type\":\"EntryPoint\",\"urlTemplate\":\"https:\/\/www.muntdemots.org\/2016\/?s={search_term_string}\"},\"query-input\":\"required name=search_term_string\"}],\"inLanguage\":\"ca\"}]}<\/script>\n<!-- \/ Yoast SEO plugin. -->","yoast_head_json":{"title":"Rub\u00e9n Mart\u00ednez Santana (Vene\u00e7uela-Catalunya) - Munt de Mots","robots":{"index":"index","follow":"follow","max-snippet":"max-snippet:-1","max-image-preview":"max-image-preview:large","max-video-preview":"max-video-preview:-1"},"canonical":"https:\/\/www.muntdemots.org\/2016\/participants\/ruben-martinez-santana-venecuela-catalunya\/","og_locale":"ca_ES","og_type":"article","og_title":"Rub\u00e9n Mart\u00ednez Santana (Vene\u00e7uela-Catalunya) - Munt de Mots","og_description":"Des de 1984 es dedica a l\u2019ofici de contacontes. Va ser pioner del moviment de narraci\u00f3 oral a Vene\u00e7uela des del grup \u201cCuentos bajo la Sombra\u201d, va contribuir en la creaci\u00f3 del moviment de narradors orals a Xile (1993-1994) i del moviment de grups contacontes a Catalunya (2002-2008). A m\u00e9s a m\u00e9s, escriu contes, teatre [&hellip;]","og_url":"https:\/\/www.muntdemots.org\/2016\/participants\/ruben-martinez-santana-venecuela-catalunya\/","og_site_name":"Munt de Mots","article_publisher":"https:\/\/www.facebook.com\/FestivalMuntdeMots","article_modified_time":"2016-09-09T13:32:08+00:00","og_image":[{"url":"http:\/\/www.muntdemots.org\/2016\/wp-content\/uploads\/2016\/09\/2-copia-300x251.png"}],"twitter_card":"summary_large_image","twitter_site":"@muntdemots","twitter_misc":{"Temps estimat de lectura":"1 minut"},"schema":{"@context":"https:\/\/schema.org","@graph":[{"@type":"WebPage","@id":"https:\/\/www.muntdemots.org\/2016\/participants\/ruben-martinez-santana-venecuela-catalunya\/","url":"https:\/\/www.muntdemots.org\/2016\/participants\/ruben-martinez-santana-venecuela-catalunya\/","name":"Rub\u00e9n Mart\u00ednez Santana (Vene\u00e7uela-Catalunya) - Munt de Mots","isPartOf":{"@id":"https:\/\/www.muntdemots.org\/2016\/#website"},"datePublished":"2016-09-09T13:28:37+00:00","dateModified":"2016-09-09T13:32:08+00:00","breadcrumb":{"@id":"https:\/\/www.muntdemots.org\/2016\/participants\/ruben-martinez-santana-venecuela-catalunya\/#breadcrumb"},"inLanguage":"ca","potentialAction":[{"@type":"ReadAction","target":["https:\/\/www.muntdemots.org\/2016\/participants\/ruben-martinez-santana-venecuela-catalunya\/"]}]},{"@type":"BreadcrumbList","@id":"https:\/\/www.muntdemots.org\/2016\/participants\/ruben-martinez-santana-venecuela-catalunya\/#breadcrumb","itemListElement":[{"@type":"ListItem","position":1,"name":"Inici","item":"https:\/\/www.muntdemots.org\/2016\/"},{"@type":"ListItem","position":2,"name":"Participants","item":"http:\/\/www.muntdemots.org\/2016\/participants\/"},{"@type":"ListItem","position":3,"name":"Rub\u00e9n Mart\u00ednez Santana (Vene\u00e7uela-Catalunya)"}]},{"@type":"WebSite","@id":"https:\/\/www.muntdemots.org\/2016\/#website","url":"https:\/\/www.muntdemots.org\/2016\/","name":"Munt de Mots","description":"","potentialAction":[{"@type":"SearchAction","target":{"@type":"EntryPoint","urlTemplate":"https:\/\/www.muntdemots.org\/2016\/?s={search_term_string}"},"query-input":"required name=search_term_string"}],"inLanguage":"ca"}]}},"_links":{"self":[{"href":"https:\/\/www.muntdemots.org\/2016\/wp-json\/wp\/v2\/pages\/8357"}],"collection":[{"href":"https:\/\/www.muntdemots.org\/2016\/wp-json\/wp\/v2\/pages"}],"about":[{"href":"https:\/\/www.muntdemots.org\/2016\/wp-json\/wp\/v2\/types\/page"}],"author":[{"embeddable":true,"href":"https:\/\/www.muntdemots.org\/2016\/wp-json\/wp\/v2\/users\/1"}],"replies":[{"embeddable":true,"href":"https:\/\/www.muntdemots.org\/2016\/wp-json\/wp\/v2\/comments?post=8357"}],"version-history":[{"count":3,"href":"https:\/\/www.muntdemots.org\/2016\/wp-json\/wp\/v2\/pages\/8357\/revisions"}],"predecessor-version":[{"id":8360,"href":"https:\/\/www.muntdemots.org\/2016\/wp-json\/wp\/v2\/pages\/8357\/revisions\/8360"}],"up":[{"embeddable":true,"href":"https:\/\/www.muntdemots.org\/2016\/wp-json\/wp\/v2\/pages\/4"}],"wp:attachment":[{"href":"https:\/\/www.muntdemots.org\/2016\/wp-json\/wp\/v2\/media?parent=8357"}],"curies":[{"name":"wp","href":"https:\/\/api.w.org\/{rel}","templated":true}]}}