{"id":8350,"date":"2016-09-08T15:33:48","date_gmt":"2016-09-08T15:33:48","guid":{"rendered":"http:\/\/www.muntdemots.org\/2016\/?page_id=8350"},"modified":"2016-09-08T15:33:48","modified_gmt":"2016-09-08T15:33:48","slug":"monica-torra-catalunya","status":"publish","type":"page","link":"https:\/\/www.muntdemots.org\/2016\/participants\/monica-torra-catalunya\/","title":{"rendered":"M\u00f2nica Torra (Catalunya)"},"content":{"rendered":"<p><img decoding=\"async\" loading=\"lazy\" class=\"alignright size-medium wp-image-8295\" src=\"http:\/\/www.muntdemots.org\/2016\/wp-content\/uploads\/2016\/09\/13-300x251.png\" alt=\"13\" width=\"300\" height=\"251\" srcset=\"https:\/\/www.muntdemots.org\/2016\/wp-content\/uploads\/2016\/09\/13-300x251.png 300w, https:\/\/www.muntdemots.org\/2016\/wp-content\/uploads\/2016\/09\/13-768x644.png 768w, https:\/\/www.muntdemots.org\/2016\/wp-content\/uploads\/2016\/09\/13.png 940w\" sizes=\"(max-width: 300px) 100vw, 300px\" \/>Es dedica a explicar contes des de 2003. A les seves classes de m\u00fasica per als m\u00e9s petits, va descobrir que amb els contes els nens aprenien i disfrutaven molt. Des d\u2019aleshores ha participat en l\u2019Aventura de llegir, en la fira M\u00f3n llibre durant cinc edicions, en el festival EVA, en\u00a0 la fira mediterr\u00e0nia de Manresa, en el festival de llegendes de Catalunya a Sant Mart\u00ed de Tous, en el Festival Multipolar del Maresme, en el Festival de narraci\u00f3 Bla,bla de Vallfogona de Riucorb, en el festival Girona de conte, en el Munt de mots de Barcelona\u2026<\/p>\n<p>&nbsp;<\/p>\n<p><strong><u>DIJOUS 20<\/u><\/strong><\/p>\n<p><strong>TOCA\u2019M EL CUPLET <\/strong><\/p>\n<p><strong>M\u00f2nica Torra (Catalunya) <\/strong><\/p>\n<p>La hist\u00f2ria va a cavall del present i del passat, especialment dels anys 30-40. <em>Remena nena, El vestir d\u2019en Pasqual, Jo vull ser miss<\/em>, i m\u00e9s cuplets, ens ajudaran a imaginar i participar del m\u00f3n picaresc i grotesc dels personatges&#8230;<\/p>\n<p><strong>Adults \/ Catal\u00e0<\/strong><br \/>\n<strong>Hora: 19.30 h<\/strong><br \/>\n<strong>MUSEU DE LA M\u00daSICA (Auditori) <\/strong><\/p>\n<p><strong>Entrada a l\u2019espectacle (i al Museu): 6\u20ac <\/strong><\/p>\n<p><strong>Aforament limitat <\/strong><\/p>\n","protected":false},"excerpt":{"rendered":"<p>Es dedica a explicar contes des de 2003. A les seves classes de m\u00fasica per als m\u00e9s petits, va descobrir que amb els contes els nens aprenien i disfrutaven molt. Des d\u2019aleshores ha participat en l\u2019Aventura de llegir, en la fira M\u00f3n llibre durant cinc edicions, en el festival EVA, en\u00a0 la fira mediterr\u00e0nia de [&hellip;]<\/p>\n","protected":false},"author":1,"featured_media":0,"parent":4,"menu_order":0,"comment_status":"closed","ping_status":"closed","template":"","meta":{"_mi_skip_tracking":false},"yoast_head":"<!-- This site is optimized with the Yoast SEO plugin v20.5 - https:\/\/yoast.com\/wordpress\/plugins\/seo\/ -->\n<title>M\u00f2nica Torra (Catalunya) - Munt de Mots<\/title>\n<meta name=\"robots\" content=\"index, follow, max-snippet:-1, max-image-preview:large, max-video-preview:-1\" \/>\n<link rel=\"canonical\" href=\"https:\/\/www.muntdemots.org\/2016\/participants\/monica-torra-catalunya\/\" \/>\n<meta property=\"og:locale\" content=\"ca_ES\" \/>\n<meta property=\"og:type\" content=\"article\" \/>\n<meta property=\"og:title\" content=\"M\u00f2nica Torra (Catalunya) - Munt de Mots\" \/>\n<meta property=\"og:description\" content=\"Es dedica a explicar contes des de 2003. A les seves classes de m\u00fasica per als m\u00e9s petits, va descobrir que amb els contes els nens aprenien i disfrutaven molt. Des d\u2019aleshores ha participat en l\u2019Aventura de llegir, en la fira M\u00f3n llibre durant cinc edicions, en el festival EVA, en\u00a0 la fira mediterr\u00e0nia de [&hellip;]\" \/>\n<meta property=\"og:url\" content=\"https:\/\/www.muntdemots.org\/2016\/participants\/monica-torra-catalunya\/\" \/>\n<meta property=\"og:site_name\" content=\"Munt de Mots\" \/>\n<meta property=\"article:publisher\" content=\"https:\/\/www.facebook.com\/FestivalMuntdeMots\" \/>\n<meta property=\"og:image\" content=\"http:\/\/www.muntdemots.org\/2016\/wp-content\/uploads\/2016\/09\/13-300x251.png\" \/>\n<meta name=\"twitter:card\" content=\"summary_large_image\" \/>\n<meta name=\"twitter:site\" content=\"@muntdemots\" \/>\n<meta name=\"twitter:label1\" content=\"Temps estimat de lectura\" \/>\n\t<meta name=\"twitter:data1\" content=\"1 minut\" \/>\n<script type=\"application\/ld+json\" class=\"yoast-schema-graph\">{\"@context\":\"https:\/\/schema.org\",\"@graph\":[{\"@type\":\"WebPage\",\"@id\":\"https:\/\/www.muntdemots.org\/2016\/participants\/monica-torra-catalunya\/\",\"url\":\"https:\/\/www.muntdemots.org\/2016\/participants\/monica-torra-catalunya\/\",\"name\":\"M\u00f2nica Torra (Catalunya) - Munt de Mots\",\"isPartOf\":{\"@id\":\"http:\/\/www.muntdemots.org\/2016\/#website\"},\"datePublished\":\"2016-09-08T15:33:48+00:00\",\"dateModified\":\"2016-09-08T15:33:48+00:00\",\"breadcrumb\":{\"@id\":\"https:\/\/www.muntdemots.org\/2016\/participants\/monica-torra-catalunya\/#breadcrumb\"},\"inLanguage\":\"ca\",\"potentialAction\":[{\"@type\":\"ReadAction\",\"target\":[\"https:\/\/www.muntdemots.org\/2016\/participants\/monica-torra-catalunya\/\"]}]},{\"@type\":\"BreadcrumbList\",\"@id\":\"https:\/\/www.muntdemots.org\/2016\/participants\/monica-torra-catalunya\/#breadcrumb\",\"itemListElement\":[{\"@type\":\"ListItem\",\"position\":1,\"name\":\"Inici\",\"item\":\"http:\/\/www.muntdemots.org\/2016\/\"},{\"@type\":\"ListItem\",\"position\":2,\"name\":\"Participants\",\"item\":\"http:\/\/www.muntdemots.org\/2016\/participants\/\"},{\"@type\":\"ListItem\",\"position\":3,\"name\":\"M\u00f2nica Torra (Catalunya)\"}]},{\"@type\":\"WebSite\",\"@id\":\"http:\/\/www.muntdemots.org\/2016\/#website\",\"url\":\"http:\/\/www.muntdemots.org\/2016\/\",\"name\":\"Munt de Mots\",\"description\":\"\",\"potentialAction\":[{\"@type\":\"SearchAction\",\"target\":{\"@type\":\"EntryPoint\",\"urlTemplate\":\"http:\/\/www.muntdemots.org\/2016\/?s={search_term_string}\"},\"query-input\":\"required name=search_term_string\"}],\"inLanguage\":\"ca\"}]}<\/script>\n<!-- \/ Yoast SEO plugin. -->","yoast_head_json":{"title":"M\u00f2nica Torra (Catalunya) - Munt de Mots","robots":{"index":"index","follow":"follow","max-snippet":"max-snippet:-1","max-image-preview":"max-image-preview:large","max-video-preview":"max-video-preview:-1"},"canonical":"https:\/\/www.muntdemots.org\/2016\/participants\/monica-torra-catalunya\/","og_locale":"ca_ES","og_type":"article","og_title":"M\u00f2nica Torra (Catalunya) - Munt de Mots","og_description":"Es dedica a explicar contes des de 2003. A les seves classes de m\u00fasica per als m\u00e9s petits, va descobrir que amb els contes els nens aprenien i disfrutaven molt. Des d\u2019aleshores ha participat en l\u2019Aventura de llegir, en la fira M\u00f3n llibre durant cinc edicions, en el festival EVA, en\u00a0 la fira mediterr\u00e0nia de [&hellip;]","og_url":"https:\/\/www.muntdemots.org\/2016\/participants\/monica-torra-catalunya\/","og_site_name":"Munt de Mots","article_publisher":"https:\/\/www.facebook.com\/FestivalMuntdeMots","og_image":[{"url":"http:\/\/www.muntdemots.org\/2016\/wp-content\/uploads\/2016\/09\/13-300x251.png"}],"twitter_card":"summary_large_image","twitter_site":"@muntdemots","twitter_misc":{"Temps estimat de lectura":"1 minut"},"schema":{"@context":"https:\/\/schema.org","@graph":[{"@type":"WebPage","@id":"https:\/\/www.muntdemots.org\/2016\/participants\/monica-torra-catalunya\/","url":"https:\/\/www.muntdemots.org\/2016\/participants\/monica-torra-catalunya\/","name":"M\u00f2nica Torra (Catalunya) - Munt de Mots","isPartOf":{"@id":"http:\/\/www.muntdemots.org\/2016\/#website"},"datePublished":"2016-09-08T15:33:48+00:00","dateModified":"2016-09-08T15:33:48+00:00","breadcrumb":{"@id":"https:\/\/www.muntdemots.org\/2016\/participants\/monica-torra-catalunya\/#breadcrumb"},"inLanguage":"ca","potentialAction":[{"@type":"ReadAction","target":["https:\/\/www.muntdemots.org\/2016\/participants\/monica-torra-catalunya\/"]}]},{"@type":"BreadcrumbList","@id":"https:\/\/www.muntdemots.org\/2016\/participants\/monica-torra-catalunya\/#breadcrumb","itemListElement":[{"@type":"ListItem","position":1,"name":"Inici","item":"http:\/\/www.muntdemots.org\/2016\/"},{"@type":"ListItem","position":2,"name":"Participants","item":"http:\/\/www.muntdemots.org\/2016\/participants\/"},{"@type":"ListItem","position":3,"name":"M\u00f2nica Torra (Catalunya)"}]},{"@type":"WebSite","@id":"http:\/\/www.muntdemots.org\/2016\/#website","url":"http:\/\/www.muntdemots.org\/2016\/","name":"Munt de Mots","description":"","potentialAction":[{"@type":"SearchAction","target":{"@type":"EntryPoint","urlTemplate":"http:\/\/www.muntdemots.org\/2016\/?s={search_term_string}"},"query-input":"required name=search_term_string"}],"inLanguage":"ca"}]}},"_links":{"self":[{"href":"https:\/\/www.muntdemots.org\/2016\/wp-json\/wp\/v2\/pages\/8350"}],"collection":[{"href":"https:\/\/www.muntdemots.org\/2016\/wp-json\/wp\/v2\/pages"}],"about":[{"href":"https:\/\/www.muntdemots.org\/2016\/wp-json\/wp\/v2\/types\/page"}],"author":[{"embeddable":true,"href":"https:\/\/www.muntdemots.org\/2016\/wp-json\/wp\/v2\/users\/1"}],"replies":[{"embeddable":true,"href":"https:\/\/www.muntdemots.org\/2016\/wp-json\/wp\/v2\/comments?post=8350"}],"version-history":[{"count":1,"href":"https:\/\/www.muntdemots.org\/2016\/wp-json\/wp\/v2\/pages\/8350\/revisions"}],"predecessor-version":[{"id":8351,"href":"https:\/\/www.muntdemots.org\/2016\/wp-json\/wp\/v2\/pages\/8350\/revisions\/8351"}],"up":[{"embeddable":true,"href":"https:\/\/www.muntdemots.org\/2016\/wp-json\/wp\/v2\/pages\/4"}],"wp:attachment":[{"href":"https:\/\/www.muntdemots.org\/2016\/wp-json\/wp\/v2\/media?parent=8350"}],"curies":[{"name":"wp","href":"https:\/\/api.w.org\/{rel}","templated":true}]}}