{"id":8339,"date":"2016-09-08T15:02:15","date_gmt":"2016-09-08T15:02:15","guid":{"rendered":"http:\/\/www.muntdemots.org\/2016\/?page_id=8339"},"modified":"2016-09-08T15:02:15","modified_gmt":"2016-09-08T15:02:15","slug":"juan-pablo-fuentes-rioja","status":"publish","type":"page","link":"https:\/\/www.muntdemots.org\/2016\/participants\/juan-pablo-fuentes-rioja\/","title":{"rendered":"Juan Pablo Fuentes (La Rioja)"},"content":{"rendered":"<p><img decoding=\"async\" loading=\"lazy\" class=\"alignright size-medium wp-image-8300\" src=\"http:\/\/www.muntdemots.org\/2016\/wp-content\/uploads\/2016\/09\/18-300x251.png\" alt=\"18\" width=\"300\" height=\"251\" srcset=\"https:\/\/www.muntdemots.org\/2016\/wp-content\/uploads\/2016\/09\/18-300x251.png 300w, https:\/\/www.muntdemots.org\/2016\/wp-content\/uploads\/2016\/09\/18-768x644.png 768w, https:\/\/www.muntdemots.org\/2016\/wp-content\/uploads\/2016\/09\/18.png 940w\" sizes=\"(max-width: 300px) 100vw, 300px\" \/>Format a la casa Lugaritz de Sant Sebasti\u00e0 i a l\u2019escola de teatre \u201cla otra orilla\u201d de Barcelona, va crear la companyia \u201cP\u2019alante\u201d, amb la qual ha actuat en diversos locals de teatre de Barcelona, Madrid i Guatemala. Amb la companyia \u201cNou Titot\u201d va muntar tres farses russes de Tx\u00e8khov i altres obres c\u00f2miques. Ha actuat en diverses obres de teatre i \u00e9s col\u00b7laborador habitual de diferents companyies de Sarsuela. Forma part dels grups Bocabadats i Tot\u2019s a l\u2019Agora.<\/p>\n<p><a href=\"http:\/\/defabula.es\">http:\/\/defabula.es<\/a><\/p>\n<p>&nbsp;<\/p>\n<p><strong>DIMECRES 19<\/strong><br \/>\n<strong>KAZABINGA! <\/strong><br \/>\n<strong>Juan Pablo Fuentes (La Rioja) <\/strong><\/p>\n<p>Amb el conte de la princesa Petronil\u00b7la descobrirem que no sempre s\u00f3n els pr\u00ednceps els qui recaten les princeses, i les cuques de llum ens ensenyaran a no tenir por de volar i d\u2019equivocar-nos, i&#8230; Kazabinga!<\/p>\n<p><strong>Infantil +4\/ Castell\u00e0<\/strong><br \/>\n<strong>Hora: 17.30 h<\/strong><br \/>\n<strong>BIBLIOTECA JOSEP SOLER VIDAL (GAV\u00c0) <\/strong><br \/>\n<strong>Activitat gratu\u00efta <\/strong><\/p>\n","protected":false},"excerpt":{"rendered":"<p>Format a la casa Lugaritz de Sant Sebasti\u00e0 i a l\u2019escola de teatre \u201cla otra orilla\u201d de Barcelona, va crear la companyia \u201cP\u2019alante\u201d, amb la qual ha actuat en diversos locals de teatre de Barcelona, Madrid i Guatemala. Amb la companyia \u201cNou Titot\u201d va muntar tres farses russes de Tx\u00e8khov i altres obres c\u00f2miques. Ha [&hellip;]<\/p>\n","protected":false},"author":1,"featured_media":0,"parent":4,"menu_order":0,"comment_status":"closed","ping_status":"closed","template":"","meta":{"_mi_skip_tracking":false},"yoast_head":"<!-- This site is optimized with the Yoast SEO plugin v20.5 - https:\/\/yoast.com\/wordpress\/plugins\/seo\/ -->\n<title>Juan Pablo Fuentes (La Rioja) - Munt de Mots<\/title>\n<meta name=\"robots\" content=\"index, follow, max-snippet:-1, max-image-preview:large, max-video-preview:-1\" \/>\n<link rel=\"canonical\" href=\"https:\/\/www.muntdemots.org\/2016\/participants\/juan-pablo-fuentes-rioja\/\" \/>\n<meta property=\"og:locale\" content=\"ca_ES\" \/>\n<meta property=\"og:type\" content=\"article\" \/>\n<meta property=\"og:title\" content=\"Juan Pablo Fuentes (La Rioja) - Munt de Mots\" \/>\n<meta property=\"og:description\" content=\"Format a la casa Lugaritz de Sant Sebasti\u00e0 i a l\u2019escola de teatre \u201cla otra orilla\u201d de Barcelona, va crear la companyia \u201cP\u2019alante\u201d, amb la qual ha actuat en diversos locals de teatre de Barcelona, Madrid i Guatemala. Amb la companyia \u201cNou Titot\u201d va muntar tres farses russes de Tx\u00e8khov i altres obres c\u00f2miques. Ha [&hellip;]\" \/>\n<meta property=\"og:url\" content=\"https:\/\/www.muntdemots.org\/2016\/participants\/juan-pablo-fuentes-rioja\/\" \/>\n<meta property=\"og:site_name\" content=\"Munt de Mots\" \/>\n<meta property=\"article:publisher\" content=\"https:\/\/www.facebook.com\/FestivalMuntdeMots\" \/>\n<meta property=\"og:image\" content=\"http:\/\/www.muntdemots.org\/2016\/wp-content\/uploads\/2016\/09\/18-300x251.png\" \/>\n<meta name=\"twitter:card\" content=\"summary_large_image\" \/>\n<meta name=\"twitter:site\" content=\"@muntdemots\" \/>\n<meta name=\"twitter:label1\" content=\"Temps estimat de lectura\" \/>\n\t<meta name=\"twitter:data1\" content=\"1 minut\" \/>\n<script type=\"application\/ld+json\" class=\"yoast-schema-graph\">{\"@context\":\"https:\/\/schema.org\",\"@graph\":[{\"@type\":\"WebPage\",\"@id\":\"https:\/\/www.muntdemots.org\/2016\/participants\/juan-pablo-fuentes-rioja\/\",\"url\":\"https:\/\/www.muntdemots.org\/2016\/participants\/juan-pablo-fuentes-rioja\/\",\"name\":\"Juan Pablo Fuentes (La Rioja) - Munt de Mots\",\"isPartOf\":{\"@id\":\"https:\/\/www.muntdemots.org\/2016\/#website\"},\"datePublished\":\"2016-09-08T15:02:15+00:00\",\"dateModified\":\"2016-09-08T15:02:15+00:00\",\"breadcrumb\":{\"@id\":\"https:\/\/www.muntdemots.org\/2016\/participants\/juan-pablo-fuentes-rioja\/#breadcrumb\"},\"inLanguage\":\"ca\",\"potentialAction\":[{\"@type\":\"ReadAction\",\"target\":[\"https:\/\/www.muntdemots.org\/2016\/participants\/juan-pablo-fuentes-rioja\/\"]}]},{\"@type\":\"BreadcrumbList\",\"@id\":\"https:\/\/www.muntdemots.org\/2016\/participants\/juan-pablo-fuentes-rioja\/#breadcrumb\",\"itemListElement\":[{\"@type\":\"ListItem\",\"position\":1,\"name\":\"Inici\",\"item\":\"https:\/\/www.muntdemots.org\/2016\/\"},{\"@type\":\"ListItem\",\"position\":2,\"name\":\"Participants\",\"item\":\"http:\/\/www.muntdemots.org\/2016\/participants\/\"},{\"@type\":\"ListItem\",\"position\":3,\"name\":\"Juan Pablo Fuentes (La Rioja)\"}]},{\"@type\":\"WebSite\",\"@id\":\"https:\/\/www.muntdemots.org\/2016\/#website\",\"url\":\"https:\/\/www.muntdemots.org\/2016\/\",\"name\":\"Munt de Mots\",\"description\":\"\",\"potentialAction\":[{\"@type\":\"SearchAction\",\"target\":{\"@type\":\"EntryPoint\",\"urlTemplate\":\"https:\/\/www.muntdemots.org\/2016\/?s={search_term_string}\"},\"query-input\":\"required name=search_term_string\"}],\"inLanguage\":\"ca\"}]}<\/script>\n<!-- \/ Yoast SEO plugin. -->","yoast_head_json":{"title":"Juan Pablo Fuentes (La Rioja) - Munt de Mots","robots":{"index":"index","follow":"follow","max-snippet":"max-snippet:-1","max-image-preview":"max-image-preview:large","max-video-preview":"max-video-preview:-1"},"canonical":"https:\/\/www.muntdemots.org\/2016\/participants\/juan-pablo-fuentes-rioja\/","og_locale":"ca_ES","og_type":"article","og_title":"Juan Pablo Fuentes (La Rioja) - Munt de Mots","og_description":"Format a la casa Lugaritz de Sant Sebasti\u00e0 i a l\u2019escola de teatre \u201cla otra orilla\u201d de Barcelona, va crear la companyia \u201cP\u2019alante\u201d, amb la qual ha actuat en diversos locals de teatre de Barcelona, Madrid i Guatemala. Amb la companyia \u201cNou Titot\u201d va muntar tres farses russes de Tx\u00e8khov i altres obres c\u00f2miques. Ha [&hellip;]","og_url":"https:\/\/www.muntdemots.org\/2016\/participants\/juan-pablo-fuentes-rioja\/","og_site_name":"Munt de Mots","article_publisher":"https:\/\/www.facebook.com\/FestivalMuntdeMots","og_image":[{"url":"http:\/\/www.muntdemots.org\/2016\/wp-content\/uploads\/2016\/09\/18-300x251.png"}],"twitter_card":"summary_large_image","twitter_site":"@muntdemots","twitter_misc":{"Temps estimat de lectura":"1 minut"},"schema":{"@context":"https:\/\/schema.org","@graph":[{"@type":"WebPage","@id":"https:\/\/www.muntdemots.org\/2016\/participants\/juan-pablo-fuentes-rioja\/","url":"https:\/\/www.muntdemots.org\/2016\/participants\/juan-pablo-fuentes-rioja\/","name":"Juan Pablo Fuentes (La Rioja) - Munt de Mots","isPartOf":{"@id":"https:\/\/www.muntdemots.org\/2016\/#website"},"datePublished":"2016-09-08T15:02:15+00:00","dateModified":"2016-09-08T15:02:15+00:00","breadcrumb":{"@id":"https:\/\/www.muntdemots.org\/2016\/participants\/juan-pablo-fuentes-rioja\/#breadcrumb"},"inLanguage":"ca","potentialAction":[{"@type":"ReadAction","target":["https:\/\/www.muntdemots.org\/2016\/participants\/juan-pablo-fuentes-rioja\/"]}]},{"@type":"BreadcrumbList","@id":"https:\/\/www.muntdemots.org\/2016\/participants\/juan-pablo-fuentes-rioja\/#breadcrumb","itemListElement":[{"@type":"ListItem","position":1,"name":"Inici","item":"https:\/\/www.muntdemots.org\/2016\/"},{"@type":"ListItem","position":2,"name":"Participants","item":"http:\/\/www.muntdemots.org\/2016\/participants\/"},{"@type":"ListItem","position":3,"name":"Juan Pablo Fuentes (La Rioja)"}]},{"@type":"WebSite","@id":"https:\/\/www.muntdemots.org\/2016\/#website","url":"https:\/\/www.muntdemots.org\/2016\/","name":"Munt de Mots","description":"","potentialAction":[{"@type":"SearchAction","target":{"@type":"EntryPoint","urlTemplate":"https:\/\/www.muntdemots.org\/2016\/?s={search_term_string}"},"query-input":"required name=search_term_string"}],"inLanguage":"ca"}]}},"_links":{"self":[{"href":"https:\/\/www.muntdemots.org\/2016\/wp-json\/wp\/v2\/pages\/8339"}],"collection":[{"href":"https:\/\/www.muntdemots.org\/2016\/wp-json\/wp\/v2\/pages"}],"about":[{"href":"https:\/\/www.muntdemots.org\/2016\/wp-json\/wp\/v2\/types\/page"}],"author":[{"embeddable":true,"href":"https:\/\/www.muntdemots.org\/2016\/wp-json\/wp\/v2\/users\/1"}],"replies":[{"embeddable":true,"href":"https:\/\/www.muntdemots.org\/2016\/wp-json\/wp\/v2\/comments?post=8339"}],"version-history":[{"count":1,"href":"https:\/\/www.muntdemots.org\/2016\/wp-json\/wp\/v2\/pages\/8339\/revisions"}],"predecessor-version":[{"id":8340,"href":"https:\/\/www.muntdemots.org\/2016\/wp-json\/wp\/v2\/pages\/8339\/revisions\/8340"}],"up":[{"embeddable":true,"href":"https:\/\/www.muntdemots.org\/2016\/wp-json\/wp\/v2\/pages\/4"}],"wp:attachment":[{"href":"https:\/\/www.muntdemots.org\/2016\/wp-json\/wp\/v2\/media?parent=8339"}],"curies":[{"name":"wp","href":"https:\/\/api.w.org\/{rel}","templated":true}]}}