{"id":255,"date":"2015-07-31T00:01:52","date_gmt":"2015-07-31T00:01:52","guid":{"rendered":"http:\/\/www.muntdemots.org\/"},"modified":"2016-09-25T15:49:05","modified_gmt":"2016-09-25T15:49:05","slug":"credits","status":"publish","type":"page","link":"https:\/\/www.muntdemots.org\/2016\/credits\/","title":{"rendered":"Cr\u00e8dits"},"content":{"rendered":"<p><strong>ORGANITZA:<\/strong><\/p>\n<p><img decoding=\"async\" loading=\"lazy\" class=\"alignright wp-image-8496\" src=\"http:\/\/www.muntdemots.org\/2016\/wp-content\/uploads\/2015\/07\/logo_pati_nomeslletres-300x244.png\" alt=\"logo_pati_nomeslletres\" width=\"235\" height=\"191\" srcset=\"https:\/\/www.muntdemots.org\/2016\/wp-content\/uploads\/2015\/07\/logo_pati_nomeslletres-300x244.png 300w, https:\/\/www.muntdemots.org\/2016\/wp-content\/uploads\/2015\/07\/logo_pati_nomeslletres.png 499w\" sizes=\"(max-width: 235px) 100vw, 235px\" \/><\/p>\n<p><img decoding=\"async\" loading=\"lazy\" class=\"alignleft wp-image-8497\" src=\"http:\/\/www.muntdemots.org\/2016\/wp-content\/uploads\/2015\/07\/munt-de-paraules-300x223.jpg\" alt=\"munt-de-paraules\" width=\"278\" height=\"207\" srcset=\"https:\/\/www.muntdemots.org\/2016\/wp-content\/uploads\/2015\/07\/munt-de-paraules-300x223.jpg 300w, https:\/\/www.muntdemots.org\/2016\/wp-content\/uploads\/2015\/07\/munt-de-paraules.jpg 307w\" sizes=\"(max-width: 278px) 100vw, 278px\" \/><\/p>\n<p>&nbsp;<\/p>\n<p>&nbsp;<\/p>\n<p>&nbsp;<\/p>\n<p>&nbsp;<\/p>\n<p>&nbsp;<\/p>\n<p>&nbsp;<\/p>\n<p><strong>PATROCINA:<\/strong><\/p>\n<p><a class=\"title\" href=\"http:\/\/www.diba.es\/biblioteques\/\" target=\"_blank\"><img decoding=\"async\" loading=\"lazy\" src=\"http:\/\/www.muntdemots.org\/2013\/wp-content\/uploads\/2013\/07\/logo-BIBLIO.jpg\" alt=\"\" width=\"167\" height=\"65\" \/><\/a><\/p>\n<p><img decoding=\"async\" loading=\"lazy\" src=\"http:\/\/www.muntdemots.org\/2013\/wp-content\/uploads\/2013\/07\/logo-CC.jpg\" alt=\"\" width=\"166\" height=\"83\" \/><\/p>\n<p>&nbsp;<\/p>\n<p>&nbsp;<\/p>\n<p><strong>101 MICRO-MECENES<\/strong><\/p>\n<p><em>Moltes gr\u00e0cies!!!<\/em><\/p>\n<p>&nbsp;<\/p>\n<p>Direcci\u00f3: Rub\u00e9n Mart\u00ednez Santana<\/p>\n<p>Relacions Institucionals: Ant\u00f2nia Robles<\/p>\n<p>Gesti\u00f3 de Projecte: Judith Navarro Royo<\/p>\n<p>Comunitat i Xarxes: Alicia Molina<\/p>\n<p>Premsa i Comunicaci\u00f3: Chord\u00e1 Comunicacions<\/p>\n<p>Coordinaci\u00f3 de Munt d\u2019Il\u00b7lustracions: Maya Fern\u00e1ndez<\/p>\n<p>Internet: Juan Pablo Fuentes, Julia P\u00e9rez<\/p>\n<p>Imatge: Alekos<\/p>\n<p>Disseny Gr\u00e0fic: Ximena Chapero<\/p>\n<p>Traducci\u00f3 i correcci\u00f3: Alicia Molina, Mireia Cornudella<\/p>\n<p>Audiovisuals: Aedo Social Films<\/p>\n<p>&nbsp;<\/p>\n<p><strong>ORGANITZADORS:<\/strong><\/p>\n<p>Associaci\u00f3 Munt de Paraules<\/p>\n<p>Centre C\u00edvic Pati Llimona<\/p>\n<p>&nbsp;<\/p>\n<p><strong>PATROCINADORS:<\/strong><\/p>\n<p>Centres C\u00edvics i Culturals de Barcelona, Institut de Cultura de Barcelona, Biblioteques de Barcelona<\/p>\n<p>&nbsp;<\/p>\n<p><strong>COL\u00b7<\/strong><strong>LABORADORS<\/strong>:<\/p>\n<p>Aedo Social Films, Ajuntament de Granollers, Ateneu Roig, Asociaci\u00f3n Cultural Gallega de Barcelona, Bar Pla de la Calma, Biblioteques de Barcelona, Biblioteques de Gav\u00e0, Casa Am\u00e8rica Catalunya, Centre d\u2019Inter\u00e8s en la Narraci\u00f3 Oral (Biblioteca Vila de Gr\u00e0cia), Contes i Cuentos, Editorial Baula, Editorial Edelvives, Ediciones Ekar\u00e9, Festival De F\u00e0bula, Furafollas Agrupaci\u00f3n Teatral, Harlem Jazz Club, Libros del Zorro Rojo, Libros de las Malas Compa\u00f1\u00edas, Llibreria Pebre Negre, Museu de la M\u00fasica,\u00a0 Roca Umbert, F.A., Red Internacional de Cuentacuentos, Revista Libr\u00fajula, Tabarlot Restaurant, Taleia Cultura, Transit Proyectes.<\/p>\n<p>&nbsp;<\/p>\n<p><strong>MEDIA PARTNERS<\/strong><\/p>\n<p>N\u00favol.com, R\u00e0dio Molins de Rei<\/p>\n<p>&nbsp;<\/p>\n<p>&nbsp;<\/p>\n<p>&nbsp;<\/p>\n","protected":false},"excerpt":{"rendered":"<p>ORGANITZA: &nbsp; &nbsp; &nbsp; &nbsp; &nbsp; &nbsp; PATROCINA: &nbsp; &nbsp; 101 MICRO-MECENES Moltes gr\u00e0cies!!! &nbsp; Direcci\u00f3: Rub\u00e9n Mart\u00ednez Santana Relacions Institucionals: Ant\u00f2nia Robles Gesti\u00f3 de Projecte: Judith Navarro Royo Comunitat i Xarxes: Alicia Molina Premsa i Comunicaci\u00f3: Chord\u00e1 Comunicacions Coordinaci\u00f3 de Munt d\u2019Il\u00b7lustracions: Maya Fern\u00e1ndez Internet: Juan Pablo Fuentes, Julia P\u00e9rez Imatge: Alekos Disseny Gr\u00e0fic: [&hellip;]<\/p>\n","protected":false},"author":1,"featured_media":0,"parent":0,"menu_order":0,"comment_status":"open","ping_status":"closed","template":"","meta":{"_mi_skip_tracking":false},"yoast_head":"<!-- This site is optimized with the Yoast SEO plugin v20.5 - https:\/\/yoast.com\/wordpress\/plugins\/seo\/ -->\n<title>Cr\u00e8dits - Munt de Mots<\/title>\n<meta name=\"robots\" content=\"index, follow, max-snippet:-1, max-image-preview:large, max-video-preview:-1\" \/>\n<link rel=\"canonical\" href=\"http:\/\/www.muntdemots.org\/2016\/credits\/\" \/>\n<meta property=\"og:locale\" content=\"ca_ES\" \/>\n<meta property=\"og:type\" content=\"article\" \/>\n<meta property=\"og:title\" content=\"Cr\u00e8dits - Munt de Mots\" \/>\n<meta property=\"og:description\" content=\"ORGANITZA: &nbsp; &nbsp; &nbsp; &nbsp; &nbsp; &nbsp; PATROCINA: &nbsp; &nbsp; 101 MICRO-MECENES Moltes gr\u00e0cies!!! &nbsp; Direcci\u00f3: Rub\u00e9n Mart\u00ednez Santana Relacions Institucionals: Ant\u00f2nia Robles Gesti\u00f3 de Projecte: Judith Navarro Royo Comunitat i Xarxes: Alicia Molina Premsa i Comunicaci\u00f3: Chord\u00e1 Comunicacions Coordinaci\u00f3 de Munt d\u2019Il\u00b7lustracions: Maya Fern\u00e1ndez Internet: Juan Pablo Fuentes, Julia P\u00e9rez Imatge: Alekos Disseny Gr\u00e0fic: [&hellip;]\" \/>\n<meta property=\"og:url\" content=\"http:\/\/www.muntdemots.org\/2016\/credits\/\" \/>\n<meta property=\"og:site_name\" content=\"Munt de Mots\" \/>\n<meta property=\"article:publisher\" content=\"https:\/\/www.facebook.com\/FestivalMuntdeMots\" \/>\n<meta property=\"article:modified_time\" content=\"2016-09-25T15:49:05+00:00\" \/>\n<meta property=\"og:image\" content=\"http:\/\/www.muntdemots.org\/2016\/wp-content\/uploads\/2015\/07\/logo_pati_nomeslletres-300x244.png\" \/>\n<meta name=\"twitter:card\" content=\"summary_large_image\" \/>\n<meta name=\"twitter:site\" content=\"@muntdemots\" \/>\n<meta name=\"twitter:label1\" content=\"Temps estimat de lectura\" \/>\n\t<meta name=\"twitter:data1\" content=\"1 minut\" \/>\n<script type=\"application\/ld+json\" class=\"yoast-schema-graph\">{\"@context\":\"https:\/\/schema.org\",\"@graph\":[{\"@type\":\"WebPage\",\"@id\":\"http:\/\/www.muntdemots.org\/2016\/credits\/\",\"url\":\"http:\/\/www.muntdemots.org\/2016\/credits\/\",\"name\":\"Cr\u00e8dits - Munt de Mots\",\"isPartOf\":{\"@id\":\"http:\/\/www.muntdemots.org\/2016\/#website\"},\"datePublished\":\"2015-07-31T00:01:52+00:00\",\"dateModified\":\"2016-09-25T15:49:05+00:00\",\"breadcrumb\":{\"@id\":\"http:\/\/www.muntdemots.org\/2016\/credits\/#breadcrumb\"},\"inLanguage\":\"ca\",\"potentialAction\":[{\"@type\":\"ReadAction\",\"target\":[\"http:\/\/www.muntdemots.org\/2016\/credits\/\"]}]},{\"@type\":\"BreadcrumbList\",\"@id\":\"http:\/\/www.muntdemots.org\/2016\/credits\/#breadcrumb\",\"itemListElement\":[{\"@type\":\"ListItem\",\"position\":1,\"name\":\"Inici\",\"item\":\"http:\/\/www.muntdemots.org\/2016\/\"},{\"@type\":\"ListItem\",\"position\":2,\"name\":\"Cr\u00e8dits\"}]},{\"@type\":\"WebSite\",\"@id\":\"http:\/\/www.muntdemots.org\/2016\/#website\",\"url\":\"http:\/\/www.muntdemots.org\/2016\/\",\"name\":\"Munt de Mots\",\"description\":\"\",\"potentialAction\":[{\"@type\":\"SearchAction\",\"target\":{\"@type\":\"EntryPoint\",\"urlTemplate\":\"http:\/\/www.muntdemots.org\/2016\/?s={search_term_string}\"},\"query-input\":\"required name=search_term_string\"}],\"inLanguage\":\"ca\"}]}<\/script>\n<!-- \/ Yoast SEO plugin. -->","yoast_head_json":{"title":"Cr\u00e8dits - Munt de Mots","robots":{"index":"index","follow":"follow","max-snippet":"max-snippet:-1","max-image-preview":"max-image-preview:large","max-video-preview":"max-video-preview:-1"},"canonical":"http:\/\/www.muntdemots.org\/2016\/credits\/","og_locale":"ca_ES","og_type":"article","og_title":"Cr\u00e8dits - Munt de Mots","og_description":"ORGANITZA: &nbsp; &nbsp; &nbsp; &nbsp; &nbsp; &nbsp; PATROCINA: &nbsp; &nbsp; 101 MICRO-MECENES Moltes gr\u00e0cies!!! &nbsp; Direcci\u00f3: Rub\u00e9n Mart\u00ednez Santana Relacions Institucionals: Ant\u00f2nia Robles Gesti\u00f3 de Projecte: Judith Navarro Royo Comunitat i Xarxes: Alicia Molina Premsa i Comunicaci\u00f3: Chord\u00e1 Comunicacions Coordinaci\u00f3 de Munt d\u2019Il\u00b7lustracions: Maya Fern\u00e1ndez Internet: Juan Pablo Fuentes, Julia P\u00e9rez Imatge: Alekos Disseny Gr\u00e0fic: [&hellip;]","og_url":"http:\/\/www.muntdemots.org\/2016\/credits\/","og_site_name":"Munt de Mots","article_publisher":"https:\/\/www.facebook.com\/FestivalMuntdeMots","article_modified_time":"2016-09-25T15:49:05+00:00","og_image":[{"url":"http:\/\/www.muntdemots.org\/2016\/wp-content\/uploads\/2015\/07\/logo_pati_nomeslletres-300x244.png"}],"twitter_card":"summary_large_image","twitter_site":"@muntdemots","twitter_misc":{"Temps estimat de lectura":"1 minut"},"schema":{"@context":"https:\/\/schema.org","@graph":[{"@type":"WebPage","@id":"http:\/\/www.muntdemots.org\/2016\/credits\/","url":"http:\/\/www.muntdemots.org\/2016\/credits\/","name":"Cr\u00e8dits - Munt de Mots","isPartOf":{"@id":"http:\/\/www.muntdemots.org\/2016\/#website"},"datePublished":"2015-07-31T00:01:52+00:00","dateModified":"2016-09-25T15:49:05+00:00","breadcrumb":{"@id":"http:\/\/www.muntdemots.org\/2016\/credits\/#breadcrumb"},"inLanguage":"ca","potentialAction":[{"@type":"ReadAction","target":["http:\/\/www.muntdemots.org\/2016\/credits\/"]}]},{"@type":"BreadcrumbList","@id":"http:\/\/www.muntdemots.org\/2016\/credits\/#breadcrumb","itemListElement":[{"@type":"ListItem","position":1,"name":"Inici","item":"http:\/\/www.muntdemots.org\/2016\/"},{"@type":"ListItem","position":2,"name":"Cr\u00e8dits"}]},{"@type":"WebSite","@id":"http:\/\/www.muntdemots.org\/2016\/#website","url":"http:\/\/www.muntdemots.org\/2016\/","name":"Munt de Mots","description":"","potentialAction":[{"@type":"SearchAction","target":{"@type":"EntryPoint","urlTemplate":"http:\/\/www.muntdemots.org\/2016\/?s={search_term_string}"},"query-input":"required name=search_term_string"}],"inLanguage":"ca"}]}},"_links":{"self":[{"href":"https:\/\/www.muntdemots.org\/2016\/wp-json\/wp\/v2\/pages\/255"}],"collection":[{"href":"https:\/\/www.muntdemots.org\/2016\/wp-json\/wp\/v2\/pages"}],"about":[{"href":"https:\/\/www.muntdemots.org\/2016\/wp-json\/wp\/v2\/types\/page"}],"author":[{"embeddable":true,"href":"https:\/\/www.muntdemots.org\/2016\/wp-json\/wp\/v2\/users\/1"}],"replies":[{"embeddable":true,"href":"https:\/\/www.muntdemots.org\/2016\/wp-json\/wp\/v2\/comments?post=255"}],"version-history":[{"count":71,"href":"https:\/\/www.muntdemots.org\/2016\/wp-json\/wp\/v2\/pages\/255\/revisions"}],"predecessor-version":[{"id":8523,"href":"https:\/\/www.muntdemots.org\/2016\/wp-json\/wp\/v2\/pages\/255\/revisions\/8523"}],"wp:attachment":[{"href":"https:\/\/www.muntdemots.org\/2016\/wp-json\/wp\/v2\/media?parent=255"}],"curies":[{"name":"wp","href":"https:\/\/api.w.org\/{rel}","templated":true}]}}