{"id":8105,"date":"2015-09-28T11:10:04","date_gmt":"2015-09-28T11:10:04","guid":{"rendered":"http:\/\/www.muntdemots.org\/2015\/?page_id=8105"},"modified":"2015-10-04T20:36:52","modified_gmt":"2015-10-04T20:36:52","slug":"contes-als-hospitals","status":"publish","type":"page","link":"https:\/\/www.muntdemots.org\/2015\/contes-als-hospitals\/","title":{"rendered":"Contes als hospitals"},"content":{"rendered":"<h3><strong>CONTES ALS HOSPITALS<\/strong><\/h3>\n<p><strong>HOSPITAL CL\u00cdNIC<\/strong><br \/>\n<strong>Hora:\u00a010.15h<\/strong><br \/>\nSessi\u00f3 per a joves. Psiquiatria<\/p>\n<p><strong>HOSPITAL DE LA SANTA CREU I SANT PAU<\/strong><br \/>\n<strong>Hora: 11h<\/strong><br \/>\nSessi\u00f3 infantil<\/p>\n<p><strong>HOSPITAL SANT JOAN DE D\u00c9U<\/strong><br \/>\n<strong> Hora: 17.30h<\/strong><br \/>\nSessi\u00f3 infantil<\/p>\n","protected":false},"excerpt":{"rendered":"<p>CONTES ALS HOSPITALS HOSPITAL CL\u00cdNIC Hora:\u00a010.15h Sessi\u00f3 per a joves. Psiquiatria HOSPITAL DE LA SANTA CREU I SANT PAU Hora: 11h Sessi\u00f3 infantil HOSPITAL SANT JOAN DE D\u00c9U Hora: 17.30h Sessi\u00f3 infantil<\/p>\n","protected":false},"author":1,"featured_media":0,"parent":0,"menu_order":0,"comment_status":"closed","ping_status":"closed","template":"","meta":{"_mi_skip_tracking":false},"yoast_head":"<!-- This site is optimized with the Yoast SEO plugin v20.5 - https:\/\/yoast.com\/wordpress\/plugins\/seo\/ -->\n<title>Contes als hospitals - Munt de Mots<\/title>\n<meta name=\"robots\" content=\"index, follow, max-snippet:-1, max-image-preview:large, max-video-preview:-1\" \/>\n<link rel=\"canonical\" href=\"https:\/\/www.muntdemots.org\/2015\/contes-als-hospitals\/\" \/>\n<meta property=\"og:locale\" content=\"ca_ES\" \/>\n<meta property=\"og:type\" content=\"article\" \/>\n<meta property=\"og:title\" content=\"Contes als hospitals - Munt de Mots\" \/>\n<meta property=\"og:description\" content=\"CONTES ALS HOSPITALS HOSPITAL CL\u00cdNIC Hora:\u00a010.15h Sessi\u00f3 per a joves. Psiquiatria HOSPITAL DE LA SANTA CREU I SANT PAU Hora: 11h Sessi\u00f3 infantil HOSPITAL SANT JOAN DE D\u00c9U Hora: 17.30h Sessi\u00f3 infantil\" \/>\n<meta property=\"og:url\" content=\"https:\/\/www.muntdemots.org\/2015\/contes-als-hospitals\/\" \/>\n<meta property=\"og:site_name\" content=\"Munt de Mots\" \/>\n<meta property=\"article:publisher\" content=\"https:\/\/www.facebook.com\/FestivalMuntdeMots\" \/>\n<meta property=\"article:modified_time\" content=\"2015-10-04T20:36:52+00:00\" \/>\n<meta name=\"twitter:card\" content=\"summary_large_image\" \/>\n<meta name=\"twitter:site\" content=\"@muntdemots\" \/>\n<script type=\"application\/ld+json\" class=\"yoast-schema-graph\">{\"@context\":\"https:\/\/schema.org\",\"@graph\":[{\"@type\":\"WebPage\",\"@id\":\"https:\/\/www.muntdemots.org\/2015\/contes-als-hospitals\/\",\"url\":\"https:\/\/www.muntdemots.org\/2015\/contes-als-hospitals\/\",\"name\":\"Contes als hospitals - Munt de Mots\",\"isPartOf\":{\"@id\":\"http:\/\/www.muntdemots.org\/2015\/#website\"},\"datePublished\":\"2015-09-28T11:10:04+00:00\",\"dateModified\":\"2015-10-04T20:36:52+00:00\",\"breadcrumb\":{\"@id\":\"https:\/\/www.muntdemots.org\/2015\/contes-als-hospitals\/#breadcrumb\"},\"inLanguage\":\"ca\",\"potentialAction\":[{\"@type\":\"ReadAction\",\"target\":[\"https:\/\/www.muntdemots.org\/2015\/contes-als-hospitals\/\"]}]},{\"@type\":\"BreadcrumbList\",\"@id\":\"https:\/\/www.muntdemots.org\/2015\/contes-als-hospitals\/#breadcrumb\",\"itemListElement\":[{\"@type\":\"ListItem\",\"position\":1,\"name\":\"Inici\",\"item\":\"http:\/\/www.muntdemots.org\/2015\/\"},{\"@type\":\"ListItem\",\"position\":2,\"name\":\"Contes als hospitals\"}]},{\"@type\":\"WebSite\",\"@id\":\"http:\/\/www.muntdemots.org\/2015\/#website\",\"url\":\"http:\/\/www.muntdemots.org\/2015\/\",\"name\":\"Munt de Mots\",\"description\":\"\",\"potentialAction\":[{\"@type\":\"SearchAction\",\"target\":{\"@type\":\"EntryPoint\",\"urlTemplate\":\"http:\/\/www.muntdemots.org\/2015\/?s={search_term_string}\"},\"query-input\":\"required name=search_term_string\"}],\"inLanguage\":\"ca\"}]}<\/script>\n<!-- \/ Yoast SEO plugin. -->","yoast_head_json":{"title":"Contes als hospitals - Munt de Mots","robots":{"index":"index","follow":"follow","max-snippet":"max-snippet:-1","max-image-preview":"max-image-preview:large","max-video-preview":"max-video-preview:-1"},"canonical":"https:\/\/www.muntdemots.org\/2015\/contes-als-hospitals\/","og_locale":"ca_ES","og_type":"article","og_title":"Contes als hospitals - Munt de Mots","og_description":"CONTES ALS HOSPITALS HOSPITAL CL\u00cdNIC Hora:\u00a010.15h Sessi\u00f3 per a joves. Psiquiatria HOSPITAL DE LA SANTA CREU I SANT PAU Hora: 11h Sessi\u00f3 infantil HOSPITAL SANT JOAN DE D\u00c9U Hora: 17.30h Sessi\u00f3 infantil","og_url":"https:\/\/www.muntdemots.org\/2015\/contes-als-hospitals\/","og_site_name":"Munt de Mots","article_publisher":"https:\/\/www.facebook.com\/FestivalMuntdeMots","article_modified_time":"2015-10-04T20:36:52+00:00","twitter_card":"summary_large_image","twitter_site":"@muntdemots","schema":{"@context":"https:\/\/schema.org","@graph":[{"@type":"WebPage","@id":"https:\/\/www.muntdemots.org\/2015\/contes-als-hospitals\/","url":"https:\/\/www.muntdemots.org\/2015\/contes-als-hospitals\/","name":"Contes als hospitals - Munt de Mots","isPartOf":{"@id":"http:\/\/www.muntdemots.org\/2015\/#website"},"datePublished":"2015-09-28T11:10:04+00:00","dateModified":"2015-10-04T20:36:52+00:00","breadcrumb":{"@id":"https:\/\/www.muntdemots.org\/2015\/contes-als-hospitals\/#breadcrumb"},"inLanguage":"ca","potentialAction":[{"@type":"ReadAction","target":["https:\/\/www.muntdemots.org\/2015\/contes-als-hospitals\/"]}]},{"@type":"BreadcrumbList","@id":"https:\/\/www.muntdemots.org\/2015\/contes-als-hospitals\/#breadcrumb","itemListElement":[{"@type":"ListItem","position":1,"name":"Inici","item":"http:\/\/www.muntdemots.org\/2015\/"},{"@type":"ListItem","position":2,"name":"Contes als hospitals"}]},{"@type":"WebSite","@id":"http:\/\/www.muntdemots.org\/2015\/#website","url":"http:\/\/www.muntdemots.org\/2015\/","name":"Munt de Mots","description":"","potentialAction":[{"@type":"SearchAction","target":{"@type":"EntryPoint","urlTemplate":"http:\/\/www.muntdemots.org\/2015\/?s={search_term_string}"},"query-input":"required name=search_term_string"}],"inLanguage":"ca"}]}},"_links":{"self":[{"href":"https:\/\/www.muntdemots.org\/2015\/wp-json\/wp\/v2\/pages\/8105"}],"collection":[{"href":"https:\/\/www.muntdemots.org\/2015\/wp-json\/wp\/v2\/pages"}],"about":[{"href":"https:\/\/www.muntdemots.org\/2015\/wp-json\/wp\/v2\/types\/page"}],"author":[{"embeddable":true,"href":"https:\/\/www.muntdemots.org\/2015\/wp-json\/wp\/v2\/users\/1"}],"replies":[{"embeddable":true,"href":"https:\/\/www.muntdemots.org\/2015\/wp-json\/wp\/v2\/comments?post=8105"}],"version-history":[{"count":2,"href":"https:\/\/www.muntdemots.org\/2015\/wp-json\/wp\/v2\/pages\/8105\/revisions"}],"predecessor-version":[{"id":8136,"href":"https:\/\/www.muntdemots.org\/2015\/wp-json\/wp\/v2\/pages\/8105\/revisions\/8136"}],"wp:attachment":[{"href":"https:\/\/www.muntdemots.org\/2015\/wp-json\/wp\/v2\/media?parent=8105"}],"curies":[{"name":"wp","href":"https:\/\/api.w.org\/{rel}","templated":true}]}}