{"id":7918,"date":"2015-09-15T11:41:20","date_gmt":"2015-09-15T11:41:20","guid":{"rendered":"http:\/\/www.muntdemots.org\/2015\/?page_id=7918"},"modified":"2015-09-21T09:53:09","modified_gmt":"2015-09-21T09:53:09","slug":"vivim-del-cuentu-catalunya","status":"publish","type":"page","link":"https:\/\/www.muntdemots.org\/2015\/participants\/vivim-del-cuentu-catalunya\/","title":{"rendered":"Vivim del Cuentu (Catalunya)"},"content":{"rendered":"<p><a href=\"http:\/\/www.muntdemots.org\/2015\/wp-content\/uploads\/2015\/09\/VIVIM-DEL-CUENTU.jpg\"><img decoding=\"async\" loading=\"lazy\" class=\"size-medium wp-image-7920 alignright\" src=\"http:\/\/www.muntdemots.org\/2015\/wp-content\/uploads\/2015\/09\/VIVIM-DEL-CUENTU-300x200.jpg\" alt=\"Presentaci\u00f3 d'Els quatre porquets - Vivim del Cuentu\" width=\"300\" height=\"200\" srcset=\"https:\/\/www.muntdemots.org\/2015\/wp-content\/uploads\/2015\/09\/VIVIM-DEL-CUENTU-300x200.jpg 300w, https:\/\/www.muntdemots.org\/2015\/wp-content\/uploads\/2015\/09\/VIVIM-DEL-CUENTU-1024x683.jpg 1024w, https:\/\/www.muntdemots.org\/2015\/wp-content\/uploads\/2015\/09\/VIVIM-DEL-CUENTU-420x280.jpg 420w\" sizes=\"(max-width: 300px) 100vw, 300px\" \/><\/a><\/p>\n<p>S\u00f3n un grup de set rondallaires que van n\u00e9ixer el desembre del 2006 per tal de fer arribar els contes i les hist\u00f2ries de la tradici\u00f3 oral a petits i grans d\u2019arreu del pa\u00eds. Com a grup creuen en el poder dels contes per educar, per fer pensar, per transmetre valors i tamb\u00e9, \u00e9s clar, per entretenir. \u00c9s m\u00e9s, consideren que no hi ha inf\u00e0ncia sense contes que potenci\u00efn la imaginaci\u00f3 i la creativitat dels nens i nenes.<\/p>\n<p>&nbsp;<\/p>\n<hr \/>\n<p>CONFER\u00c8NCIA<br \/>\n<strong>DESEXPLICANT HIST\u00d2RIES <\/strong><\/p>\n<p>Veiem que algunes moralines o alguns prototips, sobretot els femenins, han quedat anquilosats i de mica en mica despla\u00e7ats. \u00c9s per aix\u00f2 que des de Vivim del Cuentu ens vam proposar una fita: \u201cdesexplicar\u201d els conegud\u00edssims contes cl\u00e0ssics per adaptar-los millor al nostre moment actual i al m\u00f3n que ens toca viure avui en dia.<\/p>\n<p>Adults \/ Catal\u00e0<br \/>\nDIJOUS 22<br \/>\nHora: 19.30 h<br \/>\n<a href=\"http:\/\/www.muntdemots.org\/2015\/locations\/biblioteca-vila-de-gracia-3\/\" target=\"_blank\">CENTRE D\u2019INTER\u00c8S EN LA NARRACI\u00d3 ORAL BIBLIOTECA VILA DE GR\u00c0CIA<\/a><br \/>\nActivitat gratu\u00efta<\/p>\n<p>&nbsp;<\/p>\n<hr \/>\n<p><strong>CANTA I BALLA EL CONTE! <\/strong><\/p>\n<p>Contes ballats i cantats? O danses i can\u00e7ons contades? Els culs m\u00e9s inquiets podran cantar i ballar, alhora que gaudiran d\u2019una bonica hist\u00f2ria relacionada amb cada ball i cada can\u00e7\u00f3.<\/p>\n<p>Infantil \/ Catal\u00e0<br \/>\nDIVENDRES 23<br \/>\nHora: 18.00 h<br \/>\n<a href=\"http:\/\/www.muntdemots.org\/2015\/locations\/centre-civic-cotxeres-borrell-2\/\" target=\"_blank\">CENTRE C\u00cdVIC COTXERES BORRELL<\/a><br \/>\nActivitat gratu\u00efta<\/p>\n<p>&nbsp;<\/p>\n<p>&nbsp;<\/p>\n","protected":false},"excerpt":{"rendered":"<p>S\u00f3n un grup de set rondallaires que van n\u00e9ixer el desembre del 2006 per tal de fer arribar els contes i les hist\u00f2ries de la tradici\u00f3 oral a petits i grans d\u2019arreu del pa\u00eds. Com a grup creuen en el poder dels contes per educar, per fer pensar, per transmetre valors i tamb\u00e9, \u00e9s clar, [&hellip;]<\/p>\n","protected":false},"author":28,"featured_media":0,"parent":4,"menu_order":0,"comment_status":"closed","ping_status":"closed","template":"","meta":{"_mi_skip_tracking":false},"yoast_head":"<!-- This site is optimized with the Yoast SEO plugin v20.5 - https:\/\/yoast.com\/wordpress\/plugins\/seo\/ -->\n<title>Vivim del Cuentu (Catalunya) - Munt de Mots<\/title>\n<meta name=\"robots\" content=\"index, follow, max-snippet:-1, max-image-preview:large, max-video-preview:-1\" \/>\n<link rel=\"canonical\" href=\"http:\/\/www.muntdemots.org\/2015\/participants\/vivim-del-cuentu-catalunya\/\" \/>\n<meta property=\"og:locale\" content=\"ca_ES\" \/>\n<meta property=\"og:type\" content=\"article\" \/>\n<meta property=\"og:title\" content=\"Vivim del Cuentu (Catalunya) - Munt de Mots\" \/>\n<meta property=\"og:description\" content=\"S\u00f3n un grup de set rondallaires que van n\u00e9ixer el desembre del 2006 per tal de fer arribar els contes i les hist\u00f2ries de la tradici\u00f3 oral a petits i grans d\u2019arreu del pa\u00eds. Com a grup creuen en el poder dels contes per educar, per fer pensar, per transmetre valors i tamb\u00e9, \u00e9s clar, [&hellip;]\" \/>\n<meta property=\"og:url\" content=\"http:\/\/www.muntdemots.org\/2015\/participants\/vivim-del-cuentu-catalunya\/\" \/>\n<meta property=\"og:site_name\" content=\"Munt de Mots\" \/>\n<meta property=\"article:publisher\" content=\"https:\/\/www.facebook.com\/FestivalMuntdeMots\" \/>\n<meta property=\"article:modified_time\" content=\"2015-09-21T09:53:09+00:00\" \/>\n<meta property=\"og:image\" content=\"http:\/\/www.muntdemots.org\/2015\/wp-content\/uploads\/2015\/09\/VIVIM-DEL-CUENTU-300x200.jpg\" \/>\n<meta name=\"twitter:card\" content=\"summary_large_image\" \/>\n<meta name=\"twitter:site\" content=\"@muntdemots\" \/>\n<meta name=\"twitter:label1\" content=\"Temps estimat de lectura\" \/>\n\t<meta name=\"twitter:data1\" content=\"1 minut\" \/>\n<script type=\"application\/ld+json\" class=\"yoast-schema-graph\">{\"@context\":\"https:\/\/schema.org\",\"@graph\":[{\"@type\":\"WebPage\",\"@id\":\"http:\/\/www.muntdemots.org\/2015\/participants\/vivim-del-cuentu-catalunya\/\",\"url\":\"http:\/\/www.muntdemots.org\/2015\/participants\/vivim-del-cuentu-catalunya\/\",\"name\":\"Vivim del Cuentu (Catalunya) - Munt de Mots\",\"isPartOf\":{\"@id\":\"http:\/\/www.muntdemots.org\/2015\/#website\"},\"datePublished\":\"2015-09-15T11:41:20+00:00\",\"dateModified\":\"2015-09-21T09:53:09+00:00\",\"breadcrumb\":{\"@id\":\"http:\/\/www.muntdemots.org\/2015\/participants\/vivim-del-cuentu-catalunya\/#breadcrumb\"},\"inLanguage\":\"ca\",\"potentialAction\":[{\"@type\":\"ReadAction\",\"target\":[\"http:\/\/www.muntdemots.org\/2015\/participants\/vivim-del-cuentu-catalunya\/\"]}]},{\"@type\":\"BreadcrumbList\",\"@id\":\"http:\/\/www.muntdemots.org\/2015\/participants\/vivim-del-cuentu-catalunya\/#breadcrumb\",\"itemListElement\":[{\"@type\":\"ListItem\",\"position\":1,\"name\":\"Inici\",\"item\":\"http:\/\/www.muntdemots.org\/2015\/\"},{\"@type\":\"ListItem\",\"position\":2,\"name\":\"Participants\",\"item\":\"https:\/\/www.muntdemots.org\/2015\/participants\/\"},{\"@type\":\"ListItem\",\"position\":3,\"name\":\"Vivim del Cuentu (Catalunya)\"}]},{\"@type\":\"WebSite\",\"@id\":\"http:\/\/www.muntdemots.org\/2015\/#website\",\"url\":\"http:\/\/www.muntdemots.org\/2015\/\",\"name\":\"Munt de Mots\",\"description\":\"\",\"potentialAction\":[{\"@type\":\"SearchAction\",\"target\":{\"@type\":\"EntryPoint\",\"urlTemplate\":\"http:\/\/www.muntdemots.org\/2015\/?s={search_term_string}\"},\"query-input\":\"required name=search_term_string\"}],\"inLanguage\":\"ca\"}]}<\/script>\n<!-- \/ Yoast SEO plugin. -->","yoast_head_json":{"title":"Vivim del Cuentu (Catalunya) - Munt de Mots","robots":{"index":"index","follow":"follow","max-snippet":"max-snippet:-1","max-image-preview":"max-image-preview:large","max-video-preview":"max-video-preview:-1"},"canonical":"http:\/\/www.muntdemots.org\/2015\/participants\/vivim-del-cuentu-catalunya\/","og_locale":"ca_ES","og_type":"article","og_title":"Vivim del Cuentu (Catalunya) - Munt de Mots","og_description":"S\u00f3n un grup de set rondallaires que van n\u00e9ixer el desembre del 2006 per tal de fer arribar els contes i les hist\u00f2ries de la tradici\u00f3 oral a petits i grans d\u2019arreu del pa\u00eds. Com a grup creuen en el poder dels contes per educar, per fer pensar, per transmetre valors i tamb\u00e9, \u00e9s clar, [&hellip;]","og_url":"http:\/\/www.muntdemots.org\/2015\/participants\/vivim-del-cuentu-catalunya\/","og_site_name":"Munt de Mots","article_publisher":"https:\/\/www.facebook.com\/FestivalMuntdeMots","article_modified_time":"2015-09-21T09:53:09+00:00","og_image":[{"url":"http:\/\/www.muntdemots.org\/2015\/wp-content\/uploads\/2015\/09\/VIVIM-DEL-CUENTU-300x200.jpg"}],"twitter_card":"summary_large_image","twitter_site":"@muntdemots","twitter_misc":{"Temps estimat de lectura":"1 minut"},"schema":{"@context":"https:\/\/schema.org","@graph":[{"@type":"WebPage","@id":"http:\/\/www.muntdemots.org\/2015\/participants\/vivim-del-cuentu-catalunya\/","url":"http:\/\/www.muntdemots.org\/2015\/participants\/vivim-del-cuentu-catalunya\/","name":"Vivim del Cuentu (Catalunya) - Munt de Mots","isPartOf":{"@id":"http:\/\/www.muntdemots.org\/2015\/#website"},"datePublished":"2015-09-15T11:41:20+00:00","dateModified":"2015-09-21T09:53:09+00:00","breadcrumb":{"@id":"http:\/\/www.muntdemots.org\/2015\/participants\/vivim-del-cuentu-catalunya\/#breadcrumb"},"inLanguage":"ca","potentialAction":[{"@type":"ReadAction","target":["http:\/\/www.muntdemots.org\/2015\/participants\/vivim-del-cuentu-catalunya\/"]}]},{"@type":"BreadcrumbList","@id":"http:\/\/www.muntdemots.org\/2015\/participants\/vivim-del-cuentu-catalunya\/#breadcrumb","itemListElement":[{"@type":"ListItem","position":1,"name":"Inici","item":"http:\/\/www.muntdemots.org\/2015\/"},{"@type":"ListItem","position":2,"name":"Participants","item":"https:\/\/www.muntdemots.org\/2015\/participants\/"},{"@type":"ListItem","position":3,"name":"Vivim del Cuentu (Catalunya)"}]},{"@type":"WebSite","@id":"http:\/\/www.muntdemots.org\/2015\/#website","url":"http:\/\/www.muntdemots.org\/2015\/","name":"Munt de Mots","description":"","potentialAction":[{"@type":"SearchAction","target":{"@type":"EntryPoint","urlTemplate":"http:\/\/www.muntdemots.org\/2015\/?s={search_term_string}"},"query-input":"required name=search_term_string"}],"inLanguage":"ca"}]}},"_links":{"self":[{"href":"https:\/\/www.muntdemots.org\/2015\/wp-json\/wp\/v2\/pages\/7918"}],"collection":[{"href":"https:\/\/www.muntdemots.org\/2015\/wp-json\/wp\/v2\/pages"}],"about":[{"href":"https:\/\/www.muntdemots.org\/2015\/wp-json\/wp\/v2\/types\/page"}],"author":[{"embeddable":true,"href":"https:\/\/www.muntdemots.org\/2015\/wp-json\/wp\/v2\/users\/28"}],"replies":[{"embeddable":true,"href":"https:\/\/www.muntdemots.org\/2015\/wp-json\/wp\/v2\/comments?post=7918"}],"version-history":[{"count":6,"href":"https:\/\/www.muntdemots.org\/2015\/wp-json\/wp\/v2\/pages\/7918\/revisions"}],"predecessor-version":[{"id":8016,"href":"https:\/\/www.muntdemots.org\/2015\/wp-json\/wp\/v2\/pages\/7918\/revisions\/8016"}],"up":[{"embeddable":true,"href":"https:\/\/www.muntdemots.org\/2015\/wp-json\/wp\/v2\/pages\/4"}],"wp:attachment":[{"href":"https:\/\/www.muntdemots.org\/2015\/wp-json\/wp\/v2\/media?parent=7918"}],"curies":[{"name":"wp","href":"https:\/\/api.w.org\/{rel}","templated":true}]}}