{"id":7916,"date":"2015-09-15T11:38:51","date_gmt":"2015-09-15T11:38:51","guid":{"rendered":"http:\/\/www.muntdemots.org\/2015\/?page_id=7916"},"modified":"2015-10-20T16:29:05","modified_gmt":"2015-10-20T16:29:05","slug":"troupe-almazen-catalunya","status":"publish","type":"page","link":"https:\/\/www.muntdemots.org\/2015\/participants\/troupe-almazen-catalunya\/","title":{"rendered":"Troupe Almazen (Catalunya)"},"content":{"rendered":"<p><strong>\u00a0<\/strong>Grup interdisplinar que compta amb els m\u00fasics Papanatas Band<\/p>\n<p>(Martademarte&amp;Alfredo), la narradora Mar i la pallassa Mac Novara.<\/p>\n<p><strong>\u00a0<\/strong><\/p>\n<p><strong>\u00a0<\/strong><strong>\u00a0<\/strong><\/p>\n<p>&nbsp;<\/p>\n<hr \/>\n<p><strong>CONTESMUSICLOWN <\/strong><\/p>\n<p>Contes d\u2019ahir i de sempre en clau <em>clown<\/em>, acompanyats dels m\u00fasics Papanatas Band (Martademarte&amp;Alfredo). La narradora Mar i la pallassa Mac Novara contant i cantant en un espai de creaci\u00f3 i difusi\u00f3 art\u00edstica en ple cor del Raval.<\/p>\n<p>Familiar \/ Catal\u00e0<br \/>\nDISSABTE 24<br \/>\nHora: 12.30 h<br \/>\n<a href=\"http:\/\/www.muntdemots.org\/2015\/locations\/almazen\/\"> ALMAZEN<\/a><br \/>\nTaquilla: 8\u20ac \/ socis i Atr\u00e1palo: 6\u20ac Entrades anticipades: 5\u20ac<\/p>\n<p>&nbsp;<\/p>\n","protected":false},"excerpt":{"rendered":"<p>\u00a0Grup interdisplinar que compta amb els m\u00fasics Papanatas Band (Martademarte&amp;Alfredo), la narradora Mar i la pallassa Mac Novara. \u00a0 \u00a0\u00a0 &nbsp; CONTESMUSICLOWN Contes d\u2019ahir i de sempre en clau clown, acompanyats dels m\u00fasics Papanatas Band (Martademarte&amp;Alfredo). La narradora Mar i la pallassa Mac Novara contant i cantant en un espai de creaci\u00f3 i difusi\u00f3 art\u00edstica [&hellip;]<\/p>\n","protected":false},"author":28,"featured_media":0,"parent":4,"menu_order":0,"comment_status":"closed","ping_status":"closed","template":"","meta":{"_mi_skip_tracking":false},"yoast_head":"<!-- This site is optimized with the Yoast SEO plugin v20.5 - https:\/\/yoast.com\/wordpress\/plugins\/seo\/ -->\n<title>Troupe Almazen (Catalunya) - Munt de Mots<\/title>\n<meta name=\"robots\" content=\"index, follow, max-snippet:-1, max-image-preview:large, max-video-preview:-1\" \/>\n<link rel=\"canonical\" href=\"https:\/\/www.muntdemots.org\/2015\/participants\/troupe-almazen-catalunya\/\" \/>\n<meta property=\"og:locale\" content=\"ca_ES\" \/>\n<meta property=\"og:type\" content=\"article\" \/>\n<meta property=\"og:title\" content=\"Troupe Almazen (Catalunya) - Munt de Mots\" \/>\n<meta property=\"og:description\" content=\"\u00a0Grup interdisplinar que compta amb els m\u00fasics Papanatas Band (Martademarte&amp;Alfredo), la narradora Mar i la pallassa Mac Novara. \u00a0 \u00a0\u00a0 &nbsp; CONTESMUSICLOWN Contes d\u2019ahir i de sempre en clau clown, acompanyats dels m\u00fasics Papanatas Band (Martademarte&amp;Alfredo). La narradora Mar i la pallassa Mac Novara contant i cantant en un espai de creaci\u00f3 i difusi\u00f3 art\u00edstica [&hellip;]\" \/>\n<meta property=\"og:url\" content=\"https:\/\/www.muntdemots.org\/2015\/participants\/troupe-almazen-catalunya\/\" \/>\n<meta property=\"og:site_name\" content=\"Munt de Mots\" \/>\n<meta property=\"article:publisher\" content=\"https:\/\/www.facebook.com\/FestivalMuntdeMots\" \/>\n<meta property=\"article:modified_time\" content=\"2015-10-20T16:29:05+00:00\" \/>\n<meta name=\"twitter:card\" content=\"summary_large_image\" \/>\n<meta name=\"twitter:site\" content=\"@muntdemots\" \/>\n<script type=\"application\/ld+json\" class=\"yoast-schema-graph\">{\"@context\":\"https:\/\/schema.org\",\"@graph\":[{\"@type\":\"WebPage\",\"@id\":\"https:\/\/www.muntdemots.org\/2015\/participants\/troupe-almazen-catalunya\/\",\"url\":\"https:\/\/www.muntdemots.org\/2015\/participants\/troupe-almazen-catalunya\/\",\"name\":\"Troupe Almazen (Catalunya) - Munt de Mots\",\"isPartOf\":{\"@id\":\"http:\/\/www.muntdemots.org\/2015\/#website\"},\"datePublished\":\"2015-09-15T11:38:51+00:00\",\"dateModified\":\"2015-10-20T16:29:05+00:00\",\"breadcrumb\":{\"@id\":\"https:\/\/www.muntdemots.org\/2015\/participants\/troupe-almazen-catalunya\/#breadcrumb\"},\"inLanguage\":\"ca\",\"potentialAction\":[{\"@type\":\"ReadAction\",\"target\":[\"https:\/\/www.muntdemots.org\/2015\/participants\/troupe-almazen-catalunya\/\"]}]},{\"@type\":\"BreadcrumbList\",\"@id\":\"https:\/\/www.muntdemots.org\/2015\/participants\/troupe-almazen-catalunya\/#breadcrumb\",\"itemListElement\":[{\"@type\":\"ListItem\",\"position\":1,\"name\":\"Inici\",\"item\":\"http:\/\/www.muntdemots.org\/2015\/\"},{\"@type\":\"ListItem\",\"position\":2,\"name\":\"Participants\",\"item\":\"https:\/\/www.muntdemots.org\/2015\/participants\/\"},{\"@type\":\"ListItem\",\"position\":3,\"name\":\"Troupe Almazen (Catalunya)\"}]},{\"@type\":\"WebSite\",\"@id\":\"http:\/\/www.muntdemots.org\/2015\/#website\",\"url\":\"http:\/\/www.muntdemots.org\/2015\/\",\"name\":\"Munt de Mots\",\"description\":\"\",\"potentialAction\":[{\"@type\":\"SearchAction\",\"target\":{\"@type\":\"EntryPoint\",\"urlTemplate\":\"http:\/\/www.muntdemots.org\/2015\/?s={search_term_string}\"},\"query-input\":\"required name=search_term_string\"}],\"inLanguage\":\"ca\"}]}<\/script>\n<!-- \/ Yoast SEO plugin. -->","yoast_head_json":{"title":"Troupe Almazen (Catalunya) - Munt de Mots","robots":{"index":"index","follow":"follow","max-snippet":"max-snippet:-1","max-image-preview":"max-image-preview:large","max-video-preview":"max-video-preview:-1"},"canonical":"https:\/\/www.muntdemots.org\/2015\/participants\/troupe-almazen-catalunya\/","og_locale":"ca_ES","og_type":"article","og_title":"Troupe Almazen (Catalunya) - Munt de Mots","og_description":"\u00a0Grup interdisplinar que compta amb els m\u00fasics Papanatas Band (Martademarte&amp;Alfredo), la narradora Mar i la pallassa Mac Novara. \u00a0 \u00a0\u00a0 &nbsp; CONTESMUSICLOWN Contes d\u2019ahir i de sempre en clau clown, acompanyats dels m\u00fasics Papanatas Band (Martademarte&amp;Alfredo). La narradora Mar i la pallassa Mac Novara contant i cantant en un espai de creaci\u00f3 i difusi\u00f3 art\u00edstica [&hellip;]","og_url":"https:\/\/www.muntdemots.org\/2015\/participants\/troupe-almazen-catalunya\/","og_site_name":"Munt de Mots","article_publisher":"https:\/\/www.facebook.com\/FestivalMuntdeMots","article_modified_time":"2015-10-20T16:29:05+00:00","twitter_card":"summary_large_image","twitter_site":"@muntdemots","schema":{"@context":"https:\/\/schema.org","@graph":[{"@type":"WebPage","@id":"https:\/\/www.muntdemots.org\/2015\/participants\/troupe-almazen-catalunya\/","url":"https:\/\/www.muntdemots.org\/2015\/participants\/troupe-almazen-catalunya\/","name":"Troupe Almazen (Catalunya) - Munt de Mots","isPartOf":{"@id":"http:\/\/www.muntdemots.org\/2015\/#website"},"datePublished":"2015-09-15T11:38:51+00:00","dateModified":"2015-10-20T16:29:05+00:00","breadcrumb":{"@id":"https:\/\/www.muntdemots.org\/2015\/participants\/troupe-almazen-catalunya\/#breadcrumb"},"inLanguage":"ca","potentialAction":[{"@type":"ReadAction","target":["https:\/\/www.muntdemots.org\/2015\/participants\/troupe-almazen-catalunya\/"]}]},{"@type":"BreadcrumbList","@id":"https:\/\/www.muntdemots.org\/2015\/participants\/troupe-almazen-catalunya\/#breadcrumb","itemListElement":[{"@type":"ListItem","position":1,"name":"Inici","item":"http:\/\/www.muntdemots.org\/2015\/"},{"@type":"ListItem","position":2,"name":"Participants","item":"https:\/\/www.muntdemots.org\/2015\/participants\/"},{"@type":"ListItem","position":3,"name":"Troupe Almazen (Catalunya)"}]},{"@type":"WebSite","@id":"http:\/\/www.muntdemots.org\/2015\/#website","url":"http:\/\/www.muntdemots.org\/2015\/","name":"Munt de Mots","description":"","potentialAction":[{"@type":"SearchAction","target":{"@type":"EntryPoint","urlTemplate":"http:\/\/www.muntdemots.org\/2015\/?s={search_term_string}"},"query-input":"required name=search_term_string"}],"inLanguage":"ca"}]}},"_links":{"self":[{"href":"https:\/\/www.muntdemots.org\/2015\/wp-json\/wp\/v2\/pages\/7916"}],"collection":[{"href":"https:\/\/www.muntdemots.org\/2015\/wp-json\/wp\/v2\/pages"}],"about":[{"href":"https:\/\/www.muntdemots.org\/2015\/wp-json\/wp\/v2\/types\/page"}],"author":[{"embeddable":true,"href":"https:\/\/www.muntdemots.org\/2015\/wp-json\/wp\/v2\/users\/28"}],"replies":[{"embeddable":true,"href":"https:\/\/www.muntdemots.org\/2015\/wp-json\/wp\/v2\/comments?post=7916"}],"version-history":[{"count":3,"href":"https:\/\/www.muntdemots.org\/2015\/wp-json\/wp\/v2\/pages\/7916\/revisions"}],"predecessor-version":[{"id":8184,"href":"https:\/\/www.muntdemots.org\/2015\/wp-json\/wp\/v2\/pages\/7916\/revisions\/8184"}],"up":[{"embeddable":true,"href":"https:\/\/www.muntdemots.org\/2015\/wp-json\/wp\/v2\/pages\/4"}],"wp:attachment":[{"href":"https:\/\/www.muntdemots.org\/2015\/wp-json\/wp\/v2\/media?parent=7916"}],"curies":[{"name":"wp","href":"https:\/\/api.w.org\/{rel}","templated":true}]}}