{"id":7889,"date":"2015-09-15T11:17:30","date_gmt":"2015-09-15T11:17:30","guid":{"rendered":"http:\/\/www.muntdemots.org\/2015\/?page_id=7889"},"modified":"2015-10-24T14:08:28","modified_gmt":"2015-10-24T14:08:28","slug":"la-paraula-trobada-marato-de-contes-infantils-diversos-narradorses","status":"publish","type":"page","link":"https:\/\/www.muntdemots.org\/2015\/participants\/la-paraula-trobada-marato-de-contes-infantils-diversos-narradorses\/","title":{"rendered":"LA PARAULA TROBADA (Marat\u00f3 de Contes Infantils Diversos narradors\/es)"},"content":{"rendered":"<p>Arran de l\u2019\u00e8xit de l\u2019anterior edici\u00f3, la Marat\u00f3 de Contes Infantil \u201cLa Paraula Trobada\u201d torna. Aquest cop amb la participaci\u00f3 de Cuentos al Son, Ivet Vilar, Mariana Santana, Gogaritxi i Txitxinabo, Alejandro Jorge Lento i, com a convidats especials, Vivim del Cuentu i els seus Contes Desexplicats.<\/p>\n<p>&nbsp;<\/p>\n<hr \/>\n<p><strong><a href=\"http:\/\/www.muntdemots.org\/2015\/wp-content\/uploads\/2015\/09\/LA-PARAULA-TROBADA-GOGARITXI.jpg\"><img decoding=\"async\" loading=\"lazy\" class=\"alignright size-medium wp-image-7893\" src=\"http:\/\/www.muntdemots.org\/2015\/wp-content\/uploads\/2015\/09\/LA-PARAULA-TROBADA-GOGARITXI-300x225.jpg\" alt=\"LA PARAULA TROBADA- GOGARITXI\" width=\"300\" height=\"225\" srcset=\"https:\/\/www.muntdemots.org\/2015\/wp-content\/uploads\/2015\/09\/LA-PARAULA-TROBADA-GOGARITXI-300x225.jpg 300w, https:\/\/www.muntdemots.org\/2015\/wp-content\/uploads\/2015\/09\/LA-PARAULA-TROBADA-GOGARITXI.jpg 640w\" sizes=\"(max-width: 300px) 100vw, 300px\" \/><\/a>Gogaritxi\u00a0<\/strong><\/p>\n<p>S\u00f3c\u00a0 Gogaritxi i vinc del planeta Jupiturno. Em dedico a viatjar per tot el planeta Terra amb Vindicontes, contes per reivindicar la vida. Les rondalles i contes que conec s\u00f3n petits regals orals que les meves germanes alien\u00edgenes, els gnoms, les elfas i les meves \u00e0viesles bruixes m\u2019han anat transmetent al llarg dels temps. Tamb\u00e9 porto un barret m\u00e0gic pleeeee de contes meravellosos per combatre el sexisme i el racisme, per denunciar les viol\u00e8ncies de g\u00e8nere i reivindicar els drets humans, sobretot els drets de les nenes i dones doblement vulnerats\u201d<\/p>\n<p>&nbsp;<\/p>\n<p><strong>Txitxinabo<\/strong><\/p>\n<p>Jo s\u00f3c\u00a0 Txitxinabo , vinc tamb\u00e9 d\u2019un planeta lluny\u00e0 per\u00f2 mai m\u2019acordo si \u00e9s de\u00a0Plutoni o de Ganimart&#8230; Viatjo d\u2019una gal\u00e0xia a una altra amb la meva nau atrotinada recollint tot tipus d\u2019hist\u00f2ries i contes. Un dia que Gogaritxi cap a autoestop enmig de l\u2019espai la vaig recollir amb la meva sorollosa nau. Aviat ens vam adonar que els dos ten\u00edem la mateixa passi\u00f3 per explicar&#8230; Contes de tot el m\u00f3n, contes no sexistes i fascinants, relats fant\u00e0stics, rondalles amb personatges excepcionals, contes per la igualtat i la diversitat\u201d.<\/p>\n<p>&nbsp;<\/p>\n<hr \/>\n<p><strong>Ivet Villar<\/strong><a href=\"http:\/\/www.muntdemots.org\/2015\/wp-content\/uploads\/2015\/09\/LA-PARAULA-TROBADA-IVET.jpg\"><img decoding=\"async\" loading=\"lazy\" class=\"alignright size-medium wp-image-8039\" src=\"http:\/\/www.muntdemots.org\/2015\/wp-content\/uploads\/2015\/09\/LA-PARAULA-TROBADA-IVET-244x300.jpg\" alt=\"LA PARAULA TROBADA- IVET\" width=\"244\" height=\"300\" srcset=\"https:\/\/www.muntdemots.org\/2015\/wp-content\/uploads\/2015\/09\/LA-PARAULA-TROBADA-IVET-244x300.jpg 244w, https:\/\/www.muntdemots.org\/2015\/wp-content\/uploads\/2015\/09\/LA-PARAULA-TROBADA-IVET.jpg 326w\" sizes=\"(max-width: 244px) 100vw, 244px\" \/><\/a><\/p>\n<p><strong>LA VELLA QUE VIVIA DINS UNS SETRILL<\/strong><\/p>\n<p>Encara que no us ho cregueu hi havia una vegada una vella que vivia en un setrill. A la vella no li agradava gens viure-hi per\u00f2 amb l&#8217;ajuda d&#8217;una fada tot canvia.<\/p>\n<p>&nbsp;<\/p>\n<p>&nbsp;<\/p>\n<p>&nbsp;<\/p>\n<p>&nbsp;<\/p>\n<hr \/>\n<p><strong>De moment fant\u00e0stics<\/strong><\/p>\n<p><a href=\"http:\/\/www.muntdemots.org\/2015\/wp-content\/uploads\/2015\/10\/MG_2571_2.jpg\"><img decoding=\"async\" loading=\"lazy\" class=\"alignright size-medium wp-image-8191\" src=\"http:\/\/www.muntdemots.org\/2015\/wp-content\/uploads\/2015\/10\/MG_2571_2-200x300.jpg\" alt=\"_MG_2571_2\" width=\"200\" height=\"300\" srcset=\"https:\/\/www.muntdemots.org\/2015\/wp-content\/uploads\/2015\/10\/MG_2571_2-200x300.jpg 200w, https:\/\/www.muntdemots.org\/2015\/wp-content\/uploads\/2015\/10\/MG_2571_2-683x1024.jpg 683w\" sizes=\"(max-width: 200px) 100vw, 200px\" \/><\/a><\/p>\n<p>De moment fant\u00e0stics neix del desig de fer arribar a infants i adults el m\u00f3n m\u00e0gic dels contes i la m\u00fasica.Provenint de diferents disciplines art\u00edstiques, els membres del grup es coneixen\u00a0treballant amb infants i decideixen comen\u00e7ar un projecte junts. Aquest projecte els portar\u00e0 a crear espectacles familiars que incorporen\u00a0contes de tota la vida i contes propis, i on aquests contes\u00a0s\u2019enllacen\u00a0i s\u2019acompanyen amb la m\u00fasica en directe d\u2019una viola i una guitarra.\u00a0De moment fant\u00e0stics ha actuat en nombroses sales i escoles de Catalunya, com la sala Imagina\u2019t de l\u2019Hospitalet de Llobregat o\u00a0l\u2019ateneu L\u2019Alian\u00e7a de Lli\u00e7\u00e0 d\u2019Amunt. Tamb\u00e9 ha realitzat actuacions a l\u2019aire lliure, a la pla\u00e7a Perpiny\u00e0 de Granollers dins el programa de festa major entre d\u2019altres.\u00a0De moment fant\u00e0stics est\u00e0 format per Joaquim Fargas, Ramon Buira i Maria Amor\u00f3s.<\/p>\n<p>&nbsp;<\/p>\n<p>&nbsp;<\/p>\n<hr \/>\n<p><strong><a href=\"http:\/\/www.muntdemots.org\/2015\/wp-content\/uploads\/2015\/10\/11230029_933523170054461_364318804988882283_n.jpg\"><img decoding=\"async\" loading=\"lazy\" class=\"alignright size-medium wp-image-8262\" src=\"http:\/\/www.muntdemots.org\/2015\/wp-content\/uploads\/2015\/10\/11230029_933523170054461_364318804988882283_n-300x223.jpg\" alt=\"11230029_933523170054461_364318804988882283_n\" width=\"300\" height=\"223\" srcset=\"https:\/\/www.muntdemots.org\/2015\/wp-content\/uploads\/2015\/10\/11230029_933523170054461_364318804988882283_n-300x223.jpg 300w, https:\/\/www.muntdemots.org\/2015\/wp-content\/uploads\/2015\/10\/11230029_933523170054461_364318804988882283_n.jpg 960w\" sizes=\"(max-width: 300px) 100vw, 300px\" \/><\/a>Mar Gonz\u00e1lez Novell<\/strong><\/p>\n<p>Narradora y mediadora de lectura. Fa ja molts anys, en una sessi\u00f3 de narraci\u00f3, va escoltar un conte que la va impactar amb tanta intensitat que des d&#8217;aquell moment s&#8217;ha dedicat a compartir les histories i emocions arreu amb persones de totes les edats i condicionas. Ha explicat contes a escoles, instituts, patis i jardins i fins hi tot al balc\u00f3 d&#8217;un ajuntament.<\/p>\n<p>Ha contat a molts punts de la geograf\u00eda espanyola i ha participat en festivals nacionals i internacionals (Tenerife, Argentina&#8230;)<\/p>\n<div class=\"yj6qo ajU\">\n<div id=\":1e2\" class=\"ajR\" tabindex=\"0\" data-tooltip=\"Oculta el contenido ampliado\"><img decoding=\"async\" class=\"ajT\" src=\"https:\/\/ssl.gstatic.com\/ui\/v1\/icons\/mail\/images\/cleardot.gif\" alt=\"\" \/><\/div>\n<\/div>\n<p>Infantil \/ Catal\u00e0 i castell\u00e0<br \/>\nHora: d\u201911.00 h a 13.00 h<br \/>\n<a href=\"http:\/\/www.muntdemots.org\/2015\/locations\/biblioteca-francesca-bonnemaison\/\">BIBLIOTECA FRANCESCA BONNEMAISON<\/a><br \/>\nActivitat gratu\u00efta<\/p>\n<p>&nbsp;<\/p>\n","protected":false},"excerpt":{"rendered":"<p>Arran de l\u2019\u00e8xit de l\u2019anterior edici\u00f3, la Marat\u00f3 de Contes Infantil \u201cLa Paraula Trobada\u201d torna. Aquest cop amb la participaci\u00f3 de Cuentos al Son, Ivet Vilar, Mariana Santana, Gogaritxi i Txitxinabo, Alejandro Jorge Lento i, com a convidats especials, Vivim del Cuentu i els seus Contes Desexplicats. &nbsp; Gogaritxi\u00a0 S\u00f3c\u00a0 Gogaritxi i vinc del planeta [&hellip;]<\/p>\n","protected":false},"author":28,"featured_media":0,"parent":4,"menu_order":0,"comment_status":"closed","ping_status":"closed","template":"","meta":{"_mi_skip_tracking":false},"yoast_head":"<!-- This site is optimized with the Yoast SEO plugin v20.5 - https:\/\/yoast.com\/wordpress\/plugins\/seo\/ -->\n<title>LA PARAULA TROBADA (Marat\u00f3 de Contes Infantils Diversos narradors\/es) - Munt de Mots<\/title>\n<meta name=\"robots\" content=\"index, follow, max-snippet:-1, max-image-preview:large, max-video-preview:-1\" \/>\n<link rel=\"canonical\" href=\"http:\/\/www.muntdemots.org\/2015\/participants\/la-paraula-trobada-marato-de-contes-infantils-diversos-narradorses\/\" \/>\n<meta property=\"og:locale\" content=\"ca_ES\" \/>\n<meta property=\"og:type\" content=\"article\" \/>\n<meta property=\"og:title\" content=\"LA PARAULA TROBADA (Marat\u00f3 de Contes Infantils Diversos narradors\/es) - Munt de Mots\" \/>\n<meta property=\"og:description\" content=\"Arran de l\u2019\u00e8xit de l\u2019anterior edici\u00f3, la Marat\u00f3 de Contes Infantil \u201cLa Paraula Trobada\u201d torna. Aquest cop amb la participaci\u00f3 de Cuentos al Son, Ivet Vilar, Mariana Santana, Gogaritxi i Txitxinabo, Alejandro Jorge Lento i, com a convidats especials, Vivim del Cuentu i els seus Contes Desexplicats. &nbsp; Gogaritxi\u00a0 S\u00f3c\u00a0 Gogaritxi i vinc del planeta [&hellip;]\" \/>\n<meta property=\"og:url\" content=\"http:\/\/www.muntdemots.org\/2015\/participants\/la-paraula-trobada-marato-de-contes-infantils-diversos-narradorses\/\" \/>\n<meta property=\"og:site_name\" content=\"Munt de Mots\" \/>\n<meta property=\"article:publisher\" content=\"https:\/\/www.facebook.com\/FestivalMuntdeMots\" \/>\n<meta property=\"article:modified_time\" content=\"2015-10-24T14:08:28+00:00\" \/>\n<meta property=\"og:image\" content=\"http:\/\/www.muntdemots.org\/2015\/wp-content\/uploads\/2015\/09\/LA-PARAULA-TROBADA-GOGARITXI-300x225.jpg\" \/>\n<meta name=\"twitter:card\" content=\"summary_large_image\" \/>\n<meta name=\"twitter:site\" content=\"@muntdemots\" \/>\n<meta name=\"twitter:label1\" content=\"Temps estimat de lectura\" \/>\n\t<meta name=\"twitter:data1\" content=\"3 minuts\" \/>\n<script type=\"application\/ld+json\" class=\"yoast-schema-graph\">{\"@context\":\"https:\/\/schema.org\",\"@graph\":[{\"@type\":\"WebPage\",\"@id\":\"http:\/\/www.muntdemots.org\/2015\/participants\/la-paraula-trobada-marato-de-contes-infantils-diversos-narradorses\/\",\"url\":\"http:\/\/www.muntdemots.org\/2015\/participants\/la-paraula-trobada-marato-de-contes-infantils-diversos-narradorses\/\",\"name\":\"LA PARAULA TROBADA (Marat\u00f3 de Contes Infantils Diversos narradors\/es) - Munt de Mots\",\"isPartOf\":{\"@id\":\"http:\/\/www.muntdemots.org\/2015\/#website\"},\"datePublished\":\"2015-09-15T11:17:30+00:00\",\"dateModified\":\"2015-10-24T14:08:28+00:00\",\"breadcrumb\":{\"@id\":\"http:\/\/www.muntdemots.org\/2015\/participants\/la-paraula-trobada-marato-de-contes-infantils-diversos-narradorses\/#breadcrumb\"},\"inLanguage\":\"ca\",\"potentialAction\":[{\"@type\":\"ReadAction\",\"target\":[\"http:\/\/www.muntdemots.org\/2015\/participants\/la-paraula-trobada-marato-de-contes-infantils-diversos-narradorses\/\"]}]},{\"@type\":\"BreadcrumbList\",\"@id\":\"http:\/\/www.muntdemots.org\/2015\/participants\/la-paraula-trobada-marato-de-contes-infantils-diversos-narradorses\/#breadcrumb\",\"itemListElement\":[{\"@type\":\"ListItem\",\"position\":1,\"name\":\"Inici\",\"item\":\"http:\/\/www.muntdemots.org\/2015\/\"},{\"@type\":\"ListItem\",\"position\":2,\"name\":\"Participants\",\"item\":\"https:\/\/www.muntdemots.org\/2015\/participants\/\"},{\"@type\":\"ListItem\",\"position\":3,\"name\":\"LA PARAULA TROBADA (Marat\u00f3 de Contes Infantils Diversos narradors\/es)\"}]},{\"@type\":\"WebSite\",\"@id\":\"http:\/\/www.muntdemots.org\/2015\/#website\",\"url\":\"http:\/\/www.muntdemots.org\/2015\/\",\"name\":\"Munt de Mots\",\"description\":\"\",\"potentialAction\":[{\"@type\":\"SearchAction\",\"target\":{\"@type\":\"EntryPoint\",\"urlTemplate\":\"http:\/\/www.muntdemots.org\/2015\/?s={search_term_string}\"},\"query-input\":\"required name=search_term_string\"}],\"inLanguage\":\"ca\"}]}<\/script>\n<!-- \/ Yoast SEO plugin. -->","yoast_head_json":{"title":"LA PARAULA TROBADA (Marat\u00f3 de Contes Infantils Diversos narradors\/es) - Munt de Mots","robots":{"index":"index","follow":"follow","max-snippet":"max-snippet:-1","max-image-preview":"max-image-preview:large","max-video-preview":"max-video-preview:-1"},"canonical":"http:\/\/www.muntdemots.org\/2015\/participants\/la-paraula-trobada-marato-de-contes-infantils-diversos-narradorses\/","og_locale":"ca_ES","og_type":"article","og_title":"LA PARAULA TROBADA (Marat\u00f3 de Contes Infantils Diversos narradors\/es) - Munt de Mots","og_description":"Arran de l\u2019\u00e8xit de l\u2019anterior edici\u00f3, la Marat\u00f3 de Contes Infantil \u201cLa Paraula Trobada\u201d torna. Aquest cop amb la participaci\u00f3 de Cuentos al Son, Ivet Vilar, Mariana Santana, Gogaritxi i Txitxinabo, Alejandro Jorge Lento i, com a convidats especials, Vivim del Cuentu i els seus Contes Desexplicats. &nbsp; Gogaritxi\u00a0 S\u00f3c\u00a0 Gogaritxi i vinc del planeta [&hellip;]","og_url":"http:\/\/www.muntdemots.org\/2015\/participants\/la-paraula-trobada-marato-de-contes-infantils-diversos-narradorses\/","og_site_name":"Munt de Mots","article_publisher":"https:\/\/www.facebook.com\/FestivalMuntdeMots","article_modified_time":"2015-10-24T14:08:28+00:00","og_image":[{"url":"http:\/\/www.muntdemots.org\/2015\/wp-content\/uploads\/2015\/09\/LA-PARAULA-TROBADA-GOGARITXI-300x225.jpg"}],"twitter_card":"summary_large_image","twitter_site":"@muntdemots","twitter_misc":{"Temps estimat de lectura":"3 minuts"},"schema":{"@context":"https:\/\/schema.org","@graph":[{"@type":"WebPage","@id":"http:\/\/www.muntdemots.org\/2015\/participants\/la-paraula-trobada-marato-de-contes-infantils-diversos-narradorses\/","url":"http:\/\/www.muntdemots.org\/2015\/participants\/la-paraula-trobada-marato-de-contes-infantils-diversos-narradorses\/","name":"LA PARAULA TROBADA (Marat\u00f3 de Contes Infantils Diversos narradors\/es) - Munt de Mots","isPartOf":{"@id":"http:\/\/www.muntdemots.org\/2015\/#website"},"datePublished":"2015-09-15T11:17:30+00:00","dateModified":"2015-10-24T14:08:28+00:00","breadcrumb":{"@id":"http:\/\/www.muntdemots.org\/2015\/participants\/la-paraula-trobada-marato-de-contes-infantils-diversos-narradorses\/#breadcrumb"},"inLanguage":"ca","potentialAction":[{"@type":"ReadAction","target":["http:\/\/www.muntdemots.org\/2015\/participants\/la-paraula-trobada-marato-de-contes-infantils-diversos-narradorses\/"]}]},{"@type":"BreadcrumbList","@id":"http:\/\/www.muntdemots.org\/2015\/participants\/la-paraula-trobada-marato-de-contes-infantils-diversos-narradorses\/#breadcrumb","itemListElement":[{"@type":"ListItem","position":1,"name":"Inici","item":"http:\/\/www.muntdemots.org\/2015\/"},{"@type":"ListItem","position":2,"name":"Participants","item":"https:\/\/www.muntdemots.org\/2015\/participants\/"},{"@type":"ListItem","position":3,"name":"LA PARAULA TROBADA (Marat\u00f3 de Contes Infantils Diversos narradors\/es)"}]},{"@type":"WebSite","@id":"http:\/\/www.muntdemots.org\/2015\/#website","url":"http:\/\/www.muntdemots.org\/2015\/","name":"Munt de Mots","description":"","potentialAction":[{"@type":"SearchAction","target":{"@type":"EntryPoint","urlTemplate":"http:\/\/www.muntdemots.org\/2015\/?s={search_term_string}"},"query-input":"required name=search_term_string"}],"inLanguage":"ca"}]}},"_links":{"self":[{"href":"https:\/\/www.muntdemots.org\/2015\/wp-json\/wp\/v2\/pages\/7889"}],"collection":[{"href":"https:\/\/www.muntdemots.org\/2015\/wp-json\/wp\/v2\/pages"}],"about":[{"href":"https:\/\/www.muntdemots.org\/2015\/wp-json\/wp\/v2\/types\/page"}],"author":[{"embeddable":true,"href":"https:\/\/www.muntdemots.org\/2015\/wp-json\/wp\/v2\/users\/28"}],"replies":[{"embeddable":true,"href":"https:\/\/www.muntdemots.org\/2015\/wp-json\/wp\/v2\/comments?post=7889"}],"version-history":[{"count":16,"href":"https:\/\/www.muntdemots.org\/2015\/wp-json\/wp\/v2\/pages\/7889\/revisions"}],"predecessor-version":[{"id":8265,"href":"https:\/\/www.muntdemots.org\/2015\/wp-json\/wp\/v2\/pages\/7889\/revisions\/8265"}],"up":[{"embeddable":true,"href":"https:\/\/www.muntdemots.org\/2015\/wp-json\/wp\/v2\/pages\/4"}],"wp:attachment":[{"href":"https:\/\/www.muntdemots.org\/2015\/wp-json\/wp\/v2\/media?parent=7889"}],"curies":[{"name":"wp","href":"https:\/\/api.w.org\/{rel}","templated":true}]}}