{"id":7871,"date":"2015-09-15T10:59:08","date_gmt":"2015-09-15T10:59:08","guid":{"rendered":"http:\/\/www.muntdemots.org\/2015\/?page_id=7871"},"modified":"2015-09-17T10:31:59","modified_gmt":"2015-09-17T10:31:59","slug":"arnau-vilardebo-catalunya","status":"publish","type":"page","link":"https:\/\/www.muntdemots.org\/2015\/participants\/arnau-vilardebo-catalunya\/","title":{"rendered":"Arnau Vilardeb\u00f2 (Catalunya)"},"content":{"rendered":"<p><a href=\"http:\/\/www.muntdemots.org\/2015\/wp-content\/uploads\/2015\/09\/Arnau-Vilardeb-\u00a6-_00741.jpg\"><img decoding=\"async\" loading=\"lazy\" class=\"alignright size-medium wp-image-7874\" src=\"http:\/\/www.muntdemots.org\/2015\/wp-content\/uploads\/2015\/09\/Arnau-Vilardeb-\u00a6-_00741-300x200.jpg\" alt=\"Arnau Vilardeb+\u00a6 _0074\" width=\"300\" height=\"200\" srcset=\"https:\/\/www.muntdemots.org\/2015\/wp-content\/uploads\/2015\/09\/Arnau-Vilardeb-\u00a6-_00741-300x200.jpg 300w, https:\/\/www.muntdemots.org\/2015\/wp-content\/uploads\/2015\/09\/Arnau-Vilardeb-\u00a6-_00741-1024x683.jpg 1024w, https:\/\/www.muntdemots.org\/2015\/wp-content\/uploads\/2015\/09\/Arnau-Vilardeb-\u00a6-_00741-420x280.jpg 420w\" sizes=\"(max-width: 300px) 100vw, 300px\" \/><\/a>Va iniciar-se en el m\u00f3n de l\u2019espectacle el 1972 amb una pe\u00e7a de Joan Brossa. Per\u00f2 l\u2019any 1990 va comen\u00e7ar a crear els seus propis espectacles especialment inspirats en la mitologia grega: <em>Ous C\u00f2smics<\/em>, <em>Taure<\/em>, <em>Escorp\u00ed<\/em>&#8230; <em>Neixen d\u00e9us<\/em>, <em>Divines seduccions<\/em>, <em>88 Infinits<\/em>, <em>Aquest S\u00edsif<\/em>.<\/p>\n<p>Ha viatjat amb ells per tot el pa\u00eds i per Col\u00f2mbia, Vene\u00e7uela, Cuba, Equador, Per\u00fa,\u00a0Xile, Argentina, Fran\u00e7a, Holanda, Alemanya, Su\u00efssa i Anglaterra. Ara t\u00e9 en projecte\u00a0potenciar la Casa dels Contes a Gr\u00e0cia (Barcelona). Es defineix a si mateix com a\u00a0contaire.<\/p>\n<p>&nbsp;<\/p>\n<hr \/>\n<p><strong>DIVINES SEDUCCIONS <\/strong><\/p>\n<p>Mitologia grega amb humor, \u00e9s a dir, seriosa i acad\u00e8mica. La humanitat va inventar les divinitats a partir dels seus gustos i desitjos. Escollirem alguns relats entre els d\u2019Eros, Zeus, Europa, Pers\u00e8fone, Adonis, Metis, N\u00e8mesis, Dion\u00eds, Hefest, Dem\u00e8ter, Hades&#8230; Som com eren i eren com som.<\/p>\n<p>Adults \/ Catal\u00e0<br \/>\nDIMARTS 20<br \/>\nHora: 19.00 h<br \/>\n<a href=\"http:\/\/www.muntdemots.org\/2015\/locations\/biblioteca-poble-nou-manuel-arranz\/\">BIBLIOTECA DE POBLE NOU<\/a><br \/>\nActivitat gratu\u00efta<\/p>\n<p>&nbsp;<\/p>\n<hr \/>\n<p><strong>DIVINES SEDUCCIONS <\/strong><\/p>\n<p>Mitologia grega amb humor, \u00e9s a dir, seriosa i acad\u00e8mica. La humanitat va inventar les divinitats a partir dels seus gustos i desitjos. Escollirem alguns relats entre els d\u2019Eros, Zeus, Europa, Pers\u00e8fone, Adonis, Metis, N\u00e8mesis, Dion\u00eds, Hefest, Dem\u00e8ter, Hades&#8230; Som com eren i eren com som.<\/p>\n<p>Adults \/ Catal\u00e0<br \/>\nDIVENDRES 23<br \/>\nHora: 19.00 h<br \/>\n<a href=\"http:\/\/www.muntdemots.org\/2015\/locations\/centre-cultural-ton-i-guida\/\">CENTRE CULTURAL TON I GUIDA<\/a><br \/>\nActivitat gratu\u00efta<\/p>\n<p>&nbsp;<\/p>\n","protected":false},"excerpt":{"rendered":"<p>Va iniciar-se en el m\u00f3n de l\u2019espectacle el 1972 amb una pe\u00e7a de Joan Brossa. Per\u00f2 l\u2019any 1990 va comen\u00e7ar a crear els seus propis espectacles especialment inspirats en la mitologia grega: Ous C\u00f2smics, Taure, Escorp\u00ed&#8230; Neixen d\u00e9us, Divines seduccions, 88 Infinits, Aquest S\u00edsif. Ha viatjat amb ells per tot el pa\u00eds i per Col\u00f2mbia, [&hellip;]<\/p>\n","protected":false},"author":28,"featured_media":0,"parent":4,"menu_order":0,"comment_status":"closed","ping_status":"closed","template":"","meta":{"_mi_skip_tracking":false},"yoast_head":"<!-- This site is optimized with the Yoast SEO plugin v20.5 - https:\/\/yoast.com\/wordpress\/plugins\/seo\/ -->\n<title>Arnau Vilardeb\u00f2 (Catalunya) - Munt de Mots<\/title>\n<meta name=\"robots\" content=\"index, follow, max-snippet:-1, max-image-preview:large, max-video-preview:-1\" \/>\n<link rel=\"canonical\" href=\"http:\/\/www.muntdemots.org\/2015\/participants\/arnau-vilardebo-catalunya\/\" \/>\n<meta property=\"og:locale\" content=\"ca_ES\" \/>\n<meta property=\"og:type\" content=\"article\" \/>\n<meta property=\"og:title\" content=\"Arnau Vilardeb\u00f2 (Catalunya) - Munt de Mots\" \/>\n<meta property=\"og:description\" content=\"Va iniciar-se en el m\u00f3n de l\u2019espectacle el 1972 amb una pe\u00e7a de Joan Brossa. Per\u00f2 l\u2019any 1990 va comen\u00e7ar a crear els seus propis espectacles especialment inspirats en la mitologia grega: Ous C\u00f2smics, Taure, Escorp\u00ed&#8230; Neixen d\u00e9us, Divines seduccions, 88 Infinits, Aquest S\u00edsif. Ha viatjat amb ells per tot el pa\u00eds i per Col\u00f2mbia, [&hellip;]\" \/>\n<meta property=\"og:url\" content=\"http:\/\/www.muntdemots.org\/2015\/participants\/arnau-vilardebo-catalunya\/\" \/>\n<meta property=\"og:site_name\" content=\"Munt de Mots\" \/>\n<meta property=\"article:publisher\" content=\"https:\/\/www.facebook.com\/FestivalMuntdeMots\" \/>\n<meta property=\"article:modified_time\" content=\"2015-09-17T10:31:59+00:00\" \/>\n<meta name=\"twitter:card\" content=\"summary_large_image\" \/>\n<meta name=\"twitter:site\" content=\"@muntdemots\" \/>\n<meta name=\"twitter:label1\" content=\"Temps estimat de lectura\" \/>\n\t<meta name=\"twitter:data1\" content=\"1 minut\" \/>\n<script type=\"application\/ld+json\" class=\"yoast-schema-graph\">{\"@context\":\"https:\/\/schema.org\",\"@graph\":[{\"@type\":\"WebPage\",\"@id\":\"http:\/\/www.muntdemots.org\/2015\/participants\/arnau-vilardebo-catalunya\/\",\"url\":\"http:\/\/www.muntdemots.org\/2015\/participants\/arnau-vilardebo-catalunya\/\",\"name\":\"Arnau Vilardeb\u00f2 (Catalunya) - Munt de Mots\",\"isPartOf\":{\"@id\":\"https:\/\/www.muntdemots.org\/2015\/#website\"},\"datePublished\":\"2015-09-15T10:59:08+00:00\",\"dateModified\":\"2015-09-17T10:31:59+00:00\",\"breadcrumb\":{\"@id\":\"http:\/\/www.muntdemots.org\/2015\/participants\/arnau-vilardebo-catalunya\/#breadcrumb\"},\"inLanguage\":\"ca\",\"potentialAction\":[{\"@type\":\"ReadAction\",\"target\":[\"http:\/\/www.muntdemots.org\/2015\/participants\/arnau-vilardebo-catalunya\/\"]}]},{\"@type\":\"BreadcrumbList\",\"@id\":\"http:\/\/www.muntdemots.org\/2015\/participants\/arnau-vilardebo-catalunya\/#breadcrumb\",\"itemListElement\":[{\"@type\":\"ListItem\",\"position\":1,\"name\":\"Inici\",\"item\":\"https:\/\/www.muntdemots.org\/2015\/\"},{\"@type\":\"ListItem\",\"position\":2,\"name\":\"Participants\",\"item\":\"http:\/\/www.muntdemots.org\/2015\/participants\/\"},{\"@type\":\"ListItem\",\"position\":3,\"name\":\"Arnau Vilardeb\u00f2 (Catalunya)\"}]},{\"@type\":\"WebSite\",\"@id\":\"https:\/\/www.muntdemots.org\/2015\/#website\",\"url\":\"https:\/\/www.muntdemots.org\/2015\/\",\"name\":\"Munt de Mots\",\"description\":\"\",\"potentialAction\":[{\"@type\":\"SearchAction\",\"target\":{\"@type\":\"EntryPoint\",\"urlTemplate\":\"https:\/\/www.muntdemots.org\/2015\/?s={search_term_string}\"},\"query-input\":\"required name=search_term_string\"}],\"inLanguage\":\"ca\"}]}<\/script>\n<!-- \/ Yoast SEO plugin. -->","yoast_head_json":{"title":"Arnau Vilardeb\u00f2 (Catalunya) - Munt de Mots","robots":{"index":"index","follow":"follow","max-snippet":"max-snippet:-1","max-image-preview":"max-image-preview:large","max-video-preview":"max-video-preview:-1"},"canonical":"http:\/\/www.muntdemots.org\/2015\/participants\/arnau-vilardebo-catalunya\/","og_locale":"ca_ES","og_type":"article","og_title":"Arnau Vilardeb\u00f2 (Catalunya) - Munt de Mots","og_description":"Va iniciar-se en el m\u00f3n de l\u2019espectacle el 1972 amb una pe\u00e7a de Joan Brossa. Per\u00f2 l\u2019any 1990 va comen\u00e7ar a crear els seus propis espectacles especialment inspirats en la mitologia grega: Ous C\u00f2smics, Taure, Escorp\u00ed&#8230; Neixen d\u00e9us, Divines seduccions, 88 Infinits, Aquest S\u00edsif. Ha viatjat amb ells per tot el pa\u00eds i per Col\u00f2mbia, [&hellip;]","og_url":"http:\/\/www.muntdemots.org\/2015\/participants\/arnau-vilardebo-catalunya\/","og_site_name":"Munt de Mots","article_publisher":"https:\/\/www.facebook.com\/FestivalMuntdeMots","article_modified_time":"2015-09-17T10:31:59+00:00","twitter_card":"summary_large_image","twitter_site":"@muntdemots","twitter_misc":{"Temps estimat de lectura":"1 minut"},"schema":{"@context":"https:\/\/schema.org","@graph":[{"@type":"WebPage","@id":"http:\/\/www.muntdemots.org\/2015\/participants\/arnau-vilardebo-catalunya\/","url":"http:\/\/www.muntdemots.org\/2015\/participants\/arnau-vilardebo-catalunya\/","name":"Arnau Vilardeb\u00f2 (Catalunya) - Munt de Mots","isPartOf":{"@id":"https:\/\/www.muntdemots.org\/2015\/#website"},"datePublished":"2015-09-15T10:59:08+00:00","dateModified":"2015-09-17T10:31:59+00:00","breadcrumb":{"@id":"http:\/\/www.muntdemots.org\/2015\/participants\/arnau-vilardebo-catalunya\/#breadcrumb"},"inLanguage":"ca","potentialAction":[{"@type":"ReadAction","target":["http:\/\/www.muntdemots.org\/2015\/participants\/arnau-vilardebo-catalunya\/"]}]},{"@type":"BreadcrumbList","@id":"http:\/\/www.muntdemots.org\/2015\/participants\/arnau-vilardebo-catalunya\/#breadcrumb","itemListElement":[{"@type":"ListItem","position":1,"name":"Inici","item":"https:\/\/www.muntdemots.org\/2015\/"},{"@type":"ListItem","position":2,"name":"Participants","item":"http:\/\/www.muntdemots.org\/2015\/participants\/"},{"@type":"ListItem","position":3,"name":"Arnau Vilardeb\u00f2 (Catalunya)"}]},{"@type":"WebSite","@id":"https:\/\/www.muntdemots.org\/2015\/#website","url":"https:\/\/www.muntdemots.org\/2015\/","name":"Munt de Mots","description":"","potentialAction":[{"@type":"SearchAction","target":{"@type":"EntryPoint","urlTemplate":"https:\/\/www.muntdemots.org\/2015\/?s={search_term_string}"},"query-input":"required name=search_term_string"}],"inLanguage":"ca"}]}},"_links":{"self":[{"href":"https:\/\/www.muntdemots.org\/2015\/wp-json\/wp\/v2\/pages\/7871"}],"collection":[{"href":"https:\/\/www.muntdemots.org\/2015\/wp-json\/wp\/v2\/pages"}],"about":[{"href":"https:\/\/www.muntdemots.org\/2015\/wp-json\/wp\/v2\/types\/page"}],"author":[{"embeddable":true,"href":"https:\/\/www.muntdemots.org\/2015\/wp-json\/wp\/v2\/users\/28"}],"replies":[{"embeddable":true,"href":"https:\/\/www.muntdemots.org\/2015\/wp-json\/wp\/v2\/comments?post=7871"}],"version-history":[{"count":4,"href":"https:\/\/www.muntdemots.org\/2015\/wp-json\/wp\/v2\/pages\/7871\/revisions"}],"predecessor-version":[{"id":7997,"href":"https:\/\/www.muntdemots.org\/2015\/wp-json\/wp\/v2\/pages\/7871\/revisions\/7997"}],"up":[{"embeddable":true,"href":"https:\/\/www.muntdemots.org\/2015\/wp-json\/wp\/v2\/pages\/4"}],"wp:attachment":[{"href":"https:\/\/www.muntdemots.org\/2015\/wp-json\/wp\/v2\/media?parent=7871"}],"curies":[{"name":"wp","href":"https:\/\/api.w.org\/{rel}","templated":true}]}}