{"id":7856,"date":"2015-09-15T10:13:29","date_gmt":"2015-09-15T10:13:29","guid":{"rendered":"http:\/\/www.muntdemots.org\/2015\/?page_id=7856"},"modified":"2015-09-15T10:27:15","modified_gmt":"2015-09-15T10:27:15","slug":"anolis-annelore-franca","status":"publish","type":"page","link":"https:\/\/www.muntdemots.org\/2015\/participants\/anolis-annelore-franca\/","title":{"rendered":"Anolis Annelore  (Fran\u00e7a)"},"content":{"rendered":"<p><a href=\"http:\/\/www.muntdemots.org\/2015\/wp-content\/uploads\/2015\/09\/ANOLIS-ANNELORE-1.jpg\"><img decoding=\"async\" loading=\"lazy\" class=\"alignright size-medium wp-image-7858\" src=\"http:\/\/www.muntdemots.org\/2015\/wp-content\/uploads\/2015\/09\/ANOLIS-ANNELORE-1-300x202.jpg\" alt=\"ANOLIS ANNELORE 1\" width=\"300\" height=\"202\" srcset=\"https:\/\/www.muntdemots.org\/2015\/wp-content\/uploads\/2015\/09\/ANOLIS-ANNELORE-1-300x202.jpg 300w, https:\/\/www.muntdemots.org\/2015\/wp-content\/uploads\/2015\/09\/ANOLIS-ANNELORE-1.jpg 695w\" sizes=\"(max-width: 300px) 100vw, 300px\" \/><\/a>De proced\u00e8ncia francesa, el conte ha format part de la seva vida des de la infantesa: va cr\u00e9ixer a cop de contes. \u00c9s llicenciada en Literatura francesa i M\u00e0ster en estudis ib\u00e8rics i llatinoamericans. Ha fet una tesi sobre el conte i l\u2019oralitat a Col\u00f2mbia i tamb\u00e9 ha pres la paraula per ella mateixa: amb un estil subtil i dol\u00e7 transmet la seva cultura a trav\u00e9s de les paraules.<\/p>\n<p>&nbsp;<\/p>\n<hr \/>\n<p><strong>CONTES DE LA PROVEN\u00c7A: LA CABRA D\u2019OR I ALTRES ENCABRONADES <\/strong><\/p>\n<p>La Proven\u00e7a \u2013sud-est de Fran\u00e7a\u2013 guarda des de l\u2019edat mitjana nombroses llegendes de tresors amagats custodiats per temibles cabres d\u2019or&#8230; Mentre un pag\u00e8s la va desafiant, una reina \u2013que s\u2019amaga en un altre conte\u2013 espera el seu torn.<\/p>\n<p>Jove \/ Franc\u00e8s<br \/>\nDIMARTS 20<br \/>\nHora: 11.00 h<br \/>\n<a href=\"http:\/\/www.muntdemots.org\/2015\/locations\/teatre-de-la-vila-palau-solita-i-plegamans\/\">TEATRE DE PALAU-SOLIT\u00c0 I PLEGAMANS<\/a><br \/>\nSessi\u00f3 escolar<\/p>\n<p>&nbsp;<\/p>\n<hr \/>\n<p><strong>EL CUENTOTO <\/strong><\/p>\n<p>Una francesa busca la seva infantesa perduda a Col\u00f2mbia. Un absurd relat desafiant la desmem\u00f2ria. Aquest espectacle, a trav\u00e9s de l\u2019absurd i la innoc\u00e8ncia fingida, entaula una reflexi\u00f3 sobre l\u2019abs\u00e8ncia dels motors de vida.<\/p>\n<p>Adults \/ Castell\u00e0<br \/>\nDIMARTS 20<br \/>\nHora: 20.00 h<br \/>\n<a href=\"http:\/\/www.muntdemots.org\/2015\/locations\/teatre-tantarantana\/\">\u00c0TIC 22 \u2013 TEATRE TANTARANTANA<\/a><br \/>\nEntrada: 6\u20ac<\/p>\n<p>&nbsp;<\/p>\n<hr \/>\n<p><strong>CUENTOS DE PROVENCE: LA CABRA DE ORO Y OTRAS ENCABRONADAS <\/strong><\/p>\n<p>La Proven\u00e7a \u2013sud-est de Fran\u00e7a\u2013 guarda des de l\u2019edat mitjana nombroses llegendes de tresors amagats custodiats per temibles cabres d\u2019or&#8230; Mentre un pag\u00e8s la va desafiant, una reina \u2013que s\u2019amaga en un altre conte\u2013 espera el seu torn.<\/p>\n<p>Infantil \/ Castell\u00e0<br \/>\nDIJOUS 22<br \/>\nHora: 18:00h<br \/>\n<a href=\"http:\/\/www.muntdemots.org\/2015\/locations\/biblioteca-jaume-fuster\/\">BIBLIOTECA JAUME FUSTER<\/a><br \/>\nActivitat gratu\u00efta<\/p>\n<p>&nbsp;<\/p>\n<hr \/>\n<p><strong>CUENTOS DE PROVENCE: LA CABRA DE ORO Y OTRAS ENCABRONADAS <\/strong><\/p>\n<p>La Proven\u00e7a \u2013sud-est de Fran\u00e7a\u2013 guarda des de l\u2019edat mitjana nombroses llegendes de tresors amagats custodiats per temibles cabres d\u2019or&#8230; Mentre un pag\u00e8s la va desafiant, una reina \u2013que s\u2019amaga en un altre conte\u2013 espera el seu torn.<\/p>\n<p>Adults \/ Castell\u00e0<br \/>\nDIVENDRES 23<br \/>\nHora: 20.00 h<br \/>\n<a href=\"http:\/\/www.muntdemots.org\/2015\/locations\/roca-umbert\/\">SALA D\u2019ACTES- ROCA UMBERT<\/a> (GRANOLLERS)<br \/>\nActivitat gratu\u00efta<\/p>\n<p>&nbsp;<\/p>\n<hr \/>\n<p><strong>CUENTOS DE PROVENCE: LA CABRA DE ORO Y OTRAS ENCABRONADAS <\/strong><\/p>\n<p>La Proven\u00e7a \u2013sud-est de Fran\u00e7a\u2013 guarda des de l\u2019edat mitjana nombroses llegendes de tresors amagats custodiats per temibles cabres d\u2019or&#8230; Mentre un pag\u00e8s la va desafiant, una reina \u2013que s\u2019amaga en un altre conte\u2013 espera el seu torn.<\/p>\n<p>Infantil \/ Castell\u00e0<br \/>\nDISSABTE 24<br \/>\nHora: 12.00 h<br \/>\n<a href=\"http:\/\/www.muntdemots.org\/2015\/locations\/biblioteca-can-sumarro\/\">BIBLIOTECA CAN SUMARRO<\/a><br \/>\nActivitat gratu\u00efta<\/p>\n","protected":false},"excerpt":{"rendered":"<p>De proced\u00e8ncia francesa, el conte ha format part de la seva vida des de la infantesa: va cr\u00e9ixer a cop de contes. \u00c9s llicenciada en Literatura francesa i M\u00e0ster en estudis ib\u00e8rics i llatinoamericans. Ha fet una tesi sobre el conte i l\u2019oralitat a Col\u00f2mbia i tamb\u00e9 ha pres la paraula per ella mateixa: amb [&hellip;]<\/p>\n","protected":false},"author":28,"featured_media":0,"parent":4,"menu_order":0,"comment_status":"closed","ping_status":"closed","template":"","meta":{"_mi_skip_tracking":false},"yoast_head":"<!-- This site is optimized with the Yoast SEO plugin v20.5 - https:\/\/yoast.com\/wordpress\/plugins\/seo\/ -->\n<title>Anolis Annelore (Fran\u00e7a) - Munt de Mots<\/title>\n<meta name=\"robots\" content=\"index, follow, max-snippet:-1, max-image-preview:large, max-video-preview:-1\" \/>\n<link rel=\"canonical\" href=\"http:\/\/www.muntdemots.org\/2015\/participants\/anolis-annelore-franca\/\" \/>\n<meta property=\"og:locale\" content=\"ca_ES\" \/>\n<meta property=\"og:type\" content=\"article\" \/>\n<meta property=\"og:title\" content=\"Anolis Annelore (Fran\u00e7a) - Munt de Mots\" \/>\n<meta property=\"og:description\" content=\"De proced\u00e8ncia francesa, el conte ha format part de la seva vida des de la infantesa: va cr\u00e9ixer a cop de contes. \u00c9s llicenciada en Literatura francesa i M\u00e0ster en estudis ib\u00e8rics i llatinoamericans. Ha fet una tesi sobre el conte i l\u2019oralitat a Col\u00f2mbia i tamb\u00e9 ha pres la paraula per ella mateixa: amb [&hellip;]\" \/>\n<meta property=\"og:url\" content=\"http:\/\/www.muntdemots.org\/2015\/participants\/anolis-annelore-franca\/\" \/>\n<meta property=\"og:site_name\" content=\"Munt de Mots\" \/>\n<meta property=\"article:publisher\" content=\"https:\/\/www.facebook.com\/FestivalMuntdeMots\" \/>\n<meta property=\"article:modified_time\" content=\"2015-09-15T10:27:15+00:00\" \/>\n<meta property=\"og:image\" content=\"http:\/\/www.muntdemots.org\/2015\/wp-content\/uploads\/2015\/09\/ANOLIS-ANNELORE-1-300x202.jpg\" \/>\n<meta name=\"twitter:card\" content=\"summary_large_image\" \/>\n<meta name=\"twitter:site\" content=\"@muntdemots\" \/>\n<meta name=\"twitter:label1\" content=\"Temps estimat de lectura\" \/>\n\t<meta name=\"twitter:data1\" content=\"2 minuts\" \/>\n<script type=\"application\/ld+json\" class=\"yoast-schema-graph\">{\"@context\":\"https:\/\/schema.org\",\"@graph\":[{\"@type\":\"WebPage\",\"@id\":\"http:\/\/www.muntdemots.org\/2015\/participants\/anolis-annelore-franca\/\",\"url\":\"http:\/\/www.muntdemots.org\/2015\/participants\/anolis-annelore-franca\/\",\"name\":\"Anolis Annelore (Fran\u00e7a) - Munt de Mots\",\"isPartOf\":{\"@id\":\"http:\/\/www.muntdemots.org\/2015\/#website\"},\"datePublished\":\"2015-09-15T10:13:29+00:00\",\"dateModified\":\"2015-09-15T10:27:15+00:00\",\"breadcrumb\":{\"@id\":\"http:\/\/www.muntdemots.org\/2015\/participants\/anolis-annelore-franca\/#breadcrumb\"},\"inLanguage\":\"ca\",\"potentialAction\":[{\"@type\":\"ReadAction\",\"target\":[\"http:\/\/www.muntdemots.org\/2015\/participants\/anolis-annelore-franca\/\"]}]},{\"@type\":\"BreadcrumbList\",\"@id\":\"http:\/\/www.muntdemots.org\/2015\/participants\/anolis-annelore-franca\/#breadcrumb\",\"itemListElement\":[{\"@type\":\"ListItem\",\"position\":1,\"name\":\"Inici\",\"item\":\"http:\/\/www.muntdemots.org\/2015\/\"},{\"@type\":\"ListItem\",\"position\":2,\"name\":\"Participants\",\"item\":\"http:\/\/www.muntdemots.org\/2015\/participants\/\"},{\"@type\":\"ListItem\",\"position\":3,\"name\":\"Anolis Annelore (Fran\u00e7a)\"}]},{\"@type\":\"WebSite\",\"@id\":\"http:\/\/www.muntdemots.org\/2015\/#website\",\"url\":\"http:\/\/www.muntdemots.org\/2015\/\",\"name\":\"Munt de Mots\",\"description\":\"\",\"potentialAction\":[{\"@type\":\"SearchAction\",\"target\":{\"@type\":\"EntryPoint\",\"urlTemplate\":\"http:\/\/www.muntdemots.org\/2015\/?s={search_term_string}\"},\"query-input\":\"required name=search_term_string\"}],\"inLanguage\":\"ca\"}]}<\/script>\n<!-- \/ Yoast SEO plugin. -->","yoast_head_json":{"title":"Anolis Annelore (Fran\u00e7a) - Munt de Mots","robots":{"index":"index","follow":"follow","max-snippet":"max-snippet:-1","max-image-preview":"max-image-preview:large","max-video-preview":"max-video-preview:-1"},"canonical":"http:\/\/www.muntdemots.org\/2015\/participants\/anolis-annelore-franca\/","og_locale":"ca_ES","og_type":"article","og_title":"Anolis Annelore (Fran\u00e7a) - Munt de Mots","og_description":"De proced\u00e8ncia francesa, el conte ha format part de la seva vida des de la infantesa: va cr\u00e9ixer a cop de contes. \u00c9s llicenciada en Literatura francesa i M\u00e0ster en estudis ib\u00e8rics i llatinoamericans. Ha fet una tesi sobre el conte i l\u2019oralitat a Col\u00f2mbia i tamb\u00e9 ha pres la paraula per ella mateixa: amb [&hellip;]","og_url":"http:\/\/www.muntdemots.org\/2015\/participants\/anolis-annelore-franca\/","og_site_name":"Munt de Mots","article_publisher":"https:\/\/www.facebook.com\/FestivalMuntdeMots","article_modified_time":"2015-09-15T10:27:15+00:00","og_image":[{"url":"http:\/\/www.muntdemots.org\/2015\/wp-content\/uploads\/2015\/09\/ANOLIS-ANNELORE-1-300x202.jpg"}],"twitter_card":"summary_large_image","twitter_site":"@muntdemots","twitter_misc":{"Temps estimat de lectura":"2 minuts"},"schema":{"@context":"https:\/\/schema.org","@graph":[{"@type":"WebPage","@id":"http:\/\/www.muntdemots.org\/2015\/participants\/anolis-annelore-franca\/","url":"http:\/\/www.muntdemots.org\/2015\/participants\/anolis-annelore-franca\/","name":"Anolis Annelore (Fran\u00e7a) - Munt de Mots","isPartOf":{"@id":"http:\/\/www.muntdemots.org\/2015\/#website"},"datePublished":"2015-09-15T10:13:29+00:00","dateModified":"2015-09-15T10:27:15+00:00","breadcrumb":{"@id":"http:\/\/www.muntdemots.org\/2015\/participants\/anolis-annelore-franca\/#breadcrumb"},"inLanguage":"ca","potentialAction":[{"@type":"ReadAction","target":["http:\/\/www.muntdemots.org\/2015\/participants\/anolis-annelore-franca\/"]}]},{"@type":"BreadcrumbList","@id":"http:\/\/www.muntdemots.org\/2015\/participants\/anolis-annelore-franca\/#breadcrumb","itemListElement":[{"@type":"ListItem","position":1,"name":"Inici","item":"http:\/\/www.muntdemots.org\/2015\/"},{"@type":"ListItem","position":2,"name":"Participants","item":"http:\/\/www.muntdemots.org\/2015\/participants\/"},{"@type":"ListItem","position":3,"name":"Anolis Annelore (Fran\u00e7a)"}]},{"@type":"WebSite","@id":"http:\/\/www.muntdemots.org\/2015\/#website","url":"http:\/\/www.muntdemots.org\/2015\/","name":"Munt de Mots","description":"","potentialAction":[{"@type":"SearchAction","target":{"@type":"EntryPoint","urlTemplate":"http:\/\/www.muntdemots.org\/2015\/?s={search_term_string}"},"query-input":"required name=search_term_string"}],"inLanguage":"ca"}]}},"_links":{"self":[{"href":"https:\/\/www.muntdemots.org\/2015\/wp-json\/wp\/v2\/pages\/7856"}],"collection":[{"href":"https:\/\/www.muntdemots.org\/2015\/wp-json\/wp\/v2\/pages"}],"about":[{"href":"https:\/\/www.muntdemots.org\/2015\/wp-json\/wp\/v2\/types\/page"}],"author":[{"embeddable":true,"href":"https:\/\/www.muntdemots.org\/2015\/wp-json\/wp\/v2\/users\/28"}],"replies":[{"embeddable":true,"href":"https:\/\/www.muntdemots.org\/2015\/wp-json\/wp\/v2\/comments?post=7856"}],"version-history":[{"count":8,"href":"https:\/\/www.muntdemots.org\/2015\/wp-json\/wp\/v2\/pages\/7856\/revisions"}],"predecessor-version":[{"id":7865,"href":"https:\/\/www.muntdemots.org\/2015\/wp-json\/wp\/v2\/pages\/7856\/revisions\/7865"}],"up":[{"embeddable":true,"href":"https:\/\/www.muntdemots.org\/2015\/wp-json\/wp\/v2\/pages\/4"}],"wp:attachment":[{"href":"https:\/\/www.muntdemots.org\/2015\/wp-json\/wp\/v2\/media?parent=7856"}],"curies":[{"name":"wp","href":"https:\/\/api.w.org\/{rel}","templated":true}]}}