{"id":7848,"date":"2015-09-15T10:08:33","date_gmt":"2015-09-15T10:08:33","guid":{"rendered":"http:\/\/www.muntdemots.org\/2015\/?page_id=7848"},"modified":"2015-09-17T10:29:26","modified_gmt":"2015-09-17T10:29:26","slug":"ana-cristina-herreros-madrid","status":"publish","type":"page","link":"https:\/\/www.muntdemots.org\/2015\/participants\/ana-cristina-herreros-madrid\/","title":{"rendered":"Ana Cristina Herreros (Madrid)"},"content":{"rendered":"<p><a href=\"http:\/\/www.muntdemots.org\/2015\/wp-content\/uploads\/2015\/09\/ANA-CRistina-Herreros.jpg\"><img decoding=\"async\" loading=\"lazy\" class=\"alignright wp-image-7852\" src=\"http:\/\/www.muntdemots.org\/2015\/wp-content\/uploads\/2015\/09\/ANA-CRistina-Herreros-199x300.jpg\" alt=\"ANA CRistina Herreros\" width=\"167\" height=\"252\" srcset=\"https:\/\/www.muntdemots.org\/2015\/wp-content\/uploads\/2015\/09\/ANA-CRistina-Herreros-199x300.jpg 199w, https:\/\/www.muntdemots.org\/2015\/wp-content\/uploads\/2015\/09\/ANA-CRistina-Herreros-680x1024.jpg 680w, https:\/\/www.muntdemots.org\/2015\/wp-content\/uploads\/2015\/09\/ANA-CRistina-Herreros.jpg 1200w\" sizes=\"(max-width: 167px) 100vw, 167px\" \/><\/a>Va n\u00e9ixer a Le\u00f3n i va arribar a la narraci\u00f3 oral a trav\u00e9s de l\u2019elaboraci\u00f3 d\u2019una tesi sobre la literatura de tradici\u00f3 oral. Per\u00f2 no es va quedar en l\u2019estudi, sin\u00f3 que va prendre la paraula i va comen\u00e7ar a narrar ella mateixa. D\u2019aix\u00f2 fa m\u00e9s de vint anys. I de la paraula va passar a l\u2019escriptura, de manera que ha publicat nombrosos llibres i ha estat tradu\u00efda i guardonada en diverses ocasions.<\/p>\n<p>&nbsp;<\/p>\n<p>&nbsp;<\/p>\n<p>&nbsp;<\/p>\n<p>&nbsp;<\/p>\n<hr \/>\n<p><strong>CUENTOS DEL MEDITERR\u00c1NEO <\/strong><\/p>\n<p>Contes que fan olor de sal, contes que fan gust d\u2019ametlles i de taronges, contes que sonen a platja, en qu\u00e8 segur que pots veure i tocar una sirena. Contes d\u2019aquest mar que ens uneix i ens separa: el mar enmig de les terres, el Mediterrani.<\/p>\n<p>Infantil +3\/ Castell\u00e0<br \/>\nDIMECRES 21<br \/>\nHora: 17.30 h<br \/>\n<a href=\"http:\/\/www.muntdemots.org\/2015\/locations\/biblioteca-josep-soler-vidal-gava\/\">BIBLIOTECA JOSEP SOLER VIDAL (GAV\u00c0)<\/a><br \/>\nActivitat gratu\u00efta<\/p>\n<p>&nbsp;<\/p>\n<hr \/>\n<p>CONFER\u00c8NCIA<br \/>\n<strong>VIDA I OBRA DEL CONTE TRADICIONAL <\/strong><\/p>\n<p>Gr\u00e0cies a la capacitat que tenia el relat de congregar a les persones al voltant de qui contava, homes i dones es van anar organitzant en comunitats d\u2019individus. Diuen que es van reunir per sentir contes i, despr\u00e9s, per ca\u00e7ar. I aix\u00ed va ser com l\u2019home \u2013pitjor preparat que altres esp\u00e8cies per sobreviure\u2013, es va perpetuar sobre la terra i va seguir contant&#8230; per viure.<\/p>\n<p>Adults \/ Catal\u00e0<br \/>\nDIMECRES 21<br \/>\nHora: 19.30 h<br \/>\n<a href=\"http:\/\/www.muntdemots.org\/2015\/locations\/biblioteca-vila-de-gracia-3\/\"> CENTRE D\u2019INTER\u00c8S EN LA NARRACI\u00d3 ORAL BIBLIOTECA VILA DE GR\u00c0CIA<\/a><br \/>\nActivitat gratu\u00efta<\/p>\n","protected":false},"excerpt":{"rendered":"<p>Va n\u00e9ixer a Le\u00f3n i va arribar a la narraci\u00f3 oral a trav\u00e9s de l\u2019elaboraci\u00f3 d\u2019una tesi sobre la literatura de tradici\u00f3 oral. Per\u00f2 no es va quedar en l\u2019estudi, sin\u00f3 que va prendre la paraula i va comen\u00e7ar a narrar ella mateixa. D\u2019aix\u00f2 fa m\u00e9s de vint anys. I de la paraula va passar [&hellip;]<\/p>\n","protected":false},"author":28,"featured_media":0,"parent":4,"menu_order":0,"comment_status":"closed","ping_status":"closed","template":"","meta":{"_mi_skip_tracking":false},"yoast_head":"<!-- This site is optimized with the Yoast SEO plugin v20.5 - https:\/\/yoast.com\/wordpress\/plugins\/seo\/ -->\n<title>Ana Cristina Herreros (Madrid) - Munt de Mots<\/title>\n<meta name=\"robots\" content=\"index, follow, max-snippet:-1, max-image-preview:large, max-video-preview:-1\" \/>\n<link rel=\"canonical\" href=\"http:\/\/www.muntdemots.org\/2015\/participants\/ana-cristina-herreros-madrid\/\" \/>\n<meta property=\"og:locale\" content=\"ca_ES\" \/>\n<meta property=\"og:type\" content=\"article\" \/>\n<meta property=\"og:title\" content=\"Ana Cristina Herreros (Madrid) - Munt de Mots\" \/>\n<meta property=\"og:description\" content=\"Va n\u00e9ixer a Le\u00f3n i va arribar a la narraci\u00f3 oral a trav\u00e9s de l\u2019elaboraci\u00f3 d\u2019una tesi sobre la literatura de tradici\u00f3 oral. Per\u00f2 no es va quedar en l\u2019estudi, sin\u00f3 que va prendre la paraula i va comen\u00e7ar a narrar ella mateixa. D\u2019aix\u00f2 fa m\u00e9s de vint anys. I de la paraula va passar [&hellip;]\" \/>\n<meta property=\"og:url\" content=\"http:\/\/www.muntdemots.org\/2015\/participants\/ana-cristina-herreros-madrid\/\" \/>\n<meta property=\"og:site_name\" content=\"Munt de Mots\" \/>\n<meta property=\"article:publisher\" content=\"https:\/\/www.facebook.com\/FestivalMuntdeMots\" \/>\n<meta property=\"article:modified_time\" content=\"2015-09-17T10:29:26+00:00\" \/>\n<meta property=\"og:image\" content=\"http:\/\/www.muntdemots.org\/2015\/wp-content\/uploads\/2015\/09\/ANA-CRistina-Herreros-199x300.jpg\" \/>\n<meta name=\"twitter:card\" content=\"summary_large_image\" \/>\n<meta name=\"twitter:site\" content=\"@muntdemots\" \/>\n<meta name=\"twitter:label1\" content=\"Temps estimat de lectura\" \/>\n\t<meta name=\"twitter:data1\" content=\"1 minut\" \/>\n<script type=\"application\/ld+json\" class=\"yoast-schema-graph\">{\"@context\":\"https:\/\/schema.org\",\"@graph\":[{\"@type\":\"WebPage\",\"@id\":\"http:\/\/www.muntdemots.org\/2015\/participants\/ana-cristina-herreros-madrid\/\",\"url\":\"http:\/\/www.muntdemots.org\/2015\/participants\/ana-cristina-herreros-madrid\/\",\"name\":\"Ana Cristina Herreros (Madrid) - Munt de Mots\",\"isPartOf\":{\"@id\":\"http:\/\/www.muntdemots.org\/2015\/#website\"},\"datePublished\":\"2015-09-15T10:08:33+00:00\",\"dateModified\":\"2015-09-17T10:29:26+00:00\",\"breadcrumb\":{\"@id\":\"http:\/\/www.muntdemots.org\/2015\/participants\/ana-cristina-herreros-madrid\/#breadcrumb\"},\"inLanguage\":\"ca\",\"potentialAction\":[{\"@type\":\"ReadAction\",\"target\":[\"http:\/\/www.muntdemots.org\/2015\/participants\/ana-cristina-herreros-madrid\/\"]}]},{\"@type\":\"BreadcrumbList\",\"@id\":\"http:\/\/www.muntdemots.org\/2015\/participants\/ana-cristina-herreros-madrid\/#breadcrumb\",\"itemListElement\":[{\"@type\":\"ListItem\",\"position\":1,\"name\":\"Inici\",\"item\":\"http:\/\/www.muntdemots.org\/2015\/\"},{\"@type\":\"ListItem\",\"position\":2,\"name\":\"Participants\",\"item\":\"https:\/\/www.muntdemots.org\/2015\/participants\/\"},{\"@type\":\"ListItem\",\"position\":3,\"name\":\"Ana Cristina Herreros (Madrid)\"}]},{\"@type\":\"WebSite\",\"@id\":\"http:\/\/www.muntdemots.org\/2015\/#website\",\"url\":\"http:\/\/www.muntdemots.org\/2015\/\",\"name\":\"Munt de Mots\",\"description\":\"\",\"potentialAction\":[{\"@type\":\"SearchAction\",\"target\":{\"@type\":\"EntryPoint\",\"urlTemplate\":\"http:\/\/www.muntdemots.org\/2015\/?s={search_term_string}\"},\"query-input\":\"required name=search_term_string\"}],\"inLanguage\":\"ca\"}]}<\/script>\n<!-- \/ Yoast SEO plugin. -->","yoast_head_json":{"title":"Ana Cristina Herreros (Madrid) - Munt de Mots","robots":{"index":"index","follow":"follow","max-snippet":"max-snippet:-1","max-image-preview":"max-image-preview:large","max-video-preview":"max-video-preview:-1"},"canonical":"http:\/\/www.muntdemots.org\/2015\/participants\/ana-cristina-herreros-madrid\/","og_locale":"ca_ES","og_type":"article","og_title":"Ana Cristina Herreros (Madrid) - Munt de Mots","og_description":"Va n\u00e9ixer a Le\u00f3n i va arribar a la narraci\u00f3 oral a trav\u00e9s de l\u2019elaboraci\u00f3 d\u2019una tesi sobre la literatura de tradici\u00f3 oral. Per\u00f2 no es va quedar en l\u2019estudi, sin\u00f3 que va prendre la paraula i va comen\u00e7ar a narrar ella mateixa. D\u2019aix\u00f2 fa m\u00e9s de vint anys. I de la paraula va passar [&hellip;]","og_url":"http:\/\/www.muntdemots.org\/2015\/participants\/ana-cristina-herreros-madrid\/","og_site_name":"Munt de Mots","article_publisher":"https:\/\/www.facebook.com\/FestivalMuntdeMots","article_modified_time":"2015-09-17T10:29:26+00:00","og_image":[{"url":"http:\/\/www.muntdemots.org\/2015\/wp-content\/uploads\/2015\/09\/ANA-CRistina-Herreros-199x300.jpg"}],"twitter_card":"summary_large_image","twitter_site":"@muntdemots","twitter_misc":{"Temps estimat de lectura":"1 minut"},"schema":{"@context":"https:\/\/schema.org","@graph":[{"@type":"WebPage","@id":"http:\/\/www.muntdemots.org\/2015\/participants\/ana-cristina-herreros-madrid\/","url":"http:\/\/www.muntdemots.org\/2015\/participants\/ana-cristina-herreros-madrid\/","name":"Ana Cristina Herreros (Madrid) - Munt de Mots","isPartOf":{"@id":"http:\/\/www.muntdemots.org\/2015\/#website"},"datePublished":"2015-09-15T10:08:33+00:00","dateModified":"2015-09-17T10:29:26+00:00","breadcrumb":{"@id":"http:\/\/www.muntdemots.org\/2015\/participants\/ana-cristina-herreros-madrid\/#breadcrumb"},"inLanguage":"ca","potentialAction":[{"@type":"ReadAction","target":["http:\/\/www.muntdemots.org\/2015\/participants\/ana-cristina-herreros-madrid\/"]}]},{"@type":"BreadcrumbList","@id":"http:\/\/www.muntdemots.org\/2015\/participants\/ana-cristina-herreros-madrid\/#breadcrumb","itemListElement":[{"@type":"ListItem","position":1,"name":"Inici","item":"http:\/\/www.muntdemots.org\/2015\/"},{"@type":"ListItem","position":2,"name":"Participants","item":"https:\/\/www.muntdemots.org\/2015\/participants\/"},{"@type":"ListItem","position":3,"name":"Ana Cristina Herreros (Madrid)"}]},{"@type":"WebSite","@id":"http:\/\/www.muntdemots.org\/2015\/#website","url":"http:\/\/www.muntdemots.org\/2015\/","name":"Munt de Mots","description":"","potentialAction":[{"@type":"SearchAction","target":{"@type":"EntryPoint","urlTemplate":"http:\/\/www.muntdemots.org\/2015\/?s={search_term_string}"},"query-input":"required name=search_term_string"}],"inLanguage":"ca"}]}},"_links":{"self":[{"href":"https:\/\/www.muntdemots.org\/2015\/wp-json\/wp\/v2\/pages\/7848"}],"collection":[{"href":"https:\/\/www.muntdemots.org\/2015\/wp-json\/wp\/v2\/pages"}],"about":[{"href":"https:\/\/www.muntdemots.org\/2015\/wp-json\/wp\/v2\/types\/page"}],"author":[{"embeddable":true,"href":"https:\/\/www.muntdemots.org\/2015\/wp-json\/wp\/v2\/users\/28"}],"replies":[{"embeddable":true,"href":"https:\/\/www.muntdemots.org\/2015\/wp-json\/wp\/v2\/comments?post=7848"}],"version-history":[{"count":6,"href":"https:\/\/www.muntdemots.org\/2015\/wp-json\/wp\/v2\/pages\/7848\/revisions"}],"predecessor-version":[{"id":7996,"href":"https:\/\/www.muntdemots.org\/2015\/wp-json\/wp\/v2\/pages\/7848\/revisions\/7996"}],"up":[{"embeddable":true,"href":"https:\/\/www.muntdemots.org\/2015\/wp-json\/wp\/v2\/pages\/4"}],"wp:attachment":[{"href":"https:\/\/www.muntdemots.org\/2015\/wp-json\/wp\/v2\/media?parent=7848"}],"curies":[{"name":"wp","href":"https:\/\/api.w.org\/{rel}","templated":true}]}}