{"id":7843,"date":"2015-09-15T10:04:46","date_gmt":"2015-09-15T10:04:46","guid":{"rendered":"http:\/\/www.muntdemots.org\/2015\/?page_id=7843"},"modified":"2015-09-21T20:23:52","modified_gmt":"2015-09-21T20:23:52","slug":"ali-el-aziz-marroc-catalunya","status":"publish","type":"page","link":"https:\/\/www.muntdemots.org\/2015\/participants\/ali-el-aziz-marroc-catalunya\/","title":{"rendered":"Ali el Aziz (Marroc \u2013 Catalunya)"},"content":{"rendered":"<p><a href=\"http:\/\/www.muntdemots.org\/2015\/wp-content\/uploads\/2015\/09\/ALI-EL-AZIZ.jpg\"><img decoding=\"async\" loading=\"lazy\" class=\"alignright wp-image-7844\" src=\"http:\/\/www.muntdemots.org\/2015\/wp-content\/uploads\/2015\/09\/ALI-EL-AZIZ-225x300.jpg\" alt=\"ALI EL AZIZ\" width=\"187\" height=\"249\" srcset=\"https:\/\/www.muntdemots.org\/2015\/wp-content\/uploads\/2015\/09\/ALI-EL-AZIZ-225x300.jpg 225w, https:\/\/www.muntdemots.org\/2015\/wp-content\/uploads\/2015\/09\/ALI-EL-AZIZ-768x1024.jpg 768w, https:\/\/www.muntdemots.org\/2015\/wp-content\/uploads\/2015\/09\/ALI-EL-AZIZ.jpg 1536w\" sizes=\"(max-width: 187px) 100vw, 187px\" \/><\/a>\u00c9s del Marroc. Actor i narrador de contes marroquins i \u00e0rabs. Com a narrador t\u00e9 una llarga carrera que l\u2019ha dut a actuar a Catalunya, Espanya i en diversos pa\u00efsos. Ha participat en molts festivals de narraci\u00f3 oral, com els de Col\u00f2mbia Abrabalabra \u2013de Bugaramanga\u2013, i Vivapalabra \u2013de Medell\u00edn. Com a actor ha treballat en teatre, televisi\u00f3 i cinema.<\/p>\n<p>&nbsp;<\/p>\n<p>&nbsp;<\/p>\n<p>&nbsp;<\/p>\n<p>&nbsp;<\/p>\n<hr \/>\n<p><strong>CARAVANA DE AROMAS Y PALABRAS <\/strong><\/p>\n<p>Al soc del meu poble es ven tot, fins i tot les paraules. Passen tantes hist\u00f2ries plenes d\u2019aromes, contradiccions i conflictes que nom\u00e9s Yuha \u00e9s capa\u00e7 de resoldre-ho amb la seva innoc\u00e8ncia i ast\u00facia. Us convido a pujar a la meva caravana. Si alg\u00fa en gosa baixar, probablement es quedar\u00e0 atrapat i perdut.<\/p>\n<p>Adults \/ Castell\u00e0<br \/>\nDIJOUS 22<br \/>\nHora: 19.30 h<br \/>\n<a href=\"http:\/\/www.muntdemots.org\/2015\/locations\/biblioteca-poble-sec-francesc-boix\/\">BIBLIOTECA POBLE SEC-FRANCESC BOIX<\/a><br \/>\nActivitat gratu\u00efta<\/p>\n<hr \/>\n<p><strong>CONTES SUFIS<\/strong><\/p>\n<p>Aqu\u00ed s&#8217;amaga la saviesa: en els contes que ha creat la cultura suf\u00ed<br \/>\nper preservar-la, per oferir-la com a gu\u00eda a tots el que vulguin<br \/>\nseguir el cam\u00ed del coneixement m\u00e9s hum\u00e0.<\/p>\n<p>Adults\/ Castell\u00e0<br \/>\nDIVENDRES 23<br \/>\nHora: 19.30h<br \/>\n<a href=\"http:\/\/www.muntdemots.org\/2015\/locations\/biblioteca-montbau-albert-perez-baro\/\">BIBLIOTECA MONTBAU-ALBERT P\u00c9REZ BAR\u00d3<\/a><br \/>\nActivitat gratu\u00efta<\/p>\n","protected":false},"excerpt":{"rendered":"<p>\u00c9s del Marroc. Actor i narrador de contes marroquins i \u00e0rabs. Com a narrador t\u00e9 una llarga carrera que l\u2019ha dut a actuar a Catalunya, Espanya i en diversos pa\u00efsos. Ha participat en molts festivals de narraci\u00f3 oral, com els de Col\u00f2mbia Abrabalabra \u2013de Bugaramanga\u2013, i Vivapalabra \u2013de Medell\u00edn. Com a actor ha treballat en [&hellip;]<\/p>\n","protected":false},"author":28,"featured_media":0,"parent":4,"menu_order":0,"comment_status":"closed","ping_status":"closed","template":"","meta":{"_mi_skip_tracking":false},"yoast_head":"<!-- This site is optimized with the Yoast SEO plugin v20.5 - https:\/\/yoast.com\/wordpress\/plugins\/seo\/ -->\n<title>Ali el Aziz (Marroc \u2013 Catalunya) - Munt de Mots<\/title>\n<meta name=\"robots\" content=\"index, follow, max-snippet:-1, max-image-preview:large, max-video-preview:-1\" \/>\n<link rel=\"canonical\" href=\"https:\/\/www.muntdemots.org\/2015\/participants\/ali-el-aziz-marroc-catalunya\/\" \/>\n<meta property=\"og:locale\" content=\"ca_ES\" \/>\n<meta property=\"og:type\" content=\"article\" \/>\n<meta property=\"og:title\" content=\"Ali el Aziz (Marroc \u2013 Catalunya) - Munt de Mots\" \/>\n<meta property=\"og:description\" content=\"\u00c9s del Marroc. Actor i narrador de contes marroquins i \u00e0rabs. Com a narrador t\u00e9 una llarga carrera que l\u2019ha dut a actuar a Catalunya, Espanya i en diversos pa\u00efsos. Ha participat en molts festivals de narraci\u00f3 oral, com els de Col\u00f2mbia Abrabalabra \u2013de Bugaramanga\u2013, i Vivapalabra \u2013de Medell\u00edn. Com a actor ha treballat en [&hellip;]\" \/>\n<meta property=\"og:url\" content=\"https:\/\/www.muntdemots.org\/2015\/participants\/ali-el-aziz-marroc-catalunya\/\" \/>\n<meta property=\"og:site_name\" content=\"Munt de Mots\" \/>\n<meta property=\"article:publisher\" content=\"https:\/\/www.facebook.com\/FestivalMuntdeMots\" \/>\n<meta property=\"article:modified_time\" content=\"2015-09-21T20:23:52+00:00\" \/>\n<meta property=\"og:image\" content=\"http:\/\/www.muntdemots.org\/2015\/wp-content\/uploads\/2015\/09\/ALI-EL-AZIZ-225x300.jpg\" \/>\n<meta name=\"twitter:card\" content=\"summary_large_image\" \/>\n<meta name=\"twitter:site\" content=\"@muntdemots\" \/>\n<meta name=\"twitter:label1\" content=\"Temps estimat de lectura\" \/>\n\t<meta name=\"twitter:data1\" content=\"1 minut\" \/>\n<script type=\"application\/ld+json\" class=\"yoast-schema-graph\">{\"@context\":\"https:\/\/schema.org\",\"@graph\":[{\"@type\":\"WebPage\",\"@id\":\"https:\/\/www.muntdemots.org\/2015\/participants\/ali-el-aziz-marroc-catalunya\/\",\"url\":\"https:\/\/www.muntdemots.org\/2015\/participants\/ali-el-aziz-marroc-catalunya\/\",\"name\":\"Ali el Aziz (Marroc \u2013 Catalunya) - Munt de Mots\",\"isPartOf\":{\"@id\":\"http:\/\/www.muntdemots.org\/2015\/#website\"},\"datePublished\":\"2015-09-15T10:04:46+00:00\",\"dateModified\":\"2015-09-21T20:23:52+00:00\",\"breadcrumb\":{\"@id\":\"https:\/\/www.muntdemots.org\/2015\/participants\/ali-el-aziz-marroc-catalunya\/#breadcrumb\"},\"inLanguage\":\"ca\",\"potentialAction\":[{\"@type\":\"ReadAction\",\"target\":[\"https:\/\/www.muntdemots.org\/2015\/participants\/ali-el-aziz-marroc-catalunya\/\"]}]},{\"@type\":\"BreadcrumbList\",\"@id\":\"https:\/\/www.muntdemots.org\/2015\/participants\/ali-el-aziz-marroc-catalunya\/#breadcrumb\",\"itemListElement\":[{\"@type\":\"ListItem\",\"position\":1,\"name\":\"Inici\",\"item\":\"http:\/\/www.muntdemots.org\/2015\/\"},{\"@type\":\"ListItem\",\"position\":2,\"name\":\"Participants\",\"item\":\"http:\/\/www.muntdemots.org\/2015\/participants\/\"},{\"@type\":\"ListItem\",\"position\":3,\"name\":\"Ali el Aziz (Marroc \u2013 Catalunya)\"}]},{\"@type\":\"WebSite\",\"@id\":\"http:\/\/www.muntdemots.org\/2015\/#website\",\"url\":\"http:\/\/www.muntdemots.org\/2015\/\",\"name\":\"Munt de Mots\",\"description\":\"\",\"potentialAction\":[{\"@type\":\"SearchAction\",\"target\":{\"@type\":\"EntryPoint\",\"urlTemplate\":\"http:\/\/www.muntdemots.org\/2015\/?s={search_term_string}\"},\"query-input\":\"required name=search_term_string\"}],\"inLanguage\":\"ca\"}]}<\/script>\n<!-- \/ Yoast SEO plugin. -->","yoast_head_json":{"title":"Ali el Aziz (Marroc \u2013 Catalunya) - Munt de Mots","robots":{"index":"index","follow":"follow","max-snippet":"max-snippet:-1","max-image-preview":"max-image-preview:large","max-video-preview":"max-video-preview:-1"},"canonical":"https:\/\/www.muntdemots.org\/2015\/participants\/ali-el-aziz-marroc-catalunya\/","og_locale":"ca_ES","og_type":"article","og_title":"Ali el Aziz (Marroc \u2013 Catalunya) - Munt de Mots","og_description":"\u00c9s del Marroc. Actor i narrador de contes marroquins i \u00e0rabs. Com a narrador t\u00e9 una llarga carrera que l\u2019ha dut a actuar a Catalunya, Espanya i en diversos pa\u00efsos. Ha participat en molts festivals de narraci\u00f3 oral, com els de Col\u00f2mbia Abrabalabra \u2013de Bugaramanga\u2013, i Vivapalabra \u2013de Medell\u00edn. Com a actor ha treballat en [&hellip;]","og_url":"https:\/\/www.muntdemots.org\/2015\/participants\/ali-el-aziz-marroc-catalunya\/","og_site_name":"Munt de Mots","article_publisher":"https:\/\/www.facebook.com\/FestivalMuntdeMots","article_modified_time":"2015-09-21T20:23:52+00:00","og_image":[{"url":"http:\/\/www.muntdemots.org\/2015\/wp-content\/uploads\/2015\/09\/ALI-EL-AZIZ-225x300.jpg"}],"twitter_card":"summary_large_image","twitter_site":"@muntdemots","twitter_misc":{"Temps estimat de lectura":"1 minut"},"schema":{"@context":"https:\/\/schema.org","@graph":[{"@type":"WebPage","@id":"https:\/\/www.muntdemots.org\/2015\/participants\/ali-el-aziz-marroc-catalunya\/","url":"https:\/\/www.muntdemots.org\/2015\/participants\/ali-el-aziz-marroc-catalunya\/","name":"Ali el Aziz (Marroc \u2013 Catalunya) - Munt de Mots","isPartOf":{"@id":"http:\/\/www.muntdemots.org\/2015\/#website"},"datePublished":"2015-09-15T10:04:46+00:00","dateModified":"2015-09-21T20:23:52+00:00","breadcrumb":{"@id":"https:\/\/www.muntdemots.org\/2015\/participants\/ali-el-aziz-marroc-catalunya\/#breadcrumb"},"inLanguage":"ca","potentialAction":[{"@type":"ReadAction","target":["https:\/\/www.muntdemots.org\/2015\/participants\/ali-el-aziz-marroc-catalunya\/"]}]},{"@type":"BreadcrumbList","@id":"https:\/\/www.muntdemots.org\/2015\/participants\/ali-el-aziz-marroc-catalunya\/#breadcrumb","itemListElement":[{"@type":"ListItem","position":1,"name":"Inici","item":"http:\/\/www.muntdemots.org\/2015\/"},{"@type":"ListItem","position":2,"name":"Participants","item":"http:\/\/www.muntdemots.org\/2015\/participants\/"},{"@type":"ListItem","position":3,"name":"Ali el Aziz (Marroc \u2013 Catalunya)"}]},{"@type":"WebSite","@id":"http:\/\/www.muntdemots.org\/2015\/#website","url":"http:\/\/www.muntdemots.org\/2015\/","name":"Munt de Mots","description":"","potentialAction":[{"@type":"SearchAction","target":{"@type":"EntryPoint","urlTemplate":"http:\/\/www.muntdemots.org\/2015\/?s={search_term_string}"},"query-input":"required name=search_term_string"}],"inLanguage":"ca"}]}},"_links":{"self":[{"href":"https:\/\/www.muntdemots.org\/2015\/wp-json\/wp\/v2\/pages\/7843"}],"collection":[{"href":"https:\/\/www.muntdemots.org\/2015\/wp-json\/wp\/v2\/pages"}],"about":[{"href":"https:\/\/www.muntdemots.org\/2015\/wp-json\/wp\/v2\/types\/page"}],"author":[{"embeddable":true,"href":"https:\/\/www.muntdemots.org\/2015\/wp-json\/wp\/v2\/users\/28"}],"replies":[{"embeddable":true,"href":"https:\/\/www.muntdemots.org\/2015\/wp-json\/wp\/v2\/comments?post=7843"}],"version-history":[{"count":7,"href":"https:\/\/www.muntdemots.org\/2015\/wp-json\/wp\/v2\/pages\/7843\/revisions"}],"predecessor-version":[{"id":8030,"href":"https:\/\/www.muntdemots.org\/2015\/wp-json\/wp\/v2\/pages\/7843\/revisions\/8030"}],"up":[{"embeddable":true,"href":"https:\/\/www.muntdemots.org\/2015\/wp-json\/wp\/v2\/pages\/4"}],"wp:attachment":[{"href":"https:\/\/www.muntdemots.org\/2015\/wp-json\/wp\/v2\/media?parent=7843"}],"curies":[{"name":"wp","href":"https:\/\/api.w.org\/{rel}","templated":true}]}}