{"id":7826,"date":"2015-09-15T09:41:31","date_gmt":"2015-09-15T09:41:31","guid":{"rendered":"http:\/\/www.muntdemots.org\/2015\/?page_id=7826"},"modified":"2015-09-15T10:44:52","modified_gmt":"2015-09-15T10:44:52","slug":"3lios-trio","status":"publish","type":"page","link":"https:\/\/www.muntdemots.org\/2015\/participants\/3lios-trio\/","title":{"rendered":"3L\u00cdOS TR\u00cdO (Col\u00f2mbia \u2013 It\u00e0lia \u2013 Catalunya)"},"content":{"rendered":"<p><a href=\"http:\/\/www.muntdemots.org\/2015\/wp-content\/uploads\/2015\/09\/3lios.jpg\"><img decoding=\"async\" loading=\"lazy\" class=\"alignright size-medium wp-image-7827\" src=\"http:\/\/www.muntdemots.org\/2015\/wp-content\/uploads\/2015\/09\/3lios-300x200.jpg\" alt=\"3lios\" width=\"300\" height=\"200\" srcset=\"https:\/\/www.muntdemots.org\/2015\/wp-content\/uploads\/2015\/09\/3lios-300x200.jpg 300w, https:\/\/www.muntdemots.org\/2015\/wp-content\/uploads\/2015\/09\/3lios.jpg 400w\" sizes=\"(max-width: 300px) 100vw, 300px\" \/><\/a>Aurora Arenare, Maya Fern\u00e1ndez i Alekos s\u00f3n tres artistes inqualificables que es qualifiquen aix\u00ed a ells mateixos:<\/p>\n<p><em>Som 3 L\u00edos Tr\u00edo,<\/em><br \/>\n<em>tres car\u00e0cters,<\/em><br \/>\n<em>tres instruments,<\/em><br \/>\n<em>tres veus,<\/em><br \/>\n<em>tres maneres de dir-ho:<\/em><br \/>\n<em>m\u00fasica, paraula i imatge.<\/em><\/p>\n<p>&nbsp;<\/p>\n<hr \/>\n<p><strong>3L\u00cdOS TR\u00cdO<\/strong><\/p>\n<p>3L\u00edos Tr\u00edo proposa un viatge a trav\u00e9s de la m\u00fasica, la imatge i la paraula. Una banda sonora acompanya un conjunt de contes, jocs r\u00edtmics i riures. La m\u00fasica intercala els contes; a vegades els interromp, d\u2019altres camina al seu costat, hi interactua, la lia&#8230; V\u00e9ns a liar-la tamb\u00e9?<\/p>\n<p>Infantil \/ Castell\u00e0<br \/>\nDIVENDRES 23<br \/>\nHora: 18.00 h<br \/>\n<a href=\"http:\/\/www.muntdemots.org\/2015\/locations\/patillimona\/\">CASAL INFANTIL DEL PATI LLIMONA<\/a><br \/>\nActivitat gratu\u00efta<\/p>\n<p>&nbsp;<\/p>\n<hr \/>\n<p><strong>3L\u00cdOS TR\u00cdO <\/strong><\/p>\n<p>3L\u00edos Tr\u00edo proposa un viatge a trav\u00e9s de la m\u00fasica, la imatge i la paraula. Una banda sonora acompanya un conjunt de contes, jocs r\u00edtmics i riures. La m\u00fasica intercala els contes; a vegades els interromp, d\u2019altres camina al seu costat, hi interactua, la lia&#8230; V\u00e9ns a liar-la tamb\u00e9?<\/p>\n<p>Infantil \/ Castell\u00e0<br \/>\nDISSABTE 24<br \/>\nHora: 12.00 h<br \/>\n<a href=\"http:\/\/www.muntdemots.org\/2015\/locations\/centre-civic-el-sortidor\/\">CENTRE C\u00cdVIC EL SORTIDOR<\/a><br \/>\nActivitat gratu\u00efta<\/p>\n","protected":false},"excerpt":{"rendered":"<p>Aurora Arenare, Maya Fern\u00e1ndez i Alekos s\u00f3n tres artistes inqualificables que es qualifiquen aix\u00ed a ells mateixos: Som 3 L\u00edos Tr\u00edo, tres car\u00e0cters, tres instruments, tres veus, tres maneres de dir-ho: m\u00fasica, paraula i imatge. &nbsp; 3L\u00cdOS TR\u00cdO 3L\u00edos Tr\u00edo proposa un viatge a trav\u00e9s de la m\u00fasica, la imatge i la paraula. Una banda [&hellip;]<\/p>\n","protected":false},"author":28,"featured_media":0,"parent":4,"menu_order":0,"comment_status":"closed","ping_status":"closed","template":"","meta":{"_mi_skip_tracking":false},"yoast_head":"<!-- This site is optimized with the Yoast SEO plugin v20.5 - https:\/\/yoast.com\/wordpress\/plugins\/seo\/ -->\n<title>3L\u00cdOS TR\u00cdO (Col\u00f2mbia \u2013 It\u00e0lia \u2013 Catalunya) - Munt de Mots<\/title>\n<meta name=\"robots\" content=\"index, follow, max-snippet:-1, max-image-preview:large, max-video-preview:-1\" \/>\n<link rel=\"canonical\" href=\"http:\/\/www.muntdemots.org\/2015\/participants\/3lios-trio\/\" \/>\n<meta property=\"og:locale\" content=\"ca_ES\" \/>\n<meta property=\"og:type\" content=\"article\" \/>\n<meta property=\"og:title\" content=\"3L\u00cdOS TR\u00cdO (Col\u00f2mbia \u2013 It\u00e0lia \u2013 Catalunya) - Munt de Mots\" \/>\n<meta property=\"og:description\" content=\"Aurora Arenare, Maya Fern\u00e1ndez i Alekos s\u00f3n tres artistes inqualificables que es qualifiquen aix\u00ed a ells mateixos: Som 3 L\u00edos Tr\u00edo, tres car\u00e0cters, tres instruments, tres veus, tres maneres de dir-ho: m\u00fasica, paraula i imatge. &nbsp; 3L\u00cdOS TR\u00cdO 3L\u00edos Tr\u00edo proposa un viatge a trav\u00e9s de la m\u00fasica, la imatge i la paraula. Una banda [&hellip;]\" \/>\n<meta property=\"og:url\" content=\"http:\/\/www.muntdemots.org\/2015\/participants\/3lios-trio\/\" \/>\n<meta property=\"og:site_name\" content=\"Munt de Mots\" \/>\n<meta property=\"article:publisher\" content=\"https:\/\/www.facebook.com\/FestivalMuntdeMots\" \/>\n<meta property=\"article:modified_time\" content=\"2015-09-15T10:44:52+00:00\" \/>\n<meta property=\"og:image\" content=\"http:\/\/www.muntdemots.org\/2015\/wp-content\/uploads\/2015\/09\/3lios-300x200.jpg\" \/>\n<meta name=\"twitter:card\" content=\"summary_large_image\" \/>\n<meta name=\"twitter:site\" content=\"@muntdemots\" \/>\n<meta name=\"twitter:label1\" content=\"Temps estimat de lectura\" \/>\n\t<meta name=\"twitter:data1\" content=\"1 minut\" \/>\n<script type=\"application\/ld+json\" class=\"yoast-schema-graph\">{\"@context\":\"https:\/\/schema.org\",\"@graph\":[{\"@type\":\"WebPage\",\"@id\":\"http:\/\/www.muntdemots.org\/2015\/participants\/3lios-trio\/\",\"url\":\"http:\/\/www.muntdemots.org\/2015\/participants\/3lios-trio\/\",\"name\":\"3L\u00cdOS TR\u00cdO (Col\u00f2mbia \u2013 It\u00e0lia \u2013 Catalunya) - Munt de Mots\",\"isPartOf\":{\"@id\":\"http:\/\/www.muntdemots.org\/2015\/#website\"},\"datePublished\":\"2015-09-15T09:41:31+00:00\",\"dateModified\":\"2015-09-15T10:44:52+00:00\",\"breadcrumb\":{\"@id\":\"http:\/\/www.muntdemots.org\/2015\/participants\/3lios-trio\/#breadcrumb\"},\"inLanguage\":\"ca\",\"potentialAction\":[{\"@type\":\"ReadAction\",\"target\":[\"http:\/\/www.muntdemots.org\/2015\/participants\/3lios-trio\/\"]}]},{\"@type\":\"BreadcrumbList\",\"@id\":\"http:\/\/www.muntdemots.org\/2015\/participants\/3lios-trio\/#breadcrumb\",\"itemListElement\":[{\"@type\":\"ListItem\",\"position\":1,\"name\":\"Inici\",\"item\":\"http:\/\/www.muntdemots.org\/2015\/\"},{\"@type\":\"ListItem\",\"position\":2,\"name\":\"Participants\",\"item\":\"http:\/\/www.muntdemots.org\/2015\/participants\/\"},{\"@type\":\"ListItem\",\"position\":3,\"name\":\"3L\u00cdOS TR\u00cdO (Col\u00f2mbia \u2013 It\u00e0lia \u2013 Catalunya)\"}]},{\"@type\":\"WebSite\",\"@id\":\"http:\/\/www.muntdemots.org\/2015\/#website\",\"url\":\"http:\/\/www.muntdemots.org\/2015\/\",\"name\":\"Munt de Mots\",\"description\":\"\",\"potentialAction\":[{\"@type\":\"SearchAction\",\"target\":{\"@type\":\"EntryPoint\",\"urlTemplate\":\"http:\/\/www.muntdemots.org\/2015\/?s={search_term_string}\"},\"query-input\":\"required name=search_term_string\"}],\"inLanguage\":\"ca\"}]}<\/script>\n<!-- \/ Yoast SEO plugin. -->","yoast_head_json":{"title":"3L\u00cdOS TR\u00cdO (Col\u00f2mbia \u2013 It\u00e0lia \u2013 Catalunya) - Munt de Mots","robots":{"index":"index","follow":"follow","max-snippet":"max-snippet:-1","max-image-preview":"max-image-preview:large","max-video-preview":"max-video-preview:-1"},"canonical":"http:\/\/www.muntdemots.org\/2015\/participants\/3lios-trio\/","og_locale":"ca_ES","og_type":"article","og_title":"3L\u00cdOS TR\u00cdO (Col\u00f2mbia \u2013 It\u00e0lia \u2013 Catalunya) - Munt de Mots","og_description":"Aurora Arenare, Maya Fern\u00e1ndez i Alekos s\u00f3n tres artistes inqualificables que es qualifiquen aix\u00ed a ells mateixos: Som 3 L\u00edos Tr\u00edo, tres car\u00e0cters, tres instruments, tres veus, tres maneres de dir-ho: m\u00fasica, paraula i imatge. &nbsp; 3L\u00cdOS TR\u00cdO 3L\u00edos Tr\u00edo proposa un viatge a trav\u00e9s de la m\u00fasica, la imatge i la paraula. Una banda [&hellip;]","og_url":"http:\/\/www.muntdemots.org\/2015\/participants\/3lios-trio\/","og_site_name":"Munt de Mots","article_publisher":"https:\/\/www.facebook.com\/FestivalMuntdeMots","article_modified_time":"2015-09-15T10:44:52+00:00","og_image":[{"url":"http:\/\/www.muntdemots.org\/2015\/wp-content\/uploads\/2015\/09\/3lios-300x200.jpg"}],"twitter_card":"summary_large_image","twitter_site":"@muntdemots","twitter_misc":{"Temps estimat de lectura":"1 minut"},"schema":{"@context":"https:\/\/schema.org","@graph":[{"@type":"WebPage","@id":"http:\/\/www.muntdemots.org\/2015\/participants\/3lios-trio\/","url":"http:\/\/www.muntdemots.org\/2015\/participants\/3lios-trio\/","name":"3L\u00cdOS TR\u00cdO (Col\u00f2mbia \u2013 It\u00e0lia \u2013 Catalunya) - Munt de Mots","isPartOf":{"@id":"http:\/\/www.muntdemots.org\/2015\/#website"},"datePublished":"2015-09-15T09:41:31+00:00","dateModified":"2015-09-15T10:44:52+00:00","breadcrumb":{"@id":"http:\/\/www.muntdemots.org\/2015\/participants\/3lios-trio\/#breadcrumb"},"inLanguage":"ca","potentialAction":[{"@type":"ReadAction","target":["http:\/\/www.muntdemots.org\/2015\/participants\/3lios-trio\/"]}]},{"@type":"BreadcrumbList","@id":"http:\/\/www.muntdemots.org\/2015\/participants\/3lios-trio\/#breadcrumb","itemListElement":[{"@type":"ListItem","position":1,"name":"Inici","item":"http:\/\/www.muntdemots.org\/2015\/"},{"@type":"ListItem","position":2,"name":"Participants","item":"http:\/\/www.muntdemots.org\/2015\/participants\/"},{"@type":"ListItem","position":3,"name":"3L\u00cdOS TR\u00cdO (Col\u00f2mbia \u2013 It\u00e0lia \u2013 Catalunya)"}]},{"@type":"WebSite","@id":"http:\/\/www.muntdemots.org\/2015\/#website","url":"http:\/\/www.muntdemots.org\/2015\/","name":"Munt de Mots","description":"","potentialAction":[{"@type":"SearchAction","target":{"@type":"EntryPoint","urlTemplate":"http:\/\/www.muntdemots.org\/2015\/?s={search_term_string}"},"query-input":"required name=search_term_string"}],"inLanguage":"ca"}]}},"_links":{"self":[{"href":"https:\/\/www.muntdemots.org\/2015\/wp-json\/wp\/v2\/pages\/7826"}],"collection":[{"href":"https:\/\/www.muntdemots.org\/2015\/wp-json\/wp\/v2\/pages"}],"about":[{"href":"https:\/\/www.muntdemots.org\/2015\/wp-json\/wp\/v2\/types\/page"}],"author":[{"embeddable":true,"href":"https:\/\/www.muntdemots.org\/2015\/wp-json\/wp\/v2\/users\/28"}],"replies":[{"embeddable":true,"href":"https:\/\/www.muntdemots.org\/2015\/wp-json\/wp\/v2\/comments?post=7826"}],"version-history":[{"count":7,"href":"https:\/\/www.muntdemots.org\/2015\/wp-json\/wp\/v2\/pages\/7826\/revisions"}],"predecessor-version":[{"id":7866,"href":"https:\/\/www.muntdemots.org\/2015\/wp-json\/wp\/v2\/pages\/7826\/revisions\/7866"}],"up":[{"embeddable":true,"href":"https:\/\/www.muntdemots.org\/2015\/wp-json\/wp\/v2\/pages\/4"}],"wp:attachment":[{"href":"https:\/\/www.muntdemots.org\/2015\/wp-json\/wp\/v2\/media?parent=7826"}],"curies":[{"name":"wp","href":"https:\/\/api.w.org\/{rel}","templated":true}]}}