{"id":6065,"date":"2012-10-18T13:03:31","date_gmt":"2012-10-18T13:03:31","guid":{"rendered":"http:\/\/www.muntdemots.org\/2012\/?page_id=6065"},"modified":"2015-10-24T06:46:21","modified_gmt":"2015-10-24T06:46:21","slug":"televisio-i-audiovisuals","status":"publish","type":"page","link":"https:\/\/www.muntdemots.org\/2015\/premsa\/televisio-i-audiovisuals\/","title":{"rendered":"Televisi\u00f3 i audiovisuals"},"content":{"rendered":"<p>En aquesta p\u00e0gina hi trobareu tot el contingut audiovisual que s&#8217;ha generat al llarg del Munt de Mots 2015<\/p>\n<p><strong>Entrevista a Al\u00edcia Molina al Valors a l&#8217;Al\u00e7a de La Xarxa R\u00e0dio<\/strong><\/p>\n<p><iframe loading=\"lazy\" src=\"http:\/\/programes.laxarxa.com\/audio\/98132\/embed\" name=\"iframe_audio\" width=\"400\" height=\"70\" frameborder=\"0\" scrolling=\"no\"><\/iframe><\/p>\n<p>&nbsp;<\/p>\n<p><strong>Entrevista a Al\u00edcia Molina a La Tribu de Catalunya R\u00e0dio<\/strong><\/p>\n<p><iframe loading=\"lazy\" src=\"http:\/\/www.goear.com\/embed\/sound\/efe29ce\" width=\"480\" height=\"115\" frameborder=\"0\" marginheight=\"0\" scrolling=\"no\" align=\"top\" allowfullscreen=\"allowfullscreen\"><\/iframe><\/p>\n<p>&nbsp;<\/p>\n<p><strong>Entrevista a Itziar Rekalde al\u00a0 programa Bon dia i Bona hora de R\u00e0dio Molins de Rei<\/strong><\/p>\n<p><iframe loading=\"lazy\" src=\"http:\/\/www.goear.com\/embed\/sound\/80da255\" width=\"480\" height=\"115\" frameborder=\"0\" marginheight=\"0\" scrolling=\"no\" align=\"top\" allowfullscreen=\"allowfullscreen\"><\/iframe><\/p>\n<p>&nbsp;<\/p>\n<p><strong>Entrevista a Rub\u00e9n Mart\u00ednez Santana al programa La Primera Pedra de RAC1<\/strong><br \/>\n<iframe loading=\"lazy\" src=\"http:\/\/www.goear.com\/embed\/sound\/f86b207\" width=\"480\" height=\"115\" frameborder=\"0\" marginheight=\"0\" scrolling=\"no\" align=\"top\" allowfullscreen=\"allowfullscreen\"><\/iframe><br \/>\n&nbsp;<\/p>\n<p><strong>El Munt de Mots als Informatius de BTV<\/strong><\/p>\n<p><iframe loading=\"lazy\" id=\"flumotion_iframe_player\" src=\"http:\/\/play.barcelonatvnoticies.webtv.flumotion.com\/play\/player?playerId=7&amp;podId=76609\" name=\"flumotion_iframe_player\" width=\"480px\" height=\"315px\" frameborder=\"0\" scrolling=\"no\" allowfullscreen=\"allowfullscreen\"><\/iframe><\/p>\n<p>&nbsp;<\/p>\n<p><strong>\u00c8xit de les &#8220;Humitats&#8221; de Pablo Albo a la Televisi\u00f3 de Cardedeu<\/strong><br \/>\n<iframe loading=\"lazy\" src=\"https:\/\/www.youtube.com\/embed\/mLEG_jAJQPs\" width=\"480\" height=\"315\" frameborder=\"0\" allowfullscreen=\"allowfullscreen\"><\/iframe><br \/>\n<strong>Resum dels narradors que podrem veure al Festival 2015<\/strong><\/p>\n<p><iframe loading=\"lazy\" src=\"https:\/\/www.youtube.com\/embed\/d5vELrqmkT8\" width=\"480\" height=\"315\" frameborder=\"0\" allowfullscreen=\"allowfullscreen\"><\/iframe><\/p>\n<p>M\u00e9s valoracions del p\u00fablic, reportatges i entrevistes al <a href=\"http:\/\/www.youtube.com\/user\/festivalmuntdemots\/videos?flow=grid&amp;view=0\">Canal de Youtube del Festival Munt de Mots<\/a><\/p>\n","protected":false},"excerpt":{"rendered":"<p>En aquesta p\u00e0gina hi trobareu tot el contingut audiovisual que s&#8217;ha generat al llarg del Munt de Mots 2015 Entrevista a Al\u00edcia Molina al Valors a l&#8217;Al\u00e7a de La Xarxa R\u00e0dio &nbsp; Entrevista a Al\u00edcia Molina a La Tribu de Catalunya R\u00e0dio &nbsp; Entrevista a Itziar Rekalde al\u00a0 programa Bon dia i Bona hora de [&hellip;]<\/p>\n","protected":false},"author":1,"featured_media":0,"parent":2948,"menu_order":0,"comment_status":"open","ping_status":"open","template":"","meta":{"_mi_skip_tracking":false},"yoast_head":"<!-- This site is optimized with the Yoast SEO plugin v20.5 - https:\/\/yoast.com\/wordpress\/plugins\/seo\/ -->\n<title>Televisi\u00f3 i audiovisuals - Munt de Mots<\/title>\n<meta name=\"robots\" content=\"index, follow, max-snippet:-1, max-image-preview:large, max-video-preview:-1\" \/>\n<link rel=\"canonical\" href=\"https:\/\/www.muntdemots.org\/2015\/premsa\/televisio-i-audiovisuals\/\" \/>\n<meta property=\"og:locale\" content=\"ca_ES\" \/>\n<meta property=\"og:type\" content=\"article\" \/>\n<meta property=\"og:title\" content=\"Televisi\u00f3 i audiovisuals - Munt de Mots\" \/>\n<meta property=\"og:description\" content=\"En aquesta p\u00e0gina hi trobareu tot el contingut audiovisual que s&#8217;ha generat al llarg del Munt de Mots 2015 Entrevista a Al\u00edcia Molina al Valors a l&#8217;Al\u00e7a de La Xarxa R\u00e0dio &nbsp; Entrevista a Al\u00edcia Molina a La Tribu de Catalunya R\u00e0dio &nbsp; Entrevista a Itziar Rekalde al\u00a0 programa Bon dia i Bona hora de [&hellip;]\" \/>\n<meta property=\"og:url\" content=\"https:\/\/www.muntdemots.org\/2015\/premsa\/televisio-i-audiovisuals\/\" \/>\n<meta property=\"og:site_name\" content=\"Munt de Mots\" \/>\n<meta property=\"article:publisher\" content=\"https:\/\/www.facebook.com\/FestivalMuntdeMots\" \/>\n<meta property=\"article:modified_time\" content=\"2015-10-24T06:46:21+00:00\" \/>\n<meta name=\"twitter:card\" content=\"summary_large_image\" \/>\n<meta name=\"twitter:site\" content=\"@muntdemots\" \/>\n<meta name=\"twitter:label1\" content=\"Temps estimat de lectura\" \/>\n\t<meta name=\"twitter:data1\" content=\"1 minut\" \/>\n<script type=\"application\/ld+json\" class=\"yoast-schema-graph\">{\"@context\":\"https:\/\/schema.org\",\"@graph\":[{\"@type\":\"WebPage\",\"@id\":\"https:\/\/www.muntdemots.org\/2015\/premsa\/televisio-i-audiovisuals\/\",\"url\":\"https:\/\/www.muntdemots.org\/2015\/premsa\/televisio-i-audiovisuals\/\",\"name\":\"Televisi\u00f3 i audiovisuals - Munt de Mots\",\"isPartOf\":{\"@id\":\"http:\/\/www.muntdemots.org\/2015\/#website\"},\"datePublished\":\"2012-10-18T13:03:31+00:00\",\"dateModified\":\"2015-10-24T06:46:21+00:00\",\"breadcrumb\":{\"@id\":\"https:\/\/www.muntdemots.org\/2015\/premsa\/televisio-i-audiovisuals\/#breadcrumb\"},\"inLanguage\":\"ca\",\"potentialAction\":[{\"@type\":\"ReadAction\",\"target\":[\"https:\/\/www.muntdemots.org\/2015\/premsa\/televisio-i-audiovisuals\/\"]}]},{\"@type\":\"BreadcrumbList\",\"@id\":\"https:\/\/www.muntdemots.org\/2015\/premsa\/televisio-i-audiovisuals\/#breadcrumb\",\"itemListElement\":[{\"@type\":\"ListItem\",\"position\":1,\"name\":\"Inici\",\"item\":\"http:\/\/www.muntdemots.org\/2015\/\"},{\"@type\":\"ListItem\",\"position\":2,\"name\":\"Premsa\",\"item\":\"http:\/\/www.muntdemots.org\/2015\/premsa\/\"},{\"@type\":\"ListItem\",\"position\":3,\"name\":\"Televisi\u00f3 i audiovisuals\"}]},{\"@type\":\"WebSite\",\"@id\":\"http:\/\/www.muntdemots.org\/2015\/#website\",\"url\":\"http:\/\/www.muntdemots.org\/2015\/\",\"name\":\"Munt de Mots\",\"description\":\"\",\"potentialAction\":[{\"@type\":\"SearchAction\",\"target\":{\"@type\":\"EntryPoint\",\"urlTemplate\":\"http:\/\/www.muntdemots.org\/2015\/?s={search_term_string}\"},\"query-input\":\"required name=search_term_string\"}],\"inLanguage\":\"ca\"}]}<\/script>\n<!-- \/ Yoast SEO plugin. -->","yoast_head_json":{"title":"Televisi\u00f3 i audiovisuals - Munt de Mots","robots":{"index":"index","follow":"follow","max-snippet":"max-snippet:-1","max-image-preview":"max-image-preview:large","max-video-preview":"max-video-preview:-1"},"canonical":"https:\/\/www.muntdemots.org\/2015\/premsa\/televisio-i-audiovisuals\/","og_locale":"ca_ES","og_type":"article","og_title":"Televisi\u00f3 i audiovisuals - Munt de Mots","og_description":"En aquesta p\u00e0gina hi trobareu tot el contingut audiovisual que s&#8217;ha generat al llarg del Munt de Mots 2015 Entrevista a Al\u00edcia Molina al Valors a l&#8217;Al\u00e7a de La Xarxa R\u00e0dio &nbsp; Entrevista a Al\u00edcia Molina a La Tribu de Catalunya R\u00e0dio &nbsp; Entrevista a Itziar Rekalde al\u00a0 programa Bon dia i Bona hora de [&hellip;]","og_url":"https:\/\/www.muntdemots.org\/2015\/premsa\/televisio-i-audiovisuals\/","og_site_name":"Munt de Mots","article_publisher":"https:\/\/www.facebook.com\/FestivalMuntdeMots","article_modified_time":"2015-10-24T06:46:21+00:00","twitter_card":"summary_large_image","twitter_site":"@muntdemots","twitter_misc":{"Temps estimat de lectura":"1 minut"},"schema":{"@context":"https:\/\/schema.org","@graph":[{"@type":"WebPage","@id":"https:\/\/www.muntdemots.org\/2015\/premsa\/televisio-i-audiovisuals\/","url":"https:\/\/www.muntdemots.org\/2015\/premsa\/televisio-i-audiovisuals\/","name":"Televisi\u00f3 i audiovisuals - Munt de Mots","isPartOf":{"@id":"http:\/\/www.muntdemots.org\/2015\/#website"},"datePublished":"2012-10-18T13:03:31+00:00","dateModified":"2015-10-24T06:46:21+00:00","breadcrumb":{"@id":"https:\/\/www.muntdemots.org\/2015\/premsa\/televisio-i-audiovisuals\/#breadcrumb"},"inLanguage":"ca","potentialAction":[{"@type":"ReadAction","target":["https:\/\/www.muntdemots.org\/2015\/premsa\/televisio-i-audiovisuals\/"]}]},{"@type":"BreadcrumbList","@id":"https:\/\/www.muntdemots.org\/2015\/premsa\/televisio-i-audiovisuals\/#breadcrumb","itemListElement":[{"@type":"ListItem","position":1,"name":"Inici","item":"http:\/\/www.muntdemots.org\/2015\/"},{"@type":"ListItem","position":2,"name":"Premsa","item":"http:\/\/www.muntdemots.org\/2015\/premsa\/"},{"@type":"ListItem","position":3,"name":"Televisi\u00f3 i audiovisuals"}]},{"@type":"WebSite","@id":"http:\/\/www.muntdemots.org\/2015\/#website","url":"http:\/\/www.muntdemots.org\/2015\/","name":"Munt de Mots","description":"","potentialAction":[{"@type":"SearchAction","target":{"@type":"EntryPoint","urlTemplate":"http:\/\/www.muntdemots.org\/2015\/?s={search_term_string}"},"query-input":"required name=search_term_string"}],"inLanguage":"ca"}]}},"_links":{"self":[{"href":"https:\/\/www.muntdemots.org\/2015\/wp-json\/wp\/v2\/pages\/6065"}],"collection":[{"href":"https:\/\/www.muntdemots.org\/2015\/wp-json\/wp\/v2\/pages"}],"about":[{"href":"https:\/\/www.muntdemots.org\/2015\/wp-json\/wp\/v2\/types\/page"}],"author":[{"embeddable":true,"href":"https:\/\/www.muntdemots.org\/2015\/wp-json\/wp\/v2\/users\/1"}],"replies":[{"embeddable":true,"href":"https:\/\/www.muntdemots.org\/2015\/wp-json\/wp\/v2\/comments?post=6065"}],"version-history":[{"count":33,"href":"https:\/\/www.muntdemots.org\/2015\/wp-json\/wp\/v2\/pages\/6065\/revisions"}],"predecessor-version":[{"id":8258,"href":"https:\/\/www.muntdemots.org\/2015\/wp-json\/wp\/v2\/pages\/6065\/revisions\/8258"}],"up":[{"embeddable":true,"href":"https:\/\/www.muntdemots.org\/2015\/wp-json\/wp\/v2\/pages\/2948"}],"wp:attachment":[{"href":"https:\/\/www.muntdemots.org\/2015\/wp-json\/wp\/v2\/media?parent=6065"}],"curies":[{"name":"wp","href":"https:\/\/api.w.org\/{rel}","templated":true}]}}