{"id":33,"date":"2012-07-01T16:14:22","date_gmt":"2012-07-01T16:14:22","guid":{"rendered":"http:\/\/www.muntdemots.org\/"},"modified":"2015-10-01T17:46:09","modified_gmt":"2015-10-01T17:46:09","slug":"20oct","status":"publish","type":"page","link":"https:\/\/www.muntdemots.org\/2015\/calendari\/20oct\/","title":{"rendered":"Dimarts, 20 d&#8217;octubre"},"content":{"rendered":"<p><strong>CONTES DE LA PROVEN\u00c7A:<\/strong><br \/>\n<strong>LA CABRA D\u2019OR I ALTRES ENCABRONADES<\/strong><br \/>\n<a href=\"http:\/\/www.muntdemots.org\/2015\/participants\/anolis-annelore-franca\/\"><strong>Anolis Annelore (Fran\u00e7a)<\/strong><\/a><\/p>\n<p style=\"text-align: left;\">La Proven\u00e7a \u2013sud-est de Fran\u00e7a- aixopluga des de l\u2019Edat Mitjana nombroses<br \/>\nllegendes de tresors amagats custodiats per temibles cabres d\u2019or&#8230; Mentre un<br \/>\npag\u00e8s la va desafiant, una reina \u2013que s\u2019arruga en un altre conte- espera el seu<br \/>\ntorn.<\/p>\n<p>Jove \/ Franc\u00e8s<br \/>\n<strong>Hora: 11.00h<\/strong><br \/>\n<strong><a href=\"http:\/\/www.muntdemots.org\/2015\/locations\/teatre-de-la-vila-palau-solita-i-plegamans\/\">TEATRE DE PALAU-SOLIT\u00c0 I PLEGAMANS<\/a><\/strong><br \/>\nSessi\u00f3 Escolar<\/p>\n<hr \/>\n<p><strong>EL LE\u00d3N KANDINGA<\/strong><br \/>\n<strong><a href=\"http:\/\/www.muntdemots.org\/2015\/participants\/boni-ofogo-camerun\/\">Boni Ofogo (Camerun)<\/a><\/strong><\/p>\n<p>Aquesta hist\u00f2ria de Kandinga forma part de la rica i inesgotable tradici\u00f3 oral<br \/>\ndels Bant\u00fa, que habiten les selves i sabanes africanes des del centre del<br \/>\nCamerun fins a Sud-\u00e0frica. La majoria d\u2019aquestes hist\u00f2ries s\u00f3n faules que<br \/>\nrecreen l\u2019estreta relaci\u00f3 de l\u2019\u00e9sser hum\u00e0 amb la fauna, constitu\u00efda per tot tipus<br \/>\nde b\u00e8sties salvatges.<\/p>\n<p>Infantil i Familiar \/ Castell\u00e0<br \/>\n<strong>Hora: 17.30h<\/strong><br \/>\n<strong><a href=\"http:\/\/www.muntdemots.org\/2015\/locations\/centre-civic-la-sedeta\/\">CENTRE C\u00cdVIC LA SEDETA<\/a><\/strong><br \/>\nActivitat gratu\u00efta<\/p>\n<hr \/>\n<p><strong>CUENTOS DE MIEDO QUE DAN RISA<\/strong><br \/>\n<strong><a href=\"http:\/\/www.muntdemots.org\/2015\/participants\/pablo-albo-alacant\/\">Pablo Albo (Val\u00e8ncia)<\/a><\/strong><\/p>\n<p>Pablo Albo, l\u2019incre\u00efble home parlant. Passin que veuran el piset. Una persona<br \/>\ncapa\u00e7 de fer apar\u00e8ixer monstres dins la nostra imaginaci\u00f3, \u00fanicament amb la<br \/>\nseva veu i la seva mirada. Tot i que siguin aut\u00e8ntics esguerros irreals, no<br \/>\ns\u2019alarmin, ning\u00fa no en sortir\u00e0 malparat.<\/p>\n<p>Infantil \/ Castell\u00e0<br \/>\n<strong>Hora: 17.30h<\/strong><br \/>\n<strong><a href=\"http:\/\/www.muntdemots.org\/2015\/locations\/biblioteca-josep-soler-vidal-gava\/\">BIBLIOTECA JOSEP SOLER VILAR<\/a> (GAV\u00c0)<\/strong><br \/>\nActivitat gratu\u00efta<\/p>\n<hr \/>\n<p><strong>CUENTOS PARA DEJAR UN BUEN SABOR DE BOCA<\/strong><br \/>\n<strong><a href=\"http:\/\/www.muntdemots.org\/2015\/participants\/paula-carballeira-galicia\/\">Paula Carballeira (Galicia)<\/a><\/strong><\/p>\n<p>Quan els contes ens parlen de menjar, sempre ens deixen un bon gust de<br \/>\nboca. Galetes de taronja, bescuit de llimona, ll\u00e0grimes de xocolata, per\u00f2 tamb\u00e9<br \/>\nsopa de coliflor o pa de pedra, s\u00f3n algunes de les sorpreses que pots trobar en<br \/>\naquestes hist\u00f2ries.<\/p>\n<p>Infantil +5 \/ Castell\u00e0<br \/>\n<strong>Hora: 18:00h<\/strong><br \/>\n<strong><a href=\"http:\/\/www.muntdemots.org\/2015\/locations\/biblioteca-sagrada-familia\/\">BIBLIOTECA SAGRADA FAM\u00cdLIA<\/a><\/strong><br \/>\nActivitat gratu\u00efta<\/p>\n<hr \/>\n<p><strong>Presentaci\u00f3 del documental<\/strong><br \/>\n<strong>EN MEMORIA<\/strong><br \/>\n<strong><a href=\"http:\/\/www.muntdemots.org\/2015\/participants\/boni-ofogo-camerun\/\">Boni Ofogo (Camerun)<\/a><\/strong><\/p>\n<p>La major part dels documentals antropol\u00f2gics sobre africans ha estat realitzada<br \/>\nper investigadors occidentals que, amb m\u00e9s o menys encert, fan una mirada<br \/>\ndes de l\u2019exterior. Jo formo part d\u2019aquesta realitat; vaig beure de la seva font,<br \/>\nm\u2019hi identifico, per\u00f2 tinc el gran avantatge de con\u00e8ixer la cultura occidental. La<br \/>\nmeva obligaci\u00f3 \u00e9s fer de pont entre les dues cultures.<\/p>\n<p>Adults \/ Castell\u00e0<br \/>\n<strong>Hora: 19.30h<\/strong><br \/>\n<strong>CENTRE D\u2019INTER\u00c8S EN LA NARRACI\u00d3 ORAL<\/strong><br \/>\n<strong><a href=\"http:\/\/www.muntdemots.org\/2015\/locations\/biblioteca-vila-de-gracia\/\">BIBLIOTECA VILA DE GR\u00c0CIA<\/a><\/strong><br \/>\nActivitat gratu\u00efta<\/p>\n<hr \/>\n<p><strong>DIVINES SEDUCCIONS<\/strong><br \/>\n<a href=\"http:\/\/www.muntdemots.org\/2015\/participants\/arnau-vilardebo-catalunya\/\">Arnau Vilardeb\u00f2 (Catalunya)<\/a><\/p>\n<p>Mitologia grega amb humor, \u00e9s a dir, seriosa i acad\u00e8mica. La humanitat va<br \/>\ninventar les divinitats a partir dels seus gustos i desitjos. Escollirem alguns<br \/>\nrelats entre els d\u2019Eros, Zeus, Europa, Pers\u00e8fone, Adonis, Metis, N\u00e8mesis,<br \/>\nDionis, Hefest, Dem\u00e8er, Hades&#8230; Som com eren i eren com som.<\/p>\n<p>Adults \/ Catal\u00e0<br \/>\n<strong>Hora: 19.00h<\/strong><br \/>\n<strong><a href=\"http:\/\/www.muntdemots.org\/2015\/locations\/biblioteca-poble-nou-manuel-arranz\/\">BIBLIOTECA DE POBLE NOU<\/a><\/strong><br \/>\nActivitat gratu\u00efta<\/p>\n<hr \/>\n<p><strong>LOS CUENTOS QUE NO ME CONTARON<\/strong><br \/>\n<strong><a href=\"http:\/\/www.muntdemots.org\/2015\/participants\/paula-carballeira-galicia\/\">Paula Carballeira (Galicia)<\/a><\/strong><\/p>\n<p>Tinc una set insaciable de paraules. I tot perqu\u00e8 de petita no em van explicar<br \/>\ncontes. No n\u2019hi havia temps, de fer-ho. La meva fam\u00edlia ja no se\u2019n recordava de<br \/>\nles nits d\u2019hivern sense llum el\u00e8ctrica ni d\u2019aprendre a caminar amb les aventures<br \/>\ndels altres. Fins que un dia la meva mare va anar a sentir-me contar. \u201cAquesta<br \/>\nhist\u00f2ria me l\u2019explicava la teva \u00e0via\u201d, em va dir. Aleshores vaig saber quin era el<br \/>\nmeu paper: el de la mem\u00f2ria.<\/p>\n<p>Adults \/ Gallec<br \/>\n<strong>Hora: 20.00h<\/strong><br \/>\n<a href=\"http:\/\/www.muntdemots.org\/2015\/locations\/h-original-2\/\"><strong>H<\/strong> <strong>ORIGINAL<\/strong><\/a><br \/>\nEntrada: 5\u20ac<\/p>\n<hr \/>\n<p><strong>EL CUENTOTO<\/strong><br \/>\n<a href=\"http:\/\/www.muntdemots.org\/2015\/participants\/anolis-annelore-franca\/\"><strong>Anolis Annelore (Fran\u00e7a)<\/strong><\/a><\/p>\n<p>Una francesa busca la seva infantesa perduda a Col\u00f2mbia. Un absurd relat<br \/>\ndesafiant la desmem\u00f2ria. Aquest espectacle, a trav\u00e9s de l\u2019absurd i la innoc\u00e8ncia<br \/>\nfingida, entaula una reflexi\u00f3 sobre l\u2019abs\u00e8ncia dels motors de vida.<\/p>\n<p>Adults \/ Castell\u00e0<br \/>\n<strong>Hora: 20.00h<\/strong><br \/>\n<strong><a href=\"http:\/\/www.muntdemots.org\/2015\/locations\/teatre-tantarantana\/\">\u00c0TIC 22 \u2013 TEATRE TANTARANTANA<\/a><\/strong><br \/>\nEntrada: 6\u20ac<\/p>\n","protected":false},"excerpt":{"rendered":"<p>CONTES DE LA PROVEN\u00c7A: LA CABRA D\u2019OR I ALTRES ENCABRONADES Anolis Annelore (Fran\u00e7a) La Proven\u00e7a \u2013sud-est de Fran\u00e7a- aixopluga des de l\u2019Edat Mitjana nombroses llegendes de tresors amagats custodiats per temibles cabres d\u2019or&#8230; Mentre un pag\u00e8s la va desafiant, una reina \u2013que s\u2019arruga en un altre conte- espera el seu torn. Jove \/ Franc\u00e8s Hora: [&hellip;]<\/p>\n","protected":false},"author":1,"featured_media":0,"parent":4928,"menu_order":0,"comment_status":"open","ping_status":"closed","template":"","meta":{"_mi_skip_tracking":false},"yoast_head":"<!-- This site is optimized with the Yoast SEO plugin v20.5 - https:\/\/yoast.com\/wordpress\/plugins\/seo\/ -->\n<title>Dimarts, 20 d&#039;octubre - Munt de Mots<\/title>\n<meta name=\"robots\" content=\"index, follow, max-snippet:-1, max-image-preview:large, max-video-preview:-1\" \/>\n<link rel=\"canonical\" href=\"https:\/\/www.muntdemots.org\/2015\/calendari\/20oct\/\" \/>\n<meta property=\"og:locale\" content=\"ca_ES\" \/>\n<meta property=\"og:type\" content=\"article\" \/>\n<meta property=\"og:title\" content=\"Dimarts, 20 d&#039;octubre - Munt de Mots\" \/>\n<meta property=\"og:description\" content=\"CONTES DE LA PROVEN\u00c7A: LA CABRA D\u2019OR I ALTRES ENCABRONADES Anolis Annelore (Fran\u00e7a) La Proven\u00e7a \u2013sud-est de Fran\u00e7a- aixopluga des de l\u2019Edat Mitjana nombroses llegendes de tresors amagats custodiats per temibles cabres d\u2019or&#8230; Mentre un pag\u00e8s la va desafiant, una reina \u2013que s\u2019arruga en un altre conte- espera el seu torn. Jove \/ Franc\u00e8s Hora: [&hellip;]\" \/>\n<meta property=\"og:url\" content=\"https:\/\/www.muntdemots.org\/2015\/calendari\/20oct\/\" \/>\n<meta property=\"og:site_name\" content=\"Munt de Mots\" \/>\n<meta property=\"article:publisher\" content=\"https:\/\/www.facebook.com\/FestivalMuntdeMots\" \/>\n<meta property=\"article:modified_time\" content=\"2015-10-01T17:46:09+00:00\" \/>\n<meta name=\"twitter:card\" content=\"summary_large_image\" \/>\n<meta name=\"twitter:site\" content=\"@muntdemots\" \/>\n<meta name=\"twitter:label1\" content=\"Temps estimat de lectura\" \/>\n\t<meta name=\"twitter:data1\" content=\"3 minuts\" \/>\n<script type=\"application\/ld+json\" class=\"yoast-schema-graph\">{\"@context\":\"https:\/\/schema.org\",\"@graph\":[{\"@type\":\"WebPage\",\"@id\":\"https:\/\/www.muntdemots.org\/2015\/calendari\/20oct\/\",\"url\":\"https:\/\/www.muntdemots.org\/2015\/calendari\/20oct\/\",\"name\":\"Dimarts, 20 d'octubre - Munt de Mots\",\"isPartOf\":{\"@id\":\"http:\/\/www.muntdemots.org\/2015\/#website\"},\"datePublished\":\"2012-07-01T16:14:22+00:00\",\"dateModified\":\"2015-10-01T17:46:09+00:00\",\"breadcrumb\":{\"@id\":\"https:\/\/www.muntdemots.org\/2015\/calendari\/20oct\/#breadcrumb\"},\"inLanguage\":\"ca\",\"potentialAction\":[{\"@type\":\"ReadAction\",\"target\":[\"https:\/\/www.muntdemots.org\/2015\/calendari\/20oct\/\"]}]},{\"@type\":\"BreadcrumbList\",\"@id\":\"https:\/\/www.muntdemots.org\/2015\/calendari\/20oct\/#breadcrumb\",\"itemListElement\":[{\"@type\":\"ListItem\",\"position\":1,\"name\":\"Inici\",\"item\":\"http:\/\/www.muntdemots.org\/2015\/\"},{\"@type\":\"ListItem\",\"position\":2,\"name\":\"Calendari\",\"item\":\"http:\/\/www.muntdemots.org\/2015\/calendari\/\"},{\"@type\":\"ListItem\",\"position\":3,\"name\":\"Dimarts, 20 d&#8217;octubre\"}]},{\"@type\":\"WebSite\",\"@id\":\"http:\/\/www.muntdemots.org\/2015\/#website\",\"url\":\"http:\/\/www.muntdemots.org\/2015\/\",\"name\":\"Munt de Mots\",\"description\":\"\",\"potentialAction\":[{\"@type\":\"SearchAction\",\"target\":{\"@type\":\"EntryPoint\",\"urlTemplate\":\"http:\/\/www.muntdemots.org\/2015\/?s={search_term_string}\"},\"query-input\":\"required name=search_term_string\"}],\"inLanguage\":\"ca\"}]}<\/script>\n<!-- \/ Yoast SEO plugin. -->","yoast_head_json":{"title":"Dimarts, 20 d'octubre - Munt de Mots","robots":{"index":"index","follow":"follow","max-snippet":"max-snippet:-1","max-image-preview":"max-image-preview:large","max-video-preview":"max-video-preview:-1"},"canonical":"https:\/\/www.muntdemots.org\/2015\/calendari\/20oct\/","og_locale":"ca_ES","og_type":"article","og_title":"Dimarts, 20 d'octubre - Munt de Mots","og_description":"CONTES DE LA PROVEN\u00c7A: LA CABRA D\u2019OR I ALTRES ENCABRONADES Anolis Annelore (Fran\u00e7a) La Proven\u00e7a \u2013sud-est de Fran\u00e7a- aixopluga des de l\u2019Edat Mitjana nombroses llegendes de tresors amagats custodiats per temibles cabres d\u2019or&#8230; Mentre un pag\u00e8s la va desafiant, una reina \u2013que s\u2019arruga en un altre conte- espera el seu torn. Jove \/ Franc\u00e8s Hora: [&hellip;]","og_url":"https:\/\/www.muntdemots.org\/2015\/calendari\/20oct\/","og_site_name":"Munt de Mots","article_publisher":"https:\/\/www.facebook.com\/FestivalMuntdeMots","article_modified_time":"2015-10-01T17:46:09+00:00","twitter_card":"summary_large_image","twitter_site":"@muntdemots","twitter_misc":{"Temps estimat de lectura":"3 minuts"},"schema":{"@context":"https:\/\/schema.org","@graph":[{"@type":"WebPage","@id":"https:\/\/www.muntdemots.org\/2015\/calendari\/20oct\/","url":"https:\/\/www.muntdemots.org\/2015\/calendari\/20oct\/","name":"Dimarts, 20 d'octubre - Munt de Mots","isPartOf":{"@id":"http:\/\/www.muntdemots.org\/2015\/#website"},"datePublished":"2012-07-01T16:14:22+00:00","dateModified":"2015-10-01T17:46:09+00:00","breadcrumb":{"@id":"https:\/\/www.muntdemots.org\/2015\/calendari\/20oct\/#breadcrumb"},"inLanguage":"ca","potentialAction":[{"@type":"ReadAction","target":["https:\/\/www.muntdemots.org\/2015\/calendari\/20oct\/"]}]},{"@type":"BreadcrumbList","@id":"https:\/\/www.muntdemots.org\/2015\/calendari\/20oct\/#breadcrumb","itemListElement":[{"@type":"ListItem","position":1,"name":"Inici","item":"http:\/\/www.muntdemots.org\/2015\/"},{"@type":"ListItem","position":2,"name":"Calendari","item":"http:\/\/www.muntdemots.org\/2015\/calendari\/"},{"@type":"ListItem","position":3,"name":"Dimarts, 20 d&#8217;octubre"}]},{"@type":"WebSite","@id":"http:\/\/www.muntdemots.org\/2015\/#website","url":"http:\/\/www.muntdemots.org\/2015\/","name":"Munt de Mots","description":"","potentialAction":[{"@type":"SearchAction","target":{"@type":"EntryPoint","urlTemplate":"http:\/\/www.muntdemots.org\/2015\/?s={search_term_string}"},"query-input":"required name=search_term_string"}],"inLanguage":"ca"}]}},"_links":{"self":[{"href":"https:\/\/www.muntdemots.org\/2015\/wp-json\/wp\/v2\/pages\/33"}],"collection":[{"href":"https:\/\/www.muntdemots.org\/2015\/wp-json\/wp\/v2\/pages"}],"about":[{"href":"https:\/\/www.muntdemots.org\/2015\/wp-json\/wp\/v2\/types\/page"}],"author":[{"embeddable":true,"href":"https:\/\/www.muntdemots.org\/2015\/wp-json\/wp\/v2\/users\/1"}],"replies":[{"embeddable":true,"href":"https:\/\/www.muntdemots.org\/2015\/wp-json\/wp\/v2\/comments?post=33"}],"version-history":[{"count":119,"href":"https:\/\/www.muntdemots.org\/2015\/wp-json\/wp\/v2\/pages\/33\/revisions"}],"predecessor-version":[{"id":8125,"href":"https:\/\/www.muntdemots.org\/2015\/wp-json\/wp\/v2\/pages\/33\/revisions\/8125"}],"up":[{"embeddable":true,"href":"https:\/\/www.muntdemots.org\/2015\/wp-json\/wp\/v2\/pages\/4928"}],"wp:attachment":[{"href":"https:\/\/www.muntdemots.org\/2015\/wp-json\/wp\/v2\/media?parent=33"}],"curies":[{"name":"wp","href":"https:\/\/api.w.org\/{rel}","templated":true}]}}