{"id":29,"date":"2012-07-01T16:15:33","date_gmt":"2012-07-01T16:15:33","guid":{"rendered":"http:\/\/www.muntdemots.org\/"},"modified":"2015-10-04T21:05:17","modified_gmt":"2015-10-04T21:05:17","slug":"23oct","status":"publish","type":"page","link":"https:\/\/www.muntdemots.org\/2015\/calendari\/23oct\/","title":{"rendered":"Dilluns, 19 d&#8217;octubre"},"content":{"rendered":"<p><strong>CUENTOS Y LEYENDAS DE \u00c1FRICA<\/strong><br \/>\n<strong><a href=\"http:\/\/www.muntdemots.org\/2015\/participants\/boni-ofogo-camerun\/\">Boni Ofogo (Camerun)<\/a><\/strong><\/p>\n<p>Al voltant del foc o sota l\u2019Arbre de la Paraula, nens i grans deixen anar a tota\u00a0brida la seva condici\u00f3 m\u00e9s intr\u00ednseca com a humans: la paraula, la imaginaci\u00f3 i\u00a0la necessitat de somniar. Durant hores, l\u2019\u00e9sser afric\u00e0 recorre a la mem\u00f2ria\u00a0hist\u00f2rica per demanar d\u2019on venim, quin \u00e9s l\u2019origen de les coses, per qu\u00e8 el m\u00f3n\u00a0\u00e9s tal com el vivim i no d\u2019una altra manera&#8230;<\/p>\n<p>Infantil \/ Castell\u00e0<br \/>\n<strong>Hora: 18.00h<\/strong><br \/>\n<strong>BIBLIOTECA DE SANT ANTONI<\/strong><br \/>\nActivitat gratu\u00efta<\/p>\n<p>&nbsp;<\/p>\n<hr \/>\n<p><strong>INAUGURACI\u00d3<\/strong><br \/>\n<strong>Tradici\u00f3 Oral i Literatura. Munt de Mots 2015<\/strong><\/p>\n<p>Acte d\u2019inauguraci\u00f3 del VI Festival de Narraci\u00f3 Oral de Barcelona, Munt de Mots\u00a02015, amb la participaci\u00f3 de la Coral Americat i els narradors Pablo Albo, Boni Ofogo, Paula Carballeira, Arnau\u00a0Vilardeb\u00f2, Alex\u00e1nder Hern\u00e1ndez, Albert Estengre, Mat\u00edas T\u00e1rraga,\u00a0Anolis Annelore, Ana Herreros, Vivim del Cuentu.<\/p>\n<p>Adults \/ Catal\u00e0 i castell\u00e0<br \/>\n<strong>Hora: 20.00h (Recital) 20.30h (Contes)<\/strong><br \/>\n<strong>SALA LUZ DE GAS<\/strong><br \/>\nTaquilla Inversa (a la sortida col\u00b7labora amb l\u2019import que creguis convenient)<\/p>\n","protected":false},"excerpt":{"rendered":"<p>CUENTOS Y LEYENDAS DE \u00c1FRICA Boni Ofogo (Camerun) Al voltant del foc o sota l\u2019Arbre de la Paraula, nens i grans deixen anar a tota\u00a0brida la seva condici\u00f3 m\u00e9s intr\u00ednseca com a humans: la paraula, la imaginaci\u00f3 i\u00a0la necessitat de somniar. Durant hores, l\u2019\u00e9sser afric\u00e0 recorre a la mem\u00f2ria\u00a0hist\u00f2rica per demanar d\u2019on venim, quin \u00e9s [&hellip;]<\/p>\n","protected":false},"author":1,"featured_media":0,"parent":4928,"menu_order":0,"comment_status":"closed","ping_status":"closed","template":"","meta":{"_mi_skip_tracking":false},"yoast_head":"<!-- This site is optimized with the Yoast SEO plugin v20.5 - https:\/\/yoast.com\/wordpress\/plugins\/seo\/ -->\n<title>Dilluns, 19 d&#039;octubre - Munt de Mots<\/title>\n<meta name=\"robots\" content=\"index, follow, max-snippet:-1, max-image-preview:large, max-video-preview:-1\" \/>\n<link rel=\"canonical\" href=\"https:\/\/www.muntdemots.org\/2015\/calendari\/23oct\/\" \/>\n<meta property=\"og:locale\" content=\"ca_ES\" \/>\n<meta property=\"og:type\" content=\"article\" \/>\n<meta property=\"og:title\" content=\"Dilluns, 19 d&#039;octubre - Munt de Mots\" \/>\n<meta property=\"og:description\" content=\"CUENTOS Y LEYENDAS DE \u00c1FRICA Boni Ofogo (Camerun) Al voltant del foc o sota l\u2019Arbre de la Paraula, nens i grans deixen anar a tota\u00a0brida la seva condici\u00f3 m\u00e9s intr\u00ednseca com a humans: la paraula, la imaginaci\u00f3 i\u00a0la necessitat de somniar. Durant hores, l\u2019\u00e9sser afric\u00e0 recorre a la mem\u00f2ria\u00a0hist\u00f2rica per demanar d\u2019on venim, quin \u00e9s [&hellip;]\" \/>\n<meta property=\"og:url\" content=\"https:\/\/www.muntdemots.org\/2015\/calendari\/23oct\/\" \/>\n<meta property=\"og:site_name\" content=\"Munt de Mots\" \/>\n<meta property=\"article:publisher\" content=\"https:\/\/www.facebook.com\/FestivalMuntdeMots\" \/>\n<meta property=\"article:modified_time\" content=\"2015-10-04T21:05:17+00:00\" \/>\n<meta name=\"twitter:card\" content=\"summary_large_image\" \/>\n<meta name=\"twitter:site\" content=\"@muntdemots\" \/>\n<meta name=\"twitter:label1\" content=\"Temps estimat de lectura\" \/>\n\t<meta name=\"twitter:data1\" content=\"1 minut\" \/>\n<script type=\"application\/ld+json\" class=\"yoast-schema-graph\">{\"@context\":\"https:\/\/schema.org\",\"@graph\":[{\"@type\":\"WebPage\",\"@id\":\"https:\/\/www.muntdemots.org\/2015\/calendari\/23oct\/\",\"url\":\"https:\/\/www.muntdemots.org\/2015\/calendari\/23oct\/\",\"name\":\"Dilluns, 19 d'octubre - Munt de Mots\",\"isPartOf\":{\"@id\":\"http:\/\/www.muntdemots.org\/2015\/#website\"},\"datePublished\":\"2012-07-01T16:15:33+00:00\",\"dateModified\":\"2015-10-04T21:05:17+00:00\",\"breadcrumb\":{\"@id\":\"https:\/\/www.muntdemots.org\/2015\/calendari\/23oct\/#breadcrumb\"},\"inLanguage\":\"ca\",\"potentialAction\":[{\"@type\":\"ReadAction\",\"target\":[\"https:\/\/www.muntdemots.org\/2015\/calendari\/23oct\/\"]}]},{\"@type\":\"BreadcrumbList\",\"@id\":\"https:\/\/www.muntdemots.org\/2015\/calendari\/23oct\/#breadcrumb\",\"itemListElement\":[{\"@type\":\"ListItem\",\"position\":1,\"name\":\"Inici\",\"item\":\"http:\/\/www.muntdemots.org\/2015\/\"},{\"@type\":\"ListItem\",\"position\":2,\"name\":\"Calendari\",\"item\":\"http:\/\/www.muntdemots.org\/2015\/calendari\/\"},{\"@type\":\"ListItem\",\"position\":3,\"name\":\"Dilluns, 19 d&#8217;octubre\"}]},{\"@type\":\"WebSite\",\"@id\":\"http:\/\/www.muntdemots.org\/2015\/#website\",\"url\":\"http:\/\/www.muntdemots.org\/2015\/\",\"name\":\"Munt de Mots\",\"description\":\"\",\"potentialAction\":[{\"@type\":\"SearchAction\",\"target\":{\"@type\":\"EntryPoint\",\"urlTemplate\":\"http:\/\/www.muntdemots.org\/2015\/?s={search_term_string}\"},\"query-input\":\"required name=search_term_string\"}],\"inLanguage\":\"ca\"}]}<\/script>\n<!-- \/ Yoast SEO plugin. -->","yoast_head_json":{"title":"Dilluns, 19 d'octubre - Munt de Mots","robots":{"index":"index","follow":"follow","max-snippet":"max-snippet:-1","max-image-preview":"max-image-preview:large","max-video-preview":"max-video-preview:-1"},"canonical":"https:\/\/www.muntdemots.org\/2015\/calendari\/23oct\/","og_locale":"ca_ES","og_type":"article","og_title":"Dilluns, 19 d'octubre - Munt de Mots","og_description":"CUENTOS Y LEYENDAS DE \u00c1FRICA Boni Ofogo (Camerun) Al voltant del foc o sota l\u2019Arbre de la Paraula, nens i grans deixen anar a tota\u00a0brida la seva condici\u00f3 m\u00e9s intr\u00ednseca com a humans: la paraula, la imaginaci\u00f3 i\u00a0la necessitat de somniar. Durant hores, l\u2019\u00e9sser afric\u00e0 recorre a la mem\u00f2ria\u00a0hist\u00f2rica per demanar d\u2019on venim, quin \u00e9s [&hellip;]","og_url":"https:\/\/www.muntdemots.org\/2015\/calendari\/23oct\/","og_site_name":"Munt de Mots","article_publisher":"https:\/\/www.facebook.com\/FestivalMuntdeMots","article_modified_time":"2015-10-04T21:05:17+00:00","twitter_card":"summary_large_image","twitter_site":"@muntdemots","twitter_misc":{"Temps estimat de lectura":"1 minut"},"schema":{"@context":"https:\/\/schema.org","@graph":[{"@type":"WebPage","@id":"https:\/\/www.muntdemots.org\/2015\/calendari\/23oct\/","url":"https:\/\/www.muntdemots.org\/2015\/calendari\/23oct\/","name":"Dilluns, 19 d'octubre - Munt de Mots","isPartOf":{"@id":"http:\/\/www.muntdemots.org\/2015\/#website"},"datePublished":"2012-07-01T16:15:33+00:00","dateModified":"2015-10-04T21:05:17+00:00","breadcrumb":{"@id":"https:\/\/www.muntdemots.org\/2015\/calendari\/23oct\/#breadcrumb"},"inLanguage":"ca","potentialAction":[{"@type":"ReadAction","target":["https:\/\/www.muntdemots.org\/2015\/calendari\/23oct\/"]}]},{"@type":"BreadcrumbList","@id":"https:\/\/www.muntdemots.org\/2015\/calendari\/23oct\/#breadcrumb","itemListElement":[{"@type":"ListItem","position":1,"name":"Inici","item":"http:\/\/www.muntdemots.org\/2015\/"},{"@type":"ListItem","position":2,"name":"Calendari","item":"http:\/\/www.muntdemots.org\/2015\/calendari\/"},{"@type":"ListItem","position":3,"name":"Dilluns, 19 d&#8217;octubre"}]},{"@type":"WebSite","@id":"http:\/\/www.muntdemots.org\/2015\/#website","url":"http:\/\/www.muntdemots.org\/2015\/","name":"Munt de Mots","description":"","potentialAction":[{"@type":"SearchAction","target":{"@type":"EntryPoint","urlTemplate":"http:\/\/www.muntdemots.org\/2015\/?s={search_term_string}"},"query-input":"required name=search_term_string"}],"inLanguage":"ca"}]}},"_links":{"self":[{"href":"https:\/\/www.muntdemots.org\/2015\/wp-json\/wp\/v2\/pages\/29"}],"collection":[{"href":"https:\/\/www.muntdemots.org\/2015\/wp-json\/wp\/v2\/pages"}],"about":[{"href":"https:\/\/www.muntdemots.org\/2015\/wp-json\/wp\/v2\/types\/page"}],"author":[{"embeddable":true,"href":"https:\/\/www.muntdemots.org\/2015\/wp-json\/wp\/v2\/users\/1"}],"replies":[{"embeddable":true,"href":"https:\/\/www.muntdemots.org\/2015\/wp-json\/wp\/v2\/comments?post=29"}],"version-history":[{"count":138,"href":"https:\/\/www.muntdemots.org\/2015\/wp-json\/wp\/v2\/pages\/29\/revisions"}],"predecessor-version":[{"id":8142,"href":"https:\/\/www.muntdemots.org\/2015\/wp-json\/wp\/v2\/pages\/29\/revisions\/8142"}],"up":[{"embeddable":true,"href":"https:\/\/www.muntdemots.org\/2015\/wp-json\/wp\/v2\/pages\/4928"}],"wp:attachment":[{"href":"https:\/\/www.muntdemots.org\/2015\/wp-json\/wp\/v2\/media?parent=29"}],"curies":[{"name":"wp","href":"https:\/\/api.w.org\/{rel}","templated":true}]}}