{"id":27,"date":"2012-07-01T16:15:56","date_gmt":"2012-07-01T16:15:56","guid":{"rendered":"http:\/\/www.muntdemots.org\/"},"modified":"2015-10-04T20:37:41","modified_gmt":"2015-10-04T20:37:41","slug":"22oct","status":"publish","type":"page","link":"https:\/\/www.muntdemots.org\/2015\/calendari\/22oct\/","title":{"rendered":"Dijous, 22 d&#8217;octubre"},"content":{"rendered":"<h3><strong>CONTES ALS HOSPITALS<\/strong><\/h3>\n<p><strong>HOSPITAL CL\u00cdNIC<\/strong><br \/>\n<strong>Hora:\u00a010.15h<\/strong><br \/>\nSessi\u00f3 per a joves. Psiquiatria<\/p>\n<p><strong>HOSPITAL DE LA SANTA CREU I SANT PAU<\/strong><br \/>\n<strong>Hora: 11h<\/strong><br \/>\nSessi\u00f3 infantil<\/p>\n<p><strong>HOSPITAL SANT JOAN DE D\u00c9U<\/strong><br \/>\n<strong> Hora: 17.30h<\/strong><br \/>\nSessi\u00f3 infantil<\/p>\n<hr \/>\n<p><strong>L\u2019HOME DEL SAC<\/strong><br \/>\n<strong><a href=\"http:\/\/www.muntdemots.org\/2015\/participants\/pepe-perez\/\">Albert Estengre (Catalunya)<\/a><\/strong><\/p>\n<p>Contes tradicionals al voltant de tot all\u00f2 que podem trobar en el bosc si ens hi<br \/>\nperdem: \u201calg\u00fa\u201d se\u2019ns pot endur o ens poden enganyar.<br \/>\nHist\u00f2ries de por moderada, adaptada a les edats del p\u00fablic. Es sol\u00b7licita la<br \/>\nparticipaci\u00f3 d\u2019algun nen i nena i s\u2019hi canta una can\u00e7\u00f3.<\/p>\n<p>Infantil \/ Catal\u00e0<br \/>\nHora: 18.00h<br \/>\n<strong><a href=\"http:\/\/www.muntdemots.org\/2015\/locations\/biblioteca-marian-colome-gava\/\">BIBLIOTECA MARIAN COLOM\u00c9<\/a> (GAV\u00c0)<\/strong><br \/>\nActivitat gratu\u00efta<\/p>\n<hr \/>\n<p><strong>SI TE LO CUENTO TE VAS A ENTERAR<\/strong><br \/>\n<strong><a href=\"http:\/\/www.muntdemots.org\/2015\/participants\/itziar-rekalde-pais-basc\/\">Itziar Rekalde (Pa\u00eds Basc)<\/a><\/strong><\/p>\n<p>Format per hist\u00f2ries que intenten donar un sentit a tot el que ens envolta i fer-<br \/>\nnos estar amatents a tot all\u00f2 que nom\u00e9s podrem descobrir si ens endinsem en<br \/>\nel fascinant m\u00f3n de la imaginaci\u00f3.<\/p>\n<p>Infantil \/ Castell\u00e0<br \/>\n<strong>Hora: 18.00h<\/strong><br \/>\n<strong><a href=\"http:\/\/www.muntdemots.org\/2015\/locations\/biblioteca-francesca-bonnemaison\/\">BIBLIOTECA FRANCESCA BONNEMAISON<\/a><\/strong><br \/>\nActivitat gratu\u00efta<\/p>\n<hr \/>\n<p><strong>ANIMA\u2019T ANIMAL!<\/strong><br \/>\n<strong><a href=\"http:\/\/www.muntdemots.org\/2015\/participants\/ferran-martin-catalunya\/\">Ferran Mart\u00edn (Catalunya)<\/a><\/strong><\/p>\n<p>Qu\u00e8 passa quan una manyopla cau de la butxaca d\u2019un llenyataire enmig del<br \/>\nbosc? A partir d\u2019un conte que inclou dins altres contes, sentirem, des de fora,<br \/>\nun grapat d\u2019hist\u00f2ries dins d\u2019una manyopla, plena de b\u00e8sties, en un bosc. Contes<br \/>\nantics que situen els animals com a protagonistes.<\/p>\n<p>Infantil \/ Catal\u00e0<br \/>\n<strong>Hora: 18.00h<\/strong><br \/>\n<strong><a href=\"http:\/\/www.muntdemots.org\/2015\/locations\/biblioteca-montbau-albert-perez-baro\/\">BIBLIOTECA DE MONTBAU-ALBERT P\u00c9REZ BAR\u00d3<\/a><\/strong><br \/>\nActivitat gratu\u00efta<\/p>\n<hr \/>\n<p><strong>Confer\u00e8ncia<\/strong><br \/>\n<strong>DESEXPLICANT HIST\u00d2RIES<\/strong><br \/>\n<strong><a href=\"http:\/\/www.muntdemots.org\/2015\/participants\/vivim-del-cuentu-catalunya\/\">Vivim del Cuentu (Catalunya)<\/a><\/strong><\/p>\n<p>Veiem que algunes moralines o alguns prototips, sobretot els femenins, han<br \/>\nquedat anquilosats i de mica en mica despla\u00e7ats. \u00c9s per aix\u00f2 que des de Vivim<br \/>\ndel Cuentu ens vam proposar una fita: \u201cdesexplicar\u201d els conegud\u00edssims contes<br \/>\ncl\u00e0ssics per adaptar-los millor al nostre moment actual i al m\u00f3n que ens toca<br \/>\nviure avui en dia.<\/p>\n<p>Adults \/ Catal\u00e0<br \/>\n<strong>Hora: 19.30h<\/strong><br \/>\n<strong>CENTRE D\u2019INTER\u00c8S EN LA NARRACI\u00d3 ORAL<\/strong><br \/>\n<strong><a href=\"http:\/\/www.muntdemots.org\/2015\/locations\/biblioteca-vila-de-gracia\/\">BIBLIOTECA VILA DE GR\u00c0CIA<\/a><\/strong><br \/>\nActivitat gratu\u00efta<\/p>\n<hr \/>\n<p><strong>CUENTOS DE PROVENCE:<\/strong><br \/>\n<strong>LA CABRA DE ORO Y OTRAS ENCABRONADAS<\/strong><br \/>\n<strong><a href=\"http:\/\/www.muntdemots.org\/2015\/participants\/anolis-annelore-franca\/\">Anolis Annelore (Fran\u00e7a)<\/a><\/strong><\/p>\n<p>La Proven\u00e7a \u2013sud-est de Fran\u00e7a- aixopluga des de l\u2019Edat Mitjana nombroses<br \/>\nllegendes de tresors amagats custodiats per temibles cabres d\u2019or&#8230; Mentre un<br \/>\npag\u00e8s la va desafiant, una reina \u2013que s\u2019arruga en un altre conte- espera el seu<br \/>\ntorn.<\/p>\n<p>Infantil \/ Castell\u00e0<br \/>\n<strong>Hora: 18:00h<\/strong><br \/>\n<strong><a href=\"http:\/\/www.muntdemots.org\/2015\/locations\/biblioteca-jaume-fuster\/\">BIBLIOTECA JAUME FUSTER<\/a><\/strong><br \/>\nActivitat gratu\u00efta<\/p>\n<hr \/>\n<p><strong>CARAVANA DE AROMAS Y PALABRAS<\/strong><br \/>\n<strong><a href=\"http:\/\/www.muntdemots.org\/2015\/participants\/ali-el-aziz-marroc-catalunya\/\">Ali el Aziz (Marroc \u2013 Catalunya)<\/a><\/strong><\/p>\n<p>Contes, hist\u00f2ries, an\u00e8cdotes&#8230; Al Sok del meu poble es ven tot, fins i tot les<br \/>\nparaules. Passen tantes hist\u00f2ries plenes d\u2019aromes, contradiccions i conflictes<br \/>\nque nom\u00e9s YUHA \u00e9s capa\u00e7 de resoldre-ho amb la seva innoc\u00e8ncia i ast\u00facia. Us<br \/>\nconvido a pujar a la meva caravana, amb la condici\u00f3 que ning\u00fa no intenti<br \/>\nbaixar-ne. Si alg\u00fa hi gosa baixar, probablement es quedar\u00e0 atrapat i perdut.<\/p>\n<p>Adults \/ Castell\u00e0<br \/>\n<strong>Hora: 19.30h<\/strong><br \/>\n<strong><a href=\"http:\/\/www.muntdemots.org\/2015\/locations\/biblioteca-poble-sec-francesc-boix\/\">BIBLIOTECA POBLE SEC-FRANCESC BOIX<\/a><\/strong><br \/>\nActivitat gratu\u00efta<\/p>\n<hr \/>\n<p><strong>HUMITATS<\/strong><br \/>\n<a href=\"http:\/\/www.muntdemots.org\/2015\/participants\/pablo-albo-alacant\/\"><strong>Pablo Albo (Valencia)<\/strong><\/a><\/p>\n<p>Alg\u00fa mor i de cam\u00ed al cementiri s\u2019adona que ha oblidat veure passar la seva<br \/>\nvida en un segon. S\u2019hi posa, per\u00f2 tots els records que li v\u00e9nen al cap estaran<br \/>\nmarcats per la humitat&#8230; per les humitats. A aquest fil argumental, s\u2019hi van<br \/>\nenfilant contes molt diferents, amb moments d\u2019humor absurd, evocadors,<br \/>\njuganers i fins i tot un p\u00e8l picants en algun moment.<\/p>\n<p>Adults \/ Castell\u00e0<br \/>\n<strong>Hora: 19.30h<\/strong><br \/>\n<strong><a href=\"http:\/\/www.muntdemots.org\/2015\/locations\/centre-civic-vil%c2%b7la-florida\/\">CENTRE C\u00cdVIC VIL\u00b7LA FLORIDA<\/a><\/strong><br \/>\nActivitat gratu\u00efta<\/p>\n<hr \/>\n<p><strong>CUENTOD@S<\/strong><\/p>\n<p>L\u2019espai m\u00e9s veter\u00e0 de les jam de contacontes a Catalunya, Cuentod@s, espera<br \/>\nals qui vulguin compartir hist\u00f2ries, com cada primer dijous de mes. Nom\u00e9s cal<br \/>\nvenir i voler contar. O venir per sentir com es va construint una sessi\u00f3 de contes<br \/>\nque brota del no-res i en qu\u00e8 tot queda dit&#8230;<\/p>\n<p>Adults \/ Catal\u00e0 i castell\u00e0<br \/>\n<strong>Hora: 20.30h<\/strong><br \/>\n<strong><a href=\"http:\/\/www.muntdemots.org\/2015\/locations\/patillimona\/\">CENTRE C\u00cdVIC PATI LLIMONA<\/a><\/strong><br \/>\nActivitat gratu\u00efta<\/p>\n<hr \/>\n<p><strong>CUENTOS DE LA CARIBANA R\u00c0DIO<\/strong><br \/>\n<a href=\"http:\/\/www.muntdemots.org\/2015\/participants\/alexander-hernandez-venecuela\/\"><strong>Alex\u00e1nder Hern\u00e1ndez (Vene\u00e7uela)<\/strong><\/a><\/p>\n<p>A R\u00e0dio Enriquillo, a la Rep\u00fablica Dominicana, van inventar la not\u00edcia, ja que<br \/>\nestava censurat informar de manera parlada. Tamb\u00e9 ens remet als temps en<br \/>\nqu\u00e8 la fam\u00edlia sencera plorava davant d\u2019una caixa sonora quan s\u2019emetien<br \/>\nr\u00e0dionovel\u00b7les com \u201cEl dret de n\u00e9ixer\u201d. O la hist\u00f2ria de la dona que quan dormia<br \/>\nsomiava i en els somnis una altra dona li explicava com havia de fer per<br \/>\nespantar els huracans.<\/p>\n<p>Adults \/ Castell\u00e0<br \/>\n<strong>Hora: 20.00h<\/strong><br \/>\n<strong><a href=\"http:\/\/www.muntdemots.org\/2015\/locations\/casa-america-de-catalunya\/\">CASA AM\u00c8RICA CATALUNYA<\/a><\/strong><br \/>\nActivitat gratu\u00efta<\/p>\n<hr \/>\n<p><strong>NIT DE MOTS<\/strong><br \/>\n<strong>Diversos narradors<\/strong> convidats a MdM 2015<\/p>\n<p>Alguns dels i de les contacontes que participen en el Festival compartiran<br \/>\nescenari en la intimitat d\u2019aquest espai que acull la narraci\u00f3 oral des de fa m\u00e9s<br \/>\nd\u2019una d\u00e8cada. El programa \u00e9s una sorpresa, per\u00f2 ser\u00e0 potent..!<\/p>\n<p>Adults \/ Castell\u00e0<br \/>\n<strong>Hora: 21.30h<\/strong><br \/>\n<strong><a href=\"http:\/\/www.muntdemots.org\/2015\/locations\/bar-musical-astrolabi\/\">BAR L\u2019ASTROLABI<\/a><\/strong><br \/>\nEntrada: 3\u20ac<\/p>\n","protected":false},"excerpt":{"rendered":"<p>CONTES ALS HOSPITALS HOSPITAL CL\u00cdNIC Hora:\u00a010.15h Sessi\u00f3 per a joves. Psiquiatria HOSPITAL DE LA SANTA CREU I SANT PAU Hora: 11h Sessi\u00f3 infantil HOSPITAL SANT JOAN DE D\u00c9U Hora: 17.30h Sessi\u00f3 infantil L\u2019HOME DEL SAC Albert Estengre (Catalunya) Contes tradicionals al voltant de tot all\u00f2 que podem trobar en el bosc si ens hi perdem: [&hellip;]<\/p>\n","protected":false},"author":1,"featured_media":0,"parent":4928,"menu_order":0,"comment_status":"open","ping_status":"closed","template":"","meta":{"_mi_skip_tracking":false},"yoast_head":"<!-- This site is optimized with the Yoast SEO plugin v20.5 - https:\/\/yoast.com\/wordpress\/plugins\/seo\/ -->\n<title>Dijous, 22 d&#039;octubre - Munt de Mots<\/title>\n<meta name=\"robots\" content=\"index, follow, max-snippet:-1, max-image-preview:large, max-video-preview:-1\" \/>\n<link rel=\"canonical\" href=\"http:\/\/www.muntdemots.org\/2015\/calendari\/22oct\/\" \/>\n<meta property=\"og:locale\" content=\"ca_ES\" \/>\n<meta property=\"og:type\" content=\"article\" \/>\n<meta property=\"og:title\" content=\"Dijous, 22 d&#039;octubre - Munt de Mots\" \/>\n<meta property=\"og:description\" content=\"CONTES ALS HOSPITALS HOSPITAL CL\u00cdNIC Hora:\u00a010.15h Sessi\u00f3 per a joves. Psiquiatria HOSPITAL DE LA SANTA CREU I SANT PAU Hora: 11h Sessi\u00f3 infantil HOSPITAL SANT JOAN DE D\u00c9U Hora: 17.30h Sessi\u00f3 infantil L\u2019HOME DEL SAC Albert Estengre (Catalunya) Contes tradicionals al voltant de tot all\u00f2 que podem trobar en el bosc si ens hi perdem: [&hellip;]\" \/>\n<meta property=\"og:url\" content=\"http:\/\/www.muntdemots.org\/2015\/calendari\/22oct\/\" \/>\n<meta property=\"og:site_name\" content=\"Munt de Mots\" \/>\n<meta property=\"article:publisher\" content=\"https:\/\/www.facebook.com\/FestivalMuntdeMots\" \/>\n<meta property=\"article:modified_time\" content=\"2015-10-04T20:37:41+00:00\" \/>\n<meta name=\"twitter:card\" content=\"summary_large_image\" \/>\n<meta name=\"twitter:site\" content=\"@muntdemots\" \/>\n<meta name=\"twitter:label1\" content=\"Temps estimat de lectura\" \/>\n\t<meta name=\"twitter:data1\" content=\"4 minuts\" \/>\n<script type=\"application\/ld+json\" class=\"yoast-schema-graph\">{\"@context\":\"https:\/\/schema.org\",\"@graph\":[{\"@type\":\"WebPage\",\"@id\":\"http:\/\/www.muntdemots.org\/2015\/calendari\/22oct\/\",\"url\":\"http:\/\/www.muntdemots.org\/2015\/calendari\/22oct\/\",\"name\":\"Dijous, 22 d'octubre - Munt de Mots\",\"isPartOf\":{\"@id\":\"http:\/\/www.muntdemots.org\/2015\/#website\"},\"datePublished\":\"2012-07-01T16:15:56+00:00\",\"dateModified\":\"2015-10-04T20:37:41+00:00\",\"breadcrumb\":{\"@id\":\"http:\/\/www.muntdemots.org\/2015\/calendari\/22oct\/#breadcrumb\"},\"inLanguage\":\"ca\",\"potentialAction\":[{\"@type\":\"ReadAction\",\"target\":[\"http:\/\/www.muntdemots.org\/2015\/calendari\/22oct\/\"]}]},{\"@type\":\"BreadcrumbList\",\"@id\":\"http:\/\/www.muntdemots.org\/2015\/calendari\/22oct\/#breadcrumb\",\"itemListElement\":[{\"@type\":\"ListItem\",\"position\":1,\"name\":\"Inici\",\"item\":\"http:\/\/www.muntdemots.org\/2015\/\"},{\"@type\":\"ListItem\",\"position\":2,\"name\":\"Calendari\",\"item\":\"https:\/\/www.muntdemots.org\/2015\/calendari\/\"},{\"@type\":\"ListItem\",\"position\":3,\"name\":\"Dijous, 22 d&#8217;octubre\"}]},{\"@type\":\"WebSite\",\"@id\":\"http:\/\/www.muntdemots.org\/2015\/#website\",\"url\":\"http:\/\/www.muntdemots.org\/2015\/\",\"name\":\"Munt de Mots\",\"description\":\"\",\"potentialAction\":[{\"@type\":\"SearchAction\",\"target\":{\"@type\":\"EntryPoint\",\"urlTemplate\":\"http:\/\/www.muntdemots.org\/2015\/?s={search_term_string}\"},\"query-input\":\"required name=search_term_string\"}],\"inLanguage\":\"ca\"}]}<\/script>\n<!-- \/ Yoast SEO plugin. -->","yoast_head_json":{"title":"Dijous, 22 d'octubre - Munt de Mots","robots":{"index":"index","follow":"follow","max-snippet":"max-snippet:-1","max-image-preview":"max-image-preview:large","max-video-preview":"max-video-preview:-1"},"canonical":"http:\/\/www.muntdemots.org\/2015\/calendari\/22oct\/","og_locale":"ca_ES","og_type":"article","og_title":"Dijous, 22 d'octubre - Munt de Mots","og_description":"CONTES ALS HOSPITALS HOSPITAL CL\u00cdNIC Hora:\u00a010.15h Sessi\u00f3 per a joves. Psiquiatria HOSPITAL DE LA SANTA CREU I SANT PAU Hora: 11h Sessi\u00f3 infantil HOSPITAL SANT JOAN DE D\u00c9U Hora: 17.30h Sessi\u00f3 infantil L\u2019HOME DEL SAC Albert Estengre (Catalunya) Contes tradicionals al voltant de tot all\u00f2 que podem trobar en el bosc si ens hi perdem: [&hellip;]","og_url":"http:\/\/www.muntdemots.org\/2015\/calendari\/22oct\/","og_site_name":"Munt de Mots","article_publisher":"https:\/\/www.facebook.com\/FestivalMuntdeMots","article_modified_time":"2015-10-04T20:37:41+00:00","twitter_card":"summary_large_image","twitter_site":"@muntdemots","twitter_misc":{"Temps estimat de lectura":"4 minuts"},"schema":{"@context":"https:\/\/schema.org","@graph":[{"@type":"WebPage","@id":"http:\/\/www.muntdemots.org\/2015\/calendari\/22oct\/","url":"http:\/\/www.muntdemots.org\/2015\/calendari\/22oct\/","name":"Dijous, 22 d'octubre - Munt de Mots","isPartOf":{"@id":"http:\/\/www.muntdemots.org\/2015\/#website"},"datePublished":"2012-07-01T16:15:56+00:00","dateModified":"2015-10-04T20:37:41+00:00","breadcrumb":{"@id":"http:\/\/www.muntdemots.org\/2015\/calendari\/22oct\/#breadcrumb"},"inLanguage":"ca","potentialAction":[{"@type":"ReadAction","target":["http:\/\/www.muntdemots.org\/2015\/calendari\/22oct\/"]}]},{"@type":"BreadcrumbList","@id":"http:\/\/www.muntdemots.org\/2015\/calendari\/22oct\/#breadcrumb","itemListElement":[{"@type":"ListItem","position":1,"name":"Inici","item":"http:\/\/www.muntdemots.org\/2015\/"},{"@type":"ListItem","position":2,"name":"Calendari","item":"https:\/\/www.muntdemots.org\/2015\/calendari\/"},{"@type":"ListItem","position":3,"name":"Dijous, 22 d&#8217;octubre"}]},{"@type":"WebSite","@id":"http:\/\/www.muntdemots.org\/2015\/#website","url":"http:\/\/www.muntdemots.org\/2015\/","name":"Munt de Mots","description":"","potentialAction":[{"@type":"SearchAction","target":{"@type":"EntryPoint","urlTemplate":"http:\/\/www.muntdemots.org\/2015\/?s={search_term_string}"},"query-input":"required name=search_term_string"}],"inLanguage":"ca"}]}},"_links":{"self":[{"href":"https:\/\/www.muntdemots.org\/2015\/wp-json\/wp\/v2\/pages\/27"}],"collection":[{"href":"https:\/\/www.muntdemots.org\/2015\/wp-json\/wp\/v2\/pages"}],"about":[{"href":"https:\/\/www.muntdemots.org\/2015\/wp-json\/wp\/v2\/types\/page"}],"author":[{"embeddable":true,"href":"https:\/\/www.muntdemots.org\/2015\/wp-json\/wp\/v2\/users\/1"}],"replies":[{"embeddable":true,"href":"https:\/\/www.muntdemots.org\/2015\/wp-json\/wp\/v2\/comments?post=27"}],"version-history":[{"count":95,"href":"https:\/\/www.muntdemots.org\/2015\/wp-json\/wp\/v2\/pages\/27\/revisions"}],"predecessor-version":[{"id":8135,"href":"https:\/\/www.muntdemots.org\/2015\/wp-json\/wp\/v2\/pages\/27\/revisions\/8135"}],"up":[{"embeddable":true,"href":"https:\/\/www.muntdemots.org\/2015\/wp-json\/wp\/v2\/pages\/4928"}],"wp:attachment":[{"href":"https:\/\/www.muntdemots.org\/2015\/wp-json\/wp\/v2\/media?parent=27"}],"curies":[{"name":"wp","href":"https:\/\/api.w.org\/{rel}","templated":true}]}}