{"id":255,"date":"2015-07-31T00:01:52","date_gmt":"2015-07-31T00:01:52","guid":{"rendered":"http:\/\/www.muntdemots.org\/"},"modified":"2015-10-16T21:13:40","modified_gmt":"2015-10-16T21:13:40","slug":"credits","status":"publish","type":"page","link":"https:\/\/www.muntdemots.org\/2015\/credits\/","title":{"rendered":"Cr\u00e8dits"},"content":{"rendered":"<p><strong>ORGANITZA:<\/strong><\/p>\n<p><strong><a href=\"http:\/\/www.muntdemots.org\/2013\/wp-content\/uploads\/2013\/07\/munt-de-paraules.jpg\"><img decoding=\"async\" loading=\"lazy\" class=\"wp-image-6331 alignleft\" title=\"munt de paraules\" src=\"http:\/\/www.muntdemots.org\/2013\/wp-content\/uploads\/2013\/07\/munt-de-paraules-300x222.jpg\" alt=\"\" width=\"191\" height=\"141\" srcset=\"https:\/\/www.muntdemots.org\/2015\/wp-content\/uploads\/2013\/07\/munt-de-paraules-300x222.jpg 300w, https:\/\/www.muntdemots.org\/2015\/wp-content\/uploads\/2013\/07\/munt-de-paraules.jpg 307w\" sizes=\"(max-width: 191px) 100vw, 191px\" \/><\/a><\/strong><\/p>\n<p>&nbsp;<\/p>\n<p>&nbsp;<\/p>\n<p>&nbsp;<\/p>\n<p>&nbsp;<\/p>\n<p><a href=\"http:\/\/www.muntdemots.org\/2015\/wp-content\/uploads\/2014\/10\/logo_pati_nomeslletres.png\"><img decoding=\"async\" loading=\"lazy\" class=\" wp-image-7489 alignleft\" src=\"http:\/\/www.muntdemots.org\/2015\/wp-content\/uploads\/2014\/10\/logo_pati_nomeslletres-300x244.png\" alt=\"Centre Civic Pati Llimona\" width=\"190\" height=\"154\" srcset=\"https:\/\/www.muntdemots.org\/2015\/wp-content\/uploads\/2014\/10\/logo_pati_nomeslletres-300x244.png 300w, https:\/\/www.muntdemots.org\/2015\/wp-content\/uploads\/2014\/10\/logo_pati_nomeslletres.png 499w\" sizes=\"(max-width: 190px) 100vw, 190px\" \/><\/a><\/p>\n<p>&nbsp;<\/p>\n<p>&nbsp;<\/p>\n<p>&nbsp;<\/p>\n<p>&nbsp;<\/p>\n<p>&nbsp;<\/p>\n<p>&nbsp;<\/p>\n<p>&nbsp;<\/p>\n<p><strong>PATROCINA:<\/strong><\/p>\n<p><a class=\"title\" href=\"http:\/\/www.diba.es\/biblioteques\/\" target=\"_blank\"><img decoding=\"async\" loading=\"lazy\" src=\"http:\/\/www.muntdemots.org\/2013\/wp-content\/uploads\/2013\/07\/logo-BIBLIO.jpg\" alt=\"\" width=\"167\" height=\"65\" \/><\/a><\/p>\n<p><img decoding=\"async\" loading=\"lazy\" src=\"http:\/\/www.muntdemots.org\/2013\/wp-content\/uploads\/2013\/07\/logo-CC.jpg\" alt=\"\" width=\"166\" height=\"83\" \/><\/p>\n<p><img decoding=\"async\" loading=\"lazy\" src=\"http:\/\/www.muntdemots.org\/2013\/wp-content\/uploads\/2013\/09\/logo-luz-de-gas-vectorial.jpg\" alt=\"\" width=\"119\" height=\"213\" \/><\/p>\n<p>&nbsp;<\/p>\n<p><strong>101 MICRO-MECENES<\/strong><\/p>\n<p><em>Moltes gr\u00e0cies!!!<\/em><\/p>\n<p>&nbsp;<\/p>\n<p><strong>COL.LABORA:<\/strong><\/p>\n<p>Aedo Social Films, Anin, Ateneu Roig, Ajuntament de Palau-solit\u00e0i Plegamans, Biblioteques de Gav\u00e0, Asociaci\u00f3n Cultural Gallega de Barcelona, Bar Pla de la Calma, Casa Am\u00e8rica Catalunya, Centres c\u00edvics i culturals de Barcelona, Centre d\u2019Estudis Musicals Mar\u00eda Grever, Contes i Cuentos, Ediciones Ekar\u00e9, Editorial Baula, Editorial Edelvives, Harlem Jazz Club, Hostel 360 Arts &amp; Culture, Libros del Zorro Rojo, Llibreria Pebre Negre, Museu de la M\u00fasica, Naocat.com, Red Internacional de Cuentacuentos, Taller de les Arts de Palau-solit\u00e0 i Plegamans, Teatre El Almazen, Teatre Tantarantana.<\/p>\n<p>&nbsp;<\/p>\n<p><strong>MEDIA PARTNERS:<\/strong><\/p>\n<p>N\u00favol.com, R\u00e0dio Molins de Rei i Aedo Social Films<\/p>\n<p>&nbsp;<\/p>\n<p>Direcci\u00f3: Rub\u00e9n Mart\u00ednez Santana<br \/>\nRelacions Institucionals: Ant\u00f2nia Robles<br \/>\nGesti\u00f3 de Projectes: Judith Navarro<br \/>\nCoordinaci\u00f3 de Munt d\u2019Il\u00b7lustracions: Maya Fern\u00e1ndez<br \/>\nPremsa i Comunicaci\u00f3: Oriol Toro, Al\u00edcia Molina i Laia Brisa<br \/>\nInternet: Julia P\u00e9rez i Juan Pablo Fuentes<br \/>\nImatge: Alekos<br \/>\nDisseny Gr\u00e0fic: Ximena Chapero<br \/>\nTraducci\u00f3 i Correcci\u00f3: Alicia Molina, Mireia Cornudella, Vicky Martin.<br \/>\nAudiovisuals: Aedo Social Films<\/p>\n<p>&nbsp;<\/p>\n<p>&nbsp;<\/p>\n","protected":false},"excerpt":{"rendered":"<p>ORGANITZA: &nbsp; &nbsp; &nbsp; &nbsp; &nbsp; &nbsp; &nbsp; &nbsp; &nbsp; &nbsp; &nbsp; PATROCINA: &nbsp; 101 MICRO-MECENES Moltes gr\u00e0cies!!! &nbsp; COL.LABORA: Aedo Social Films, Anin, Ateneu Roig, Ajuntament de Palau-solit\u00e0i Plegamans, Biblioteques de Gav\u00e0, Asociaci\u00f3n Cultural Gallega de Barcelona, Bar Pla de la Calma, Casa Am\u00e8rica Catalunya, Centres c\u00edvics i culturals de Barcelona, Centre d\u2019Estudis Musicals [&hellip;]<\/p>\n","protected":false},"author":1,"featured_media":0,"parent":0,"menu_order":0,"comment_status":"open","ping_status":"closed","template":"","meta":{"_mi_skip_tracking":false},"yoast_head":"<!-- This site is optimized with the Yoast SEO plugin v20.5 - https:\/\/yoast.com\/wordpress\/plugins\/seo\/ -->\n<title>Cr\u00e8dits - Munt de Mots<\/title>\n<meta name=\"robots\" content=\"index, follow, max-snippet:-1, max-image-preview:large, max-video-preview:-1\" \/>\n<link rel=\"canonical\" href=\"http:\/\/www.muntdemots.org\/2015\/credits\/\" \/>\n<meta property=\"og:locale\" content=\"ca_ES\" \/>\n<meta property=\"og:type\" content=\"article\" \/>\n<meta property=\"og:title\" content=\"Cr\u00e8dits - Munt de Mots\" \/>\n<meta property=\"og:description\" content=\"ORGANITZA: &nbsp; &nbsp; &nbsp; &nbsp; &nbsp; &nbsp; &nbsp; &nbsp; &nbsp; &nbsp; &nbsp; PATROCINA: &nbsp; 101 MICRO-MECENES Moltes gr\u00e0cies!!! &nbsp; COL.LABORA: Aedo Social Films, Anin, Ateneu Roig, Ajuntament de Palau-solit\u00e0i Plegamans, Biblioteques de Gav\u00e0, Asociaci\u00f3n Cultural Gallega de Barcelona, Bar Pla de la Calma, Casa Am\u00e8rica Catalunya, Centres c\u00edvics i culturals de Barcelona, Centre d\u2019Estudis Musicals [&hellip;]\" \/>\n<meta property=\"og:url\" content=\"http:\/\/www.muntdemots.org\/2015\/credits\/\" \/>\n<meta property=\"og:site_name\" content=\"Munt de Mots\" \/>\n<meta property=\"article:publisher\" content=\"https:\/\/www.facebook.com\/FestivalMuntdeMots\" \/>\n<meta property=\"article:modified_time\" content=\"2015-10-16T21:13:40+00:00\" \/>\n<meta property=\"og:image\" content=\"http:\/\/www.muntdemots.org\/2013\/wp-content\/uploads\/2013\/07\/munt-de-paraules-300x222.jpg\" \/>\n<meta name=\"twitter:card\" content=\"summary_large_image\" \/>\n<meta name=\"twitter:site\" content=\"@muntdemots\" \/>\n<meta name=\"twitter:label1\" content=\"Temps estimat de lectura\" \/>\n\t<meta name=\"twitter:data1\" content=\"1 minut\" \/>\n<script type=\"application\/ld+json\" class=\"yoast-schema-graph\">{\"@context\":\"https:\/\/schema.org\",\"@graph\":[{\"@type\":\"WebPage\",\"@id\":\"http:\/\/www.muntdemots.org\/2015\/credits\/\",\"url\":\"http:\/\/www.muntdemots.org\/2015\/credits\/\",\"name\":\"Cr\u00e8dits - Munt de Mots\",\"isPartOf\":{\"@id\":\"http:\/\/www.muntdemots.org\/2015\/#website\"},\"datePublished\":\"2015-07-31T00:01:52+00:00\",\"dateModified\":\"2015-10-16T21:13:40+00:00\",\"breadcrumb\":{\"@id\":\"http:\/\/www.muntdemots.org\/2015\/credits\/#breadcrumb\"},\"inLanguage\":\"ca\",\"potentialAction\":[{\"@type\":\"ReadAction\",\"target\":[\"http:\/\/www.muntdemots.org\/2015\/credits\/\"]}]},{\"@type\":\"BreadcrumbList\",\"@id\":\"http:\/\/www.muntdemots.org\/2015\/credits\/#breadcrumb\",\"itemListElement\":[{\"@type\":\"ListItem\",\"position\":1,\"name\":\"Inici\",\"item\":\"http:\/\/www.muntdemots.org\/2015\/\"},{\"@type\":\"ListItem\",\"position\":2,\"name\":\"Cr\u00e8dits\"}]},{\"@type\":\"WebSite\",\"@id\":\"http:\/\/www.muntdemots.org\/2015\/#website\",\"url\":\"http:\/\/www.muntdemots.org\/2015\/\",\"name\":\"Munt de Mots\",\"description\":\"\",\"potentialAction\":[{\"@type\":\"SearchAction\",\"target\":{\"@type\":\"EntryPoint\",\"urlTemplate\":\"http:\/\/www.muntdemots.org\/2015\/?s={search_term_string}\"},\"query-input\":\"required name=search_term_string\"}],\"inLanguage\":\"ca\"}]}<\/script>\n<!-- \/ Yoast SEO plugin. -->","yoast_head_json":{"title":"Cr\u00e8dits - Munt de Mots","robots":{"index":"index","follow":"follow","max-snippet":"max-snippet:-1","max-image-preview":"max-image-preview:large","max-video-preview":"max-video-preview:-1"},"canonical":"http:\/\/www.muntdemots.org\/2015\/credits\/","og_locale":"ca_ES","og_type":"article","og_title":"Cr\u00e8dits - Munt de Mots","og_description":"ORGANITZA: &nbsp; &nbsp; &nbsp; &nbsp; &nbsp; &nbsp; &nbsp; &nbsp; &nbsp; &nbsp; &nbsp; PATROCINA: &nbsp; 101 MICRO-MECENES Moltes gr\u00e0cies!!! &nbsp; COL.LABORA: Aedo Social Films, Anin, Ateneu Roig, Ajuntament de Palau-solit\u00e0i Plegamans, Biblioteques de Gav\u00e0, Asociaci\u00f3n Cultural Gallega de Barcelona, Bar Pla de la Calma, Casa Am\u00e8rica Catalunya, Centres c\u00edvics i culturals de Barcelona, Centre d\u2019Estudis Musicals [&hellip;]","og_url":"http:\/\/www.muntdemots.org\/2015\/credits\/","og_site_name":"Munt de Mots","article_publisher":"https:\/\/www.facebook.com\/FestivalMuntdeMots","article_modified_time":"2015-10-16T21:13:40+00:00","og_image":[{"url":"http:\/\/www.muntdemots.org\/2013\/wp-content\/uploads\/2013\/07\/munt-de-paraules-300x222.jpg"}],"twitter_card":"summary_large_image","twitter_site":"@muntdemots","twitter_misc":{"Temps estimat de lectura":"1 minut"},"schema":{"@context":"https:\/\/schema.org","@graph":[{"@type":"WebPage","@id":"http:\/\/www.muntdemots.org\/2015\/credits\/","url":"http:\/\/www.muntdemots.org\/2015\/credits\/","name":"Cr\u00e8dits - Munt de Mots","isPartOf":{"@id":"http:\/\/www.muntdemots.org\/2015\/#website"},"datePublished":"2015-07-31T00:01:52+00:00","dateModified":"2015-10-16T21:13:40+00:00","breadcrumb":{"@id":"http:\/\/www.muntdemots.org\/2015\/credits\/#breadcrumb"},"inLanguage":"ca","potentialAction":[{"@type":"ReadAction","target":["http:\/\/www.muntdemots.org\/2015\/credits\/"]}]},{"@type":"BreadcrumbList","@id":"http:\/\/www.muntdemots.org\/2015\/credits\/#breadcrumb","itemListElement":[{"@type":"ListItem","position":1,"name":"Inici","item":"http:\/\/www.muntdemots.org\/2015\/"},{"@type":"ListItem","position":2,"name":"Cr\u00e8dits"}]},{"@type":"WebSite","@id":"http:\/\/www.muntdemots.org\/2015\/#website","url":"http:\/\/www.muntdemots.org\/2015\/","name":"Munt de Mots","description":"","potentialAction":[{"@type":"SearchAction","target":{"@type":"EntryPoint","urlTemplate":"http:\/\/www.muntdemots.org\/2015\/?s={search_term_string}"},"query-input":"required name=search_term_string"}],"inLanguage":"ca"}]}},"_links":{"self":[{"href":"https:\/\/www.muntdemots.org\/2015\/wp-json\/wp\/v2\/pages\/255"}],"collection":[{"href":"https:\/\/www.muntdemots.org\/2015\/wp-json\/wp\/v2\/pages"}],"about":[{"href":"https:\/\/www.muntdemots.org\/2015\/wp-json\/wp\/v2\/types\/page"}],"author":[{"embeddable":true,"href":"https:\/\/www.muntdemots.org\/2015\/wp-json\/wp\/v2\/users\/1"}],"replies":[{"embeddable":true,"href":"https:\/\/www.muntdemots.org\/2015\/wp-json\/wp\/v2\/comments?post=255"}],"version-history":[{"count":67,"href":"https:\/\/www.muntdemots.org\/2015\/wp-json\/wp\/v2\/pages\/255\/revisions"}],"predecessor-version":[{"id":8162,"href":"https:\/\/www.muntdemots.org\/2015\/wp-json\/wp\/v2\/pages\/255\/revisions\/8162"}],"wp:attachment":[{"href":"https:\/\/www.muntdemots.org\/2015\/wp-json\/wp\/v2\/media?parent=255"}],"curies":[{"name":"wp","href":"https:\/\/api.w.org\/{rel}","templated":true}]}}