{"id":25,"date":"2012-07-01T16:40:40","date_gmt":"2012-07-01T16:40:40","guid":{"rendered":"http:\/\/www.muntdemots.org\/"},"modified":"2015-10-01T17:49:42","modified_gmt":"2015-10-01T17:49:42","slug":"21oct","status":"publish","type":"page","link":"https:\/\/www.muntdemots.org\/2015\/calendari\/21oct\/","title":{"rendered":"Dimecres, 21 d&#8217;octubre"},"content":{"rendered":"<p><strong>CUENTOS DEL MEDITERR\u00c1NEO<\/strong><br \/>\n<a href=\"http:\/\/www.muntdemots.org\/2015\/participants\/ana-cristina-herreros-madrid\/\"><strong>Ana Cristina Herreros (Madrid)<\/strong><\/a><br \/>\nInfantil +3<\/p>\n<p>Contes que fan olor de sal, contes que fan gust d\u2019ametlles i de taronges, contes<br \/>\nque sonen a platja, en qu\u00e8 segur que pots veure i tocar una sirena. Contes<br \/>\nd\u2019aquest mar que ens uneix i ens separa: el mar enmig de les terres, el<br \/>\nMediterrani. Basat en Cuentos Populares del Mediterr\u00e1neo. Editorial Siruela.<br \/>\nMadrid 2007. Diploma d\u2019Honor de la Fundaci\u00f3 Dieta Mediterr\u00e0nia el 2012.<\/p>\n<p>Infantil \/ Castell\u00e0<br \/>\n<strong>Hora: 17.30h<\/strong><br \/>\n<strong><a href=\"http:\/\/www.muntdemots.org\/2015\/locations\/biblioteca-josep-soler-vidal-gava\/\">BIBLIOTECA JOSEP SOLER VIDAL<\/a> (GAV\u00c0)<\/strong><br \/>\nActivitat gratu\u00efta<\/p>\n<hr \/>\n<p><strong>CUENTOS DE MIEDO QUE DAN RISA<\/strong><br \/>\n<strong><a href=\"http:\/\/www.muntdemots.org\/2015\/participants\/pablo-albo-alacant\/\">Pablo Albo (Valencia)<\/a><\/strong><\/p>\n<p>Pablo Albo, l\u2019incre\u00efble home parlant. Passin que veuran el piset. Una persona<br \/>\ncapa\u00e7 de fer apar\u00e8ixer monstres dins la nostra imaginaci\u00f3, \u00fanicament amb la<br \/>\nseva veu i la seva mirada. Tot i que siguin aut\u00e8ntics esguerros irreals, no<br \/>\ns\u2019alarmin, ning\u00fa no en sortir\u00e0 malparat.<\/p>\n<p>Infantil \/ Castell\u00e0<br \/>\n<strong>Hora: 18.00h<\/strong><br \/>\n<strong><a href=\"http:\/\/www.muntdemots.org\/2015\/locations\/biblioteca-el-carmel-juan-marse\/\">BIBLIOTECA EL CARMEL-JUAN MARS\u00c9<\/a><\/strong><br \/>\nActivitat gratu\u00efta<\/p>\n<hr \/>\n<p><strong>EL SEXE NO BENE\u00cfT<\/strong><br \/>\n<a href=\"http:\/\/www.muntdemots.org\/2015\/participants\/pepe-perez\/\">Albert Estengre (Catalunya)<\/a><\/p>\n<p>Hist\u00f2ries i maneres de com se les empescaven alguns capellans per &#8220;fer anar all\u00f2&#8221; que havien prom\u00e9s no fer servir mai: el sexe.<\/p>\n<p>Adults \/ Catal\u00e0<br \/>\nDIMECRES 21<br \/>\nHora: 19.00 h<br \/>\n<a href=\"http:\/\/www.muntdemots.org\/2015\/locations\/biblioteca-gotic-andreu-nin\/\">BIBLIOTECA G\u00d2TIC-ANDREU NIN<\/a><br \/>\nActivitat gratu\u00efta<\/p>\n<hr \/>\n<p><strong><a href=\"http:\/\/www.muntdemots.org\/2015\/participants\/narrin-narran-2\/\">NARR\u00cdN NARRAN<\/a><\/strong><br \/>\n<strong>Condu\u00eft pel grup Narr\u00edn Narran (Catalunya)<\/strong><\/p>\n<p>El grup de narradors Narr\u00edn Narran ofereix una Jam de contes contats. Es<br \/>\ntracta d\u2019un espai obert i ja consolidat en qu\u00e8, a m\u00e9s de narrar, els membres del<br \/>\ngrup conviden a contar un conte a les persones del p\u00fablic que ho desitgin, tal i<br \/>\ncom fan cada tercer dimecres de mes al Casal de Barri Antoni Mir\u00f3.<\/p>\n<p>Adults \/ Catal\u00e0 i castell\u00e0<br \/>\n<strong>Hora: 19.00h<\/strong><br \/>\n<strong><a href=\"http:\/\/www.muntdemots.org\/2015\/locations\/espai-antoni-miro-pires\/\">ESPAI ANTONI MIR\u00d3 PIRES<\/a><\/strong><br \/>\nActivitat Gratu\u00efta<\/p>\n<hr \/>\n<p>Conferencia<br \/>\n<strong>VIDA I OBRA DEL CONTE TRADICIONAL<\/strong><br \/>\n<strong><a href=\"http:\/\/www.muntdemots.org\/2015\/participants\/ana-cristina-herreros-madrid\/\">Ana Cristina Herreros (Madrid)<\/a><\/strong><\/p>\n<p>Explica una teoria antropol\u00f2gica segons la qual gr\u00e0cies a la capacitat que tenia<br \/>\nel relat de congregar a les persones al voltant de qui contava, homes i dones<br \/>\nes van anar organitzant en comunitats d\u2019individus. Diuen que les primeres<br \/>\ncomunitats es van reunir per sentir contes i, despr\u00e9s, per ca\u00e7ar. I aix\u00ed va ser<br \/>\ncom l\u2019home -pitjor preparat que altres esp\u00e8cies per sobreviure-, es va perpetuar<br \/>\nsobre la terra i va seguir contant&#8230; per viure.<\/p>\n<p>Adults\/ Castell\u00e0<br \/>\n<strong>Hora: 19.30h<\/strong><br \/>\n<strong>CENTRE D\u2019INTER\u00c8S EN LA NARRACI\u00d3 ORAL<\/strong><br \/>\n<strong><a href=\"http:\/\/www.muntdemots.org\/2015\/locations\/biblioteca-vila-de-gracia\/\">BIBLIOTECA VILA DE GR\u00c0CIA<\/a><\/strong><br \/>\nActivitat gratu\u00efta<\/p>\n<hr \/>\n<p><strong>HUMITATS<\/strong><br \/>\n<strong><a href=\"http:\/\/www.muntdemots.org\/2015\/participants\/pablo-albo-alacant\/\">Pablo Albo (Valencia)<\/a><\/strong><\/p>\n<p>Alg\u00fa mor i de cam\u00ed al cementiri s\u2019adona que ha oblidat veure passar la seva<br \/>\nvida en un segon. S\u2019hi posa, per\u00f2 tots els records que li v\u00e9nen al cap estaran<br \/>\nmarcats per la humitat&#8230; per les humitats. A aquest fil argumental, s\u2019hi van<br \/>\nenfilant contes molt diferents, amb moments d\u2019humor absurd, evocadors,<br \/>\njuganers i fins i tot un p\u00e8l picants en algun moment.<\/p>\n<p>Adults \/ Castell\u00e0<br \/>\n<strong>Hora: 20.30<\/strong><br \/>\n<strong><a href=\"http:\/\/www.muntdemots.org\/2015\/locations\/bar-pla-de-la-calma-cardedeu\/\">BAR PLA DE LA CALMA<\/a> (C<\/strong><strong>ardedeu)<\/strong><br \/>\nEntrada: 5\u20ac<\/p>\n<hr \/>\n<h1><\/h1>\n","protected":false},"excerpt":{"rendered":"<p>CUENTOS DEL MEDITERR\u00c1NEO Ana Cristina Herreros (Madrid) Infantil +3 Contes que fan olor de sal, contes que fan gust d\u2019ametlles i de taronges, contes que sonen a platja, en qu\u00e8 segur que pots veure i tocar una sirena. Contes d\u2019aquest mar que ens uneix i ens separa: el mar enmig de les terres, el Mediterrani. [&hellip;]<\/p>\n","protected":false},"author":1,"featured_media":0,"parent":4928,"menu_order":0,"comment_status":"open","ping_status":"closed","template":"","meta":{"_mi_skip_tracking":false},"yoast_head":"<!-- This site is optimized with the Yoast SEO plugin v20.5 - https:\/\/yoast.com\/wordpress\/plugins\/seo\/ -->\n<title>Dimecres, 21 d&#039;octubre - Munt de Mots<\/title>\n<meta name=\"robots\" content=\"index, follow, max-snippet:-1, max-image-preview:large, max-video-preview:-1\" \/>\n<link rel=\"canonical\" href=\"https:\/\/www.muntdemots.org\/2015\/calendari\/21oct\/\" \/>\n<meta property=\"og:locale\" content=\"ca_ES\" \/>\n<meta property=\"og:type\" content=\"article\" \/>\n<meta property=\"og:title\" content=\"Dimecres, 21 d&#039;octubre - Munt de Mots\" \/>\n<meta property=\"og:description\" content=\"CUENTOS DEL MEDITERR\u00c1NEO Ana Cristina Herreros (Madrid) Infantil +3 Contes que fan olor de sal, contes que fan gust d\u2019ametlles i de taronges, contes que sonen a platja, en qu\u00e8 segur que pots veure i tocar una sirena. Contes d\u2019aquest mar que ens uneix i ens separa: el mar enmig de les terres, el Mediterrani. [&hellip;]\" \/>\n<meta property=\"og:url\" content=\"https:\/\/www.muntdemots.org\/2015\/calendari\/21oct\/\" \/>\n<meta property=\"og:site_name\" content=\"Munt de Mots\" \/>\n<meta property=\"article:publisher\" content=\"https:\/\/www.facebook.com\/FestivalMuntdeMots\" \/>\n<meta property=\"article:modified_time\" content=\"2015-10-01T17:49:42+00:00\" \/>\n<meta name=\"twitter:card\" content=\"summary_large_image\" \/>\n<meta name=\"twitter:site\" content=\"@muntdemots\" \/>\n<meta name=\"twitter:label1\" content=\"Temps estimat de lectura\" \/>\n\t<meta name=\"twitter:data1\" content=\"2 minuts\" \/>\n<script type=\"application\/ld+json\" class=\"yoast-schema-graph\">{\"@context\":\"https:\/\/schema.org\",\"@graph\":[{\"@type\":\"WebPage\",\"@id\":\"https:\/\/www.muntdemots.org\/2015\/calendari\/21oct\/\",\"url\":\"https:\/\/www.muntdemots.org\/2015\/calendari\/21oct\/\",\"name\":\"Dimecres, 21 d'octubre - Munt de Mots\",\"isPartOf\":{\"@id\":\"http:\/\/www.muntdemots.org\/2015\/#website\"},\"datePublished\":\"2012-07-01T16:40:40+00:00\",\"dateModified\":\"2015-10-01T17:49:42+00:00\",\"breadcrumb\":{\"@id\":\"https:\/\/www.muntdemots.org\/2015\/calendari\/21oct\/#breadcrumb\"},\"inLanguage\":\"ca\",\"potentialAction\":[{\"@type\":\"ReadAction\",\"target\":[\"https:\/\/www.muntdemots.org\/2015\/calendari\/21oct\/\"]}]},{\"@type\":\"BreadcrumbList\",\"@id\":\"https:\/\/www.muntdemots.org\/2015\/calendari\/21oct\/#breadcrumb\",\"itemListElement\":[{\"@type\":\"ListItem\",\"position\":1,\"name\":\"Inici\",\"item\":\"http:\/\/www.muntdemots.org\/2015\/\"},{\"@type\":\"ListItem\",\"position\":2,\"name\":\"Calendari\",\"item\":\"http:\/\/www.muntdemots.org\/2015\/calendari\/\"},{\"@type\":\"ListItem\",\"position\":3,\"name\":\"Dimecres, 21 d&#8217;octubre\"}]},{\"@type\":\"WebSite\",\"@id\":\"http:\/\/www.muntdemots.org\/2015\/#website\",\"url\":\"http:\/\/www.muntdemots.org\/2015\/\",\"name\":\"Munt de Mots\",\"description\":\"\",\"potentialAction\":[{\"@type\":\"SearchAction\",\"target\":{\"@type\":\"EntryPoint\",\"urlTemplate\":\"http:\/\/www.muntdemots.org\/2015\/?s={search_term_string}\"},\"query-input\":\"required name=search_term_string\"}],\"inLanguage\":\"ca\"}]}<\/script>\n<!-- \/ Yoast SEO plugin. -->","yoast_head_json":{"title":"Dimecres, 21 d'octubre - Munt de Mots","robots":{"index":"index","follow":"follow","max-snippet":"max-snippet:-1","max-image-preview":"max-image-preview:large","max-video-preview":"max-video-preview:-1"},"canonical":"https:\/\/www.muntdemots.org\/2015\/calendari\/21oct\/","og_locale":"ca_ES","og_type":"article","og_title":"Dimecres, 21 d'octubre - Munt de Mots","og_description":"CUENTOS DEL MEDITERR\u00c1NEO Ana Cristina Herreros (Madrid) Infantil +3 Contes que fan olor de sal, contes que fan gust d\u2019ametlles i de taronges, contes que sonen a platja, en qu\u00e8 segur que pots veure i tocar una sirena. Contes d\u2019aquest mar que ens uneix i ens separa: el mar enmig de les terres, el Mediterrani. [&hellip;]","og_url":"https:\/\/www.muntdemots.org\/2015\/calendari\/21oct\/","og_site_name":"Munt de Mots","article_publisher":"https:\/\/www.facebook.com\/FestivalMuntdeMots","article_modified_time":"2015-10-01T17:49:42+00:00","twitter_card":"summary_large_image","twitter_site":"@muntdemots","twitter_misc":{"Temps estimat de lectura":"2 minuts"},"schema":{"@context":"https:\/\/schema.org","@graph":[{"@type":"WebPage","@id":"https:\/\/www.muntdemots.org\/2015\/calendari\/21oct\/","url":"https:\/\/www.muntdemots.org\/2015\/calendari\/21oct\/","name":"Dimecres, 21 d'octubre - Munt de Mots","isPartOf":{"@id":"http:\/\/www.muntdemots.org\/2015\/#website"},"datePublished":"2012-07-01T16:40:40+00:00","dateModified":"2015-10-01T17:49:42+00:00","breadcrumb":{"@id":"https:\/\/www.muntdemots.org\/2015\/calendari\/21oct\/#breadcrumb"},"inLanguage":"ca","potentialAction":[{"@type":"ReadAction","target":["https:\/\/www.muntdemots.org\/2015\/calendari\/21oct\/"]}]},{"@type":"BreadcrumbList","@id":"https:\/\/www.muntdemots.org\/2015\/calendari\/21oct\/#breadcrumb","itemListElement":[{"@type":"ListItem","position":1,"name":"Inici","item":"http:\/\/www.muntdemots.org\/2015\/"},{"@type":"ListItem","position":2,"name":"Calendari","item":"http:\/\/www.muntdemots.org\/2015\/calendari\/"},{"@type":"ListItem","position":3,"name":"Dimecres, 21 d&#8217;octubre"}]},{"@type":"WebSite","@id":"http:\/\/www.muntdemots.org\/2015\/#website","url":"http:\/\/www.muntdemots.org\/2015\/","name":"Munt de Mots","description":"","potentialAction":[{"@type":"SearchAction","target":{"@type":"EntryPoint","urlTemplate":"http:\/\/www.muntdemots.org\/2015\/?s={search_term_string}"},"query-input":"required name=search_term_string"}],"inLanguage":"ca"}]}},"_links":{"self":[{"href":"https:\/\/www.muntdemots.org\/2015\/wp-json\/wp\/v2\/pages\/25"}],"collection":[{"href":"https:\/\/www.muntdemots.org\/2015\/wp-json\/wp\/v2\/pages"}],"about":[{"href":"https:\/\/www.muntdemots.org\/2015\/wp-json\/wp\/v2\/types\/page"}],"author":[{"embeddable":true,"href":"https:\/\/www.muntdemots.org\/2015\/wp-json\/wp\/v2\/users\/1"}],"replies":[{"embeddable":true,"href":"https:\/\/www.muntdemots.org\/2015\/wp-json\/wp\/v2\/comments?post=25"}],"version-history":[{"count":100,"href":"https:\/\/www.muntdemots.org\/2015\/wp-json\/wp\/v2\/pages\/25\/revisions"}],"predecessor-version":[{"id":8126,"href":"https:\/\/www.muntdemots.org\/2015\/wp-json\/wp\/v2\/pages\/25\/revisions\/8126"}],"up":[{"embeddable":true,"href":"https:\/\/www.muntdemots.org\/2015\/wp-json\/wp\/v2\/pages\/4928"}],"wp:attachment":[{"href":"https:\/\/www.muntdemots.org\/2015\/wp-json\/wp\/v2\/media?parent=25"}],"curies":[{"name":"wp","href":"https:\/\/api.w.org\/{rel}","templated":true}]}}