{"id":7474,"date":"2014-10-02T13:43:08","date_gmt":"2014-10-02T13:43:08","guid":{"rendered":"http:\/\/www.muntdemots.org\/2014\/?page_id=7474"},"modified":"2014-10-10T07:25:51","modified_gmt":"2014-10-10T07:25:51","slug":"ainara-bilbao","status":"publish","type":"page","link":"https:\/\/www.muntdemots.org\/2014\/participants\/ainara-bilbao\/","title":{"rendered":"Ainara Bilbao"},"content":{"rendered":"<p><a href=\"http:\/\/www.muntdemots.org\/2014\/wp-content\/uploads\/2014\/10\/AINARA-BILBAO.jpg\"><img decoding=\"async\" loading=\"lazy\" class=\"alignright size-medium wp-image-7464\" src=\"http:\/\/www.muntdemots.org\/2014\/wp-content\/uploads\/2014\/10\/AINARA-BILBAO-300x200.jpg\" alt=\"AINARA BILBAO\" width=\"300\" height=\"200\" srcset=\"https:\/\/www.muntdemots.org\/2014\/wp-content\/uploads\/2014\/10\/AINARA-BILBAO-300x200.jpg 300w, https:\/\/www.muntdemots.org\/2014\/wp-content\/uploads\/2014\/10\/AINARA-BILBAO-420x280.jpg 420w, https:\/\/www.muntdemots.org\/2014\/wp-content\/uploads\/2014\/10\/AINARA-BILBAO.jpg 600w\" sizes=\"(max-width: 300px) 100vw, 300px\" \/><\/a><\/p>\n<p>Encara que s\u00f3c euskaldun, visc entre Barcelona i Euskadi, d&#8217;all\u00e0 cap aqu\u00ed i d&#8217;aqu\u00ed cap all\u00e0. Els peus en un lloc, el cap a l&#8217;altre&#8230; i el cor a tots dos! Vaig comen\u00e7ar a contar amb p\u00fablic a Barcelona de la m\u00e0 del professor vene\u00e7ol\u00e0 Rub\u00e9n Mart\u00ednez Santana. Va ser en els seus tallers on vaig descobrir que estava irremeiablement contagiada de la necessitat d&#8217;explicar contes. Ara camino pel meu propi peu, escampant per terres basques i catalanes les hist\u00f2ries que m\u00e9s m&#8217;agraden&#8230; He participat en el Festival \u201cMunduko ipuinkontalariak\u201d, aix\u00ed com en diverses sessions a bars, centres c\u00edvics, festes privades i fins i tot en una botiga de sabates!<\/p>\n","protected":false},"excerpt":{"rendered":"<p>Encara que s\u00f3c euskaldun, visc entre Barcelona i Euskadi, d&#8217;all\u00e0 cap aqu\u00ed i d&#8217;aqu\u00ed cap all\u00e0. Els peus en un lloc, el cap a l&#8217;altre&#8230; i el cor a tots dos! Vaig comen\u00e7ar a contar amb p\u00fablic a Barcelona de la m\u00e0 del professor vene\u00e7ol\u00e0 Rub\u00e9n Mart\u00ednez Santana. Va ser en els seus tallers on [&hellip;]<\/p>\n","protected":false},"author":1,"featured_media":0,"parent":4,"menu_order":0,"comment_status":"open","ping_status":"open","template":"","meta":{"_mi_skip_tracking":false},"yoast_head":"<!-- This site is optimized with the Yoast SEO plugin v20.5 - https:\/\/yoast.com\/wordpress\/plugins\/seo\/ -->\n<title>Ainara Bilbao - Munt de Mots<\/title>\n<meta name=\"robots\" content=\"index, follow, max-snippet:-1, max-image-preview:large, max-video-preview:-1\" \/>\n<link rel=\"canonical\" href=\"http:\/\/www.muntdemots.org\/2014\/participants\/ainara-bilbao\/\" \/>\n<meta property=\"og:locale\" content=\"ca_ES\" \/>\n<meta property=\"og:type\" content=\"article\" \/>\n<meta property=\"og:title\" content=\"Ainara Bilbao - Munt de Mots\" \/>\n<meta property=\"og:description\" content=\"Encara que s\u00f3c euskaldun, visc entre Barcelona i Euskadi, d&#8217;all\u00e0 cap aqu\u00ed i d&#8217;aqu\u00ed cap all\u00e0. Els peus en un lloc, el cap a l&#8217;altre&#8230; i el cor a tots dos! Vaig comen\u00e7ar a contar amb p\u00fablic a Barcelona de la m\u00e0 del professor vene\u00e7ol\u00e0 Rub\u00e9n Mart\u00ednez Santana. Va ser en els seus tallers on [&hellip;]\" \/>\n<meta property=\"og:url\" content=\"http:\/\/www.muntdemots.org\/2014\/participants\/ainara-bilbao\/\" \/>\n<meta property=\"og:site_name\" content=\"Munt de Mots\" \/>\n<meta property=\"article:publisher\" content=\"https:\/\/www.facebook.com\/FestivalMuntdeMots\" \/>\n<meta property=\"article:modified_time\" content=\"2014-10-10T07:25:51+00:00\" \/>\n<meta property=\"og:image\" content=\"http:\/\/www.muntdemots.org\/2014\/wp-content\/uploads\/2014\/10\/AINARA-BILBAO-300x200.jpg\" \/>\n<meta name=\"twitter:card\" content=\"summary_large_image\" \/>\n<meta name=\"twitter:site\" content=\"@muntdemots\" \/>\n<meta name=\"twitter:label1\" content=\"Temps estimat de lectura\" \/>\n\t<meta name=\"twitter:data1\" content=\"1 minut\" \/>\n<script type=\"application\/ld+json\" class=\"yoast-schema-graph\">{\"@context\":\"https:\/\/schema.org\",\"@graph\":[{\"@type\":\"WebPage\",\"@id\":\"http:\/\/www.muntdemots.org\/2014\/participants\/ainara-bilbao\/\",\"url\":\"http:\/\/www.muntdemots.org\/2014\/participants\/ainara-bilbao\/\",\"name\":\"Ainara Bilbao - Munt de Mots\",\"isPartOf\":{\"@id\":\"https:\/\/www.muntdemots.org\/2014\/#website\"},\"datePublished\":\"2014-10-02T13:43:08+00:00\",\"dateModified\":\"2014-10-10T07:25:51+00:00\",\"breadcrumb\":{\"@id\":\"http:\/\/www.muntdemots.org\/2014\/participants\/ainara-bilbao\/#breadcrumb\"},\"inLanguage\":\"ca\",\"potentialAction\":[{\"@type\":\"ReadAction\",\"target\":[\"http:\/\/www.muntdemots.org\/2014\/participants\/ainara-bilbao\/\"]}]},{\"@type\":\"BreadcrumbList\",\"@id\":\"http:\/\/www.muntdemots.org\/2014\/participants\/ainara-bilbao\/#breadcrumb\",\"itemListElement\":[{\"@type\":\"ListItem\",\"position\":1,\"name\":\"Inici\",\"item\":\"https:\/\/www.muntdemots.org\/2014\/\"},{\"@type\":\"ListItem\",\"position\":2,\"name\":\"Participants\",\"item\":\"http:\/\/www.muntdemots.org\/2014\/participants\/\"},{\"@type\":\"ListItem\",\"position\":3,\"name\":\"Ainara Bilbao\"}]},{\"@type\":\"WebSite\",\"@id\":\"https:\/\/www.muntdemots.org\/2014\/#website\",\"url\":\"https:\/\/www.muntdemots.org\/2014\/\",\"name\":\"Munt de Mots\",\"description\":\"\",\"potentialAction\":[{\"@type\":\"SearchAction\",\"target\":{\"@type\":\"EntryPoint\",\"urlTemplate\":\"https:\/\/www.muntdemots.org\/2014\/?s={search_term_string}\"},\"query-input\":\"required name=search_term_string\"}],\"inLanguage\":\"ca\"}]}<\/script>\n<!-- \/ Yoast SEO plugin. -->","yoast_head_json":{"title":"Ainara Bilbao - Munt de Mots","robots":{"index":"index","follow":"follow","max-snippet":"max-snippet:-1","max-image-preview":"max-image-preview:large","max-video-preview":"max-video-preview:-1"},"canonical":"http:\/\/www.muntdemots.org\/2014\/participants\/ainara-bilbao\/","og_locale":"ca_ES","og_type":"article","og_title":"Ainara Bilbao - Munt de Mots","og_description":"Encara que s\u00f3c euskaldun, visc entre Barcelona i Euskadi, d&#8217;all\u00e0 cap aqu\u00ed i d&#8217;aqu\u00ed cap all\u00e0. Els peus en un lloc, el cap a l&#8217;altre&#8230; i el cor a tots dos! Vaig comen\u00e7ar a contar amb p\u00fablic a Barcelona de la m\u00e0 del professor vene\u00e7ol\u00e0 Rub\u00e9n Mart\u00ednez Santana. Va ser en els seus tallers on [&hellip;]","og_url":"http:\/\/www.muntdemots.org\/2014\/participants\/ainara-bilbao\/","og_site_name":"Munt de Mots","article_publisher":"https:\/\/www.facebook.com\/FestivalMuntdeMots","article_modified_time":"2014-10-10T07:25:51+00:00","og_image":[{"url":"http:\/\/www.muntdemots.org\/2014\/wp-content\/uploads\/2014\/10\/AINARA-BILBAO-300x200.jpg"}],"twitter_card":"summary_large_image","twitter_site":"@muntdemots","twitter_misc":{"Temps estimat de lectura":"1 minut"},"schema":{"@context":"https:\/\/schema.org","@graph":[{"@type":"WebPage","@id":"http:\/\/www.muntdemots.org\/2014\/participants\/ainara-bilbao\/","url":"http:\/\/www.muntdemots.org\/2014\/participants\/ainara-bilbao\/","name":"Ainara Bilbao - Munt de Mots","isPartOf":{"@id":"https:\/\/www.muntdemots.org\/2014\/#website"},"datePublished":"2014-10-02T13:43:08+00:00","dateModified":"2014-10-10T07:25:51+00:00","breadcrumb":{"@id":"http:\/\/www.muntdemots.org\/2014\/participants\/ainara-bilbao\/#breadcrumb"},"inLanguage":"ca","potentialAction":[{"@type":"ReadAction","target":["http:\/\/www.muntdemots.org\/2014\/participants\/ainara-bilbao\/"]}]},{"@type":"BreadcrumbList","@id":"http:\/\/www.muntdemots.org\/2014\/participants\/ainara-bilbao\/#breadcrumb","itemListElement":[{"@type":"ListItem","position":1,"name":"Inici","item":"https:\/\/www.muntdemots.org\/2014\/"},{"@type":"ListItem","position":2,"name":"Participants","item":"http:\/\/www.muntdemots.org\/2014\/participants\/"},{"@type":"ListItem","position":3,"name":"Ainara Bilbao"}]},{"@type":"WebSite","@id":"https:\/\/www.muntdemots.org\/2014\/#website","url":"https:\/\/www.muntdemots.org\/2014\/","name":"Munt de Mots","description":"","potentialAction":[{"@type":"SearchAction","target":{"@type":"EntryPoint","urlTemplate":"https:\/\/www.muntdemots.org\/2014\/?s={search_term_string}"},"query-input":"required name=search_term_string"}],"inLanguage":"ca"}]}},"_links":{"self":[{"href":"https:\/\/www.muntdemots.org\/2014\/wp-json\/wp\/v2\/pages\/7474"}],"collection":[{"href":"https:\/\/www.muntdemots.org\/2014\/wp-json\/wp\/v2\/pages"}],"about":[{"href":"https:\/\/www.muntdemots.org\/2014\/wp-json\/wp\/v2\/types\/page"}],"author":[{"embeddable":true,"href":"https:\/\/www.muntdemots.org\/2014\/wp-json\/wp\/v2\/users\/1"}],"replies":[{"embeddable":true,"href":"https:\/\/www.muntdemots.org\/2014\/wp-json\/wp\/v2\/comments?post=7474"}],"version-history":[{"count":2,"href":"https:\/\/www.muntdemots.org\/2014\/wp-json\/wp\/v2\/pages\/7474\/revisions"}],"predecessor-version":[{"id":7509,"href":"https:\/\/www.muntdemots.org\/2014\/wp-json\/wp\/v2\/pages\/7474\/revisions\/7509"}],"up":[{"embeddable":true,"href":"https:\/\/www.muntdemots.org\/2014\/wp-json\/wp\/v2\/pages\/4"}],"wp:attachment":[{"href":"https:\/\/www.muntdemots.org\/2014\/wp-json\/wp\/v2\/media?parent=7474"}],"curies":[{"name":"wp","href":"https:\/\/api.w.org\/{rel}","templated":true}]}}