{"id":7461,"date":"2014-10-02T10:46:58","date_gmt":"2014-10-02T10:46:58","guid":{"rendered":"http:\/\/www.muntdemots.org\/2014\/?page_id=7461"},"modified":"2014-10-15T09:08:16","modified_gmt":"2014-10-15T09:08:16","slug":"la-paraula-trobada","status":"publish","type":"page","link":"https:\/\/www.muntdemots.org\/2014\/participants\/la-paraula-trobada\/","title":{"rendered":"La Paraula Trobada"},"content":{"rendered":"<p>Bety Alemany, Eli Puentes, Julia P\u00e9rez, Compa\u00a0\u00a0 \u00f1\u00eda La Sal, Judith Navarro, Rosa Pinyol i Virginia Coquillat.<\/p>\n<p><strong>Beti Alemany<\/strong><\/p>\n<p>\u00c9s llicenciada en biolog\u00eda i Postgraduada en foment de la<a href=\"http:\/\/www.muntdemots.org\/2014\/wp-content\/uploads\/2014\/10\/IMG-20140918-WA0000.jpg\"><img decoding=\"async\" loading=\"lazy\" class=\"alignright  wp-image-7478\" src=\"http:\/\/www.muntdemots.org\/2014\/wp-content\/uploads\/2014\/10\/IMG-20140918-WA0000-300x225.jpg\" alt=\"IMG-20140918-WA0000\" width=\"223\" height=\"167\" srcset=\"https:\/\/www.muntdemots.org\/2014\/wp-content\/uploads\/2014\/10\/IMG-20140918-WA0000-300x225.jpg 300w, https:\/\/www.muntdemots.org\/2014\/wp-content\/uploads\/2014\/10\/IMG-20140918-WA0000.jpg 640w\" sizes=\"(max-width: 223px) 100vw, 223px\" \/><\/a> lectura. Teatrera gr\u00e0cies als Llu\u00efsos de Gr\u00e0cia i a l\u2019Institut del Teatre. Cantaire, mare. Escriptora gr\u00e0cies a l\u2019Escola d\u2019Escriptura de l\u2019Ateneu Barcelon\u00e8s i guanyadora del XVII\u00e8 Premi de Conte Infantil Hospital Sant Joan de D\u00e9u. Cofundadora de l\u2019associaci\u00f3 cultural <em>l\u2019Obrador d\u2019Hist\u00f2ries<\/em> i la compa\u00f1\u00eda de teatre cient\u00edfic <em>Teatre de la Incertesa<\/em>. Col\u00b7laboradora de <em>Tant\u00e0gora Serveis Culturals<\/em> i de <em>l\u2019Editorial Castellnou<\/em>.<\/p>\n<p>&nbsp;<\/p>\n<p><strong>Cia La SAL<\/strong><\/p>\n<p><a href=\"http:\/\/www.muntdemots.org\/2014\/wp-content\/uploads\/2014\/10\/Mod_vidreres.jpg\"><img decoding=\"async\" loading=\"lazy\" class=\" wp-image-7479 alignright\" src=\"http:\/\/www.muntdemots.org\/2014\/wp-content\/uploads\/2014\/10\/Mod_vidreres-300x225.jpg\" alt=\"Mod_vidreres\" width=\"215\" height=\"161\" srcset=\"https:\/\/www.muntdemots.org\/2014\/wp-content\/uploads\/2014\/10\/Mod_vidreres-300x225.jpg 300w, https:\/\/www.muntdemots.org\/2014\/wp-content\/uploads\/2014\/10\/Mod_vidreres.jpg 364w\" sizes=\"(max-width: 215px) 100vw, 215px\" \/><\/a><\/p>\n<p>Des de la terra dels volcans la Cia La SAL us porta Contes refinats, melodies refilades i tallers delicats per compartir.<\/p>\n<p>&nbsp;<\/p>\n<p>&nbsp;<\/p>\n<p>&nbsp;<\/p>\n<p>&nbsp;<\/p>\n<p><a href=\"http:\/\/www.muntdemots.org\/2014\/wp-content\/uploads\/2014\/10\/RPINYOL_XC.jpg\"><img decoding=\"async\" loading=\"lazy\" class=\"alignright  wp-image-7480\" src=\"http:\/\/www.muntdemots.org\/2014\/wp-content\/uploads\/2014\/10\/RPINYOL_XC-300x300.jpg\" alt=\"RPINYOL_XC\" width=\"198\" height=\"198\" srcset=\"https:\/\/www.muntdemots.org\/2014\/wp-content\/uploads\/2014\/10\/RPINYOL_XC-300x300.jpg 300w, https:\/\/www.muntdemots.org\/2014\/wp-content\/uploads\/2014\/10\/RPINYOL_XC-150x150.jpg 150w, https:\/\/www.muntdemots.org\/2014\/wp-content\/uploads\/2014\/10\/RPINYOL_XC.jpg 496w\" sizes=\"(max-width: 198px) 100vw, 198px\" \/><\/a><\/p>\n<p><strong>Rosa Pinyol<\/strong><\/p>\n<p>Atrapada pels contes i pel delit d&#8217;explicar-los; un art, un ofici que un cop l&#8217;has provat ja no te\u2019n pots estar&#8230; M\u2019engresca fer viure els contes, donar vida a personatges i \u00e9ssers inanimats, a hist\u00f2ries reals o fant\u00e0stiques, populars o \u00e0uliques, d\u2019aqu\u00ed o d\u2019arreu&#8230; I opto pel conte tradicional, aquest patrimoni intangible, universal i sense data de caducitat, que ens emociona i ens fa sentir vius.<\/p>\n<p>&nbsp;<\/p>\n<p>&nbsp;<\/p>\n<p><strong>Virginia Coquillat Ferr\u00e1ndez<\/strong><a href=\"http:\/\/www.muntdemots.org\/2014\/wp-content\/uploads\/2014\/10\/DSC_8013re.jpg\"><img decoding=\"async\" loading=\"lazy\" class=\"alignright  wp-image-7481\" src=\"http:\/\/www.muntdemots.org\/2014\/wp-content\/uploads\/2014\/10\/DSC_8013re-199x300.jpg\" alt=\"DSC_8013re\" width=\"150\" height=\"226\" srcset=\"https:\/\/www.muntdemots.org\/2014\/wp-content\/uploads\/2014\/10\/DSC_8013re-199x300.jpg 199w, https:\/\/www.muntdemots.org\/2014\/wp-content\/uploads\/2014\/10\/DSC_8013re-679x1024.jpg 679w, https:\/\/www.muntdemots.org\/2014\/wp-content\/uploads\/2014\/10\/DSC_8013re.jpg 996w\" sizes=\"(max-width: 150px) 100vw, 150px\" \/><\/a><\/p>\n<p>Desde que me sub\u00ed a un escenario por primera vez hace m\u00e1s de 15 a\u00f1os, siempre he estado vinculada a lo esc\u00e9nico, como actriz, clown, cantante&#8230; Y desde hace dos a\u00f1os, como narradora de historias en el grupo de narraci\u00f3n oral &#8220;Las Lindas&#8221;. Mensualmente organizamos y dinamizamos el espcio &#8220;Tu contes&#8221; en el centro c\u00edvico de Torrellobeta.<\/p>\n<p>&nbsp;<\/p>\n<p>&nbsp;<\/p>\n<p>&nbsp;<\/p>\n<p>&nbsp;<\/p>\n<p><a href=\"http:\/\/www.muntdemots.org\/2014\/wp-content\/uploads\/2014\/10\/Judith_narracio\u0301n.jpeg\"><img decoding=\"async\" loading=\"lazy\" class=\"alignright  wp-image-7525\" src=\"http:\/\/www.muntdemots.org\/2014\/wp-content\/uploads\/2014\/10\/Judith_narracio\u0301n.jpeg\" alt=\"Judith_narracio\u0301n\" width=\"179\" height=\"266\" srcset=\"https:\/\/www.muntdemots.org\/2014\/wp-content\/uploads\/2014\/10\/Judith_narracio\u0301n.jpeg 215w, https:\/\/www.muntdemots.org\/2014\/wp-content\/uploads\/2014\/10\/Judith_narracio\u0301n-201x300.jpeg 201w\" sizes=\"(max-width: 179px) 100vw, 179px\" \/><\/a><\/p>\n<p><strong>Judith Navarro<\/strong><\/p>\n<p>Narradora, diplomada en mim corporal i teatre f\u00edsic, llicenciada en dret i mare d&#8217;una nena que reclama di\u00e0riament tants contes com personatges&#8230; La narraci\u00f3 va arribar un dia, fa temps; res no \u00e9s casual. I va decidir quedar-s&#8217;hi. El cos semblava mut; nom\u00e9s ho semblava. Ell sempre hi \u00e9s, i va decidir parlar. Des de llavors paraula i pres\u00e8ncia, silenci i gest, es trenen per explicar hist\u00f2ries a adults o infants, en espais previstos o impensats.<\/p>\n<p>&nbsp;<\/p>\n","protected":false},"excerpt":{"rendered":"<p>Bety Alemany, Eli Puentes, Julia P\u00e9rez, Compa\u00a0\u00a0 \u00f1\u00eda La Sal, Judith Navarro, Rosa Pinyol i Virginia Coquillat. Beti Alemany \u00c9s llicenciada en biolog\u00eda i Postgraduada en foment de la lectura. Teatrera gr\u00e0cies als Llu\u00efsos de Gr\u00e0cia i a l\u2019Institut del Teatre. Cantaire, mare. Escriptora gr\u00e0cies a l\u2019Escola d\u2019Escriptura de l\u2019Ateneu Barcelon\u00e8s i guanyadora del XVII\u00e8 [&hellip;]<\/p>\n","protected":false},"author":1,"featured_media":0,"parent":4,"menu_order":0,"comment_status":"open","ping_status":"open","template":"","meta":{"_mi_skip_tracking":false},"yoast_head":"<!-- This site is optimized with the Yoast SEO plugin v20.5 - https:\/\/yoast.com\/wordpress\/plugins\/seo\/ -->\n<title>La Paraula Trobada  - Munt de Mots<\/title>\n<meta name=\"robots\" content=\"index, follow, max-snippet:-1, max-image-preview:large, max-video-preview:-1\" \/>\n<link rel=\"canonical\" href=\"http:\/\/www.muntdemots.org\/2014\/participants\/la-paraula-trobada\/\" \/>\n<meta property=\"og:locale\" content=\"ca_ES\" \/>\n<meta property=\"og:type\" content=\"article\" \/>\n<meta property=\"og:title\" content=\"La Paraula Trobada  - Munt de Mots\" \/>\n<meta property=\"og:description\" content=\"Bety Alemany, Eli Puentes, Julia P\u00e9rez, Compa\u00a0\u00a0 \u00f1\u00eda La Sal, Judith Navarro, Rosa Pinyol i Virginia Coquillat. Beti Alemany \u00c9s llicenciada en biolog\u00eda i Postgraduada en foment de la lectura. Teatrera gr\u00e0cies als Llu\u00efsos de Gr\u00e0cia i a l\u2019Institut del Teatre. Cantaire, mare. Escriptora gr\u00e0cies a l\u2019Escola d\u2019Escriptura de l\u2019Ateneu Barcelon\u00e8s i guanyadora del XVII\u00e8 [&hellip;]\" \/>\n<meta property=\"og:url\" content=\"http:\/\/www.muntdemots.org\/2014\/participants\/la-paraula-trobada\/\" \/>\n<meta property=\"og:site_name\" content=\"Munt de Mots\" \/>\n<meta property=\"article:publisher\" content=\"https:\/\/www.facebook.com\/FestivalMuntdeMots\" \/>\n<meta property=\"article:modified_time\" content=\"2014-10-15T09:08:16+00:00\" \/>\n<meta property=\"og:image\" content=\"http:\/\/www.muntdemots.org\/2014\/wp-content\/uploads\/2014\/10\/IMG-20140918-WA0000-300x225.jpg\" \/>\n<meta name=\"twitter:card\" content=\"summary_large_image\" \/>\n<meta name=\"twitter:site\" content=\"@muntdemots\" \/>\n<meta name=\"twitter:label1\" content=\"Temps estimat de lectura\" \/>\n\t<meta name=\"twitter:data1\" content=\"2 minuts\" \/>\n<script type=\"application\/ld+json\" class=\"yoast-schema-graph\">{\"@context\":\"https:\/\/schema.org\",\"@graph\":[{\"@type\":\"WebPage\",\"@id\":\"http:\/\/www.muntdemots.org\/2014\/participants\/la-paraula-trobada\/\",\"url\":\"http:\/\/www.muntdemots.org\/2014\/participants\/la-paraula-trobada\/\",\"name\":\"La Paraula Trobada - Munt de Mots\",\"isPartOf\":{\"@id\":\"https:\/\/www.muntdemots.org\/2014\/#website\"},\"datePublished\":\"2014-10-02T10:46:58+00:00\",\"dateModified\":\"2014-10-15T09:08:16+00:00\",\"breadcrumb\":{\"@id\":\"http:\/\/www.muntdemots.org\/2014\/participants\/la-paraula-trobada\/#breadcrumb\"},\"inLanguage\":\"ca\",\"potentialAction\":[{\"@type\":\"ReadAction\",\"target\":[\"http:\/\/www.muntdemots.org\/2014\/participants\/la-paraula-trobada\/\"]}]},{\"@type\":\"BreadcrumbList\",\"@id\":\"http:\/\/www.muntdemots.org\/2014\/participants\/la-paraula-trobada\/#breadcrumb\",\"itemListElement\":[{\"@type\":\"ListItem\",\"position\":1,\"name\":\"Inici\",\"item\":\"https:\/\/www.muntdemots.org\/2014\/\"},{\"@type\":\"ListItem\",\"position\":2,\"name\":\"Participants\",\"item\":\"http:\/\/www.muntdemots.org\/2014\/participants\/\"},{\"@type\":\"ListItem\",\"position\":3,\"name\":\"La Paraula Trobada\"}]},{\"@type\":\"WebSite\",\"@id\":\"https:\/\/www.muntdemots.org\/2014\/#website\",\"url\":\"https:\/\/www.muntdemots.org\/2014\/\",\"name\":\"Munt de Mots\",\"description\":\"\",\"potentialAction\":[{\"@type\":\"SearchAction\",\"target\":{\"@type\":\"EntryPoint\",\"urlTemplate\":\"https:\/\/www.muntdemots.org\/2014\/?s={search_term_string}\"},\"query-input\":\"required name=search_term_string\"}],\"inLanguage\":\"ca\"}]}<\/script>\n<!-- \/ Yoast SEO plugin. -->","yoast_head_json":{"title":"La Paraula Trobada  - Munt de Mots","robots":{"index":"index","follow":"follow","max-snippet":"max-snippet:-1","max-image-preview":"max-image-preview:large","max-video-preview":"max-video-preview:-1"},"canonical":"http:\/\/www.muntdemots.org\/2014\/participants\/la-paraula-trobada\/","og_locale":"ca_ES","og_type":"article","og_title":"La Paraula Trobada  - Munt de Mots","og_description":"Bety Alemany, Eli Puentes, Julia P\u00e9rez, Compa\u00a0\u00a0 \u00f1\u00eda La Sal, Judith Navarro, Rosa Pinyol i Virginia Coquillat. Beti Alemany \u00c9s llicenciada en biolog\u00eda i Postgraduada en foment de la lectura. Teatrera gr\u00e0cies als Llu\u00efsos de Gr\u00e0cia i a l\u2019Institut del Teatre. Cantaire, mare. Escriptora gr\u00e0cies a l\u2019Escola d\u2019Escriptura de l\u2019Ateneu Barcelon\u00e8s i guanyadora del XVII\u00e8 [&hellip;]","og_url":"http:\/\/www.muntdemots.org\/2014\/participants\/la-paraula-trobada\/","og_site_name":"Munt de Mots","article_publisher":"https:\/\/www.facebook.com\/FestivalMuntdeMots","article_modified_time":"2014-10-15T09:08:16+00:00","og_image":[{"url":"http:\/\/www.muntdemots.org\/2014\/wp-content\/uploads\/2014\/10\/IMG-20140918-WA0000-300x225.jpg"}],"twitter_card":"summary_large_image","twitter_site":"@muntdemots","twitter_misc":{"Temps estimat de lectura":"2 minuts"},"schema":{"@context":"https:\/\/schema.org","@graph":[{"@type":"WebPage","@id":"http:\/\/www.muntdemots.org\/2014\/participants\/la-paraula-trobada\/","url":"http:\/\/www.muntdemots.org\/2014\/participants\/la-paraula-trobada\/","name":"La Paraula Trobada - Munt de Mots","isPartOf":{"@id":"https:\/\/www.muntdemots.org\/2014\/#website"},"datePublished":"2014-10-02T10:46:58+00:00","dateModified":"2014-10-15T09:08:16+00:00","breadcrumb":{"@id":"http:\/\/www.muntdemots.org\/2014\/participants\/la-paraula-trobada\/#breadcrumb"},"inLanguage":"ca","potentialAction":[{"@type":"ReadAction","target":["http:\/\/www.muntdemots.org\/2014\/participants\/la-paraula-trobada\/"]}]},{"@type":"BreadcrumbList","@id":"http:\/\/www.muntdemots.org\/2014\/participants\/la-paraula-trobada\/#breadcrumb","itemListElement":[{"@type":"ListItem","position":1,"name":"Inici","item":"https:\/\/www.muntdemots.org\/2014\/"},{"@type":"ListItem","position":2,"name":"Participants","item":"http:\/\/www.muntdemots.org\/2014\/participants\/"},{"@type":"ListItem","position":3,"name":"La Paraula Trobada"}]},{"@type":"WebSite","@id":"https:\/\/www.muntdemots.org\/2014\/#website","url":"https:\/\/www.muntdemots.org\/2014\/","name":"Munt de Mots","description":"","potentialAction":[{"@type":"SearchAction","target":{"@type":"EntryPoint","urlTemplate":"https:\/\/www.muntdemots.org\/2014\/?s={search_term_string}"},"query-input":"required name=search_term_string"}],"inLanguage":"ca"}]}},"_links":{"self":[{"href":"https:\/\/www.muntdemots.org\/2014\/wp-json\/wp\/v2\/pages\/7461"}],"collection":[{"href":"https:\/\/www.muntdemots.org\/2014\/wp-json\/wp\/v2\/pages"}],"about":[{"href":"https:\/\/www.muntdemots.org\/2014\/wp-json\/wp\/v2\/types\/page"}],"author":[{"embeddable":true,"href":"https:\/\/www.muntdemots.org\/2014\/wp-json\/wp\/v2\/users\/1"}],"replies":[{"embeddable":true,"href":"https:\/\/www.muntdemots.org\/2014\/wp-json\/wp\/v2\/comments?post=7461"}],"version-history":[{"count":6,"href":"https:\/\/www.muntdemots.org\/2014\/wp-json\/wp\/v2\/pages\/7461\/revisions"}],"predecessor-version":[{"id":7536,"href":"https:\/\/www.muntdemots.org\/2014\/wp-json\/wp\/v2\/pages\/7461\/revisions\/7536"}],"up":[{"embeddable":true,"href":"https:\/\/www.muntdemots.org\/2014\/wp-json\/wp\/v2\/pages\/4"}],"wp:attachment":[{"href":"https:\/\/www.muntdemots.org\/2014\/wp-json\/wp\/v2\/media?parent=7461"}],"curies":[{"name":"wp","href":"https:\/\/api.w.org\/{rel}","templated":true}]}}