{"id":7297,"date":"2014-09-25T08:05:53","date_gmt":"2014-09-25T08:05:53","guid":{"rendered":"http:\/\/www.muntdemots.org\/2014\/?page_id=7297"},"modified":"2014-09-25T08:05:53","modified_gmt":"2014-09-25T08:05:53","slug":"monika-klose","status":"publish","type":"page","link":"https:\/\/www.muntdemots.org\/2014\/participants\/monika-klose\/","title":{"rendered":"Monika Klose"},"content":{"rendered":"<p><a href=\"http:\/\/www.muntdemots.org\/2014\/wp-content\/uploads\/2014\/09\/Frauen.-die-sich-trauenGeheimnis.jpg\"><img decoding=\"async\" loading=\"lazy\" class=\"size-medium wp-image-7298 alignright\" src=\"http:\/\/www.muntdemots.org\/2014\/wp-content\/uploads\/2014\/09\/Frauen.-die-sich-trauenGeheimnis-300x168.jpg\" alt=\"Frauen. die sich trauenGeheimnis\" width=\"300\" height=\"168\" srcset=\"https:\/\/www.muntdemots.org\/2014\/wp-content\/uploads\/2014\/09\/Frauen.-die-sich-trauenGeheimnis-300x168.jpg 300w, https:\/\/www.muntdemots.org\/2014\/wp-content\/uploads\/2014\/09\/Frauen.-die-sich-trauenGeheimnis-1024x576.jpg 1024w, https:\/\/www.muntdemots.org\/2014\/wp-content\/uploads\/2014\/09\/Frauen.-die-sich-trauenGeheimnis.jpg 1920w\" sizes=\"(max-width: 300px) 100vw, 300px\" \/><\/a><\/p>\n<p>Nascuda en una ciutat fronterera i cru\u00eflla de cultures, des de sempre li han interessat altres veus i altres lleng\u00fces. Llicenciada en Literatura Francesa i Espanyola, el seu esperit viatger la va portar a Barcelona on va con\u00e8ixer l&#8217;art de narrar contes i es va enamorar&#8230; Porta anys descobrint contes populars de diferents cultures i narra per a tots els p\u00fablics en castell\u00e0, catal\u00e0, franc\u00e8s i en alemany, la seva llengua materna.<\/p>\n<p>Espectacles: <a href=\"\/2014\/events\/contes-de-la-matrioska\/\">Contes de la matrioska<\/a> i <a href=\"\/2014\/events\/viaje-por-el-mundo-en-siete-cuentos\/\">Viaje por el mundo en siete cuentos<\/a>.<\/p>\n","protected":false},"excerpt":{"rendered":"<p>Nascuda en una ciutat fronterera i cru\u00eflla de cultures, des de sempre li han interessat altres veus i altres lleng\u00fces. Llicenciada en Literatura Francesa i Espanyola, el seu esperit viatger la va portar a Barcelona on va con\u00e8ixer l&#8217;art de narrar contes i es va enamorar&#8230; Porta anys descobrint contes populars de diferents cultures i [&hellip;]<\/p>\n","protected":false},"author":1,"featured_media":0,"parent":4,"menu_order":0,"comment_status":"open","ping_status":"open","template":"","meta":{"_mi_skip_tracking":false},"yoast_head":"<!-- This site is optimized with the Yoast SEO plugin v20.5 - https:\/\/yoast.com\/wordpress\/plugins\/seo\/ -->\n<title>Monika Klose - Munt de Mots<\/title>\n<meta name=\"robots\" content=\"index, follow, max-snippet:-1, max-image-preview:large, max-video-preview:-1\" \/>\n<link rel=\"canonical\" href=\"http:\/\/www.muntdemots.org\/2014\/participants\/monika-klose\/\" \/>\n<meta property=\"og:locale\" content=\"ca_ES\" \/>\n<meta property=\"og:type\" content=\"article\" \/>\n<meta property=\"og:title\" content=\"Monika Klose - Munt de Mots\" \/>\n<meta property=\"og:description\" content=\"Nascuda en una ciutat fronterera i cru\u00eflla de cultures, des de sempre li han interessat altres veus i altres lleng\u00fces. Llicenciada en Literatura Francesa i Espanyola, el seu esperit viatger la va portar a Barcelona on va con\u00e8ixer l&#8217;art de narrar contes i es va enamorar&#8230; Porta anys descobrint contes populars de diferents cultures i [&hellip;]\" \/>\n<meta property=\"og:url\" content=\"http:\/\/www.muntdemots.org\/2014\/participants\/monika-klose\/\" \/>\n<meta property=\"og:site_name\" content=\"Munt de Mots\" \/>\n<meta property=\"article:publisher\" content=\"https:\/\/www.facebook.com\/FestivalMuntdeMots\" \/>\n<meta property=\"og:image\" content=\"http:\/\/www.muntdemots.org\/2014\/wp-content\/uploads\/2014\/09\/Frauen.-die-sich-trauenGeheimnis-300x168.jpg\" \/>\n<meta name=\"twitter:card\" content=\"summary_large_image\" \/>\n<meta name=\"twitter:site\" content=\"@muntdemots\" \/>\n<script type=\"application\/ld+json\" class=\"yoast-schema-graph\">{\"@context\":\"https:\/\/schema.org\",\"@graph\":[{\"@type\":\"WebPage\",\"@id\":\"http:\/\/www.muntdemots.org\/2014\/participants\/monika-klose\/\",\"url\":\"http:\/\/www.muntdemots.org\/2014\/participants\/monika-klose\/\",\"name\":\"Monika Klose - Munt de Mots\",\"isPartOf\":{\"@id\":\"https:\/\/www.muntdemots.org\/2014\/#website\"},\"datePublished\":\"2014-09-25T08:05:53+00:00\",\"dateModified\":\"2014-09-25T08:05:53+00:00\",\"breadcrumb\":{\"@id\":\"http:\/\/www.muntdemots.org\/2014\/participants\/monika-klose\/#breadcrumb\"},\"inLanguage\":\"ca\",\"potentialAction\":[{\"@type\":\"ReadAction\",\"target\":[\"http:\/\/www.muntdemots.org\/2014\/participants\/monika-klose\/\"]}]},{\"@type\":\"BreadcrumbList\",\"@id\":\"http:\/\/www.muntdemots.org\/2014\/participants\/monika-klose\/#breadcrumb\",\"itemListElement\":[{\"@type\":\"ListItem\",\"position\":1,\"name\":\"Inici\",\"item\":\"https:\/\/www.muntdemots.org\/2014\/\"},{\"@type\":\"ListItem\",\"position\":2,\"name\":\"Participants\",\"item\":\"http:\/\/www.muntdemots.org\/2014\/participants\/\"},{\"@type\":\"ListItem\",\"position\":3,\"name\":\"Monika Klose\"}]},{\"@type\":\"WebSite\",\"@id\":\"https:\/\/www.muntdemots.org\/2014\/#website\",\"url\":\"https:\/\/www.muntdemots.org\/2014\/\",\"name\":\"Munt de Mots\",\"description\":\"\",\"potentialAction\":[{\"@type\":\"SearchAction\",\"target\":{\"@type\":\"EntryPoint\",\"urlTemplate\":\"https:\/\/www.muntdemots.org\/2014\/?s={search_term_string}\"},\"query-input\":\"required name=search_term_string\"}],\"inLanguage\":\"ca\"}]}<\/script>\n<!-- \/ Yoast SEO plugin. -->","yoast_head_json":{"title":"Monika Klose - Munt de Mots","robots":{"index":"index","follow":"follow","max-snippet":"max-snippet:-1","max-image-preview":"max-image-preview:large","max-video-preview":"max-video-preview:-1"},"canonical":"http:\/\/www.muntdemots.org\/2014\/participants\/monika-klose\/","og_locale":"ca_ES","og_type":"article","og_title":"Monika Klose - Munt de Mots","og_description":"Nascuda en una ciutat fronterera i cru\u00eflla de cultures, des de sempre li han interessat altres veus i altres lleng\u00fces. Llicenciada en Literatura Francesa i Espanyola, el seu esperit viatger la va portar a Barcelona on va con\u00e8ixer l&#8217;art de narrar contes i es va enamorar&#8230; Porta anys descobrint contes populars de diferents cultures i [&hellip;]","og_url":"http:\/\/www.muntdemots.org\/2014\/participants\/monika-klose\/","og_site_name":"Munt de Mots","article_publisher":"https:\/\/www.facebook.com\/FestivalMuntdeMots","og_image":[{"url":"http:\/\/www.muntdemots.org\/2014\/wp-content\/uploads\/2014\/09\/Frauen.-die-sich-trauenGeheimnis-300x168.jpg"}],"twitter_card":"summary_large_image","twitter_site":"@muntdemots","schema":{"@context":"https:\/\/schema.org","@graph":[{"@type":"WebPage","@id":"http:\/\/www.muntdemots.org\/2014\/participants\/monika-klose\/","url":"http:\/\/www.muntdemots.org\/2014\/participants\/monika-klose\/","name":"Monika Klose - Munt de Mots","isPartOf":{"@id":"https:\/\/www.muntdemots.org\/2014\/#website"},"datePublished":"2014-09-25T08:05:53+00:00","dateModified":"2014-09-25T08:05:53+00:00","breadcrumb":{"@id":"http:\/\/www.muntdemots.org\/2014\/participants\/monika-klose\/#breadcrumb"},"inLanguage":"ca","potentialAction":[{"@type":"ReadAction","target":["http:\/\/www.muntdemots.org\/2014\/participants\/monika-klose\/"]}]},{"@type":"BreadcrumbList","@id":"http:\/\/www.muntdemots.org\/2014\/participants\/monika-klose\/#breadcrumb","itemListElement":[{"@type":"ListItem","position":1,"name":"Inici","item":"https:\/\/www.muntdemots.org\/2014\/"},{"@type":"ListItem","position":2,"name":"Participants","item":"http:\/\/www.muntdemots.org\/2014\/participants\/"},{"@type":"ListItem","position":3,"name":"Monika Klose"}]},{"@type":"WebSite","@id":"https:\/\/www.muntdemots.org\/2014\/#website","url":"https:\/\/www.muntdemots.org\/2014\/","name":"Munt de Mots","description":"","potentialAction":[{"@type":"SearchAction","target":{"@type":"EntryPoint","urlTemplate":"https:\/\/www.muntdemots.org\/2014\/?s={search_term_string}"},"query-input":"required name=search_term_string"}],"inLanguage":"ca"}]}},"_links":{"self":[{"href":"https:\/\/www.muntdemots.org\/2014\/wp-json\/wp\/v2\/pages\/7297"}],"collection":[{"href":"https:\/\/www.muntdemots.org\/2014\/wp-json\/wp\/v2\/pages"}],"about":[{"href":"https:\/\/www.muntdemots.org\/2014\/wp-json\/wp\/v2\/types\/page"}],"author":[{"embeddable":true,"href":"https:\/\/www.muntdemots.org\/2014\/wp-json\/wp\/v2\/users\/1"}],"replies":[{"embeddable":true,"href":"https:\/\/www.muntdemots.org\/2014\/wp-json\/wp\/v2\/comments?post=7297"}],"version-history":[{"count":1,"href":"https:\/\/www.muntdemots.org\/2014\/wp-json\/wp\/v2\/pages\/7297\/revisions"}],"predecessor-version":[{"id":7301,"href":"https:\/\/www.muntdemots.org\/2014\/wp-json\/wp\/v2\/pages\/7297\/revisions\/7301"}],"up":[{"embeddable":true,"href":"https:\/\/www.muntdemots.org\/2014\/wp-json\/wp\/v2\/pages\/4"}],"wp:attachment":[{"href":"https:\/\/www.muntdemots.org\/2014\/wp-json\/wp\/v2\/media?parent=7297"}],"curies":[{"name":"wp","href":"https:\/\/api.w.org\/{rel}","templated":true}]}}