{"id":7270,"date":"2014-09-25T07:09:07","date_gmt":"2014-09-25T07:09:07","guid":{"rendered":"http:\/\/www.muntdemots.org\/2014\/?page_id=7270"},"modified":"2014-09-25T07:09:54","modified_gmt":"2014-09-25T07:09:54","slug":"jordina-biosca","status":"publish","type":"page","link":"https:\/\/www.muntdemots.org\/2014\/participants\/jordina-biosca\/","title":{"rendered":"Jordina Biosca"},"content":{"rendered":"<p><a href=\"http:\/\/www.muntdemots.org\/2014\/wp-content\/uploads\/2014\/09\/Jordina_1.jpg\"><img decoding=\"async\" loading=\"lazy\" class=\"wp-image-7271 alignright\" src=\"http:\/\/www.muntdemots.org\/2014\/wp-content\/uploads\/2014\/09\/Jordina_1-668x1024.jpg\" alt=\"Jordina_1\" width=\"205\" height=\"314\" srcset=\"https:\/\/www.muntdemots.org\/2014\/wp-content\/uploads\/2014\/09\/Jordina_1-668x1024.jpg 668w, https:\/\/www.muntdemots.org\/2014\/wp-content\/uploads\/2014\/09\/Jordina_1-195x300.jpg 195w, https:\/\/www.muntdemots.org\/2014\/wp-content\/uploads\/2014\/09\/Jordina_1.jpg 1168w\" sizes=\"(max-width: 205px) 100vw, 205px\" \/><\/a><\/p>\n<p>Autodidacta, es dedica \u00edntegrament a la narraci\u00f3, la dramatitzaci\u00f3 i la direcci\u00f3 d\u2019espectacles per a petits i grans des del 1998 arreu de Catalunya tal com demostra la participaci\u00f3 en diversos festivals i cicles de narraci\u00f3, poesia i teatre d\u2019arreu, aix\u00ed com les actuacions continuades en programacions estables de Teatres i Festivals, Cicles Literaris, etc. \u00c9s membre de l\u2019ANPc. Presideix l&#8217;Associaci\u00f3 Art\u00edstica Triskel que gestiona el Festival En Veu Alta (EVA), entre altres projectes.<\/p>\n<p>Espectacles: <a href=\"\/2014\/events\/lentrada\/\">L\u2019entrada<\/a> i <a href=\"\/2014\/events\/el-dit-la-llaga\/\">El dit a la llaga<\/a><\/p>\n","protected":false},"excerpt":{"rendered":"<p>Autodidacta, es dedica \u00edntegrament a la narraci\u00f3, la dramatitzaci\u00f3 i la direcci\u00f3 d\u2019espectacles per a petits i grans des del 1998 arreu de Catalunya tal com demostra la participaci\u00f3 en diversos festivals i cicles de narraci\u00f3, poesia i teatre d\u2019arreu, aix\u00ed com les actuacions continuades en programacions estables de Teatres i Festivals, Cicles Literaris, etc. [&hellip;]<\/p>\n","protected":false},"author":1,"featured_media":0,"parent":4,"menu_order":0,"comment_status":"open","ping_status":"open","template":"","meta":{"_mi_skip_tracking":false},"yoast_head":"<!-- This site is optimized with the Yoast SEO plugin v20.5 - https:\/\/yoast.com\/wordpress\/plugins\/seo\/ -->\n<title>Jordina Biosca - Munt de Mots<\/title>\n<meta name=\"robots\" content=\"index, follow, max-snippet:-1, max-image-preview:large, max-video-preview:-1\" \/>\n<link rel=\"canonical\" href=\"https:\/\/www.muntdemots.org\/2014\/participants\/jordina-biosca\/\" \/>\n<meta property=\"og:locale\" content=\"ca_ES\" \/>\n<meta property=\"og:type\" content=\"article\" \/>\n<meta property=\"og:title\" content=\"Jordina Biosca - Munt de Mots\" \/>\n<meta property=\"og:description\" content=\"Autodidacta, es dedica \u00edntegrament a la narraci\u00f3, la dramatitzaci\u00f3 i la direcci\u00f3 d\u2019espectacles per a petits i grans des del 1998 arreu de Catalunya tal com demostra la participaci\u00f3 en diversos festivals i cicles de narraci\u00f3, poesia i teatre d\u2019arreu, aix\u00ed com les actuacions continuades en programacions estables de Teatres i Festivals, Cicles Literaris, etc. [&hellip;]\" \/>\n<meta property=\"og:url\" content=\"https:\/\/www.muntdemots.org\/2014\/participants\/jordina-biosca\/\" \/>\n<meta property=\"og:site_name\" content=\"Munt de Mots\" \/>\n<meta property=\"article:publisher\" content=\"https:\/\/www.facebook.com\/FestivalMuntdeMots\" \/>\n<meta property=\"article:modified_time\" content=\"2014-09-25T07:09:54+00:00\" \/>\n<meta property=\"og:image\" content=\"http:\/\/www.muntdemots.org\/2014\/wp-content\/uploads\/2014\/09\/Jordina_1-668x1024.jpg\" \/>\n<meta name=\"twitter:card\" content=\"summary_large_image\" \/>\n<meta name=\"twitter:site\" content=\"@muntdemots\" \/>\n<script type=\"application\/ld+json\" class=\"yoast-schema-graph\">{\"@context\":\"https:\/\/schema.org\",\"@graph\":[{\"@type\":\"WebPage\",\"@id\":\"https:\/\/www.muntdemots.org\/2014\/participants\/jordina-biosca\/\",\"url\":\"https:\/\/www.muntdemots.org\/2014\/participants\/jordina-biosca\/\",\"name\":\"Jordina Biosca - Munt de Mots\",\"isPartOf\":{\"@id\":\"https:\/\/www.muntdemots.org\/2014\/#website\"},\"datePublished\":\"2014-09-25T07:09:07+00:00\",\"dateModified\":\"2014-09-25T07:09:54+00:00\",\"breadcrumb\":{\"@id\":\"https:\/\/www.muntdemots.org\/2014\/participants\/jordina-biosca\/#breadcrumb\"},\"inLanguage\":\"ca\",\"potentialAction\":[{\"@type\":\"ReadAction\",\"target\":[\"https:\/\/www.muntdemots.org\/2014\/participants\/jordina-biosca\/\"]}]},{\"@type\":\"BreadcrumbList\",\"@id\":\"https:\/\/www.muntdemots.org\/2014\/participants\/jordina-biosca\/#breadcrumb\",\"itemListElement\":[{\"@type\":\"ListItem\",\"position\":1,\"name\":\"Inici\",\"item\":\"https:\/\/www.muntdemots.org\/2014\/\"},{\"@type\":\"ListItem\",\"position\":2,\"name\":\"Participants\",\"item\":\"https:\/\/www.muntdemots.org\/2014\/participants\/\"},{\"@type\":\"ListItem\",\"position\":3,\"name\":\"Jordina Biosca\"}]},{\"@type\":\"WebSite\",\"@id\":\"https:\/\/www.muntdemots.org\/2014\/#website\",\"url\":\"https:\/\/www.muntdemots.org\/2014\/\",\"name\":\"Munt de Mots\",\"description\":\"\",\"potentialAction\":[{\"@type\":\"SearchAction\",\"target\":{\"@type\":\"EntryPoint\",\"urlTemplate\":\"https:\/\/www.muntdemots.org\/2014\/?s={search_term_string}\"},\"query-input\":\"required name=search_term_string\"}],\"inLanguage\":\"ca\"}]}<\/script>\n<!-- \/ Yoast SEO plugin. -->","yoast_head_json":{"title":"Jordina Biosca - Munt de Mots","robots":{"index":"index","follow":"follow","max-snippet":"max-snippet:-1","max-image-preview":"max-image-preview:large","max-video-preview":"max-video-preview:-1"},"canonical":"https:\/\/www.muntdemots.org\/2014\/participants\/jordina-biosca\/","og_locale":"ca_ES","og_type":"article","og_title":"Jordina Biosca - Munt de Mots","og_description":"Autodidacta, es dedica \u00edntegrament a la narraci\u00f3, la dramatitzaci\u00f3 i la direcci\u00f3 d\u2019espectacles per a petits i grans des del 1998 arreu de Catalunya tal com demostra la participaci\u00f3 en diversos festivals i cicles de narraci\u00f3, poesia i teatre d\u2019arreu, aix\u00ed com les actuacions continuades en programacions estables de Teatres i Festivals, Cicles Literaris, etc. [&hellip;]","og_url":"https:\/\/www.muntdemots.org\/2014\/participants\/jordina-biosca\/","og_site_name":"Munt de Mots","article_publisher":"https:\/\/www.facebook.com\/FestivalMuntdeMots","article_modified_time":"2014-09-25T07:09:54+00:00","og_image":[{"url":"http:\/\/www.muntdemots.org\/2014\/wp-content\/uploads\/2014\/09\/Jordina_1-668x1024.jpg"}],"twitter_card":"summary_large_image","twitter_site":"@muntdemots","schema":{"@context":"https:\/\/schema.org","@graph":[{"@type":"WebPage","@id":"https:\/\/www.muntdemots.org\/2014\/participants\/jordina-biosca\/","url":"https:\/\/www.muntdemots.org\/2014\/participants\/jordina-biosca\/","name":"Jordina Biosca - Munt de Mots","isPartOf":{"@id":"https:\/\/www.muntdemots.org\/2014\/#website"},"datePublished":"2014-09-25T07:09:07+00:00","dateModified":"2014-09-25T07:09:54+00:00","breadcrumb":{"@id":"https:\/\/www.muntdemots.org\/2014\/participants\/jordina-biosca\/#breadcrumb"},"inLanguage":"ca","potentialAction":[{"@type":"ReadAction","target":["https:\/\/www.muntdemots.org\/2014\/participants\/jordina-biosca\/"]}]},{"@type":"BreadcrumbList","@id":"https:\/\/www.muntdemots.org\/2014\/participants\/jordina-biosca\/#breadcrumb","itemListElement":[{"@type":"ListItem","position":1,"name":"Inici","item":"https:\/\/www.muntdemots.org\/2014\/"},{"@type":"ListItem","position":2,"name":"Participants","item":"https:\/\/www.muntdemots.org\/2014\/participants\/"},{"@type":"ListItem","position":3,"name":"Jordina Biosca"}]},{"@type":"WebSite","@id":"https:\/\/www.muntdemots.org\/2014\/#website","url":"https:\/\/www.muntdemots.org\/2014\/","name":"Munt de Mots","description":"","potentialAction":[{"@type":"SearchAction","target":{"@type":"EntryPoint","urlTemplate":"https:\/\/www.muntdemots.org\/2014\/?s={search_term_string}"},"query-input":"required name=search_term_string"}],"inLanguage":"ca"}]}},"_links":{"self":[{"href":"https:\/\/www.muntdemots.org\/2014\/wp-json\/wp\/v2\/pages\/7270"}],"collection":[{"href":"https:\/\/www.muntdemots.org\/2014\/wp-json\/wp\/v2\/pages"}],"about":[{"href":"https:\/\/www.muntdemots.org\/2014\/wp-json\/wp\/v2\/types\/page"}],"author":[{"embeddable":true,"href":"https:\/\/www.muntdemots.org\/2014\/wp-json\/wp\/v2\/users\/1"}],"replies":[{"embeddable":true,"href":"https:\/\/www.muntdemots.org\/2014\/wp-json\/wp\/v2\/comments?post=7270"}],"version-history":[{"count":3,"href":"https:\/\/www.muntdemots.org\/2014\/wp-json\/wp\/v2\/pages\/7270\/revisions"}],"predecessor-version":[{"id":7276,"href":"https:\/\/www.muntdemots.org\/2014\/wp-json\/wp\/v2\/pages\/7270\/revisions\/7276"}],"up":[{"embeddable":true,"href":"https:\/\/www.muntdemots.org\/2014\/wp-json\/wp\/v2\/pages\/4"}],"wp:attachment":[{"href":"https:\/\/www.muntdemots.org\/2014\/wp-json\/wp\/v2\/media?parent=7270"}],"curies":[{"name":"wp","href":"https:\/\/api.w.org\/{rel}","templated":true}]}}