{"id":7266,"date":"2014-09-25T07:00:39","date_gmt":"2014-09-25T07:00:39","guid":{"rendered":"http:\/\/www.muntdemots.org\/2014\/?page_id=7266"},"modified":"2014-09-25T07:00:39","modified_gmt":"2014-09-25T07:00:39","slug":"joan-boher","status":"publish","type":"page","link":"https:\/\/www.muntdemots.org\/2014\/participants\/joan-boher\/","title":{"rendered":"Joan Boher"},"content":{"rendered":"<p><a href=\"http:\/\/www.muntdemots.org\/2014\/wp-content\/uploads\/2014\/09\/1387928737610.jpg\"><img decoding=\"async\" loading=\"lazy\" class=\"wp-image-7267 alignright\" src=\"http:\/\/www.muntdemots.org\/2014\/wp-content\/uploads\/2014\/09\/1387928737610.jpg\" alt=\"1387928737610\" width=\"306\" height=\"269\" srcset=\"https:\/\/www.muntdemots.org\/2014\/wp-content\/uploads\/2014\/09\/1387928737610.jpg 391w, https:\/\/www.muntdemots.org\/2014\/wp-content\/uploads\/2014\/09\/1387928737610-300x263.jpg 300w\" sizes=\"(max-width: 306px) 100vw, 306px\" \/><\/a><\/p>\n<p>Narrador oral des de fa m\u00e9s de deu anys, escriptor i guionista. Tamb\u00e9 treballa en el terreny de la dinamitzaci\u00f3 lectora en els clubs de lectura aix\u00ed com en els tallers d\u2019escriptura pel Consorci de Biblioteques de Barcelona, entre d\u2019altres. \u00c9s membre fundador de l\u2019Associaci\u00f3 de Narradors Professionals de Catalunya (l\u2019ANPc), director del Festival Girona de Conte o del projecte &#8220;Contes a Cel Obert&#8221;, programador de sessions de contes en diferents espais de Barcelona i ha publicat diversos relats per a p\u00fablic infantil i adult.<\/p>\n<p>Espectacles: <a href=\"\/2014\/events\/lart-de-guanyar-se-la-vida-explicant-contes\/\">L\u2019art de guanyar-se la vida explicant contes<\/a><\/p>\n","protected":false},"excerpt":{"rendered":"<p>Narrador oral des de fa m\u00e9s de deu anys, escriptor i guionista. Tamb\u00e9 treballa en el terreny de la dinamitzaci\u00f3 lectora en els clubs de lectura aix\u00ed com en els tallers d\u2019escriptura pel Consorci de Biblioteques de Barcelona, entre d\u2019altres. \u00c9s membre fundador de l\u2019Associaci\u00f3 de Narradors Professionals de Catalunya (l\u2019ANPc), director del Festival Girona [&hellip;]<\/p>\n","protected":false},"author":1,"featured_media":0,"parent":4,"menu_order":0,"comment_status":"open","ping_status":"open","template":"","meta":{"_mi_skip_tracking":false},"yoast_head":"<!-- This site is optimized with the Yoast SEO plugin v20.5 - https:\/\/yoast.com\/wordpress\/plugins\/seo\/ -->\n<title>Joan Boher - Munt de Mots<\/title>\n<meta name=\"robots\" content=\"index, follow, max-snippet:-1, max-image-preview:large, max-video-preview:-1\" \/>\n<link rel=\"canonical\" href=\"https:\/\/www.muntdemots.org\/2014\/participants\/joan-boher\/\" \/>\n<meta property=\"og:locale\" content=\"ca_ES\" \/>\n<meta property=\"og:type\" content=\"article\" \/>\n<meta property=\"og:title\" content=\"Joan Boher - Munt de Mots\" \/>\n<meta property=\"og:description\" content=\"Narrador oral des de fa m\u00e9s de deu anys, escriptor i guionista. Tamb\u00e9 treballa en el terreny de la dinamitzaci\u00f3 lectora en els clubs de lectura aix\u00ed com en els tallers d\u2019escriptura pel Consorci de Biblioteques de Barcelona, entre d\u2019altres. \u00c9s membre fundador de l\u2019Associaci\u00f3 de Narradors Professionals de Catalunya (l\u2019ANPc), director del Festival Girona [&hellip;]\" \/>\n<meta property=\"og:url\" content=\"https:\/\/www.muntdemots.org\/2014\/participants\/joan-boher\/\" \/>\n<meta property=\"og:site_name\" content=\"Munt de Mots\" \/>\n<meta property=\"article:publisher\" content=\"https:\/\/www.facebook.com\/FestivalMuntdeMots\" \/>\n<meta property=\"og:image\" content=\"http:\/\/www.muntdemots.org\/2014\/wp-content\/uploads\/2014\/09\/1387928737610.jpg\" \/>\n<meta name=\"twitter:card\" content=\"summary_large_image\" \/>\n<meta name=\"twitter:site\" content=\"@muntdemots\" \/>\n<meta name=\"twitter:label1\" content=\"Temps estimat de lectura\" \/>\n\t<meta name=\"twitter:data1\" content=\"1 minut\" \/>\n<script type=\"application\/ld+json\" class=\"yoast-schema-graph\">{\"@context\":\"https:\/\/schema.org\",\"@graph\":[{\"@type\":\"WebPage\",\"@id\":\"https:\/\/www.muntdemots.org\/2014\/participants\/joan-boher\/\",\"url\":\"https:\/\/www.muntdemots.org\/2014\/participants\/joan-boher\/\",\"name\":\"Joan Boher - Munt de Mots\",\"isPartOf\":{\"@id\":\"http:\/\/www.muntdemots.org\/2014\/#website\"},\"datePublished\":\"2014-09-25T07:00:39+00:00\",\"dateModified\":\"2014-09-25T07:00:39+00:00\",\"breadcrumb\":{\"@id\":\"https:\/\/www.muntdemots.org\/2014\/participants\/joan-boher\/#breadcrumb\"},\"inLanguage\":\"ca\",\"potentialAction\":[{\"@type\":\"ReadAction\",\"target\":[\"https:\/\/www.muntdemots.org\/2014\/participants\/joan-boher\/\"]}]},{\"@type\":\"BreadcrumbList\",\"@id\":\"https:\/\/www.muntdemots.org\/2014\/participants\/joan-boher\/#breadcrumb\",\"itemListElement\":[{\"@type\":\"ListItem\",\"position\":1,\"name\":\"Inici\",\"item\":\"http:\/\/www.muntdemots.org\/2014\/\"},{\"@type\":\"ListItem\",\"position\":2,\"name\":\"Participants\",\"item\":\"https:\/\/www.muntdemots.org\/2014\/participants\/\"},{\"@type\":\"ListItem\",\"position\":3,\"name\":\"Joan Boher\"}]},{\"@type\":\"WebSite\",\"@id\":\"http:\/\/www.muntdemots.org\/2014\/#website\",\"url\":\"http:\/\/www.muntdemots.org\/2014\/\",\"name\":\"Munt de Mots\",\"description\":\"\",\"potentialAction\":[{\"@type\":\"SearchAction\",\"target\":{\"@type\":\"EntryPoint\",\"urlTemplate\":\"http:\/\/www.muntdemots.org\/2014\/?s={search_term_string}\"},\"query-input\":\"required name=search_term_string\"}],\"inLanguage\":\"ca\"}]}<\/script>\n<!-- \/ Yoast SEO plugin. -->","yoast_head_json":{"title":"Joan Boher - Munt de Mots","robots":{"index":"index","follow":"follow","max-snippet":"max-snippet:-1","max-image-preview":"max-image-preview:large","max-video-preview":"max-video-preview:-1"},"canonical":"https:\/\/www.muntdemots.org\/2014\/participants\/joan-boher\/","og_locale":"ca_ES","og_type":"article","og_title":"Joan Boher - Munt de Mots","og_description":"Narrador oral des de fa m\u00e9s de deu anys, escriptor i guionista. Tamb\u00e9 treballa en el terreny de la dinamitzaci\u00f3 lectora en els clubs de lectura aix\u00ed com en els tallers d\u2019escriptura pel Consorci de Biblioteques de Barcelona, entre d\u2019altres. \u00c9s membre fundador de l\u2019Associaci\u00f3 de Narradors Professionals de Catalunya (l\u2019ANPc), director del Festival Girona [&hellip;]","og_url":"https:\/\/www.muntdemots.org\/2014\/participants\/joan-boher\/","og_site_name":"Munt de Mots","article_publisher":"https:\/\/www.facebook.com\/FestivalMuntdeMots","og_image":[{"url":"http:\/\/www.muntdemots.org\/2014\/wp-content\/uploads\/2014\/09\/1387928737610.jpg"}],"twitter_card":"summary_large_image","twitter_site":"@muntdemots","twitter_misc":{"Temps estimat de lectura":"1 minut"},"schema":{"@context":"https:\/\/schema.org","@graph":[{"@type":"WebPage","@id":"https:\/\/www.muntdemots.org\/2014\/participants\/joan-boher\/","url":"https:\/\/www.muntdemots.org\/2014\/participants\/joan-boher\/","name":"Joan Boher - Munt de Mots","isPartOf":{"@id":"http:\/\/www.muntdemots.org\/2014\/#website"},"datePublished":"2014-09-25T07:00:39+00:00","dateModified":"2014-09-25T07:00:39+00:00","breadcrumb":{"@id":"https:\/\/www.muntdemots.org\/2014\/participants\/joan-boher\/#breadcrumb"},"inLanguage":"ca","potentialAction":[{"@type":"ReadAction","target":["https:\/\/www.muntdemots.org\/2014\/participants\/joan-boher\/"]}]},{"@type":"BreadcrumbList","@id":"https:\/\/www.muntdemots.org\/2014\/participants\/joan-boher\/#breadcrumb","itemListElement":[{"@type":"ListItem","position":1,"name":"Inici","item":"http:\/\/www.muntdemots.org\/2014\/"},{"@type":"ListItem","position":2,"name":"Participants","item":"https:\/\/www.muntdemots.org\/2014\/participants\/"},{"@type":"ListItem","position":3,"name":"Joan Boher"}]},{"@type":"WebSite","@id":"http:\/\/www.muntdemots.org\/2014\/#website","url":"http:\/\/www.muntdemots.org\/2014\/","name":"Munt de Mots","description":"","potentialAction":[{"@type":"SearchAction","target":{"@type":"EntryPoint","urlTemplate":"http:\/\/www.muntdemots.org\/2014\/?s={search_term_string}"},"query-input":"required name=search_term_string"}],"inLanguage":"ca"}]}},"_links":{"self":[{"href":"https:\/\/www.muntdemots.org\/2014\/wp-json\/wp\/v2\/pages\/7266"}],"collection":[{"href":"https:\/\/www.muntdemots.org\/2014\/wp-json\/wp\/v2\/pages"}],"about":[{"href":"https:\/\/www.muntdemots.org\/2014\/wp-json\/wp\/v2\/types\/page"}],"author":[{"embeddable":true,"href":"https:\/\/www.muntdemots.org\/2014\/wp-json\/wp\/v2\/users\/1"}],"replies":[{"embeddable":true,"href":"https:\/\/www.muntdemots.org\/2014\/wp-json\/wp\/v2\/comments?post=7266"}],"version-history":[{"count":1,"href":"https:\/\/www.muntdemots.org\/2014\/wp-json\/wp\/v2\/pages\/7266\/revisions"}],"predecessor-version":[{"id":7269,"href":"https:\/\/www.muntdemots.org\/2014\/wp-json\/wp\/v2\/pages\/7266\/revisions\/7269"}],"up":[{"embeddable":true,"href":"https:\/\/www.muntdemots.org\/2014\/wp-json\/wp\/v2\/pages\/4"}],"wp:attachment":[{"href":"https:\/\/www.muntdemots.org\/2014\/wp-json\/wp\/v2\/media?parent=7266"}],"curies":[{"name":"wp","href":"https:\/\/api.w.org\/{rel}","templated":true}]}}