{"id":7206,"date":"2014-09-19T08:26:05","date_gmt":"2014-09-19T08:26:05","guid":{"rendered":"http:\/\/www.muntdemots.org\/2014\/?page_id=7206"},"modified":"2014-09-23T10:46:12","modified_gmt":"2014-09-23T10:46:12","slug":"cesc-serrat","status":"publish","type":"page","link":"https:\/\/www.muntdemots.org\/2014\/participants\/cesc-serrat\/","title":{"rendered":"Cesc Serrat"},"content":{"rendered":"<p style=\"text-align: justify;\"><a href=\"http:\/\/www.muntdemots.org\/2014\/wp-content\/uploads\/2014\/09\/Copia-de-Dscn0968.jpg\"><img decoding=\"async\" loading=\"lazy\" class=\"alignright wp-image-7208 \" src=\"http:\/\/www.muntdemots.org\/2014\/wp-content\/uploads\/2014\/09\/Copia-de-Dscn0968-300x225.jpg\" alt=\"Cesc\" width=\"209\" height=\"157\" \/><\/a>Nascut a Terrassa, ha recuperat la figura del rondallaire. El seu recorregut professional passa pel teatre, la pedagogia, l\u2019animaci\u00f3 cultural aix\u00ed com la pl\u00e0stica. Forma part del grup de pallassos PEP&amp;BOCOI amb actuacions que s\u2019han est\u00e8s per tot Catalunya. Com a artista pl\u00e0stic, ha estat premiat per la seva obra en disseny, pintura i cartellisme. \u00c9s autor de llibres de contes, d\u2019antologies de poemes, teatre i m\u00fasica. Tamb\u00e9 t\u00e9 un gran reconeixement la seva dedicaci\u00f3 pedag\u00f2gica amb molts treballs publicats.<\/p>\n<p style=\"text-align: justify;\">Espectacle: <a href=\"events\/granotes-gripa\u2026res-trifulgues\/\">Granotes, gripaus i altres trifulgues<\/a><\/p>\n","protected":false},"excerpt":{"rendered":"<p>Nascut a Terrassa, ha recuperat la figura del rondallaire. El seu recorregut professional passa pel teatre, la pedagogia, l\u2019animaci\u00f3 cultural aix\u00ed com la pl\u00e0stica. Forma part del grup de pallassos PEP&amp;BOCOI amb actuacions que s\u2019han est\u00e8s per tot Catalunya. Com a artista pl\u00e0stic, ha estat premiat per la seva obra en disseny, pintura i cartellisme. [&hellip;]<\/p>\n","protected":false},"author":1,"featured_media":0,"parent":4,"menu_order":0,"comment_status":"open","ping_status":"open","template":"","meta":{"_mi_skip_tracking":false},"yoast_head":"<!-- This site is optimized with the Yoast SEO plugin v20.5 - https:\/\/yoast.com\/wordpress\/plugins\/seo\/ -->\n<title>Cesc Serrat - Munt de Mots<\/title>\n<meta name=\"description\" content=\"Rondallaire\" \/>\n<meta name=\"robots\" content=\"index, follow, max-snippet:-1, max-image-preview:large, max-video-preview:-1\" \/>\n<link rel=\"canonical\" href=\"https:\/\/www.muntdemots.org\/2014\/participants\/cesc-serrat\/\" \/>\n<meta property=\"og:locale\" content=\"ca_ES\" \/>\n<meta property=\"og:type\" content=\"article\" \/>\n<meta property=\"og:title\" content=\"Cesc Serrat - Munt de Mots\" \/>\n<meta property=\"og:description\" content=\"Rondallaire\" \/>\n<meta property=\"og:url\" content=\"https:\/\/www.muntdemots.org\/2014\/participants\/cesc-serrat\/\" \/>\n<meta property=\"og:site_name\" content=\"Munt de Mots\" \/>\n<meta property=\"article:publisher\" content=\"https:\/\/www.facebook.com\/FestivalMuntdeMots\" \/>\n<meta property=\"article:modified_time\" content=\"2014-09-23T10:46:12+00:00\" \/>\n<meta property=\"og:image\" content=\"http:\/\/www.muntdemots.org\/2014\/wp-content\/uploads\/2014\/09\/Copia-de-Dscn0968-300x225.jpg\" \/>\n<meta name=\"twitter:card\" content=\"summary_large_image\" \/>\n<meta name=\"twitter:site\" content=\"@muntdemots\" \/>\n<script type=\"application\/ld+json\" class=\"yoast-schema-graph\">{\"@context\":\"https:\/\/schema.org\",\"@graph\":[{\"@type\":\"WebPage\",\"@id\":\"https:\/\/www.muntdemots.org\/2014\/participants\/cesc-serrat\/\",\"url\":\"https:\/\/www.muntdemots.org\/2014\/participants\/cesc-serrat\/\",\"name\":\"Cesc Serrat - Munt de Mots\",\"isPartOf\":{\"@id\":\"http:\/\/www.muntdemots.org\/2014\/#website\"},\"datePublished\":\"2014-09-19T08:26:05+00:00\",\"dateModified\":\"2014-09-23T10:46:12+00:00\",\"description\":\"Rondallaire\",\"breadcrumb\":{\"@id\":\"https:\/\/www.muntdemots.org\/2014\/participants\/cesc-serrat\/#breadcrumb\"},\"inLanguage\":\"ca\",\"potentialAction\":[{\"@type\":\"ReadAction\",\"target\":[\"https:\/\/www.muntdemots.org\/2014\/participants\/cesc-serrat\/\"]}]},{\"@type\":\"BreadcrumbList\",\"@id\":\"https:\/\/www.muntdemots.org\/2014\/participants\/cesc-serrat\/#breadcrumb\",\"itemListElement\":[{\"@type\":\"ListItem\",\"position\":1,\"name\":\"Inici\",\"item\":\"http:\/\/www.muntdemots.org\/2014\/\"},{\"@type\":\"ListItem\",\"position\":2,\"name\":\"Participants\",\"item\":\"http:\/\/www.muntdemots.org\/2014\/participants\/\"},{\"@type\":\"ListItem\",\"position\":3,\"name\":\"Cesc Serrat\"}]},{\"@type\":\"WebSite\",\"@id\":\"http:\/\/www.muntdemots.org\/2014\/#website\",\"url\":\"http:\/\/www.muntdemots.org\/2014\/\",\"name\":\"Munt de Mots\",\"description\":\"\",\"potentialAction\":[{\"@type\":\"SearchAction\",\"target\":{\"@type\":\"EntryPoint\",\"urlTemplate\":\"http:\/\/www.muntdemots.org\/2014\/?s={search_term_string}\"},\"query-input\":\"required name=search_term_string\"}],\"inLanguage\":\"ca\"}]}<\/script>\n<!-- \/ Yoast SEO plugin. -->","yoast_head_json":{"title":"Cesc Serrat - Munt de Mots","description":"Rondallaire","robots":{"index":"index","follow":"follow","max-snippet":"max-snippet:-1","max-image-preview":"max-image-preview:large","max-video-preview":"max-video-preview:-1"},"canonical":"https:\/\/www.muntdemots.org\/2014\/participants\/cesc-serrat\/","og_locale":"ca_ES","og_type":"article","og_title":"Cesc Serrat - Munt de Mots","og_description":"Rondallaire","og_url":"https:\/\/www.muntdemots.org\/2014\/participants\/cesc-serrat\/","og_site_name":"Munt de Mots","article_publisher":"https:\/\/www.facebook.com\/FestivalMuntdeMots","article_modified_time":"2014-09-23T10:46:12+00:00","og_image":[{"url":"http:\/\/www.muntdemots.org\/2014\/wp-content\/uploads\/2014\/09\/Copia-de-Dscn0968-300x225.jpg"}],"twitter_card":"summary_large_image","twitter_site":"@muntdemots","schema":{"@context":"https:\/\/schema.org","@graph":[{"@type":"WebPage","@id":"https:\/\/www.muntdemots.org\/2014\/participants\/cesc-serrat\/","url":"https:\/\/www.muntdemots.org\/2014\/participants\/cesc-serrat\/","name":"Cesc Serrat - Munt de Mots","isPartOf":{"@id":"http:\/\/www.muntdemots.org\/2014\/#website"},"datePublished":"2014-09-19T08:26:05+00:00","dateModified":"2014-09-23T10:46:12+00:00","description":"Rondallaire","breadcrumb":{"@id":"https:\/\/www.muntdemots.org\/2014\/participants\/cesc-serrat\/#breadcrumb"},"inLanguage":"ca","potentialAction":[{"@type":"ReadAction","target":["https:\/\/www.muntdemots.org\/2014\/participants\/cesc-serrat\/"]}]},{"@type":"BreadcrumbList","@id":"https:\/\/www.muntdemots.org\/2014\/participants\/cesc-serrat\/#breadcrumb","itemListElement":[{"@type":"ListItem","position":1,"name":"Inici","item":"http:\/\/www.muntdemots.org\/2014\/"},{"@type":"ListItem","position":2,"name":"Participants","item":"http:\/\/www.muntdemots.org\/2014\/participants\/"},{"@type":"ListItem","position":3,"name":"Cesc Serrat"}]},{"@type":"WebSite","@id":"http:\/\/www.muntdemots.org\/2014\/#website","url":"http:\/\/www.muntdemots.org\/2014\/","name":"Munt de Mots","description":"","potentialAction":[{"@type":"SearchAction","target":{"@type":"EntryPoint","urlTemplate":"http:\/\/www.muntdemots.org\/2014\/?s={search_term_string}"},"query-input":"required name=search_term_string"}],"inLanguage":"ca"}]}},"_links":{"self":[{"href":"https:\/\/www.muntdemots.org\/2014\/wp-json\/wp\/v2\/pages\/7206"}],"collection":[{"href":"https:\/\/www.muntdemots.org\/2014\/wp-json\/wp\/v2\/pages"}],"about":[{"href":"https:\/\/www.muntdemots.org\/2014\/wp-json\/wp\/v2\/types\/page"}],"author":[{"embeddable":true,"href":"https:\/\/www.muntdemots.org\/2014\/wp-json\/wp\/v2\/users\/1"}],"replies":[{"embeddable":true,"href":"https:\/\/www.muntdemots.org\/2014\/wp-json\/wp\/v2\/comments?post=7206"}],"version-history":[{"count":4,"href":"https:\/\/www.muntdemots.org\/2014\/wp-json\/wp\/v2\/pages\/7206\/revisions"}],"predecessor-version":[{"id":7227,"href":"https:\/\/www.muntdemots.org\/2014\/wp-json\/wp\/v2\/pages\/7206\/revisions\/7227"}],"up":[{"embeddable":true,"href":"https:\/\/www.muntdemots.org\/2014\/wp-json\/wp\/v2\/pages\/4"}],"wp:attachment":[{"href":"https:\/\/www.muntdemots.org\/2014\/wp-json\/wp\/v2\/media?parent=7206"}],"curies":[{"name":"wp","href":"https:\/\/api.w.org\/{rel}","templated":true}]}}