{"id":7190,"date":"2014-09-18T17:22:55","date_gmt":"2014-09-18T17:22:55","guid":{"rendered":"http:\/\/www.muntdemots.org\/2014\/?page_id=7190"},"modified":"2014-10-13T16:47:56","modified_gmt":"2014-10-13T16:47:56","slug":"albert-marques","status":"publish","type":"page","link":"https:\/\/www.muntdemots.org\/2014\/participants\/albert-marques\/","title":{"rendered":"Albert Marqu\u00e9s"},"content":{"rendered":"<p><a href=\"http:\/\/www.muntdemots.org\/2014\/wp-content\/uploads\/2014\/09\/AlbertMarques.jpg\"><img decoding=\"async\" loading=\"lazy\" class=\"alignright  wp-image-7520\" src=\"http:\/\/www.muntdemots.org\/2014\/wp-content\/uploads\/2014\/09\/AlbertMarques.jpg\" alt=\"AlbertMarques\" width=\"331\" height=\"248\" srcset=\"https:\/\/www.muntdemots.org\/2014\/wp-content\/uploads\/2014\/09\/AlbertMarques.jpg 520w, https:\/\/www.muntdemots.org\/2014\/wp-content\/uploads\/2014\/09\/AlbertMarques-300x224.jpg 300w\" sizes=\"(max-width: 331px) 100vw, 331px\" \/><\/a><span style=\"font-family: verdana,sans-serif;\">Em dic Albert Marqu\u00e9s, per\u00f2 molts em diuen Ursus o \u00d3s Mandr\u00f3s. L\u2019any 1994 vaig comen\u00e7ar a explicar contes a biblioteques, escoles, carrers i arreu on hi hagi unes orelles disposades a escoltar-los. M\u2019agraden els trencaclosques, els enigmes, els titelles, els macarrons amb tom\u00e0quet i entre moltes altres coses, els contes.<\/span><\/p>\n<p>http:\/\/osmandros.blogspot.com.es\/<\/p>\n","protected":false},"excerpt":{"rendered":"<p>Em dic Albert Marqu\u00e9s, per\u00f2 molts em diuen Ursus o \u00d3s Mandr\u00f3s. L\u2019any 1994 vaig comen\u00e7ar a explicar contes a biblioteques, escoles, carrers i arreu on hi hagi unes orelles disposades a escoltar-los. M\u2019agraden els trencaclosques, els enigmes, els titelles, els macarrons amb tom\u00e0quet i entre moltes altres coses, els contes. http:\/\/osmandros.blogspot.com.es\/<\/p>\n","protected":false},"author":1,"featured_media":0,"parent":4,"menu_order":0,"comment_status":"open","ping_status":"open","template":"","meta":{"_mi_skip_tracking":false},"yoast_head":"<!-- This site is optimized with the Yoast SEO plugin v20.5 - https:\/\/yoast.com\/wordpress\/plugins\/seo\/ -->\n<title>Albert Marqu\u00e9s - Munt de Mots<\/title>\n<meta name=\"robots\" content=\"index, follow, max-snippet:-1, max-image-preview:large, max-video-preview:-1\" \/>\n<link rel=\"canonical\" href=\"https:\/\/www.muntdemots.org\/2014\/participants\/albert-marques\/\" \/>\n<meta property=\"og:locale\" content=\"ca_ES\" \/>\n<meta property=\"og:type\" content=\"article\" \/>\n<meta property=\"og:title\" content=\"Albert Marqu\u00e9s - Munt de Mots\" \/>\n<meta property=\"og:description\" content=\"Em dic Albert Marqu\u00e9s, per\u00f2 molts em diuen Ursus o \u00d3s Mandr\u00f3s. L\u2019any 1994 vaig comen\u00e7ar a explicar contes a biblioteques, escoles, carrers i arreu on hi hagi unes orelles disposades a escoltar-los. M\u2019agraden els trencaclosques, els enigmes, els titelles, els macarrons amb tom\u00e0quet i entre moltes altres coses, els contes. http:\/\/osmandros.blogspot.com.es\/\" \/>\n<meta property=\"og:url\" content=\"https:\/\/www.muntdemots.org\/2014\/participants\/albert-marques\/\" \/>\n<meta property=\"og:site_name\" content=\"Munt de Mots\" \/>\n<meta property=\"article:publisher\" content=\"https:\/\/www.facebook.com\/FestivalMuntdeMots\" \/>\n<meta property=\"article:modified_time\" content=\"2014-10-13T16:47:56+00:00\" \/>\n<meta property=\"og:image\" content=\"http:\/\/www.muntdemots.org\/2014\/wp-content\/uploads\/2014\/09\/AlbertMarques.jpg\" \/>\n<meta name=\"twitter:card\" content=\"summary_large_image\" \/>\n<meta name=\"twitter:site\" content=\"@muntdemots\" \/>\n<script type=\"application\/ld+json\" class=\"yoast-schema-graph\">{\"@context\":\"https:\/\/schema.org\",\"@graph\":[{\"@type\":\"WebPage\",\"@id\":\"https:\/\/www.muntdemots.org\/2014\/participants\/albert-marques\/\",\"url\":\"https:\/\/www.muntdemots.org\/2014\/participants\/albert-marques\/\",\"name\":\"Albert Marqu\u00e9s - Munt de Mots\",\"isPartOf\":{\"@id\":\"http:\/\/www.muntdemots.org\/2014\/#website\"},\"datePublished\":\"2014-09-18T17:22:55+00:00\",\"dateModified\":\"2014-10-13T16:47:56+00:00\",\"breadcrumb\":{\"@id\":\"https:\/\/www.muntdemots.org\/2014\/participants\/albert-marques\/#breadcrumb\"},\"inLanguage\":\"ca\",\"potentialAction\":[{\"@type\":\"ReadAction\",\"target\":[\"https:\/\/www.muntdemots.org\/2014\/participants\/albert-marques\/\"]}]},{\"@type\":\"BreadcrumbList\",\"@id\":\"https:\/\/www.muntdemots.org\/2014\/participants\/albert-marques\/#breadcrumb\",\"itemListElement\":[{\"@type\":\"ListItem\",\"position\":1,\"name\":\"Inici\",\"item\":\"http:\/\/www.muntdemots.org\/2014\/\"},{\"@type\":\"ListItem\",\"position\":2,\"name\":\"Participants\",\"item\":\"https:\/\/www.muntdemots.org\/2014\/participants\/\"},{\"@type\":\"ListItem\",\"position\":3,\"name\":\"Albert Marqu\u00e9s\"}]},{\"@type\":\"WebSite\",\"@id\":\"http:\/\/www.muntdemots.org\/2014\/#website\",\"url\":\"http:\/\/www.muntdemots.org\/2014\/\",\"name\":\"Munt de Mots\",\"description\":\"\",\"potentialAction\":[{\"@type\":\"SearchAction\",\"target\":{\"@type\":\"EntryPoint\",\"urlTemplate\":\"http:\/\/www.muntdemots.org\/2014\/?s={search_term_string}\"},\"query-input\":\"required name=search_term_string\"}],\"inLanguage\":\"ca\"}]}<\/script>\n<!-- \/ Yoast SEO plugin. -->","yoast_head_json":{"title":"Albert Marqu\u00e9s - Munt de Mots","robots":{"index":"index","follow":"follow","max-snippet":"max-snippet:-1","max-image-preview":"max-image-preview:large","max-video-preview":"max-video-preview:-1"},"canonical":"https:\/\/www.muntdemots.org\/2014\/participants\/albert-marques\/","og_locale":"ca_ES","og_type":"article","og_title":"Albert Marqu\u00e9s - Munt de Mots","og_description":"Em dic Albert Marqu\u00e9s, per\u00f2 molts em diuen Ursus o \u00d3s Mandr\u00f3s. L\u2019any 1994 vaig comen\u00e7ar a explicar contes a biblioteques, escoles, carrers i arreu on hi hagi unes orelles disposades a escoltar-los. M\u2019agraden els trencaclosques, els enigmes, els titelles, els macarrons amb tom\u00e0quet i entre moltes altres coses, els contes. http:\/\/osmandros.blogspot.com.es\/","og_url":"https:\/\/www.muntdemots.org\/2014\/participants\/albert-marques\/","og_site_name":"Munt de Mots","article_publisher":"https:\/\/www.facebook.com\/FestivalMuntdeMots","article_modified_time":"2014-10-13T16:47:56+00:00","og_image":[{"url":"http:\/\/www.muntdemots.org\/2014\/wp-content\/uploads\/2014\/09\/AlbertMarques.jpg"}],"twitter_card":"summary_large_image","twitter_site":"@muntdemots","schema":{"@context":"https:\/\/schema.org","@graph":[{"@type":"WebPage","@id":"https:\/\/www.muntdemots.org\/2014\/participants\/albert-marques\/","url":"https:\/\/www.muntdemots.org\/2014\/participants\/albert-marques\/","name":"Albert Marqu\u00e9s - Munt de Mots","isPartOf":{"@id":"http:\/\/www.muntdemots.org\/2014\/#website"},"datePublished":"2014-09-18T17:22:55+00:00","dateModified":"2014-10-13T16:47:56+00:00","breadcrumb":{"@id":"https:\/\/www.muntdemots.org\/2014\/participants\/albert-marques\/#breadcrumb"},"inLanguage":"ca","potentialAction":[{"@type":"ReadAction","target":["https:\/\/www.muntdemots.org\/2014\/participants\/albert-marques\/"]}]},{"@type":"BreadcrumbList","@id":"https:\/\/www.muntdemots.org\/2014\/participants\/albert-marques\/#breadcrumb","itemListElement":[{"@type":"ListItem","position":1,"name":"Inici","item":"http:\/\/www.muntdemots.org\/2014\/"},{"@type":"ListItem","position":2,"name":"Participants","item":"https:\/\/www.muntdemots.org\/2014\/participants\/"},{"@type":"ListItem","position":3,"name":"Albert Marqu\u00e9s"}]},{"@type":"WebSite","@id":"http:\/\/www.muntdemots.org\/2014\/#website","url":"http:\/\/www.muntdemots.org\/2014\/","name":"Munt de Mots","description":"","potentialAction":[{"@type":"SearchAction","target":{"@type":"EntryPoint","urlTemplate":"http:\/\/www.muntdemots.org\/2014\/?s={search_term_string}"},"query-input":"required name=search_term_string"}],"inLanguage":"ca"}]}},"_links":{"self":[{"href":"https:\/\/www.muntdemots.org\/2014\/wp-json\/wp\/v2\/pages\/7190"}],"collection":[{"href":"https:\/\/www.muntdemots.org\/2014\/wp-json\/wp\/v2\/pages"}],"about":[{"href":"https:\/\/www.muntdemots.org\/2014\/wp-json\/wp\/v2\/types\/page"}],"author":[{"embeddable":true,"href":"https:\/\/www.muntdemots.org\/2014\/wp-json\/wp\/v2\/users\/1"}],"replies":[{"embeddable":true,"href":"https:\/\/www.muntdemots.org\/2014\/wp-json\/wp\/v2\/comments?post=7190"}],"version-history":[{"count":4,"href":"https:\/\/www.muntdemots.org\/2014\/wp-json\/wp\/v2\/pages\/7190\/revisions"}],"predecessor-version":[{"id":7521,"href":"https:\/\/www.muntdemots.org\/2014\/wp-json\/wp\/v2\/pages\/7190\/revisions\/7521"}],"up":[{"embeddable":true,"href":"https:\/\/www.muntdemots.org\/2014\/wp-json\/wp\/v2\/pages\/4"}],"wp:attachment":[{"href":"https:\/\/www.muntdemots.org\/2014\/wp-json\/wp\/v2\/media?parent=7190"}],"curies":[{"name":"wp","href":"https:\/\/api.w.org\/{rel}","templated":true}]}}