{"id":6067,"date":"2012-10-18T13:04:08","date_gmt":"2012-10-18T13:04:08","guid":{"rendered":"http:\/\/www.muntdemots.org\/2012\/?page_id=6067"},"modified":"2014-10-27T20:01:28","modified_gmt":"2014-10-27T20:01:28","slug":"premsa-escrita-i-web","status":"publish","type":"page","link":"https:\/\/www.muntdemots.org\/2014\/premsa\/premsa-escrita-i-web\/","title":{"rendered":"Premsa escrita i web"},"content":{"rendered":"<p>Aqu\u00ed hi trobareu els diferents articles que ha publicat la premsa sobre el festival:<\/p>\n<ul>\n<li><a href=\"http:\/\/www.nuvol.com\/noticies\/el-v-festival-munt-de-mots-abaixa-el-telo\/\">El V Festival Munt de Mots abaixa al tel\u00f3. <strong>Alicia Molina. N\u00favol<\/strong><\/a><\/li>\n<\/ul>\n<p>&nbsp;<\/p>\n<ul>\n<li><a href=\"http:\/\/www.muntdemots.org\/2014\/?p=7597\">L&#8217;aventurera Clara Sanabras.<strong> Jordi Bianciotto. El Peri\u00f3dico de Catalunya.<\/strong><\/a><\/li>\n<\/ul>\n<p>&nbsp;<\/p>\n<ul>\n<li><a href=\"http:\/\/www.ara.cat\/premium\/cultura\/Clara-Sanabras-presenta-cancons-dispers_0_1233476708.html\">Clara Sanabras presenta les can\u00e7ons de l&#8217;exili del disc &#8216;El vol dispers&#8217;. <strong>Xavier Cervantes. Diari ARA.<\/strong><\/a><\/li>\n<\/ul>\n<p>&nbsp;<\/p>\n<ul>\n<li><a href=\"http:\/\/www.muntdemots.org\/2014\/?p=7580\"><strong>La Vanguardia<\/strong> recomana la confer\u00e8ncia &#8216;L&#8217;art de guanyar-se la vida explicant contes&#8221;, de Joan Boher.<\/a><\/li>\n<\/ul>\n<p><a href=\"http:\/\/www.muntdemots.org\/2014\/premsa\/premsa-escrita-i-web\/7571-2\">\u00a0<\/a><\/p>\n<ul>\n<li><a href=\"http:\/\/www.muntdemots.org\/2014\/palabras-para-emocionar-el-periodico-de-catalunya\">Palabras para emocionar. <\/a><strong><a href=\"http:\/\/www.muntdemots.org\/2014\/palabras-para-emocionar-el-periodico-de-catalunya\">El Peri\u00f3dico de Catalunya<\/a>.<\/strong><\/li>\n<\/ul>\n<p>&nbsp;<\/p>\n<ul>\n<li><a href=\"http:\/\/www.nuvol.com\/opinio\/la-meretriu\/\">&#8216;La meretriu&#8217;. Conte d&#8217;<strong>Isabela M\u00e9ndez a\u00a0N\u00favol.<\/strong><\/a><\/li>\n<\/ul>\n<p>&nbsp;<\/p>\n<ul>\n<li><a href=\"http:\/\/www.nuvol.com\/opinio\/lethe-linspirador\/\">&#8216;Lethe, l&#8217;inspirador&#8217;. Conte d&#8217;<strong>In\u00e9s MacPherson a N\u00favol<\/strong>.<\/a><\/li>\n<\/ul>\n<p>&nbsp;<\/p>\n<ul>\n<li><a href=\"http:\/\/www.nuvol.com\/opinio\/mal-de-mar-2\/\">&#8216;Mal de mar&#8217;. Conte de<strong> Cristina Serrat a N\u00favol.<\/strong><\/a><\/li>\n<\/ul>\n<p>&nbsp;<\/p>\n<ul>\n<li><strong><a href=\"http:\/\/www.eixdiari.cat\/cultura\/doc\/50872\/la-vilafranquina-jordina-biosca-participa-al-festival-munt-de-mots-2014.html\">L&#8217;Eix Diari <\/a><\/strong><a href=\"http:\/\/www.eixdiari.cat\/cultura\/doc\/50872\/la-vilafranquina-jordina-biosca-participa-al-festival-munt-de-mots-2014.html\">explica\u00a0la participaci\u00f3 de la vilafranquina Jordina Biosca al Munt de Mots 2014<\/a>.<\/li>\n<\/ul>\n<p>&nbsp;<\/p>\n<ul>\n<li><span style=\"text-decoration: underline;\"><strong><a href=\"http:\/\/www.eixdiari.cat\/cultura\/doc\/50872\/la-vilafranquina-jordina-biosca-participa-al-festival-munt-de-mots-2014.html\">RTV Vilafranca <\/a><\/strong><a href=\"http:\/\/www.eixdiari.cat\/cultura\/doc\/50872\/la-vilafranquina-jordina-biosca-participa-al-festival-munt-de-mots-2014.html\">parla de la participaci\u00f3 de Jordina Biosca al Munt de Mots 2014<\/a>.<\/span><\/li>\n<\/ul>\n<p>&nbsp;<\/p>\n<ul>\n<li><a href=\"http:\/\/www.estris.cat\/ca\/esdeveniments\/5e-festival-de-narracio-oral-de-barcelona-073.3001\"><span style=\"text-decoration: underline;\"><strong>La revista Estris <\/strong>situa el Munt de Mots 2014 a la seva agenda cultura<\/span>l<\/a>.<\/li>\n<\/ul>\n<p>&nbsp;<\/p>\n<ul>\n<li><a href=\"http:\/\/www.nuvol.com\/noticies\/octubre-de-contes-amb-el-festival-munt-de-mots\/\">Octubre de contes amb el Festival de Munt de Mots<\/a><strong><a href=\"http:\/\/www.nuvol.com\/noticies\/octubre-de-contes-amb-el-festival-munt-de-mots\/\">. <span style=\"text-decoration: underline;\">Al\u00edcia Molina a N\u00favol.<\/span><\/a><\/strong><\/li>\n<\/ul>\n<p>&nbsp;<\/p>\n<ul>\n<li><a href=\"http:\/\/www.lavanguardia.com\/cultura\/20141012\/54417026530\/clara-sanabras-presenta-su-cuarto-disco-una-evocacion-musical-de-los-exilios.html\">Clara Sanabras presentar\u00e0 el seu quart disc a la inauguraci\u00f3 de Munt de Mots. <strong>La Vanguardia via EFE<\/strong>.<\/a><\/li>\n<\/ul>\n<p>&nbsp;<\/p>\n<ul>\n<li><a href=\"http:\/\/www.lavanguardia.com\/agenda\/lista\/index.html?word=munt+de+mots&amp;searchType=word&amp;searchType=word\">El Munt de Mots a l&#8217;agenda cultural de <strong>La Vanguardia<\/strong><\/a>.<\/li>\n<\/ul>\n<p>&nbsp;<\/p>\n<ul>\n<li><a href=\"http:\/\/www.timeout.cat\/barcelona\/ca\/que-fer\/munt-de-mots-5e-festival-de-narracio-oral-de-barcelona\">El Munt de Mots a l&#8217;agenda de <strong>Timeou<\/strong>t<\/a>.<\/li>\n<\/ul>\n<p>&nbsp;<\/p>\n<ul>\n<li><a href=\"http:\/\/www.sortirambnens.com\/sortides-amb-nens\/esdeveniments\/5553-munt-de-mots-festival-de-narracio-oral-de-barcelona.html\">Munt de Mots. Festival de narraci\u00f3 oral de Barcelona. <strong>Sortir amb nens<\/strong><\/a><\/li>\n<\/ul>\n<p>&nbsp;<\/p>\n<ul>\n<li><a href=\"http:\/\/www.forfree.cat\/event.php?pageid=7&amp;id=14410\">El Munt de Mots 2014 a l&#8217;agenda de <strong>ForFree.cat<\/strong><\/a><\/li>\n<\/ul>\n<p>&nbsp;<\/p>\n<p>Per a m\u00e9s informaci\u00f3, concertar entrevistes, cobrir algun acte&#8230; podeu contactar amb nosaltres a\u00a0<a href=\"mailto:comunicacio@muntdemots.org\">comunicacio@muntdemots.org<\/a><\/p>\n","protected":false},"excerpt":{"rendered":"<p>Aqu\u00ed hi trobareu els diferents articles que ha publicat la premsa sobre el festival: El V Festival Munt de Mots abaixa al tel\u00f3. Alicia Molina. N\u00favol &nbsp; L&#8217;aventurera Clara Sanabras. Jordi Bianciotto. El Peri\u00f3dico de Catalunya. &nbsp; Clara Sanabras presenta les can\u00e7ons de l&#8217;exili del disc &#8216;El vol dispers&#8217;. Xavier Cervantes. Diari ARA. &nbsp; La [&hellip;]<\/p>\n","protected":false},"author":1,"featured_media":0,"parent":2948,"menu_order":0,"comment_status":"open","ping_status":"open","template":"","meta":{"_mi_skip_tracking":false},"yoast_head":"<!-- This site is optimized with the Yoast SEO plugin v20.5 - https:\/\/yoast.com\/wordpress\/plugins\/seo\/ -->\n<title>Premsa escrita i web - Munt de Mots<\/title>\n<meta name=\"robots\" content=\"index, follow, max-snippet:-1, max-image-preview:large, max-video-preview:-1\" \/>\n<link rel=\"canonical\" href=\"http:\/\/www.muntdemots.org\/2014\/premsa\/premsa-escrita-i-web\/\" \/>\n<meta property=\"og:locale\" content=\"ca_ES\" \/>\n<meta property=\"og:type\" content=\"article\" \/>\n<meta property=\"og:title\" content=\"Premsa escrita i web - Munt de Mots\" \/>\n<meta property=\"og:description\" content=\"Aqu\u00ed hi trobareu els diferents articles que ha publicat la premsa sobre el festival: El V Festival Munt de Mots abaixa al tel\u00f3. Alicia Molina. N\u00favol &nbsp; L&#8217;aventurera Clara Sanabras. Jordi Bianciotto. El Peri\u00f3dico de Catalunya. &nbsp; Clara Sanabras presenta les can\u00e7ons de l&#8217;exili del disc &#8216;El vol dispers&#8217;. Xavier Cervantes. Diari ARA. &nbsp; La [&hellip;]\" \/>\n<meta property=\"og:url\" content=\"http:\/\/www.muntdemots.org\/2014\/premsa\/premsa-escrita-i-web\/\" \/>\n<meta property=\"og:site_name\" content=\"Munt de Mots\" \/>\n<meta property=\"article:publisher\" content=\"https:\/\/www.facebook.com\/FestivalMuntdeMots\" \/>\n<meta property=\"article:modified_time\" content=\"2014-10-27T20:01:28+00:00\" \/>\n<meta name=\"twitter:card\" content=\"summary_large_image\" \/>\n<meta name=\"twitter:site\" content=\"@muntdemots\" \/>\n<meta name=\"twitter:label1\" content=\"Temps estimat de lectura\" \/>\n\t<meta name=\"twitter:data1\" content=\"1 minut\" \/>\n<script type=\"application\/ld+json\" class=\"yoast-schema-graph\">{\"@context\":\"https:\/\/schema.org\",\"@graph\":[{\"@type\":\"WebPage\",\"@id\":\"http:\/\/www.muntdemots.org\/2014\/premsa\/premsa-escrita-i-web\/\",\"url\":\"http:\/\/www.muntdemots.org\/2014\/premsa\/premsa-escrita-i-web\/\",\"name\":\"Premsa escrita i web - Munt de Mots\",\"isPartOf\":{\"@id\":\"https:\/\/www.muntdemots.org\/2014\/#website\"},\"datePublished\":\"2012-10-18T13:04:08+00:00\",\"dateModified\":\"2014-10-27T20:01:28+00:00\",\"breadcrumb\":{\"@id\":\"http:\/\/www.muntdemots.org\/2014\/premsa\/premsa-escrita-i-web\/#breadcrumb\"},\"inLanguage\":\"ca\",\"potentialAction\":[{\"@type\":\"ReadAction\",\"target\":[\"http:\/\/www.muntdemots.org\/2014\/premsa\/premsa-escrita-i-web\/\"]}]},{\"@type\":\"BreadcrumbList\",\"@id\":\"http:\/\/www.muntdemots.org\/2014\/premsa\/premsa-escrita-i-web\/#breadcrumb\",\"itemListElement\":[{\"@type\":\"ListItem\",\"position\":1,\"name\":\"Inici\",\"item\":\"https:\/\/www.muntdemots.org\/2014\/\"},{\"@type\":\"ListItem\",\"position\":2,\"name\":\"Premsa\",\"item\":\"http:\/\/www.muntdemots.org\/2014\/premsa\/\"},{\"@type\":\"ListItem\",\"position\":3,\"name\":\"Premsa escrita i web\"}]},{\"@type\":\"WebSite\",\"@id\":\"https:\/\/www.muntdemots.org\/2014\/#website\",\"url\":\"https:\/\/www.muntdemots.org\/2014\/\",\"name\":\"Munt de Mots\",\"description\":\"\",\"potentialAction\":[{\"@type\":\"SearchAction\",\"target\":{\"@type\":\"EntryPoint\",\"urlTemplate\":\"https:\/\/www.muntdemots.org\/2014\/?s={search_term_string}\"},\"query-input\":\"required name=search_term_string\"}],\"inLanguage\":\"ca\"}]}<\/script>\n<!-- \/ Yoast SEO plugin. -->","yoast_head_json":{"title":"Premsa escrita i web - Munt de Mots","robots":{"index":"index","follow":"follow","max-snippet":"max-snippet:-1","max-image-preview":"max-image-preview:large","max-video-preview":"max-video-preview:-1"},"canonical":"http:\/\/www.muntdemots.org\/2014\/premsa\/premsa-escrita-i-web\/","og_locale":"ca_ES","og_type":"article","og_title":"Premsa escrita i web - Munt de Mots","og_description":"Aqu\u00ed hi trobareu els diferents articles que ha publicat la premsa sobre el festival: El V Festival Munt de Mots abaixa al tel\u00f3. Alicia Molina. N\u00favol &nbsp; L&#8217;aventurera Clara Sanabras. Jordi Bianciotto. El Peri\u00f3dico de Catalunya. &nbsp; Clara Sanabras presenta les can\u00e7ons de l&#8217;exili del disc &#8216;El vol dispers&#8217;. Xavier Cervantes. Diari ARA. &nbsp; La [&hellip;]","og_url":"http:\/\/www.muntdemots.org\/2014\/premsa\/premsa-escrita-i-web\/","og_site_name":"Munt de Mots","article_publisher":"https:\/\/www.facebook.com\/FestivalMuntdeMots","article_modified_time":"2014-10-27T20:01:28+00:00","twitter_card":"summary_large_image","twitter_site":"@muntdemots","twitter_misc":{"Temps estimat de lectura":"1 minut"},"schema":{"@context":"https:\/\/schema.org","@graph":[{"@type":"WebPage","@id":"http:\/\/www.muntdemots.org\/2014\/premsa\/premsa-escrita-i-web\/","url":"http:\/\/www.muntdemots.org\/2014\/premsa\/premsa-escrita-i-web\/","name":"Premsa escrita i web - Munt de Mots","isPartOf":{"@id":"https:\/\/www.muntdemots.org\/2014\/#website"},"datePublished":"2012-10-18T13:04:08+00:00","dateModified":"2014-10-27T20:01:28+00:00","breadcrumb":{"@id":"http:\/\/www.muntdemots.org\/2014\/premsa\/premsa-escrita-i-web\/#breadcrumb"},"inLanguage":"ca","potentialAction":[{"@type":"ReadAction","target":["http:\/\/www.muntdemots.org\/2014\/premsa\/premsa-escrita-i-web\/"]}]},{"@type":"BreadcrumbList","@id":"http:\/\/www.muntdemots.org\/2014\/premsa\/premsa-escrita-i-web\/#breadcrumb","itemListElement":[{"@type":"ListItem","position":1,"name":"Inici","item":"https:\/\/www.muntdemots.org\/2014\/"},{"@type":"ListItem","position":2,"name":"Premsa","item":"http:\/\/www.muntdemots.org\/2014\/premsa\/"},{"@type":"ListItem","position":3,"name":"Premsa escrita i web"}]},{"@type":"WebSite","@id":"https:\/\/www.muntdemots.org\/2014\/#website","url":"https:\/\/www.muntdemots.org\/2014\/","name":"Munt de Mots","description":"","potentialAction":[{"@type":"SearchAction","target":{"@type":"EntryPoint","urlTemplate":"https:\/\/www.muntdemots.org\/2014\/?s={search_term_string}"},"query-input":"required name=search_term_string"}],"inLanguage":"ca"}]}},"_links":{"self":[{"href":"https:\/\/www.muntdemots.org\/2014\/wp-json\/wp\/v2\/pages\/6067"}],"collection":[{"href":"https:\/\/www.muntdemots.org\/2014\/wp-json\/wp\/v2\/pages"}],"about":[{"href":"https:\/\/www.muntdemots.org\/2014\/wp-json\/wp\/v2\/types\/page"}],"author":[{"embeddable":true,"href":"https:\/\/www.muntdemots.org\/2014\/wp-json\/wp\/v2\/users\/1"}],"replies":[{"embeddable":true,"href":"https:\/\/www.muntdemots.org\/2014\/wp-json\/wp\/v2\/comments?post=6067"}],"version-history":[{"count":37,"href":"https:\/\/www.muntdemots.org\/2014\/wp-json\/wp\/v2\/pages\/6067\/revisions"}],"predecessor-version":[{"id":7635,"href":"https:\/\/www.muntdemots.org\/2014\/wp-json\/wp\/v2\/pages\/6067\/revisions\/7635"}],"up":[{"embeddable":true,"href":"https:\/\/www.muntdemots.org\/2014\/wp-json\/wp\/v2\/pages\/2948"}],"wp:attachment":[{"href":"https:\/\/www.muntdemots.org\/2014\/wp-json\/wp\/v2\/media?parent=6067"}],"curies":[{"name":"wp","href":"https:\/\/api.w.org\/{rel}","templated":true}]}}