{"id":6063,"date":"2012-10-18T13:02:49","date_gmt":"2012-10-18T13:02:49","guid":{"rendered":"http:\/\/www.muntdemots.org\/2012\/?page_id=6063"},"modified":"2014-10-21T21:26:05","modified_gmt":"2014-10-21T21:26:05","slug":"arxius-de-so","status":"publish","type":"page","link":"https:\/\/www.muntdemots.org\/2014\/premsa\/arxius-de-so\/","title":{"rendered":"Arxius de so"},"content":{"rendered":"<p>Aqu\u00ed trobareu les diferents entrevistes que s&#8217;han em\u00e8s en motiu del festival.<\/p>\n<p>Entrevista al director del Festival Munt de Mots, Rub\u00e9n Mart\u00ednez. Bel\u00e9n Tierno a Rub\u00ed al Dia de R\u00e0dio Rub\u00ed.<\/p>\n<!--[if lt IE 9]><script>document.createElement('audio');<\/script><![endif]-->\n<audio class=\"wp-audio-shortcode\" id=\"audio-6063-1\" preload=\"none\" style=\"width: 100%;\" controls=\"controls\"><source type=\"audio\/mpeg\" src=\"http:\/\/www.radiorubi.fm\/\/images\/mp3\/RaD\/Entrevistes\/2014-2015\/RaD-Munt%20de%20mots-201014-web.mp3?_=1\" \/><a href=\"http:\/\/www.radiorubi.fm\/\/images\/mp3\/RaD\/Entrevistes\/2014-2015\/RaD-Munt%20de%20mots-201014-web.mp3\">http:\/\/www.radiorubi.fm\/\/images\/mp3\/RaD\/Entrevistes\/2014-2015\/RaD-Munt%20de%20mots-201014-web.mp3<\/a><\/audio>\n<p>&nbsp;<\/p>\n<p>Hora Barcelona recomana el Munt de Mots com a proposta cultura. <strong>Franki Pereira i Sandra Pulido a Hora Barcelona. R\u00e0dio Barcelona-Cadena SER.<\/strong><\/p>\n<audio class=\"wp-audio-shortcode\" id=\"audio-6063-2\" preload=\"none\" style=\"width: 100%;\" controls=\"controls\"><source type=\"audio\/mpeg\" src=\"http:\/\/www.muntdemots.org\/2014\/wp-content\/uploads\/2014\/10\/Proposta-Munt-de-Mots.mp3?_=2\" \/><a href=\"http:\/\/www.muntdemots.org\/2014\/wp-content\/uploads\/2014\/10\/Proposta-Munt-de-Mots.mp3\">http:\/\/www.muntdemots.org\/2014\/wp-content\/uploads\/2014\/10\/Proposta-Munt-de-Mots.mp3<\/a><\/audio>\n<p>&nbsp;<\/p>\n<p>Reportatge sobre el V Festival Munt de Mots. <strong>Barcelona FM.<\/strong><\/p>\n<audio class=\"wp-audio-shortcode\" id=\"audio-6063-3\" preload=\"none\" style=\"width: 100%;\" controls=\"controls\"><source type=\"audio\/mpeg\" src=\"http:\/\/www.muntdemots.org\/2014\/wp-content\/uploads\/2014\/10\/Munt-de-mots.mp3?_=3\" \/><a href=\"http:\/\/www.muntdemots.org\/2014\/wp-content\/uploads\/2014\/10\/Munt-de-mots.mp3\">http:\/\/www.muntdemots.org\/2014\/wp-content\/uploads\/2014\/10\/Munt-de-mots.mp3<\/a><\/audio>\n<p>&nbsp;<\/p>\n<p><em>La veu dels anells:\u00a0<\/em>Entrevista a Clara Sanabras, pr\u00e8via a la inauguraci\u00f3 del Munt de Mots. <strong>Jordi Bast\u00e9 a El m\u00f3n a RAC1<\/strong>.<\/p>\n<audio class=\"wp-audio-shortcode\" id=\"audio-6063-4\" preload=\"none\" style=\"width: 100%;\" controls=\"controls\"><source type=\"audio\/mpeg\" src=\"http:\/\/www.muntdemots.org\/2014\/wp-content\/uploads\/2012\/10\/1017-11h-Divendres-17-10-14-Entrevista-Clara-1.mp3?_=4\" \/><a href=\"http:\/\/www.muntdemots.org\/2014\/wp-content\/uploads\/2012\/10\/1017-11h-Divendres-17-10-14-Entrevista-Clara-1.mp3\">http:\/\/www.muntdemots.org\/2014\/wp-content\/uploads\/2012\/10\/1017-11h-Divendres-17-10-14-Entrevista-Clara-1.mp3<\/a><\/audio>\n<p>&nbsp;<\/p>\n<p><a href=\"http:\/\/radio.montornes.cat\/radios\/la-lupa\/2014\/10\/06\/la-lupa-explica-m-un-conte\">Lola Gal\u00ed i Yoli Honres, de Narr\u00edn Narran, a <strong>La Lupa de R\u00e0dio Montorn\u00e8s<\/strong>. Explica&#8217;m un conte:<\/a><\/p>\n<p>&nbsp;<\/p>\n<p><a href=\"https:\/\/enacast.com\/radiomolinsderei\/podcast\/60055\/\">Entrevista \u00a0al director del Munt de Mots, Rub\u00e9n Mart\u00ednez,<strong>S\u00edlvia Art\u00e9s, Bon dia i Bona hora a R\u00e0dio Molins de Rei<\/strong>.<\/a><\/p>\n<p>&nbsp;<\/p>\n<p>&nbsp;<\/p>\n<p>&nbsp;<\/p>\n<p>&nbsp;<\/p>\n<p>&nbsp;<\/p>\n<p>Per a m\u00e9s informaci\u00f3, concertar entrevistes, cobrir algun acte&#8230; podeu contactar amb nosaltres a\u00a0<a href=\"mailto:comunicacio@muntdemots.org\">comunicacio@muntdemots.org<\/a><\/p>\n<p>&nbsp;<\/p>\n","protected":false},"excerpt":{"rendered":"<p>Aqu\u00ed trobareu les diferents entrevistes que s&#8217;han em\u00e8s en motiu del festival. Entrevista al director del Festival Munt de Mots, Rub\u00e9n Mart\u00ednez. Bel\u00e9n Tierno a Rub\u00ed al Dia de R\u00e0dio Rub\u00ed. http:\/\/www.radiorubi.fm\/\/images\/mp3\/RaD\/Entrevistes\/2014-2015\/RaD-Munt%20de%20mots-201014-web.mp3 &nbsp; Hora Barcelona recomana el Munt de Mots com a proposta cultura. Franki Pereira i Sandra Pulido a Hora Barcelona. R\u00e0dio Barcelona-Cadena SER. [&hellip;]<\/p>\n","protected":false},"author":1,"featured_media":0,"parent":2948,"menu_order":0,"comment_status":"open","ping_status":"open","template":"","meta":{"_mi_skip_tracking":false},"yoast_head":"<!-- This site is optimized with the Yoast SEO plugin v20.5 - https:\/\/yoast.com\/wordpress\/plugins\/seo\/ -->\n<title>Arxius de so - Munt de Mots<\/title>\n<meta name=\"robots\" content=\"index, follow, max-snippet:-1, max-image-preview:large, max-video-preview:-1\" \/>\n<link rel=\"canonical\" href=\"http:\/\/www.muntdemots.org\/2014\/premsa\/arxius-de-so\/\" \/>\n<meta property=\"og:locale\" content=\"ca_ES\" \/>\n<meta property=\"og:type\" content=\"article\" \/>\n<meta property=\"og:title\" content=\"Arxius de so - Munt de Mots\" \/>\n<meta property=\"og:description\" content=\"Aqu\u00ed trobareu les diferents entrevistes que s&#8217;han em\u00e8s en motiu del festival. Entrevista al director del Festival Munt de Mots, Rub\u00e9n Mart\u00ednez. Bel\u00e9n Tierno a Rub\u00ed al Dia de R\u00e0dio Rub\u00ed. http:\/\/www.radiorubi.fm\/\/images\/mp3\/RaD\/Entrevistes\/2014-2015\/RaD-Munt%20de%20mots-201014-web.mp3 &nbsp; Hora Barcelona recomana el Munt de Mots com a proposta cultura. Franki Pereira i Sandra Pulido a Hora Barcelona. R\u00e0dio Barcelona-Cadena SER. [&hellip;]\" \/>\n<meta property=\"og:url\" content=\"http:\/\/www.muntdemots.org\/2014\/premsa\/arxius-de-so\/\" \/>\n<meta property=\"og:site_name\" content=\"Munt de Mots\" \/>\n<meta property=\"article:publisher\" content=\"https:\/\/www.facebook.com\/FestivalMuntdeMots\" \/>\n<meta property=\"article:modified_time\" content=\"2014-10-21T21:26:05+00:00\" \/>\n<meta name=\"twitter:card\" content=\"summary_large_image\" \/>\n<meta name=\"twitter:site\" content=\"@muntdemots\" \/>\n<meta name=\"twitter:label1\" content=\"Temps estimat de lectura\" \/>\n\t<meta name=\"twitter:data1\" content=\"1 minut\" \/>\n<script type=\"application\/ld+json\" class=\"yoast-schema-graph\">{\"@context\":\"https:\/\/schema.org\",\"@graph\":[{\"@type\":\"WebPage\",\"@id\":\"http:\/\/www.muntdemots.org\/2014\/premsa\/arxius-de-so\/\",\"url\":\"http:\/\/www.muntdemots.org\/2014\/premsa\/arxius-de-so\/\",\"name\":\"Arxius de so - Munt de Mots\",\"isPartOf\":{\"@id\":\"https:\/\/www.muntdemots.org\/2014\/#website\"},\"datePublished\":\"2012-10-18T13:02:49+00:00\",\"dateModified\":\"2014-10-21T21:26:05+00:00\",\"breadcrumb\":{\"@id\":\"http:\/\/www.muntdemots.org\/2014\/premsa\/arxius-de-so\/#breadcrumb\"},\"inLanguage\":\"ca\",\"potentialAction\":[{\"@type\":\"ReadAction\",\"target\":[\"http:\/\/www.muntdemots.org\/2014\/premsa\/arxius-de-so\/\"]}]},{\"@type\":\"BreadcrumbList\",\"@id\":\"http:\/\/www.muntdemots.org\/2014\/premsa\/arxius-de-so\/#breadcrumb\",\"itemListElement\":[{\"@type\":\"ListItem\",\"position\":1,\"name\":\"Inici\",\"item\":\"https:\/\/www.muntdemots.org\/2014\/\"},{\"@type\":\"ListItem\",\"position\":2,\"name\":\"Premsa\",\"item\":\"http:\/\/www.muntdemots.org\/2014\/premsa\/\"},{\"@type\":\"ListItem\",\"position\":3,\"name\":\"Arxius de so\"}]},{\"@type\":\"WebSite\",\"@id\":\"https:\/\/www.muntdemots.org\/2014\/#website\",\"url\":\"https:\/\/www.muntdemots.org\/2014\/\",\"name\":\"Munt de Mots\",\"description\":\"\",\"potentialAction\":[{\"@type\":\"SearchAction\",\"target\":{\"@type\":\"EntryPoint\",\"urlTemplate\":\"https:\/\/www.muntdemots.org\/2014\/?s={search_term_string}\"},\"query-input\":\"required name=search_term_string\"}],\"inLanguage\":\"ca\"}]}<\/script>\n<!-- \/ Yoast SEO plugin. -->","yoast_head_json":{"title":"Arxius de so - Munt de Mots","robots":{"index":"index","follow":"follow","max-snippet":"max-snippet:-1","max-image-preview":"max-image-preview:large","max-video-preview":"max-video-preview:-1"},"canonical":"http:\/\/www.muntdemots.org\/2014\/premsa\/arxius-de-so\/","og_locale":"ca_ES","og_type":"article","og_title":"Arxius de so - Munt de Mots","og_description":"Aqu\u00ed trobareu les diferents entrevistes que s&#8217;han em\u00e8s en motiu del festival. Entrevista al director del Festival Munt de Mots, Rub\u00e9n Mart\u00ednez. Bel\u00e9n Tierno a Rub\u00ed al Dia de R\u00e0dio Rub\u00ed. http:\/\/www.radiorubi.fm\/\/images\/mp3\/RaD\/Entrevistes\/2014-2015\/RaD-Munt%20de%20mots-201014-web.mp3 &nbsp; Hora Barcelona recomana el Munt de Mots com a proposta cultura. Franki Pereira i Sandra Pulido a Hora Barcelona. R\u00e0dio Barcelona-Cadena SER. [&hellip;]","og_url":"http:\/\/www.muntdemots.org\/2014\/premsa\/arxius-de-so\/","og_site_name":"Munt de Mots","article_publisher":"https:\/\/www.facebook.com\/FestivalMuntdeMots","article_modified_time":"2014-10-21T21:26:05+00:00","twitter_card":"summary_large_image","twitter_site":"@muntdemots","twitter_misc":{"Temps estimat de lectura":"1 minut"},"schema":{"@context":"https:\/\/schema.org","@graph":[{"@type":"WebPage","@id":"http:\/\/www.muntdemots.org\/2014\/premsa\/arxius-de-so\/","url":"http:\/\/www.muntdemots.org\/2014\/premsa\/arxius-de-so\/","name":"Arxius de so - Munt de Mots","isPartOf":{"@id":"https:\/\/www.muntdemots.org\/2014\/#website"},"datePublished":"2012-10-18T13:02:49+00:00","dateModified":"2014-10-21T21:26:05+00:00","breadcrumb":{"@id":"http:\/\/www.muntdemots.org\/2014\/premsa\/arxius-de-so\/#breadcrumb"},"inLanguage":"ca","potentialAction":[{"@type":"ReadAction","target":["http:\/\/www.muntdemots.org\/2014\/premsa\/arxius-de-so\/"]}]},{"@type":"BreadcrumbList","@id":"http:\/\/www.muntdemots.org\/2014\/premsa\/arxius-de-so\/#breadcrumb","itemListElement":[{"@type":"ListItem","position":1,"name":"Inici","item":"https:\/\/www.muntdemots.org\/2014\/"},{"@type":"ListItem","position":2,"name":"Premsa","item":"http:\/\/www.muntdemots.org\/2014\/premsa\/"},{"@type":"ListItem","position":3,"name":"Arxius de so"}]},{"@type":"WebSite","@id":"https:\/\/www.muntdemots.org\/2014\/#website","url":"https:\/\/www.muntdemots.org\/2014\/","name":"Munt de Mots","description":"","potentialAction":[{"@type":"SearchAction","target":{"@type":"EntryPoint","urlTemplate":"https:\/\/www.muntdemots.org\/2014\/?s={search_term_string}"},"query-input":"required name=search_term_string"}],"inLanguage":"ca"}]}},"_links":{"self":[{"href":"https:\/\/www.muntdemots.org\/2014\/wp-json\/wp\/v2\/pages\/6063"}],"collection":[{"href":"https:\/\/www.muntdemots.org\/2014\/wp-json\/wp\/v2\/pages"}],"about":[{"href":"https:\/\/www.muntdemots.org\/2014\/wp-json\/wp\/v2\/types\/page"}],"author":[{"embeddable":true,"href":"https:\/\/www.muntdemots.org\/2014\/wp-json\/wp\/v2\/users\/1"}],"replies":[{"embeddable":true,"href":"https:\/\/www.muntdemots.org\/2014\/wp-json\/wp\/v2\/comments?post=6063"}],"version-history":[{"count":21,"href":"https:\/\/www.muntdemots.org\/2014\/wp-json\/wp\/v2\/pages\/6063\/revisions"}],"predecessor-version":[{"id":7590,"href":"https:\/\/www.muntdemots.org\/2014\/wp-json\/wp\/v2\/pages\/6063\/revisions\/7590"}],"up":[{"embeddable":true,"href":"https:\/\/www.muntdemots.org\/2014\/wp-json\/wp\/v2\/pages\/2948"}],"wp:attachment":[{"href":"https:\/\/www.muntdemots.org\/2014\/wp-json\/wp\/v2\/media?parent=6063"}],"curies":[{"name":"wp","href":"https:\/\/api.w.org\/{rel}","templated":true}]}}