{"id":33,"date":"2012-07-01T16:14:22","date_gmt":"2012-07-01T16:14:22","guid":{"rendered":"http:\/\/www.muntdemots.org\/"},"modified":"2014-09-29T21:05:08","modified_gmt":"2014-09-29T21:05:08","slug":"20oct","status":"publish","type":"page","link":"https:\/\/www.muntdemots.org\/2014\/calendari\/20oct\/","title":{"rendered":"Dilluns 20 d&#8217;octubre"},"content":{"rendered":"<p><strong>GRANOTES, GRIPAUS I ALTRES TRIFULGUES<\/strong><\/p>\n<p><strong>Cesc Serrat<\/strong> (Catalunya)<\/p>\n<p>D\u2019un majestu\u00f3s conjunt de cistelles ben disposades, en un fons de color que les emmarca, van sorgint diferents hist\u00f2ries de granotes i gripaus, conills i serps, gats i gossos, pagesos i pageses, cabretes i llops, comtes i princeses.<\/p>\n<p>Infantil \/ Catal\u00e0<\/p>\n<p>Hora: 18.00h<\/p>\n<p><a title=\"Biblioteca de sant Antoni\" href=\"www.bcn.cat\/bibjoanoliver\" target=\"_blank\">BIBLIOTECA DE SANT ANTONI<\/a><br \/>\nActivitat gratu\u00efta<\/p>\n<p>&#8212;&#8212;&#8212;&#8212;&#8212;&#8212;<\/p>\n<p><strong>INAUGURACI\u00d3<\/strong><\/p>\n<p><strong>Contacontes de Munt de Mots 2014<\/strong><\/p>\n<p style=\"text-align: justify;\"><strong>\u00a0<\/strong>Acte d\u2019inauguraci\u00f3 del 5\u00e8 Festival de Narraci\u00f3 Oral de Barcelona, Munt de Mots 2014, amb la participaci\u00f3 dels diferents contacontes que intervindran en aquesta edici\u00f3 com a petit tast del que ser\u00e0 el Festival. Tindrem com a convidada especial \u00a0l\u2019artista catalana <a title=\"Clara sanabras\" href=\"http:\/\/clarasanabras.co.uk\/\" target=\"_blank\">Clara Sanabras<\/a> que vindr\u00e0 de Londres a presentar-nos el seu darrer disc \u201c<em>El vol Dispers-Songs of Spanish Exile<\/em>\u201d.<\/p>\n<p>Adults\/ Catal\u00e0 i castell\u00e0<\/p>\n<p>Hora: 20.00h (Recital) 20.45h (Contes)<\/p>\n<p>SALA <a href=\"http:\/\/www.teatreromea.com\/\" target=\"_blank\">LUZ DE GAS<\/a><\/p>\n<p>Taquilla Inversa (a la sortida col\u00b7labora amb l\u2019import que creguis convenient)<\/p>\n","protected":false},"excerpt":{"rendered":"<p>GRANOTES, GRIPAUS I ALTRES TRIFULGUES Cesc Serrat (Catalunya) D\u2019un majestu\u00f3s conjunt de cistelles ben disposades, en un fons de color que les emmarca, van sorgint diferents hist\u00f2ries de granotes i gripaus, conills i serps, gats i gossos, pagesos i pageses, cabretes i llops, comtes i princeses. Infantil \/ Catal\u00e0 Hora: 18.00h BIBLIOTECA DE SANT ANTONI [&hellip;]<\/p>\n","protected":false},"author":1,"featured_media":0,"parent":4928,"menu_order":0,"comment_status":"open","ping_status":"closed","template":"","meta":{"_mi_skip_tracking":false},"yoast_head":"<!-- This site is optimized with the Yoast SEO plugin v20.5 - https:\/\/yoast.com\/wordpress\/plugins\/seo\/ -->\n<title>Dilluns 20 d&#039;octubre - Munt de Mots<\/title>\n<meta name=\"robots\" content=\"index, follow, max-snippet:-1, max-image-preview:large, max-video-preview:-1\" \/>\n<link rel=\"canonical\" href=\"https:\/\/www.muntdemots.org\/2014\/calendari\/20oct\/\" \/>\n<meta property=\"og:locale\" content=\"ca_ES\" \/>\n<meta property=\"og:type\" content=\"article\" \/>\n<meta property=\"og:title\" content=\"Dilluns 20 d&#039;octubre - Munt de Mots\" \/>\n<meta property=\"og:description\" content=\"GRANOTES, GRIPAUS I ALTRES TRIFULGUES Cesc Serrat (Catalunya) D\u2019un majestu\u00f3s conjunt de cistelles ben disposades, en un fons de color que les emmarca, van sorgint diferents hist\u00f2ries de granotes i gripaus, conills i serps, gats i gossos, pagesos i pageses, cabretes i llops, comtes i princeses. Infantil \/ Catal\u00e0 Hora: 18.00h BIBLIOTECA DE SANT ANTONI [&hellip;]\" \/>\n<meta property=\"og:url\" content=\"https:\/\/www.muntdemots.org\/2014\/calendari\/20oct\/\" \/>\n<meta property=\"og:site_name\" content=\"Munt de Mots\" \/>\n<meta property=\"article:publisher\" content=\"https:\/\/www.facebook.com\/FestivalMuntdeMots\" \/>\n<meta property=\"article:modified_time\" content=\"2014-09-29T21:05:08+00:00\" \/>\n<meta name=\"twitter:card\" content=\"summary_large_image\" \/>\n<meta name=\"twitter:site\" content=\"@muntdemots\" \/>\n<meta name=\"twitter:label1\" content=\"Temps estimat de lectura\" \/>\n\t<meta name=\"twitter:data1\" content=\"1 minut\" \/>\n<script type=\"application\/ld+json\" class=\"yoast-schema-graph\">{\"@context\":\"https:\/\/schema.org\",\"@graph\":[{\"@type\":\"WebPage\",\"@id\":\"https:\/\/www.muntdemots.org\/2014\/calendari\/20oct\/\",\"url\":\"https:\/\/www.muntdemots.org\/2014\/calendari\/20oct\/\",\"name\":\"Dilluns 20 d'octubre - Munt de Mots\",\"isPartOf\":{\"@id\":\"http:\/\/www.muntdemots.org\/2014\/#website\"},\"datePublished\":\"2012-07-01T16:14:22+00:00\",\"dateModified\":\"2014-09-29T21:05:08+00:00\",\"breadcrumb\":{\"@id\":\"https:\/\/www.muntdemots.org\/2014\/calendari\/20oct\/#breadcrumb\"},\"inLanguage\":\"ca\",\"potentialAction\":[{\"@type\":\"ReadAction\",\"target\":[\"https:\/\/www.muntdemots.org\/2014\/calendari\/20oct\/\"]}]},{\"@type\":\"BreadcrumbList\",\"@id\":\"https:\/\/www.muntdemots.org\/2014\/calendari\/20oct\/#breadcrumb\",\"itemListElement\":[{\"@type\":\"ListItem\",\"position\":1,\"name\":\"Inici\",\"item\":\"http:\/\/www.muntdemots.org\/2014\/\"},{\"@type\":\"ListItem\",\"position\":2,\"name\":\"Calendari\",\"item\":\"https:\/\/www.muntdemots.org\/2014\/calendari\/\"},{\"@type\":\"ListItem\",\"position\":3,\"name\":\"Dilluns 20 d&#8217;octubre\"}]},{\"@type\":\"WebSite\",\"@id\":\"http:\/\/www.muntdemots.org\/2014\/#website\",\"url\":\"http:\/\/www.muntdemots.org\/2014\/\",\"name\":\"Munt de Mots\",\"description\":\"\",\"potentialAction\":[{\"@type\":\"SearchAction\",\"target\":{\"@type\":\"EntryPoint\",\"urlTemplate\":\"http:\/\/www.muntdemots.org\/2014\/?s={search_term_string}\"},\"query-input\":\"required name=search_term_string\"}],\"inLanguage\":\"ca\"}]}<\/script>\n<!-- \/ Yoast SEO plugin. -->","yoast_head_json":{"title":"Dilluns 20 d'octubre - Munt de Mots","robots":{"index":"index","follow":"follow","max-snippet":"max-snippet:-1","max-image-preview":"max-image-preview:large","max-video-preview":"max-video-preview:-1"},"canonical":"https:\/\/www.muntdemots.org\/2014\/calendari\/20oct\/","og_locale":"ca_ES","og_type":"article","og_title":"Dilluns 20 d'octubre - Munt de Mots","og_description":"GRANOTES, GRIPAUS I ALTRES TRIFULGUES Cesc Serrat (Catalunya) D\u2019un majestu\u00f3s conjunt de cistelles ben disposades, en un fons de color que les emmarca, van sorgint diferents hist\u00f2ries de granotes i gripaus, conills i serps, gats i gossos, pagesos i pageses, cabretes i llops, comtes i princeses. Infantil \/ Catal\u00e0 Hora: 18.00h BIBLIOTECA DE SANT ANTONI [&hellip;]","og_url":"https:\/\/www.muntdemots.org\/2014\/calendari\/20oct\/","og_site_name":"Munt de Mots","article_publisher":"https:\/\/www.facebook.com\/FestivalMuntdeMots","article_modified_time":"2014-09-29T21:05:08+00:00","twitter_card":"summary_large_image","twitter_site":"@muntdemots","twitter_misc":{"Temps estimat de lectura":"1 minut"},"schema":{"@context":"https:\/\/schema.org","@graph":[{"@type":"WebPage","@id":"https:\/\/www.muntdemots.org\/2014\/calendari\/20oct\/","url":"https:\/\/www.muntdemots.org\/2014\/calendari\/20oct\/","name":"Dilluns 20 d'octubre - Munt de Mots","isPartOf":{"@id":"http:\/\/www.muntdemots.org\/2014\/#website"},"datePublished":"2012-07-01T16:14:22+00:00","dateModified":"2014-09-29T21:05:08+00:00","breadcrumb":{"@id":"https:\/\/www.muntdemots.org\/2014\/calendari\/20oct\/#breadcrumb"},"inLanguage":"ca","potentialAction":[{"@type":"ReadAction","target":["https:\/\/www.muntdemots.org\/2014\/calendari\/20oct\/"]}]},{"@type":"BreadcrumbList","@id":"https:\/\/www.muntdemots.org\/2014\/calendari\/20oct\/#breadcrumb","itemListElement":[{"@type":"ListItem","position":1,"name":"Inici","item":"http:\/\/www.muntdemots.org\/2014\/"},{"@type":"ListItem","position":2,"name":"Calendari","item":"https:\/\/www.muntdemots.org\/2014\/calendari\/"},{"@type":"ListItem","position":3,"name":"Dilluns 20 d&#8217;octubre"}]},{"@type":"WebSite","@id":"http:\/\/www.muntdemots.org\/2014\/#website","url":"http:\/\/www.muntdemots.org\/2014\/","name":"Munt de Mots","description":"","potentialAction":[{"@type":"SearchAction","target":{"@type":"EntryPoint","urlTemplate":"http:\/\/www.muntdemots.org\/2014\/?s={search_term_string}"},"query-input":"required name=search_term_string"}],"inLanguage":"ca"}]}},"_links":{"self":[{"href":"https:\/\/www.muntdemots.org\/2014\/wp-json\/wp\/v2\/pages\/33"}],"collection":[{"href":"https:\/\/www.muntdemots.org\/2014\/wp-json\/wp\/v2\/pages"}],"about":[{"href":"https:\/\/www.muntdemots.org\/2014\/wp-json\/wp\/v2\/types\/page"}],"author":[{"embeddable":true,"href":"https:\/\/www.muntdemots.org\/2014\/wp-json\/wp\/v2\/users\/1"}],"replies":[{"embeddable":true,"href":"https:\/\/www.muntdemots.org\/2014\/wp-json\/wp\/v2\/comments?post=33"}],"version-history":[{"count":112,"href":"https:\/\/www.muntdemots.org\/2014\/wp-json\/wp\/v2\/pages\/33\/revisions"}],"predecessor-version":[{"id":7406,"href":"https:\/\/www.muntdemots.org\/2014\/wp-json\/wp\/v2\/pages\/33\/revisions\/7406"}],"up":[{"embeddable":true,"href":"https:\/\/www.muntdemots.org\/2014\/wp-json\/wp\/v2\/pages\/4928"}],"wp:attachment":[{"href":"https:\/\/www.muntdemots.org\/2014\/wp-json\/wp\/v2\/media?parent=33"}],"curies":[{"name":"wp","href":"https:\/\/api.w.org\/{rel}","templated":true}]}}