{"id":25,"date":"2012-07-01T16:40:40","date_gmt":"2012-07-01T16:40:40","guid":{"rendered":"http:\/\/www.muntdemots.org\/"},"modified":"2014-10-05T23:14:42","modified_gmt":"2014-10-05T23:14:42","slug":"21oct","status":"publish","type":"page","link":"https:\/\/www.muntdemots.org\/2014\/calendari\/21oct\/","title":{"rendered":"Dimarts 21 d&#8217;octubre"},"content":{"rendered":"<p><strong>EL PETIT PR\u00cdNCEP<br \/>\n<\/strong><strong>Assumpta Mercader ( Catalunya)<\/strong><\/p>\n<p>El Petit Pr\u00edncep explica que cal netejar els volcans i arrencar els baobabs, sabeu per qu\u00e8? Tamb\u00e9 ha demanat que li dibuixin un xai, en voleu con\u00e8ixer la hist\u00f2ria? I la flor? qu\u00e8 fa tot el dia sola? I la guineu? Qu\u00e8 vol dir amb aix\u00f2 de \u201cdomesticar\u201d? Junts resoldrem aquestes q\u00fcestions i parlarem d\u2019aquest fam\u00f3s llibre, de l\u2019amistat i de les coses que s\u00f3n realment importants.\u201d<\/p>\n<p>Infantil i Familiar \/ Catal\u00e0<\/p>\n<p>Hora: 17.30h<\/p>\n<p><a title=\"Centre C\u00edvic la Sedeta\" href=\"http:\/\/www.bcn.cat\/cclasedeta\" target=\"_blank\">CENTRE C\u00cdVIC LA SEDETA<\/a><br \/>\nActivitat gratu\u00efta<\/p>\n<p>&nbsp;<\/p>\n<p><strong>GRANOTES, GRIPAUS I ALTRES TRIFULGUES<br \/>\n<\/strong><strong>Cesc Serrat<\/strong> (Catalunya)<\/p>\n<p>D\u2019un majestu\u00f3s conjunt de cistelles ben disposades, en un fons de color que les emmarca, van sorgint diferents hist\u00f2ries de granotes i gripaus, conills i serps, gats i gossos, pagesos i pageses, cabretes i llops, comtes i princeses.<\/p>\n<p>Infantil \/ Castell\u00e0<\/p>\n<p>Hora: 17.30h<\/p>\n<p>BIBLIOTECA JOSEP SOLER VILAR (GAV\u00c0)<br \/>\nActivitat gratu\u00efta<\/p>\n<p>&nbsp;<\/p>\n<p><strong>HIST\u00d2RIES PRINCIPESQUES<br \/>\n<\/strong><strong>Sandra Rossi (Argentina &#8211; Catalunya)<\/strong><\/p>\n<p>Aquestes hist\u00f2ries estan farcides de pr\u00ednceps, princeses, dracs i cavallers&#8230; Per\u00f2 et dir\u00e9 una cosa a cau d\u2019orella, xiiit: cadascun d\u2019aquests personatges amaga ben amagat un gran secret. Els descobrim tots plegats?<\/p>\n<p>Infantil \/ Catal\u00e0<\/p>\n<p>Hora: 18.00h<\/p>\n<p><a title=\"Biblioteca Sant Mart\u00ed\" href=\"http:\/\/www.bcn.cat\/bibsantmarti\" target=\"_blank\">BIBLIOTECA SANT MARTI<\/a><br \/>\nActivitat gratu\u00efta<\/p>\n<p>&nbsp;<\/p>\n<p>&nbsp;<\/p>\n<p><strong>EL HOMBRECITO VERDE<\/strong><\/p>\n<p><strong>Jos\u00e9 Manuel Garz\u00f3n (Pa\u00eds Valenci\u00e0- Catalunya)<\/strong><\/p>\n<p>\u00c9s un recorregut per la literatura infantil, amb contes, jocs i can\u00e7ons que potencien la imaginaci\u00f3 i la sensibilitat dels m\u00e9s petits. En aquestes histories es tracten temes tan propers com la solidaritat, la toler\u00e0ncia i l\u2019acceptaci\u00f3 de l\u2019altre. Un espectacle participatiu, educatiu i am\u00e8 on caben tots els somriures, els dels pares i els dels infants.<\/p>\n<p>Infantil \/ Castell\u00e0<\/p>\n<p>Hora: 18.00h<\/p>\n<p><a title=\"Biblioteca Sagrada familia\" href=\"http:\/\/www.bcn.cat\/bibsagradafamilia\" target=\"_blank\">BIBLIOTECA SAGRADA FAM\u00cdLIA <\/a><br \/>\nActivitat gratu\u00efta<\/p>\n<p>&nbsp;<\/p>\n<p>&#8212;&#8212;&#8212;&#8212;&#8212;&#8212;<br \/>\n<strong>Confer\u00e8ncia<br \/>\n<\/strong><strong>L \u0301&#8217;ART DE GUANYAR-SE LA VIDA EXPLICANT CONTES<\/strong><\/p>\n<p><strong>Joan Boher\u00a0 (Catalunya)<\/strong><\/p>\n<p>Explicar contes \u00e9s un art, i guanyar-se la vida explicant contes tamb\u00e9 ho \u00e9s.\u00a0A partir del moment en qu\u00e8 una persona decideix dedicar-se a la narraci\u00f3 oral ha de prendre tota mena de decisions m\u00e9s enll\u00e0 de l&#8217;\u00e0mbit art\u00edstic que determinar\u00e0 si realment el seu projecte pot seguir endavant.<\/p>\n<p>Adults \/ Catal\u00e0<\/p>\n<p>Hora: 19.30h<\/p>\n<p><strong>CENTRE D\u2019INTER\u00c8S EN LA NARRACI\u00d3 ORAL<\/strong><\/p>\n<p><a href=\"http:\/\/www.bcn.cat\/bibviladegracia\">BIBLIOTECA VILA DE GR\u00c0CIA\u2028<\/a><br \/>\nActivitat gratu\u00efta<\/p>\n<p>&nbsp;<\/p>\n<p>&nbsp;<\/p>\n<p>&nbsp;<\/p>\n<p><strong>LA AMISTAD M\u00c1S PURA<\/strong><\/p>\n<p><strong>Joseluis Mellado C. (Xile- Catalunya)<\/strong><\/p>\n<p>Espectacle dedicat a tots aquells que no riuen amb res, al gras i al prim, a l\u2019alt i al baix, als qui guanyen i als qui perden, als qui tenen alguna cosa per compartir i a dir. Els personatges s\u00f3n divinament divertits i colpidors. I si a alg\u00fa se li acut dir que no li ha passat res del que veur\u00e0 en aquest show de les paraules&#8230; senzillament, menteix.<\/p>\n<p>Adults \/ Castell\u00e0<\/p>\n<p>Hora: 19.30h<\/p>\n<p><a title=\"Biblioteca Poble Nou\" href=\"http:\/\/bcn.cat\/bibpoblenou\" target=\"_blank\">BIBLIOTECA DE POBLE NOU<\/a><br \/>\nActivitat gratu\u00efta<\/p>\n<p>&nbsp;<\/p>\n<p>&nbsp;<\/p>\n<p><strong>ESTOY QUE TE LO CUENTO <\/strong><\/p>\n<p><strong>William \u201cWillo\u201d Arunategui (Col\u00f2mbia &#8211; Catalunya)<\/strong><\/p>\n<p><strong>Gen\u00eds Lleopard, guitarra (Catalunya) <\/strong><\/p>\n<p>Hist\u00f2ries sobre trobades d\u2019\u00e9ssers especials i originals, entre amors, situacions i relacions sense temps ni dist\u00e0ncies, absurds i sorprenents, tendres, cruels i vol\u00e0tils. Tota una selecci\u00f3 de contes que viatgen d\u2019un a l\u2019altre continent, que s\u2019enganxen a la pell de qui els escolta, deixant-los sense al\u00e8, sacsejant-los els sentits.<\/p>\n<p>Adults \/ Castell\u00e0<\/p>\n<p>Hora: 20.00h<\/p>\n<p><a href=\"http:\/\/www.americat.net\/\">CASA AM\u00c8RICA CATALUNYA<\/a><br \/>\nActivitat gratu\u00efta<\/p>\n<p><strong>\u00a0<\/strong><strong>NUEVAS VOCES<\/strong><\/p>\n<p><strong>Cristina Serrat (Catalunya), Ainara Bilbao (Pa\u00eds Basc)<\/strong><\/p>\n<p style=\"text-align: justify;\">Dues narradores que brollen amb for\u00e7a dins del marc de la narraci\u00f3 oral a Catalunya es reuneixen per tal de fer sentir les seves noves hist\u00f2ries, les seves noves formes d\u2019omplir l\u2019escenari i, al cap i a la fi, les seves noves veus.<\/p>\n<p>\u00a0Adults \/ Castell\u00e0<\/p>\n<p>Hora: 20.00h<\/p>\n<p><a title=\"\u00c0TIC 22\" href=\"http:\/\/atic22.blogspot.com\" target=\"_blank\">\u00c0TIC 22<\/a> &#8211; TEATRE TANTARANTANA<\/p>\n<p>Entrada: 6\u20ac<\/p>\n<p>&nbsp;<\/p>\n","protected":false},"excerpt":{"rendered":"<p>EL PETIT PR\u00cdNCEP Assumpta Mercader ( Catalunya) El Petit Pr\u00edncep explica que cal netejar els volcans i arrencar els baobabs, sabeu per qu\u00e8? Tamb\u00e9 ha demanat que li dibuixin un xai, en voleu con\u00e8ixer la hist\u00f2ria? I la flor? qu\u00e8 fa tot el dia sola? I la guineu? Qu\u00e8 vol dir amb aix\u00f2 de \u201cdomesticar\u201d? [&hellip;]<\/p>\n","protected":false},"author":1,"featured_media":0,"parent":4928,"menu_order":0,"comment_status":"open","ping_status":"closed","template":"","meta":{"_mi_skip_tracking":false},"yoast_head":"<!-- This site is optimized with the Yoast SEO plugin v20.5 - https:\/\/yoast.com\/wordpress\/plugins\/seo\/ -->\n<title>Dimarts 21 d&#039;octubre - Munt de Mots<\/title>\n<meta name=\"robots\" content=\"index, follow, max-snippet:-1, max-image-preview:large, max-video-preview:-1\" \/>\n<link rel=\"canonical\" href=\"https:\/\/www.muntdemots.org\/2014\/calendari\/21oct\/\" \/>\n<meta property=\"og:locale\" content=\"ca_ES\" \/>\n<meta property=\"og:type\" content=\"article\" \/>\n<meta property=\"og:title\" content=\"Dimarts 21 d&#039;octubre - Munt de Mots\" \/>\n<meta property=\"og:description\" content=\"EL PETIT PR\u00cdNCEP Assumpta Mercader ( Catalunya) El Petit Pr\u00edncep explica que cal netejar els volcans i arrencar els baobabs, sabeu per qu\u00e8? Tamb\u00e9 ha demanat que li dibuixin un xai, en voleu con\u00e8ixer la hist\u00f2ria? I la flor? qu\u00e8 fa tot el dia sola? I la guineu? Qu\u00e8 vol dir amb aix\u00f2 de \u201cdomesticar\u201d? [&hellip;]\" \/>\n<meta property=\"og:url\" content=\"https:\/\/www.muntdemots.org\/2014\/calendari\/21oct\/\" \/>\n<meta property=\"og:site_name\" content=\"Munt de Mots\" \/>\n<meta property=\"article:publisher\" content=\"https:\/\/www.facebook.com\/FestivalMuntdeMots\" \/>\n<meta property=\"article:modified_time\" content=\"2014-10-05T23:14:42+00:00\" \/>\n<meta name=\"twitter:card\" content=\"summary_large_image\" \/>\n<meta name=\"twitter:site\" content=\"@muntdemots\" \/>\n<meta name=\"twitter:label1\" content=\"Temps estimat de lectura\" \/>\n\t<meta name=\"twitter:data1\" content=\"3 minuts\" \/>\n<script type=\"application\/ld+json\" class=\"yoast-schema-graph\">{\"@context\":\"https:\/\/schema.org\",\"@graph\":[{\"@type\":\"WebPage\",\"@id\":\"https:\/\/www.muntdemots.org\/2014\/calendari\/21oct\/\",\"url\":\"https:\/\/www.muntdemots.org\/2014\/calendari\/21oct\/\",\"name\":\"Dimarts 21 d'octubre - Munt de Mots\",\"isPartOf\":{\"@id\":\"https:\/\/www.muntdemots.org\/2014\/#website\"},\"datePublished\":\"2012-07-01T16:40:40+00:00\",\"dateModified\":\"2014-10-05T23:14:42+00:00\",\"breadcrumb\":{\"@id\":\"https:\/\/www.muntdemots.org\/2014\/calendari\/21oct\/#breadcrumb\"},\"inLanguage\":\"ca\",\"potentialAction\":[{\"@type\":\"ReadAction\",\"target\":[\"https:\/\/www.muntdemots.org\/2014\/calendari\/21oct\/\"]}]},{\"@type\":\"BreadcrumbList\",\"@id\":\"https:\/\/www.muntdemots.org\/2014\/calendari\/21oct\/#breadcrumb\",\"itemListElement\":[{\"@type\":\"ListItem\",\"position\":1,\"name\":\"Inici\",\"item\":\"https:\/\/www.muntdemots.org\/2014\/\"},{\"@type\":\"ListItem\",\"position\":2,\"name\":\"Calendari\",\"item\":\"https:\/\/www.muntdemots.org\/2014\/calendari\/\"},{\"@type\":\"ListItem\",\"position\":3,\"name\":\"Dimarts 21 d&#8217;octubre\"}]},{\"@type\":\"WebSite\",\"@id\":\"https:\/\/www.muntdemots.org\/2014\/#website\",\"url\":\"https:\/\/www.muntdemots.org\/2014\/\",\"name\":\"Munt de Mots\",\"description\":\"\",\"potentialAction\":[{\"@type\":\"SearchAction\",\"target\":{\"@type\":\"EntryPoint\",\"urlTemplate\":\"https:\/\/www.muntdemots.org\/2014\/?s={search_term_string}\"},\"query-input\":\"required name=search_term_string\"}],\"inLanguage\":\"ca\"}]}<\/script>\n<!-- \/ Yoast SEO plugin. -->","yoast_head_json":{"title":"Dimarts 21 d'octubre - Munt de Mots","robots":{"index":"index","follow":"follow","max-snippet":"max-snippet:-1","max-image-preview":"max-image-preview:large","max-video-preview":"max-video-preview:-1"},"canonical":"https:\/\/www.muntdemots.org\/2014\/calendari\/21oct\/","og_locale":"ca_ES","og_type":"article","og_title":"Dimarts 21 d'octubre - Munt de Mots","og_description":"EL PETIT PR\u00cdNCEP Assumpta Mercader ( Catalunya) El Petit Pr\u00edncep explica que cal netejar els volcans i arrencar els baobabs, sabeu per qu\u00e8? Tamb\u00e9 ha demanat que li dibuixin un xai, en voleu con\u00e8ixer la hist\u00f2ria? I la flor? qu\u00e8 fa tot el dia sola? I la guineu? Qu\u00e8 vol dir amb aix\u00f2 de \u201cdomesticar\u201d? [&hellip;]","og_url":"https:\/\/www.muntdemots.org\/2014\/calendari\/21oct\/","og_site_name":"Munt de Mots","article_publisher":"https:\/\/www.facebook.com\/FestivalMuntdeMots","article_modified_time":"2014-10-05T23:14:42+00:00","twitter_card":"summary_large_image","twitter_site":"@muntdemots","twitter_misc":{"Temps estimat de lectura":"3 minuts"},"schema":{"@context":"https:\/\/schema.org","@graph":[{"@type":"WebPage","@id":"https:\/\/www.muntdemots.org\/2014\/calendari\/21oct\/","url":"https:\/\/www.muntdemots.org\/2014\/calendari\/21oct\/","name":"Dimarts 21 d'octubre - Munt de Mots","isPartOf":{"@id":"https:\/\/www.muntdemots.org\/2014\/#website"},"datePublished":"2012-07-01T16:40:40+00:00","dateModified":"2014-10-05T23:14:42+00:00","breadcrumb":{"@id":"https:\/\/www.muntdemots.org\/2014\/calendari\/21oct\/#breadcrumb"},"inLanguage":"ca","potentialAction":[{"@type":"ReadAction","target":["https:\/\/www.muntdemots.org\/2014\/calendari\/21oct\/"]}]},{"@type":"BreadcrumbList","@id":"https:\/\/www.muntdemots.org\/2014\/calendari\/21oct\/#breadcrumb","itemListElement":[{"@type":"ListItem","position":1,"name":"Inici","item":"https:\/\/www.muntdemots.org\/2014\/"},{"@type":"ListItem","position":2,"name":"Calendari","item":"https:\/\/www.muntdemots.org\/2014\/calendari\/"},{"@type":"ListItem","position":3,"name":"Dimarts 21 d&#8217;octubre"}]},{"@type":"WebSite","@id":"https:\/\/www.muntdemots.org\/2014\/#website","url":"https:\/\/www.muntdemots.org\/2014\/","name":"Munt de Mots","description":"","potentialAction":[{"@type":"SearchAction","target":{"@type":"EntryPoint","urlTemplate":"https:\/\/www.muntdemots.org\/2014\/?s={search_term_string}"},"query-input":"required name=search_term_string"}],"inLanguage":"ca"}]}},"_links":{"self":[{"href":"https:\/\/www.muntdemots.org\/2014\/wp-json\/wp\/v2\/pages\/25"}],"collection":[{"href":"https:\/\/www.muntdemots.org\/2014\/wp-json\/wp\/v2\/pages"}],"about":[{"href":"https:\/\/www.muntdemots.org\/2014\/wp-json\/wp\/v2\/types\/page"}],"author":[{"embeddable":true,"href":"https:\/\/www.muntdemots.org\/2014\/wp-json\/wp\/v2\/users\/1"}],"replies":[{"embeddable":true,"href":"https:\/\/www.muntdemots.org\/2014\/wp-json\/wp\/v2\/comments?post=25"}],"version-history":[{"count":94,"href":"https:\/\/www.muntdemots.org\/2014\/wp-json\/wp\/v2\/pages\/25\/revisions"}],"predecessor-version":[{"id":7492,"href":"https:\/\/www.muntdemots.org\/2014\/wp-json\/wp\/v2\/pages\/25\/revisions\/7492"}],"up":[{"embeddable":true,"href":"https:\/\/www.muntdemots.org\/2014\/wp-json\/wp\/v2\/pages\/4928"}],"wp:attachment":[{"href":"https:\/\/www.muntdemots.org\/2014\/wp-json\/wp\/v2\/media?parent=25"}],"curies":[{"name":"wp","href":"https:\/\/api.w.org\/{rel}","templated":true}]}}