{"id":6973,"date":"2013-09-09T15:31:01","date_gmt":"2013-09-09T15:31:01","guid":{"rendered":"http:\/\/www.muntdemots.org\/2013\/?page_id=6973"},"modified":"2013-09-09T16:06:40","modified_gmt":"2013-09-09T16:06:40","slug":"carlos-cruz","status":"publish","type":"page","link":"https:\/\/www.muntdemots.org\/2013\/participants\/carlos-cruz\/","title":{"rendered":"CARLOS CRUZ"},"content":{"rendered":"<p><em><a href=\"https:\/\/www.muntdemots.org\/2013\/wp-content\/uploads\/2013\/09\/CARLOS-CRUZ-2.jpg\"><img decoding=\"async\" loading=\"lazy\" class=\"alignright size-medium wp-image-6975\" title=\"CARLOS CRUZ 2\" src=\"https:\/\/www.muntdemots.org\/2013\/wp-content\/uploads\/2013\/09\/CARLOS-CRUZ-2-300x225.jpg\" alt=\"\" width=\"300\" height=\"225\" srcset=\"https:\/\/www.muntdemots.org\/2013\/wp-content\/uploads\/2013\/09\/CARLOS-CRUZ-2-300x225.jpg 300w, https:\/\/www.muntdemots.org\/2013\/wp-content\/uploads\/2013\/09\/CARLOS-CRUZ-2.jpg 640w\" sizes=\"(max-width: 300px) 100vw, 300px\" \/><\/a><\/em>Guitarrista vene\u00e7ol\u00e0 arrelat\u00a0 a Barcelona. Va comen\u00e7ar la seva formaci\u00f3 en el Conservatori Jos\u00e9 Reyna de Caracas, estudiant guitarra cl\u00e0ssica i, paral\u00b7lelament, pertanyent a agrupacions de diferents g\u00e8neres musicals. Actualment est\u00e0 cursant l&#8217;\u00faltim any del grau superior en la Escola Superior d\u2019Estudis Musicals Taller de Musics (ESEM-T). Comparteix la seva activitat acad\u00e8mica impartint classes en diferents escoles, classes privades, i tocant amb diferents ensambles de jazz i m\u00fasica popular&#8221;.<\/p>\n<p><em>Guitarrista\u00a0 venezolano radicado en Barcelona. Comenz\u00f3 su formaci\u00f3n en el Conservatorio Jos\u00e9 Reyna de Caracas, estudiando guitarra cl\u00e1sica y, paralelamente, perteneciendo a agrupaciones de diferentes g\u00e9neros musicales. Actualmente est\u00e1 cursando el \u00faltimo a\u00f1o del grado superior en la Escola Superior d\u2019Estudis Musicals Taller de Musics (ESEM-TM). Comparte su actividad acad\u00e9mica impartiendo clases en diferentes escuelas, clases privadas, y tocando con diferentes ensambles de jazz y m\u00fasica popular&#8221;.<\/em><\/p>\n<p>Espectacle: <a href=\"https:\/\/www.muntdemots.org\/2013\/events\/cloenda\/\">CLOENDA<\/a><\/p>\n","protected":false},"excerpt":{"rendered":"<p>Guitarrista vene\u00e7ol\u00e0 arrelat\u00a0 a Barcelona. Va comen\u00e7ar la seva formaci\u00f3 en el Conservatori Jos\u00e9 Reyna de Caracas, estudiant guitarra cl\u00e0ssica i, paral\u00b7lelament, pertanyent a agrupacions de diferents g\u00e8neres musicals. Actualment est\u00e0 cursant l&#8217;\u00faltim any del grau superior en la Escola Superior d\u2019Estudis Musicals Taller de Musics (ESEM-T). Comparteix la seva activitat acad\u00e8mica impartint classes en [&hellip;]<\/p>\n","protected":false},"author":1,"featured_media":0,"parent":4,"menu_order":0,"comment_status":"open","ping_status":"closed","template":"","meta":{"_mi_skip_tracking":false},"_links":{"self":[{"href":"https:\/\/www.muntdemots.org\/2013\/wp-json\/wp\/v2\/pages\/6973"}],"collection":[{"href":"https:\/\/www.muntdemots.org\/2013\/wp-json\/wp\/v2\/pages"}],"about":[{"href":"https:\/\/www.muntdemots.org\/2013\/wp-json\/wp\/v2\/types\/page"}],"author":[{"embeddable":true,"href":"https:\/\/www.muntdemots.org\/2013\/wp-json\/wp\/v2\/users\/1"}],"replies":[{"embeddable":true,"href":"https:\/\/www.muntdemots.org\/2013\/wp-json\/wp\/v2\/comments?post=6973"}],"version-history":[{"count":4,"href":"https:\/\/www.muntdemots.org\/2013\/wp-json\/wp\/v2\/pages\/6973\/revisions"}],"predecessor-version":[{"id":6993,"href":"https:\/\/www.muntdemots.org\/2013\/wp-json\/wp\/v2\/pages\/6973\/revisions\/6993"}],"up":[{"embeddable":true,"href":"https:\/\/www.muntdemots.org\/2013\/wp-json\/wp\/v2\/pages\/4"}],"wp:attachment":[{"href":"https:\/\/www.muntdemots.org\/2013\/wp-json\/wp\/v2\/media?parent=6973"}],"curies":[{"name":"wp","href":"https:\/\/api.w.org\/{rel}","templated":true}]}}