{"id":6965,"date":"2013-09-09T15:22:30","date_gmt":"2013-09-09T15:22:30","guid":{"rendered":"http:\/\/www.muntdemots.org\/2013\/?page_id=6965"},"modified":"2013-09-09T16:06:51","modified_gmt":"2013-09-09T16:06:51","slug":"cem-maria-grever","status":"publish","type":"page","link":"https:\/\/www.muntdemots.org\/2013\/participants\/cem-maria-grever\/","title":{"rendered":"CEM MAR\u00cdA GREVER"},"content":{"rendered":"<p>El\u00a0<strong>Centre d\u2019Estudis Musicals Mar\u00eda Grever<\/strong>\u00a0va obrir les seves portes per primera vegada al setembre de 2009, al cor de l\u2019eixample de\u00a0<strong>Parets del Vall\u00e8s<\/strong>, a Barcelona. La seva premissa filos\u00f2fica, inspirada en la figura de la insigne compositora mexicana\u00a0<strong>Mar\u00eda Grever<\/strong>, est\u00e0 enfocada a oferir un ensenyament musical plural i integrador, amb la qualitat i l\u2019alt rigor t\u00e8cnic com a vehicle. Ofereixen una gran varietat d\u2019activitats musicals enfocades a satisfer les necessitats dels alumnes.<\/p>\n<p><em>El <strong>Centre d\u2019Estudis Musical Mar\u00eda Grever <\/strong>abri\u00f3 sus puertas por vez primera en Septiembre de 2009, en el coraz\u00f3n del ensanche de Parets del Vall\u00e9s, en Barcelona. Su premisa filos\u00f3fica, inspirada en la figura de la insigne compositora mejicana <strong>Mar\u00eda Grever, <\/strong>est\u00e1 enfocada a ofrecer un aprendizaje musical plural e integrador, teniendo como veh\u00edculo la calidad y el alto rigor t\u00e9cnico. Ofrecen una gran variedad de actividades enfocadas a satisfacer las necesidades de los alumnos.<\/em><\/p>\n<p>Espectacle: <a href=\"https:\/\/www.muntdemots.org\/2013\/events\/inauguracio\/\">INAUGURACI\u00d3<\/a><\/p>\n","protected":false},"excerpt":{"rendered":"<p>El\u00a0Centre d\u2019Estudis Musicals Mar\u00eda Grever\u00a0va obrir les seves portes per primera vegada al setembre de 2009, al cor de l\u2019eixample de\u00a0Parets del Vall\u00e8s, a Barcelona. La seva premissa filos\u00f2fica, inspirada en la figura de la insigne compositora mexicana\u00a0Mar\u00eda Grever, est\u00e0 enfocada a oferir un ensenyament musical plural i integrador, amb la qualitat i l\u2019alt rigor [&hellip;]<\/p>\n","protected":false},"author":1,"featured_media":0,"parent":4,"menu_order":0,"comment_status":"open","ping_status":"closed","template":"","meta":{"_mi_skip_tracking":false},"_links":{"self":[{"href":"https:\/\/www.muntdemots.org\/2013\/wp-json\/wp\/v2\/pages\/6965"}],"collection":[{"href":"https:\/\/www.muntdemots.org\/2013\/wp-json\/wp\/v2\/pages"}],"about":[{"href":"https:\/\/www.muntdemots.org\/2013\/wp-json\/wp\/v2\/types\/page"}],"author":[{"embeddable":true,"href":"https:\/\/www.muntdemots.org\/2013\/wp-json\/wp\/v2\/users\/1"}],"replies":[{"embeddable":true,"href":"https:\/\/www.muntdemots.org\/2013\/wp-json\/wp\/v2\/comments?post=6965"}],"version-history":[{"count":4,"href":"https:\/\/www.muntdemots.org\/2013\/wp-json\/wp\/v2\/pages\/6965\/revisions"}],"predecessor-version":[{"id":6969,"href":"https:\/\/www.muntdemots.org\/2013\/wp-json\/wp\/v2\/pages\/6965\/revisions\/6969"}],"up":[{"embeddable":true,"href":"https:\/\/www.muntdemots.org\/2013\/wp-json\/wp\/v2\/pages\/4"}],"wp:attachment":[{"href":"https:\/\/www.muntdemots.org\/2013\/wp-json\/wp\/v2\/media?parent=6965"}],"curies":[{"name":"wp","href":"https:\/\/api.w.org\/{rel}","templated":true}]}}